{"id":55564,"date":"2023-08-30T13:17:01","date_gmt":"2023-08-30T11:17:01","guid":{"rendered":"https:\/\/flensted-mobiles.com\/?post_type=product&#038;p=55564"},"modified":"2023-09-28T07:31:43","modified_gmt":"2023-09-28T05:31:43","slug":"supersonic-roed","status":"publish","type":"product","link":"https:\/\/flenstemp.awork20.dk\/da\/product\/supersonic-roed\/","title":{"rendered":"Supersonic, r\u00f8d"},"content":{"rendered":"","protected":false},"excerpt":{"rendered":"<h1><strong>Supersonic, r\u00f8d<\/strong><\/h1>\n<p>Designet af Carina Caia<\/p>\n<p>&nbsp;<\/p>\n<p>Med pr\u00e6cis koreografi, danser Supersonic elegant gennem luften som en symfoni af bev\u00e6gelse &#8211; Som et stykke musik der skifter mellem mol og dur.<\/p>\n<p>&nbsp;<\/p>\n<p>[read_more id=&#8221;1&#8243; more=&#8221;L\u00e6s mere&#8221; less=&#8221;Luk&#8221;]<\/p>\n<p>Supesonic er inspireret af lydb\u00f8lger: En lyd som starter p\u00e5 et punkt og spreder sig igennem luften.<\/p>\n<p>&nbsp;<\/p>\n<p>L\u00e6n dig tilbage og lad dine \u00f8jne f\u00f8lge Supersonics bev\u00e6gelser. M\u00e5ske ringene p\u00e5 et tidspunkt vil st\u00e5 perfekt p\u00e5 r\u00e6kke?<\/p>\n<p>&nbsp;<\/p>\n<p>Hvis du t\u00e6nker lommelygten p\u00e5 din telefon, vil du kunne skabe det smukkeste skyggespil.<\/p>\n<p>&nbsp;<\/p>\n<p>[\/read_more]<\/p>\n","protected":false},"featured_media":55581,"template":"","meta":[],"product_cat":[960,11875,985,11878,11892,983],"product_tag":[],"yoast_head":"<!-- This site is optimized with the Yoast SEO plugin v20.8 - https:\/\/yoast.com\/wordpress\/plugins\/seo\/ -->\n<title>Supersonic, r\u00f8d - Flensted Mobiles<\/title>\n<meta name=\"robots\" content=\"index, follow, max-snippet:-1, max-image-preview:large, max-video-preview:-1\" \/>\n<link rel=\"canonical\" href=\"https:\/\/flenstemp.awork20.dk\/da\/product\/supersonic-roed\/\" \/>\n<meta property=\"og:locale\" content=\"da_DK\" \/>\n<meta property=\"og:type\" content=\"article\" \/>\n<meta property=\"og:title\" content=\"Supersonic, r\u00f8d - Flensted Mobiles\" \/>\n<meta property=\"og:description\" content=\"Supersonic, r\u00f8d Designet af Carina Caia  &nbsp;  Med pr\u00e6cis koreografi, danser Supersonic elegant gennem luften som en symfoni af bev\u00e6gelse - Som et stykke musik der skifter mellem mol og dur.  &nbsp;  [read_more id=&quot;1&quot; more=&quot;L\u00e6s mere&quot; less=&quot;Luk&quot;]  Supesonic er inspireret af lydb\u00f8lger: En lyd som starter p\u00e5 et punkt og spreder sig igennem luften.  &nbsp;  L\u00e6n dig tilbage og lad dine \u00f8jne f\u00f8lge Supersonics bev\u00e6gelser. M\u00e5ske ringene p\u00e5 et tidspunkt vil st\u00e5 perfekt p\u00e5 r\u00e6kke?  &nbsp;  Hvis du t\u00e6nker lommelygten p\u00e5 din telefon, vil du kunne skabe det smukkeste skyggespil.  &nbsp;  [\/read_more]\" \/>\n<meta property=\"og:url\" content=\"https:\/\/flenstemp.awork20.dk\/da\/product\/supersonic-roed\/\" \/>\n<meta property=\"og:site_name\" content=\"Flensted Mobiles\" \/>\n<meta property=\"article:publisher\" content=\"https:\/\/www.facebook.com\/flenstedmobiles\" \/>\n<meta property=\"article:modified_time\" content=\"2023-09-28T05:31:43+00:00\" \/>\n<meta property=\"og:image\" content=\"https:\/\/flenstemp.awork20.dk\/wp-content\/uploads\/2023\/08\/FM-162R_OL_0001-768x1024.png\" \/>\n\t<meta property=\"og:image:width\" content=\"768\" \/>\n\t<meta property=\"og:image:height\" content=\"1024\" \/>\n\t<meta property=\"og:image:type\" content=\"image\/png\" \/>\n<meta name=\"twitter:card\" content=\"summary_large_image\" \/>\n<script type=\"application\/ld+json\" class=\"yoast-schema-graph\">{\"@context\":\"https:\/\/schema.org\",\"@graph\":[{\"@type\":\"WebPage\",\"@id\":\"https:\/\/flenstemp.awork20.dk\/da\/product\/supersonic-roed\/\",\"url\":\"https:\/\/flenstemp.awork20.dk\/da\/product\/supersonic-roed\/\",\"name\":\"Supersonic, r\u00f8d - Flensted Mobiles\",\"isPartOf\":{\"@id\":\"https:\/\/flenstemp.awork20.dk\/#website\"},\"datePublished\":\"2023-08-30T11:17:01+00:00\",\"dateModified\":\"2023-09-28T05:31:43+00:00\",\"breadcrumb\":{\"@id\":\"https:\/\/flenstemp.awork20.dk\/da\/product\/supersonic-roed\/#breadcrumb\"},\"inLanguage\":\"da-DK\",\"potentialAction\":[{\"@type\":\"ReadAction\",\"target\":[\"https:\/\/flenstemp.awork20.dk\/da\/product\/supersonic-roed\/\"]}]},{\"@type\":\"BreadcrumbList\",\"@id\":\"https:\/\/flenstemp.awork20.dk\/da\/product\/supersonic-roed\/#breadcrumb\",\"itemListElement\":[{\"@type\":\"ListItem\",\"position\":1,\"name\":\"Home\",\"item\":\"https:\/\/flenstemp.awork20.dk\/da\/\"},{\"@type\":\"ListItem\",\"position\":2,\"name\":\"Products\",\"item\":\"https:\/\/flenstemp.awork20.dk\/shop\/\"},{\"@type\":\"ListItem\",\"position\":3,\"name\":\"Supersonic, r\u00f8d\"}]},{\"@type\":\"WebSite\",\"@id\":\"https:\/\/flenstemp.awork20.dk\/#website\",\"url\":\"https:\/\/flenstemp.awork20.dk\/\",\"name\":\"Flensted Mobiles\",\"description\":\"Unikke mobiler som skaber ro og balance, i enhvers hjem.\",\"publisher\":{\"@id\":\"https:\/\/flenstemp.awork20.dk\/#organization\"},\"potentialAction\":[{\"@type\":\"SearchAction\",\"target\":{\"@type\":\"EntryPoint\",\"urlTemplate\":\"https:\/\/flenstemp.awork20.dk\/?s={search_term_string}\"},\"query-input\":\"required name=search_term_string\"}],\"inLanguage\":\"da-DK\"},{\"@type\":\"Organization\",\"@id\":\"https:\/\/flenstemp.awork20.dk\/#organization\",\"name\":\"Flensted Mobiles\",\"url\":\"https:\/\/flenstemp.awork20.dk\/\",\"logo\":{\"@type\":\"ImageObject\",\"inLanguage\":\"da-DK\",\"@id\":\"https:\/\/flenstemp.awork20.dk\/#\/schema\/logo\/image\/\",\"url\":\"https:\/\/flensted-mobiles.com\/wp-content\/uploads\/2022\/03\/FlenstedLogo_med_ramme_100-3.webp\",\"contentUrl\":\"https:\/\/flensted-mobiles.com\/wp-content\/uploads\/2022\/03\/FlenstedLogo_med_ramme_100-3.webp\",\"width\":2118,\"height\":2118,\"caption\":\"Flensted Mobiles\"},\"image\":{\"@id\":\"https:\/\/flenstemp.awork20.dk\/#\/schema\/logo\/image\/\"},\"sameAs\":[\"https:\/\/www.facebook.com\/flenstedmobiles\"]}]}<\/script>\n<!-- \/ Yoast SEO plugin. -->","yoast_head_json":{"title":"Supersonic, r\u00f8d - Flensted Mobiles","robots":{"index":"index","follow":"follow","max-snippet":"max-snippet:-1","max-image-preview":"max-image-preview:large","max-video-preview":"max-video-preview:-1"},"canonical":"https:\/\/flenstemp.awork20.dk\/da\/product\/supersonic-roed\/","og_locale":"da_DK","og_type":"article","og_title":"Supersonic, r\u00f8d - Flensted Mobiles","og_description":"Supersonic, r\u00f8d Designet af Carina Caia  &nbsp;  Med pr\u00e6cis koreografi, danser Supersonic elegant gennem luften som en symfoni af bev\u00e6gelse - Som et stykke musik der skifter mellem mol og dur.  &nbsp;  [read_more id=\"1\" more=\"L\u00e6s mere\" less=\"Luk\"]  Supesonic er inspireret af lydb\u00f8lger: En lyd som starter p\u00e5 et punkt og spreder sig igennem luften.  &nbsp;  L\u00e6n dig tilbage og lad dine \u00f8jne f\u00f8lge Supersonics bev\u00e6gelser. M\u00e5ske ringene p\u00e5 et tidspunkt vil st\u00e5 perfekt p\u00e5 r\u00e6kke?  &nbsp;  Hvis du t\u00e6nker lommelygten p\u00e5 din telefon, vil du kunne skabe det smukkeste skyggespil.  &nbsp;  [\/read_more]","og_url":"https:\/\/flenstemp.awork20.dk\/da\/product\/supersonic-roed\/","og_site_name":"Flensted Mobiles","article_publisher":"https:\/\/www.facebook.com\/flenstedmobiles","article_modified_time":"2023-09-28T05:31:43+00:00","og_image":[{"width":768,"height":1024,"url":"https:\/\/flenstemp.awork20.dk\/wp-content\/uploads\/2023\/08\/FM-162R_OL_0001-768x1024.png","type":"image\/png"}],"twitter_card":"summary_large_image","schema":{"@context":"https:\/\/schema.org","@graph":[{"@type":"WebPage","@id":"https:\/\/flenstemp.awork20.dk\/da\/product\/supersonic-roed\/","url":"https:\/\/flenstemp.awork20.dk\/da\/product\/supersonic-roed\/","name":"Supersonic, r\u00f8d - Flensted Mobiles","isPartOf":{"@id":"https:\/\/flenstemp.awork20.dk\/#website"},"datePublished":"2023-08-30T11:17:01+00:00","dateModified":"2023-09-28T05:31:43+00:00","breadcrumb":{"@id":"https:\/\/flenstemp.awork20.dk\/da\/product\/supersonic-roed\/#breadcrumb"},"inLanguage":"da-DK","potentialAction":[{"@type":"ReadAction","target":["https:\/\/flenstemp.awork20.dk\/da\/product\/supersonic-roed\/"]}]},{"@type":"BreadcrumbList","@id":"https:\/\/flenstemp.awork20.dk\/da\/product\/supersonic-roed\/#breadcrumb","itemListElement":[{"@type":"ListItem","position":1,"name":"Home","item":"https:\/\/flenstemp.awork20.dk\/da\/"},{"@type":"ListItem","position":2,"name":"Products","item":"https:\/\/flenstemp.awork20.dk\/shop\/"},{"@type":"ListItem","position":3,"name":"Supersonic, r\u00f8d"}]},{"@type":"WebSite","@id":"https:\/\/flenstemp.awork20.dk\/#website","url":"https:\/\/flenstemp.awork20.dk\/","name":"Flensted Mobiles","description":"Unikke mobiler som skaber ro og balance, i enhvers hjem.","publisher":{"@id":"https:\/\/flenstemp.awork20.dk\/#organization"},"potentialAction":[{"@type":"SearchAction","target":{"@type":"EntryPoint","urlTemplate":"https:\/\/flenstemp.awork20.dk\/?s={search_term_string}"},"query-input":"required name=search_term_string"}],"inLanguage":"da-DK"},{"@type":"Organization","@id":"https:\/\/flenstemp.awork20.dk\/#organization","name":"Flensted Mobiles","url":"https:\/\/flenstemp.awork20.dk\/","logo":{"@type":"ImageObject","inLanguage":"da-DK","@id":"https:\/\/flenstemp.awork20.dk\/#\/schema\/logo\/image\/","url":"https:\/\/flensted-mobiles.com\/wp-content\/uploads\/2022\/03\/FlenstedLogo_med_ramme_100-3.webp","contentUrl":"https:\/\/flensted-mobiles.com\/wp-content\/uploads\/2022\/03\/FlenstedLogo_med_ramme_100-3.webp","width":2118,"height":2118,"caption":"Flensted Mobiles"},"image":{"@id":"https:\/\/flenstemp.awork20.dk\/#\/schema\/logo\/image\/"},"sameAs":["https:\/\/www.facebook.com\/flenstedmobiles"]}]}},"_links":{"self":[{"href":"https:\/\/flenstemp.awork20.dk\/da\/wp-json\/wp\/v2\/product\/55564"}],"collection":[{"href":"https:\/\/flenstemp.awork20.dk\/da\/wp-json\/wp\/v2\/product"}],"about":[{"href":"https:\/\/flenstemp.awork20.dk\/da\/wp-json\/wp\/v2\/types\/product"}],"wp:featuredmedia":[{"embeddable":true,"href":"https:\/\/flenstemp.awork20.dk\/da\/wp-json\/wp\/v2\/media\/55581"}],"wp:attachment":[{"href":"https:\/\/flenstemp.awork20.dk\/da\/wp-json\/wp\/v2\/media?parent=55564"}],"wp:term":[{"taxonomy":"product_cat","embeddable":true,"href":"https:\/\/flenstemp.awork20.dk\/da\/wp-json\/wp\/v2\/product_cat?post=55564"},{"taxonomy":"product_tag","embeddable":true,"href":"https:\/\/flenstemp.awork20.dk\/da\/wp-json\/wp\/v2\/product_tag?post=55564"}],"curies":[{"name":"wp","href":"https:\/\/api.w.org\/{rel}","templated":true}]}}