{"id":51251,"date":"2005-05-11T13:23:53","date_gmt":"2005-05-11T11:23:53","guid":{"rendered":"https:\/\/flensted-mobiles.com\/?post_type=product&#038;p=51251"},"modified":"2023-08-16T12:37:29","modified_gmt":"2023-08-16T10:37:29","slug":"science-fiction-natur","status":"publish","type":"product","link":"https:\/\/flenstemp.awork20.dk\/da\/product\/science-fiction-natur\/","title":{"rendered":"Science Fiction, natur"},"content":{"rendered":"","protected":false},"excerpt":{"rendered":"<h1>Science Fiction, natur<\/h1>\n<p><em>Designet af Christian Flensted<\/em><\/p>\n<p>&nbsp;<\/p>\n<p>En klassisk Flensted mobile, som du aldrig vil blive tr\u00e6t af at f\u00f8lge med \u00f8jnene.<\/p>\n<p>[read_more id=&#8221;1&#8243; more=&#8221;L\u00e6s mere&#8221; less=&#8221;L\u00e6s mindre&#8221;]<\/p>\n<p>Der skabes hele tiden nye fort\u00e6llinger og m\u00f8nstre, n\u00e5r ringene danser i kredsl\u00f8b om kloden i centrum.<\/p>\n<p>Science Fiction mobilen laver et fantastisk skyggespil p\u00e5 v\u00e6ggen, hvis du h\u00e6nger den korrekt i forhold til en lyskilde.<\/p>\n<p>Science Fiction har r\u00f8dder fra fortiden, men det blev indf\u00f8rt i den f\u00f8rste fjerdedel af det 20. \u00e5rhundrede.<\/p>\n<p>F\u00f8rst som en litter\u00e6r genre, s\u00e5 ogs\u00e5 i film, i radio og p\u00e5 TV, i tegnefilm og s\u00e5 ogs\u00e5 i mobiler.<\/p>\n<p>F\u00e6lles kendetegn for genren er en tro p\u00e5 fremskridt, teknologi, udvikling, fremtidens samfund &#8211; og p\u00e5 hele universet, der omgiver os.<\/p>\n<p>Pr\u00e6cise referencer til rummet og universet er meget tydelige i vores Science Fiction-mobile.<\/p>\n<p>Vores Science Fiction mobile blev skabt i 1955 og er stadig en af vores mest popul\u00e6re mobiler fra Flensted Mobiler.<\/p>\n<p>[\/read_more]<\/p>\n","protected":false},"featured_media":41128,"template":"","meta":[],"product_cat":[960,11875,11878,985],"product_tag":[11881,11882],"yoast_head":"<!-- This site is optimized with the Yoast SEO plugin v20.8 - https:\/\/yoast.com\/wordpress\/plugins\/seo\/ -->\n<title>Science Fiction, natur - Flensted Mobiles<\/title>\n<meta name=\"robots\" content=\"index, follow, max-snippet:-1, max-image-preview:large, max-video-preview:-1\" \/>\n<link rel=\"canonical\" href=\"https:\/\/flenstemp.awork20.dk\/da\/product\/science-fiction-natur\/\" \/>\n<meta property=\"og:locale\" content=\"da_DK\" \/>\n<meta property=\"og:type\" content=\"article\" \/>\n<meta property=\"og:title\" content=\"Science Fiction, natur - Flensted Mobiles\" \/>\n<meta property=\"og:description\" content=\"Science Fiction, natur Designet af Christian Flensted  &nbsp;  En klassisk Flensted mobile, som du aldrig vil blive tr\u00e6t af at f\u00f8lge med \u00f8jnene.  [read_more id=&quot;1&quot; more=&quot;L\u00e6s mere&quot; less=&quot;L\u00e6s mindre&quot;]  Der skabes hele tiden nye fort\u00e6llinger og m\u00f8nstre, n\u00e5r ringene danser i kredsl\u00f8b om kloden i centrum.  Science Fiction mobilen laver et fantastisk skyggespil p\u00e5 v\u00e6ggen, hvis du h\u00e6nger den korrekt i forhold til en lyskilde.  Science Fiction har r\u00f8dder fra fortiden, men det blev indf\u00f8rt i den f\u00f8rste fjerdedel af det 20. \u00e5rhundrede.  F\u00f8rst som en litter\u00e6r genre, s\u00e5 ogs\u00e5 i film, i radio og p\u00e5 TV, i tegnefilm og s\u00e5 ogs\u00e5 i mobiler.  F\u00e6lles kendetegn for genren er en tro p\u00e5 fremskridt, teknologi, udvikling, fremtidens samfund - og p\u00e5 hele universet, der omgiver os.  Pr\u00e6cise referencer til rummet og universet er meget tydelige i vores Science Fiction-mobile.  Vores Science Fiction mobile blev skabt i 1955 og er stadig en af vores mest popul\u00e6re mobiler fra Flensted Mobiler.  [\/read_more]\" \/>\n<meta property=\"og:url\" content=\"https:\/\/flenstemp.awork20.dk\/da\/product\/science-fiction-natur\/\" \/>\n<meta property=\"og:site_name\" content=\"Flensted Mobiles\" \/>\n<meta property=\"article:publisher\" content=\"https:\/\/www.facebook.com\/flenstedmobiles\" \/>\n<meta property=\"article:modified_time\" content=\"2023-08-16T10:37:29+00:00\" \/>\n<meta property=\"og:image\" content=\"https:\/\/flenstemp.awork20.dk\/wp-content\/uploads\/2022\/05\/PNG1-1024x1024.png\" \/>\n\t<meta property=\"og:image:width\" content=\"1024\" \/>\n\t<meta property=\"og:image:height\" content=\"1024\" \/>\n\t<meta property=\"og:image:type\" content=\"image\/png\" \/>\n<meta name=\"twitter:card\" content=\"summary_large_image\" \/>\n<script type=\"application\/ld+json\" class=\"yoast-schema-graph\">{\"@context\":\"https:\/\/schema.org\",\"@graph\":[{\"@type\":\"WebPage\",\"@id\":\"https:\/\/flenstemp.awork20.dk\/da\/product\/science-fiction-natur\/\",\"url\":\"https:\/\/flenstemp.awork20.dk\/da\/product\/science-fiction-natur\/\",\"name\":\"Science Fiction, natur - Flensted Mobiles\",\"isPartOf\":{\"@id\":\"https:\/\/flenstemp.awork20.dk\/#website\"},\"datePublished\":\"2005-05-11T11:23:53+00:00\",\"dateModified\":\"2023-08-16T10:37:29+00:00\",\"breadcrumb\":{\"@id\":\"https:\/\/flenstemp.awork20.dk\/da\/product\/science-fiction-natur\/#breadcrumb\"},\"inLanguage\":\"da-DK\",\"potentialAction\":[{\"@type\":\"ReadAction\",\"target\":[\"https:\/\/flenstemp.awork20.dk\/da\/product\/science-fiction-natur\/\"]}]},{\"@type\":\"BreadcrumbList\",\"@id\":\"https:\/\/flenstemp.awork20.dk\/da\/product\/science-fiction-natur\/#breadcrumb\",\"itemListElement\":[{\"@type\":\"ListItem\",\"position\":1,\"name\":\"Home\",\"item\":\"https:\/\/flenstemp.awork20.dk\/da\/\"},{\"@type\":\"ListItem\",\"position\":2,\"name\":\"Products\",\"item\":\"https:\/\/flenstemp.awork20.dk\/shop\/\"},{\"@type\":\"ListItem\",\"position\":3,\"name\":\"Science Fiction, natur\"}]},{\"@type\":\"WebSite\",\"@id\":\"https:\/\/flenstemp.awork20.dk\/#website\",\"url\":\"https:\/\/flenstemp.awork20.dk\/\",\"name\":\"Flensted Mobiles\",\"description\":\"Unikke mobiler som skaber ro og balance, i enhvers hjem.\",\"publisher\":{\"@id\":\"https:\/\/flenstemp.awork20.dk\/#organization\"},\"potentialAction\":[{\"@type\":\"SearchAction\",\"target\":{\"@type\":\"EntryPoint\",\"urlTemplate\":\"https:\/\/flenstemp.awork20.dk\/?s={search_term_string}\"},\"query-input\":\"required name=search_term_string\"}],\"inLanguage\":\"da-DK\"},{\"@type\":\"Organization\",\"@id\":\"https:\/\/flenstemp.awork20.dk\/#organization\",\"name\":\"Flensted Mobiles\",\"url\":\"https:\/\/flenstemp.awork20.dk\/\",\"logo\":{\"@type\":\"ImageObject\",\"inLanguage\":\"da-DK\",\"@id\":\"https:\/\/flenstemp.awork20.dk\/#\/schema\/logo\/image\/\",\"url\":\"https:\/\/flensted-mobiles.com\/wp-content\/uploads\/2022\/03\/FlenstedLogo_med_ramme_100-3.webp\",\"contentUrl\":\"https:\/\/flensted-mobiles.com\/wp-content\/uploads\/2022\/03\/FlenstedLogo_med_ramme_100-3.webp\",\"width\":2118,\"height\":2118,\"caption\":\"Flensted Mobiles\"},\"image\":{\"@id\":\"https:\/\/flenstemp.awork20.dk\/#\/schema\/logo\/image\/\"},\"sameAs\":[\"https:\/\/www.facebook.com\/flenstedmobiles\"]}]}<\/script>\n<!-- \/ Yoast SEO plugin. -->","yoast_head_json":{"title":"Science Fiction, natur - Flensted Mobiles","robots":{"index":"index","follow":"follow","max-snippet":"max-snippet:-1","max-image-preview":"max-image-preview:large","max-video-preview":"max-video-preview:-1"},"canonical":"https:\/\/flenstemp.awork20.dk\/da\/product\/science-fiction-natur\/","og_locale":"da_DK","og_type":"article","og_title":"Science Fiction, natur - Flensted Mobiles","og_description":"Science Fiction, natur Designet af Christian Flensted  &nbsp;  En klassisk Flensted mobile, som du aldrig vil blive tr\u00e6t af at f\u00f8lge med \u00f8jnene.  [read_more id=\"1\" more=\"L\u00e6s mere\" less=\"L\u00e6s mindre\"]  Der skabes hele tiden nye fort\u00e6llinger og m\u00f8nstre, n\u00e5r ringene danser i kredsl\u00f8b om kloden i centrum.  Science Fiction mobilen laver et fantastisk skyggespil p\u00e5 v\u00e6ggen, hvis du h\u00e6nger den korrekt i forhold til en lyskilde.  Science Fiction har r\u00f8dder fra fortiden, men det blev indf\u00f8rt i den f\u00f8rste fjerdedel af det 20. \u00e5rhundrede.  F\u00f8rst som en litter\u00e6r genre, s\u00e5 ogs\u00e5 i film, i radio og p\u00e5 TV, i tegnefilm og s\u00e5 ogs\u00e5 i mobiler.  F\u00e6lles kendetegn for genren er en tro p\u00e5 fremskridt, teknologi, udvikling, fremtidens samfund - og p\u00e5 hele universet, der omgiver os.  Pr\u00e6cise referencer til rummet og universet er meget tydelige i vores Science Fiction-mobile.  Vores Science Fiction mobile blev skabt i 1955 og er stadig en af vores mest popul\u00e6re mobiler fra Flensted Mobiler.  [\/read_more]","og_url":"https:\/\/flenstemp.awork20.dk\/da\/product\/science-fiction-natur\/","og_site_name":"Flensted Mobiles","article_publisher":"https:\/\/www.facebook.com\/flenstedmobiles","article_modified_time":"2023-08-16T10:37:29+00:00","og_image":[{"width":1024,"height":1024,"url":"https:\/\/flenstemp.awork20.dk\/wp-content\/uploads\/2022\/05\/PNG1-1024x1024.png","type":"image\/png"}],"twitter_card":"summary_large_image","schema":{"@context":"https:\/\/schema.org","@graph":[{"@type":"WebPage","@id":"https:\/\/flenstemp.awork20.dk\/da\/product\/science-fiction-natur\/","url":"https:\/\/flenstemp.awork20.dk\/da\/product\/science-fiction-natur\/","name":"Science Fiction, natur - Flensted Mobiles","isPartOf":{"@id":"https:\/\/flenstemp.awork20.dk\/#website"},"datePublished":"2005-05-11T11:23:53+00:00","dateModified":"2023-08-16T10:37:29+00:00","breadcrumb":{"@id":"https:\/\/flenstemp.awork20.dk\/da\/product\/science-fiction-natur\/#breadcrumb"},"inLanguage":"da-DK","potentialAction":[{"@type":"ReadAction","target":["https:\/\/flenstemp.awork20.dk\/da\/product\/science-fiction-natur\/"]}]},{"@type":"BreadcrumbList","@id":"https:\/\/flenstemp.awork20.dk\/da\/product\/science-fiction-natur\/#breadcrumb","itemListElement":[{"@type":"ListItem","position":1,"name":"Home","item":"https:\/\/flenstemp.awork20.dk\/da\/"},{"@type":"ListItem","position":2,"name":"Products","item":"https:\/\/flenstemp.awork20.dk\/shop\/"},{"@type":"ListItem","position":3,"name":"Science Fiction, natur"}]},{"@type":"WebSite","@id":"https:\/\/flenstemp.awork20.dk\/#website","url":"https:\/\/flenstemp.awork20.dk\/","name":"Flensted Mobiles","description":"Unikke mobiler som skaber ro og balance, i enhvers hjem.","publisher":{"@id":"https:\/\/flenstemp.awork20.dk\/#organization"},"potentialAction":[{"@type":"SearchAction","target":{"@type":"EntryPoint","urlTemplate":"https:\/\/flenstemp.awork20.dk\/?s={search_term_string}"},"query-input":"required name=search_term_string"}],"inLanguage":"da-DK"},{"@type":"Organization","@id":"https:\/\/flenstemp.awork20.dk\/#organization","name":"Flensted Mobiles","url":"https:\/\/flenstemp.awork20.dk\/","logo":{"@type":"ImageObject","inLanguage":"da-DK","@id":"https:\/\/flenstemp.awork20.dk\/#\/schema\/logo\/image\/","url":"https:\/\/flensted-mobiles.com\/wp-content\/uploads\/2022\/03\/FlenstedLogo_med_ramme_100-3.webp","contentUrl":"https:\/\/flensted-mobiles.com\/wp-content\/uploads\/2022\/03\/FlenstedLogo_med_ramme_100-3.webp","width":2118,"height":2118,"caption":"Flensted Mobiles"},"image":{"@id":"https:\/\/flenstemp.awork20.dk\/#\/schema\/logo\/image\/"},"sameAs":["https:\/\/www.facebook.com\/flenstedmobiles"]}]}},"_links":{"self":[{"href":"https:\/\/flenstemp.awork20.dk\/da\/wp-json\/wp\/v2\/product\/51251"}],"collection":[{"href":"https:\/\/flenstemp.awork20.dk\/da\/wp-json\/wp\/v2\/product"}],"about":[{"href":"https:\/\/flenstemp.awork20.dk\/da\/wp-json\/wp\/v2\/types\/product"}],"wp:featuredmedia":[{"embeddable":true,"href":"https:\/\/flenstemp.awork20.dk\/da\/wp-json\/wp\/v2\/media\/41128"}],"wp:attachment":[{"href":"https:\/\/flenstemp.awork20.dk\/da\/wp-json\/wp\/v2\/media?parent=51251"}],"wp:term":[{"taxonomy":"product_cat","embeddable":true,"href":"https:\/\/flenstemp.awork20.dk\/da\/wp-json\/wp\/v2\/product_cat?post=51251"},{"taxonomy":"product_tag","embeddable":true,"href":"https:\/\/flenstemp.awork20.dk\/da\/wp-json\/wp\/v2\/product_tag?post=51251"}],"curies":[{"name":"wp","href":"https:\/\/api.w.org\/{rel}","templated":true}]}}