{"id":39169,"date":"2021-04-25T11:29:36","date_gmt":"2021-04-25T09:29:36","guid":{"rendered":"https:\/\/flensted-mobiles.com\/?post_type=product&#038;p=39169"},"modified":"2023-01-26T10:02:01","modified_gmt":"2023-01-26T09:02:01","slug":"lundstrom-1932","status":"publish","type":"product","link":"https:\/\/flenstemp.awork20.dk\/da\/product\/lundstrom-1932\/","title":{"rendered":"Lundstr\u00f8m 1932"},"content":{"rendered":"","protected":false},"excerpt":{"rendered":"<h1>Lundstr\u00f8m 1932<\/h1>\n<p><em>Designet af Philip Bro &amp; Thomas Krause<\/em><\/p>\n<p>&nbsp;<\/p>\n<p>Den mobile &#8220;Lundstr\u00f8m 1932&#8221; er vores k\u00e6rlige hyldest til maleren Vilhelm Lundstr\u00f8ms f\u00f8lsomme geometri &#8211; og til &#8220;Arrangement med hvid kande, appelsin og bog&#8221; (1932-1933), som er et af hans hovedv\u00e6rker.<\/p>\n<p>I vores fortolkning har vi sat den velkendte hvide kande, appelsinen og bogen fri, og vi har givet elementerne luft under vingerne ved at g\u00f8re det kubistiske stilleben lidt mindre stille.<\/p>\n<p>Resultatet er en mobile, der tilf\u00f8jer en luftig poesi til de kantede former og markante farver i det popul\u00e6re kubistiske mesterv\u00e6rk.<\/p>\n<p>&#8220;Lundstr\u00f8m 1932&#8221; er udviklet i samarbejde med Statens Museum for Kunst (SMK) i K\u00f8benhavn, hvor maleriet kan opleves.<\/p>\n","protected":false},"featured_media":39167,"template":"","meta":[],"product_cat":[960,11875,985,11878,11892,983],"product_tag":[],"yoast_head":"<!-- This site is optimized with the Yoast SEO plugin v20.8 - https:\/\/yoast.com\/wordpress\/plugins\/seo\/ -->\n<title>Lundstr\u00f8m 1932 - Flensted Mobiles<\/title>\n<meta name=\"robots\" content=\"index, follow, max-snippet:-1, max-image-preview:large, max-video-preview:-1\" \/>\n<link rel=\"canonical\" href=\"https:\/\/flenstemp.awork20.dk\/da\/product\/lundstrom-1932\/\" \/>\n<meta property=\"og:locale\" content=\"da_DK\" \/>\n<meta property=\"og:type\" content=\"article\" \/>\n<meta property=\"og:title\" content=\"Lundstr\u00f8m 1932 - Flensted Mobiles\" \/>\n<meta property=\"og:description\" content=\"Lundstr\u00f8m 1932 Designet af Philip Bro &amp; Thomas Krause  &nbsp;  Den mobile &quot;Lundstr\u00f8m 1932&quot; er vores k\u00e6rlige hyldest til maleren Vilhelm Lundstr\u00f8ms f\u00f8lsomme geometri - og til &quot;Arrangement med hvid kande, appelsin og bog&quot; (1932-1933), som er et af hans hovedv\u00e6rker.  I vores fortolkning har vi sat den velkendte hvide kande, appelsinen og bogen fri, og vi har givet elementerne luft under vingerne ved at g\u00f8re det kubistiske stilleben lidt mindre stille.  Resultatet er en mobile, der tilf\u00f8jer en luftig poesi til de kantede former og markante farver i det popul\u00e6re kubistiske mesterv\u00e6rk.  &quot;Lundstr\u00f8m 1932&quot; er udviklet i samarbejde med Statens Museum for Kunst (SMK) i K\u00f8benhavn, hvor maleriet kan opleves.\" \/>\n<meta property=\"og:url\" content=\"https:\/\/flenstemp.awork20.dk\/da\/product\/lundstrom-1932\/\" \/>\n<meta property=\"og:site_name\" content=\"Flensted Mobiles\" \/>\n<meta property=\"article:publisher\" content=\"https:\/\/www.facebook.com\/flenstedmobiles\" \/>\n<meta property=\"article:modified_time\" content=\"2023-01-26T09:02:01+00:00\" \/>\n<meta property=\"og:image\" content=\"https:\/\/flenstemp.awork20.dk\/wp-content\/uploads\/2022\/04\/FM-443_OL_0002.png\" \/>\n\t<meta property=\"og:image:width\" content=\"600\" \/>\n\t<meta property=\"og:image:height\" content=\"600\" \/>\n\t<meta property=\"og:image:type\" content=\"image\/png\" \/>\n<meta name=\"twitter:card\" content=\"summary_large_image\" \/>\n<script type=\"application\/ld+json\" class=\"yoast-schema-graph\">{\"@context\":\"https:\/\/schema.org\",\"@graph\":[{\"@type\":\"WebPage\",\"@id\":\"https:\/\/flenstemp.awork20.dk\/da\/product\/lundstrom-1932\/\",\"url\":\"https:\/\/flenstemp.awork20.dk\/da\/product\/lundstrom-1932\/\",\"name\":\"Lundstr\u00f8m 1932 - Flensted Mobiles\",\"isPartOf\":{\"@id\":\"https:\/\/flenstemp.awork20.dk\/#website\"},\"datePublished\":\"2021-04-25T09:29:36+00:00\",\"dateModified\":\"2023-01-26T09:02:01+00:00\",\"breadcrumb\":{\"@id\":\"https:\/\/flenstemp.awork20.dk\/da\/product\/lundstrom-1932\/#breadcrumb\"},\"inLanguage\":\"da-DK\",\"potentialAction\":[{\"@type\":\"ReadAction\",\"target\":[\"https:\/\/flenstemp.awork20.dk\/da\/product\/lundstrom-1932\/\"]}]},{\"@type\":\"BreadcrumbList\",\"@id\":\"https:\/\/flenstemp.awork20.dk\/da\/product\/lundstrom-1932\/#breadcrumb\",\"itemListElement\":[{\"@type\":\"ListItem\",\"position\":1,\"name\":\"Home\",\"item\":\"https:\/\/flenstemp.awork20.dk\/da\/\"},{\"@type\":\"ListItem\",\"position\":2,\"name\":\"Products\",\"item\":\"https:\/\/flenstemp.awork20.dk\/shop\/\"},{\"@type\":\"ListItem\",\"position\":3,\"name\":\"Lundstr\u00f8m 1932\"}]},{\"@type\":\"WebSite\",\"@id\":\"https:\/\/flenstemp.awork20.dk\/#website\",\"url\":\"https:\/\/flenstemp.awork20.dk\/\",\"name\":\"Flensted Mobiles\",\"description\":\"Unikke mobiler som skaber ro og balance, i enhvers hjem.\",\"publisher\":{\"@id\":\"https:\/\/flenstemp.awork20.dk\/#organization\"},\"potentialAction\":[{\"@type\":\"SearchAction\",\"target\":{\"@type\":\"EntryPoint\",\"urlTemplate\":\"https:\/\/flenstemp.awork20.dk\/?s={search_term_string}\"},\"query-input\":\"required name=search_term_string\"}],\"inLanguage\":\"da-DK\"},{\"@type\":\"Organization\",\"@id\":\"https:\/\/flenstemp.awork20.dk\/#organization\",\"name\":\"Flensted Mobiles\",\"url\":\"https:\/\/flenstemp.awork20.dk\/\",\"logo\":{\"@type\":\"ImageObject\",\"inLanguage\":\"da-DK\",\"@id\":\"https:\/\/flenstemp.awork20.dk\/#\/schema\/logo\/image\/\",\"url\":\"https:\/\/flensted-mobiles.com\/wp-content\/uploads\/2022\/03\/FlenstedLogo_med_ramme_100-3.webp\",\"contentUrl\":\"https:\/\/flensted-mobiles.com\/wp-content\/uploads\/2022\/03\/FlenstedLogo_med_ramme_100-3.webp\",\"width\":2118,\"height\":2118,\"caption\":\"Flensted Mobiles\"},\"image\":{\"@id\":\"https:\/\/flenstemp.awork20.dk\/#\/schema\/logo\/image\/\"},\"sameAs\":[\"https:\/\/www.facebook.com\/flenstedmobiles\"]}]}<\/script>\n<!-- \/ Yoast SEO plugin. -->","yoast_head_json":{"title":"Lundstr\u00f8m 1932 - Flensted Mobiles","robots":{"index":"index","follow":"follow","max-snippet":"max-snippet:-1","max-image-preview":"max-image-preview:large","max-video-preview":"max-video-preview:-1"},"canonical":"https:\/\/flenstemp.awork20.dk\/da\/product\/lundstrom-1932\/","og_locale":"da_DK","og_type":"article","og_title":"Lundstr\u00f8m 1932 - Flensted Mobiles","og_description":"Lundstr\u00f8m 1932 Designet af Philip Bro &amp; Thomas Krause  &nbsp;  Den mobile \"Lundstr\u00f8m 1932\" er vores k\u00e6rlige hyldest til maleren Vilhelm Lundstr\u00f8ms f\u00f8lsomme geometri - og til \"Arrangement med hvid kande, appelsin og bog\" (1932-1933), som er et af hans hovedv\u00e6rker.  I vores fortolkning har vi sat den velkendte hvide kande, appelsinen og bogen fri, og vi har givet elementerne luft under vingerne ved at g\u00f8re det kubistiske stilleben lidt mindre stille.  Resultatet er en mobile, der tilf\u00f8jer en luftig poesi til de kantede former og markante farver i det popul\u00e6re kubistiske mesterv\u00e6rk.  \"Lundstr\u00f8m 1932\" er udviklet i samarbejde med Statens Museum for Kunst (SMK) i K\u00f8benhavn, hvor maleriet kan opleves.","og_url":"https:\/\/flenstemp.awork20.dk\/da\/product\/lundstrom-1932\/","og_site_name":"Flensted Mobiles","article_publisher":"https:\/\/www.facebook.com\/flenstedmobiles","article_modified_time":"2023-01-26T09:02:01+00:00","og_image":[{"width":600,"height":600,"url":"https:\/\/flenstemp.awork20.dk\/wp-content\/uploads\/2022\/04\/FM-443_OL_0002.png","type":"image\/png"}],"twitter_card":"summary_large_image","schema":{"@context":"https:\/\/schema.org","@graph":[{"@type":"WebPage","@id":"https:\/\/flenstemp.awork20.dk\/da\/product\/lundstrom-1932\/","url":"https:\/\/flenstemp.awork20.dk\/da\/product\/lundstrom-1932\/","name":"Lundstr\u00f8m 1932 - Flensted Mobiles","isPartOf":{"@id":"https:\/\/flenstemp.awork20.dk\/#website"},"datePublished":"2021-04-25T09:29:36+00:00","dateModified":"2023-01-26T09:02:01+00:00","breadcrumb":{"@id":"https:\/\/flenstemp.awork20.dk\/da\/product\/lundstrom-1932\/#breadcrumb"},"inLanguage":"da-DK","potentialAction":[{"@type":"ReadAction","target":["https:\/\/flenstemp.awork20.dk\/da\/product\/lundstrom-1932\/"]}]},{"@type":"BreadcrumbList","@id":"https:\/\/flenstemp.awork20.dk\/da\/product\/lundstrom-1932\/#breadcrumb","itemListElement":[{"@type":"ListItem","position":1,"name":"Home","item":"https:\/\/flenstemp.awork20.dk\/da\/"},{"@type":"ListItem","position":2,"name":"Products","item":"https:\/\/flenstemp.awork20.dk\/shop\/"},{"@type":"ListItem","position":3,"name":"Lundstr\u00f8m 1932"}]},{"@type":"WebSite","@id":"https:\/\/flenstemp.awork20.dk\/#website","url":"https:\/\/flenstemp.awork20.dk\/","name":"Flensted Mobiles","description":"Unikke mobiler som skaber ro og balance, i enhvers hjem.","publisher":{"@id":"https:\/\/flenstemp.awork20.dk\/#organization"},"potentialAction":[{"@type":"SearchAction","target":{"@type":"EntryPoint","urlTemplate":"https:\/\/flenstemp.awork20.dk\/?s={search_term_string}"},"query-input":"required name=search_term_string"}],"inLanguage":"da-DK"},{"@type":"Organization","@id":"https:\/\/flenstemp.awork20.dk\/#organization","name":"Flensted Mobiles","url":"https:\/\/flenstemp.awork20.dk\/","logo":{"@type":"ImageObject","inLanguage":"da-DK","@id":"https:\/\/flenstemp.awork20.dk\/#\/schema\/logo\/image\/","url":"https:\/\/flensted-mobiles.com\/wp-content\/uploads\/2022\/03\/FlenstedLogo_med_ramme_100-3.webp","contentUrl":"https:\/\/flensted-mobiles.com\/wp-content\/uploads\/2022\/03\/FlenstedLogo_med_ramme_100-3.webp","width":2118,"height":2118,"caption":"Flensted Mobiles"},"image":{"@id":"https:\/\/flenstemp.awork20.dk\/#\/schema\/logo\/image\/"},"sameAs":["https:\/\/www.facebook.com\/flenstedmobiles"]}]}},"_links":{"self":[{"href":"https:\/\/flenstemp.awork20.dk\/da\/wp-json\/wp\/v2\/product\/39169"}],"collection":[{"href":"https:\/\/flenstemp.awork20.dk\/da\/wp-json\/wp\/v2\/product"}],"about":[{"href":"https:\/\/flenstemp.awork20.dk\/da\/wp-json\/wp\/v2\/types\/product"}],"wp:featuredmedia":[{"embeddable":true,"href":"https:\/\/flenstemp.awork20.dk\/da\/wp-json\/wp\/v2\/media\/39167"}],"wp:attachment":[{"href":"https:\/\/flenstemp.awork20.dk\/da\/wp-json\/wp\/v2\/media?parent=39169"}],"wp:term":[{"taxonomy":"product_cat","embeddable":true,"href":"https:\/\/flenstemp.awork20.dk\/da\/wp-json\/wp\/v2\/product_cat?post=39169"},{"taxonomy":"product_tag","embeddable":true,"href":"https:\/\/flenstemp.awork20.dk\/da\/wp-json\/wp\/v2\/product_tag?post=39169"}],"curies":[{"name":"wp","href":"https:\/\/api.w.org\/{rel}","templated":true}]}}