{"id":1698,"date":"1900-05-20T09:24:45","date_gmt":"1900-05-20T08:24:45","guid":{"rendered":"https:\/\/flenstedmobiles.com\/?post_type=product&#038;p=1698"},"modified":"2022-10-13T13:47:36","modified_gmt":"2022-10-13T11:47:36","slug":"manden-i-manen","status":"publish","type":"product","link":"https:\/\/flenstemp.awork20.dk\/da\/product\/manden-i-manen\/","title":{"rendered":"Manden i M\u00e5nen"},"content":{"rendered":"","protected":false},"excerpt":{"rendered":"<h1>Manden i M\u00e5nen<\/h1>\n<p><em>Designet af HC Andersen<\/em><\/p>\n<p>&nbsp;<\/p>\n<p>Titlen p\u00e5 denne enkle, men smukke m\u00e5nefigur er fra en af digterens vaudeviller &#8220;K\u00e6rlighed hos Nicolai Taarn&#8221;. P\u00e5 udsk\u00e6ringen st\u00e5r der \u201cCasta Diva!\u201d, som stammer fra hovedarien i Bellinis opera \u201cNorma\u201d. Den originale udsk\u00e6ring findes i en af billedb\u00f8gerne til Agnete Lind (datter af Louise Lind, f\u00f8dt Collin).<\/p>\n<p>Som silhuetsk\u00e6rer er HC Andersen festens liv og hans dages fejrede g\u00e6st for herrene og de intellektuelle.<\/p>\n<p>HC Andersen havde altid sin 24 cm lange saks med, og han morede sig selv og andre ved beh\u00e6ndigt at klippe silhuetter.<\/p>\n","protected":false},"featured_media":4069,"template":"","meta":[],"product_cat":[960,11875,1005,11900,11914,990],"product_tag":[],"yoast_head":"<!-- This site is optimized with the Yoast SEO plugin v20.8 - https:\/\/yoast.com\/wordpress\/plugins\/seo\/ -->\n<title>Manden i M\u00e5nen - Flensted Mobiles<\/title>\n<meta name=\"robots\" content=\"index, follow, max-snippet:-1, max-image-preview:large, max-video-preview:-1\" \/>\n<link rel=\"canonical\" href=\"https:\/\/flenstemp.awork20.dk\/da\/product\/manden-i-manen\/\" \/>\n<meta property=\"og:locale\" content=\"da_DK\" \/>\n<meta property=\"og:type\" content=\"article\" \/>\n<meta property=\"og:title\" content=\"Manden i M\u00e5nen - Flensted Mobiles\" \/>\n<meta property=\"og:description\" content=\"Manden i M\u00e5nen Designet af HC Andersen  &nbsp;  Titlen p\u00e5 denne enkle, men smukke m\u00e5nefigur er fra en af digterens vaudeviller &quot;K\u00e6rlighed hos Nicolai Taarn&quot;. P\u00e5 udsk\u00e6ringen st\u00e5r der \u201cCasta Diva!\u201d, som stammer fra hovedarien i Bellinis opera \u201cNorma\u201d. Den originale udsk\u00e6ring findes i en af billedb\u00f8gerne til Agnete Lind (datter af Louise Lind, f\u00f8dt Collin).  Som silhuetsk\u00e6rer er HC Andersen festens liv og hans dages fejrede g\u00e6st for herrene og de intellektuelle.  HC Andersen havde altid sin 24 cm lange saks med, og han morede sig selv og andre ved beh\u00e6ndigt at klippe silhuetter.\" \/>\n<meta property=\"og:url\" content=\"https:\/\/flenstemp.awork20.dk\/da\/product\/manden-i-manen\/\" \/>\n<meta property=\"og:site_name\" content=\"Flensted Mobiles\" \/>\n<meta property=\"article:publisher\" content=\"https:\/\/www.facebook.com\/flenstedmobiles\" \/>\n<meta property=\"article:modified_time\" content=\"2022-10-13T11:47:36+00:00\" \/>\n<meta property=\"og:image\" content=\"https:\/\/flenstemp.awork20.dk\/wp-content\/uploads\/2021\/12\/FM_697_man_in_the_moon-FEJL-1.png\" \/>\n\t<meta property=\"og:image:width\" content=\"794\" \/>\n\t<meta property=\"og:image:height\" content=\"794\" \/>\n\t<meta property=\"og:image:type\" content=\"image\/png\" \/>\n<meta name=\"twitter:card\" content=\"summary_large_image\" \/>\n<script type=\"application\/ld+json\" class=\"yoast-schema-graph\">{\"@context\":\"https:\/\/schema.org\",\"@graph\":[{\"@type\":\"WebPage\",\"@id\":\"https:\/\/flenstemp.awork20.dk\/da\/product\/manden-i-manen\/\",\"url\":\"https:\/\/flenstemp.awork20.dk\/da\/product\/manden-i-manen\/\",\"name\":\"Manden i M\u00e5nen - Flensted Mobiles\",\"isPartOf\":{\"@id\":\"https:\/\/flenstemp.awork20.dk\/#website\"},\"datePublished\":\"1900-05-20T08:24:45+00:00\",\"dateModified\":\"2022-10-13T11:47:36+00:00\",\"breadcrumb\":{\"@id\":\"https:\/\/flenstemp.awork20.dk\/da\/product\/manden-i-manen\/#breadcrumb\"},\"inLanguage\":\"da-DK\",\"potentialAction\":[{\"@type\":\"ReadAction\",\"target\":[\"https:\/\/flenstemp.awork20.dk\/da\/product\/manden-i-manen\/\"]}]},{\"@type\":\"BreadcrumbList\",\"@id\":\"https:\/\/flenstemp.awork20.dk\/da\/product\/manden-i-manen\/#breadcrumb\",\"itemListElement\":[{\"@type\":\"ListItem\",\"position\":1,\"name\":\"Home\",\"item\":\"https:\/\/flenstemp.awork20.dk\/da\/\"},{\"@type\":\"ListItem\",\"position\":2,\"name\":\"Products\",\"item\":\"https:\/\/flenstemp.awork20.dk\/shop\/\"},{\"@type\":\"ListItem\",\"position\":3,\"name\":\"Manden i M\u00e5nen\"}]},{\"@type\":\"WebSite\",\"@id\":\"https:\/\/flenstemp.awork20.dk\/#website\",\"url\":\"https:\/\/flenstemp.awork20.dk\/\",\"name\":\"Flensted Mobiles\",\"description\":\"Unikke mobiler som skaber ro og balance, i enhvers hjem.\",\"publisher\":{\"@id\":\"https:\/\/flenstemp.awork20.dk\/#organization\"},\"potentialAction\":[{\"@type\":\"SearchAction\",\"target\":{\"@type\":\"EntryPoint\",\"urlTemplate\":\"https:\/\/flenstemp.awork20.dk\/?s={search_term_string}\"},\"query-input\":\"required name=search_term_string\"}],\"inLanguage\":\"da-DK\"},{\"@type\":\"Organization\",\"@id\":\"https:\/\/flenstemp.awork20.dk\/#organization\",\"name\":\"Flensted Mobiles\",\"url\":\"https:\/\/flenstemp.awork20.dk\/\",\"logo\":{\"@type\":\"ImageObject\",\"inLanguage\":\"da-DK\",\"@id\":\"https:\/\/flenstemp.awork20.dk\/#\/schema\/logo\/image\/\",\"url\":\"https:\/\/flensted-mobiles.com\/wp-content\/uploads\/2022\/03\/FlenstedLogo_med_ramme_100-3.webp\",\"contentUrl\":\"https:\/\/flensted-mobiles.com\/wp-content\/uploads\/2022\/03\/FlenstedLogo_med_ramme_100-3.webp\",\"width\":2118,\"height\":2118,\"caption\":\"Flensted Mobiles\"},\"image\":{\"@id\":\"https:\/\/flenstemp.awork20.dk\/#\/schema\/logo\/image\/\"},\"sameAs\":[\"https:\/\/www.facebook.com\/flenstedmobiles\"]}]}<\/script>\n<!-- \/ Yoast SEO plugin. -->","yoast_head_json":{"title":"Manden i M\u00e5nen - Flensted Mobiles","robots":{"index":"index","follow":"follow","max-snippet":"max-snippet:-1","max-image-preview":"max-image-preview:large","max-video-preview":"max-video-preview:-1"},"canonical":"https:\/\/flenstemp.awork20.dk\/da\/product\/manden-i-manen\/","og_locale":"da_DK","og_type":"article","og_title":"Manden i M\u00e5nen - Flensted Mobiles","og_description":"Manden i M\u00e5nen Designet af HC Andersen  &nbsp;  Titlen p\u00e5 denne enkle, men smukke m\u00e5nefigur er fra en af digterens vaudeviller \"K\u00e6rlighed hos Nicolai Taarn\". P\u00e5 udsk\u00e6ringen st\u00e5r der \u201cCasta Diva!\u201d, som stammer fra hovedarien i Bellinis opera \u201cNorma\u201d. Den originale udsk\u00e6ring findes i en af billedb\u00f8gerne til Agnete Lind (datter af Louise Lind, f\u00f8dt Collin).  Som silhuetsk\u00e6rer er HC Andersen festens liv og hans dages fejrede g\u00e6st for herrene og de intellektuelle.  HC Andersen havde altid sin 24 cm lange saks med, og han morede sig selv og andre ved beh\u00e6ndigt at klippe silhuetter.","og_url":"https:\/\/flenstemp.awork20.dk\/da\/product\/manden-i-manen\/","og_site_name":"Flensted Mobiles","article_publisher":"https:\/\/www.facebook.com\/flenstedmobiles","article_modified_time":"2022-10-13T11:47:36+00:00","og_image":[{"width":794,"height":794,"url":"https:\/\/flenstemp.awork20.dk\/wp-content\/uploads\/2021\/12\/FM_697_man_in_the_moon-FEJL-1.png","type":"image\/png"}],"twitter_card":"summary_large_image","schema":{"@context":"https:\/\/schema.org","@graph":[{"@type":"WebPage","@id":"https:\/\/flenstemp.awork20.dk\/da\/product\/manden-i-manen\/","url":"https:\/\/flenstemp.awork20.dk\/da\/product\/manden-i-manen\/","name":"Manden i M\u00e5nen - Flensted Mobiles","isPartOf":{"@id":"https:\/\/flenstemp.awork20.dk\/#website"},"datePublished":"1900-05-20T08:24:45+00:00","dateModified":"2022-10-13T11:47:36+00:00","breadcrumb":{"@id":"https:\/\/flenstemp.awork20.dk\/da\/product\/manden-i-manen\/#breadcrumb"},"inLanguage":"da-DK","potentialAction":[{"@type":"ReadAction","target":["https:\/\/flenstemp.awork20.dk\/da\/product\/manden-i-manen\/"]}]},{"@type":"BreadcrumbList","@id":"https:\/\/flenstemp.awork20.dk\/da\/product\/manden-i-manen\/#breadcrumb","itemListElement":[{"@type":"ListItem","position":1,"name":"Home","item":"https:\/\/flenstemp.awork20.dk\/da\/"},{"@type":"ListItem","position":2,"name":"Products","item":"https:\/\/flenstemp.awork20.dk\/shop\/"},{"@type":"ListItem","position":3,"name":"Manden i M\u00e5nen"}]},{"@type":"WebSite","@id":"https:\/\/flenstemp.awork20.dk\/#website","url":"https:\/\/flenstemp.awork20.dk\/","name":"Flensted Mobiles","description":"Unikke mobiler som skaber ro og balance, i enhvers hjem.","publisher":{"@id":"https:\/\/flenstemp.awork20.dk\/#organization"},"potentialAction":[{"@type":"SearchAction","target":{"@type":"EntryPoint","urlTemplate":"https:\/\/flenstemp.awork20.dk\/?s={search_term_string}"},"query-input":"required name=search_term_string"}],"inLanguage":"da-DK"},{"@type":"Organization","@id":"https:\/\/flenstemp.awork20.dk\/#organization","name":"Flensted Mobiles","url":"https:\/\/flenstemp.awork20.dk\/","logo":{"@type":"ImageObject","inLanguage":"da-DK","@id":"https:\/\/flenstemp.awork20.dk\/#\/schema\/logo\/image\/","url":"https:\/\/flensted-mobiles.com\/wp-content\/uploads\/2022\/03\/FlenstedLogo_med_ramme_100-3.webp","contentUrl":"https:\/\/flensted-mobiles.com\/wp-content\/uploads\/2022\/03\/FlenstedLogo_med_ramme_100-3.webp","width":2118,"height":2118,"caption":"Flensted Mobiles"},"image":{"@id":"https:\/\/flenstemp.awork20.dk\/#\/schema\/logo\/image\/"},"sameAs":["https:\/\/www.facebook.com\/flenstedmobiles"]}]}},"_links":{"self":[{"href":"https:\/\/flenstemp.awork20.dk\/da\/wp-json\/wp\/v2\/product\/1698"}],"collection":[{"href":"https:\/\/flenstemp.awork20.dk\/da\/wp-json\/wp\/v2\/product"}],"about":[{"href":"https:\/\/flenstemp.awork20.dk\/da\/wp-json\/wp\/v2\/types\/product"}],"wp:featuredmedia":[{"embeddable":true,"href":"https:\/\/flenstemp.awork20.dk\/da\/wp-json\/wp\/v2\/media\/4069"}],"wp:attachment":[{"href":"https:\/\/flenstemp.awork20.dk\/da\/wp-json\/wp\/v2\/media?parent=1698"}],"wp:term":[{"taxonomy":"product_cat","embeddable":true,"href":"https:\/\/flenstemp.awork20.dk\/da\/wp-json\/wp\/v2\/product_cat?post=1698"},{"taxonomy":"product_tag","embeddable":true,"href":"https:\/\/flenstemp.awork20.dk\/da\/wp-json\/wp\/v2\/product_tag?post=1698"}],"curies":[{"name":"wp","href":"https:\/\/api.w.org\/{rel}","templated":true}]}}