{"id":1690,"date":"1900-05-20T09:31:17","date_gmt":"1900-05-20T08:31:17","guid":{"rendered":"https:\/\/flenstedmobiles.com\/?post_type=product&#038;p=1690"},"modified":"2022-10-13T13:47:36","modified_gmt":"2022-10-13T11:47:36","slug":"mollemanden","status":"publish","type":"product","link":"https:\/\/flenstemp.awork20.dk\/da\/product\/mollemanden\/","title":{"rendered":"M\u00f8llemanden"},"content":{"rendered":"","protected":false},"excerpt":{"rendered":"<h1>M\u00f8llemanden<\/h1>\n<p><em>Designet af HC Andersen<\/em><\/p>\n<p>&nbsp;<\/p>\n<p>Blandt HC Andersens papirudsk\u00e6ringer var der flere, der forestillede den s\u00e5kaldte &#8220;M\u00f8llemand&#8221;. Dette er en af dem.<br \/>\nMed henvisning til det i 1924 skrev afd\u00f8de professor Hans Brix, ph.d., i sit forord til &#8220;HC Andersens Papirklip&#8221;.<\/p>\n<p>[read_more id=&#8221;1&#8243; more=&#8221;Se mere&#8221; less=&#8221;Se mindre&#8221;]<\/p>\n<p>F\u00f8rhen en m\u00e6rkelig M\u00f8llemand, hvis fire arme er de udstrakte m\u00f8llevinger; hvis mave \u00e5bner sig til en port, hvortil m\u00f8lletrappen f\u00f8rer; hvis bryst indeholder to hjerter; og over hele dette t\u00f8mmerstillads af en krop rejser sig et levende ansigt, der minder om en gammel bondes, smilende og f\u00f8lsomt.<\/p>\n<p>Legemligg\u00f8r dette ikke ideen om M\u00f8llen, singulariteten mellem bygninger skabt af mennesket, kunstigt opf\u00f8rt, men alligevel pr\u00e6get af en t\u00e6t forening med det v\u00e6sentlige for selve det enkle liv.<\/p>\n<p>Som silhuetklipper er HC Andersen festens liv. Han var den fejrede g\u00e6st for adelen og byens intellektuelle.<\/p>\n<p>P\u00e5 rejsen havde HC Andersen altid sin 24 cm lange saks med, og han morede sig selv og andre ved at klippe silhuetter.<\/p>\n<p>Den originale &#8220;Mill-man&#8221; papirklip kan ses p\u00e5 HC Andersen Museet i Odense.<\/p>\n<p>[\/read_more]<\/p>\n","protected":false},"featured_media":4073,"template":"","meta":[],"product_cat":[960,11875,11900,1005,11914,990],"product_tag":[],"yoast_head":"<!-- This site is optimized with the Yoast SEO plugin v20.8 - https:\/\/yoast.com\/wordpress\/plugins\/seo\/ -->\n<title>M\u00f8llemanden - Flensted Mobiles<\/title>\n<meta name=\"robots\" content=\"index, follow, max-snippet:-1, max-image-preview:large, max-video-preview:-1\" \/>\n<link rel=\"canonical\" href=\"https:\/\/flenstemp.awork20.dk\/da\/product\/mollemanden\/\" \/>\n<meta property=\"og:locale\" content=\"da_DK\" \/>\n<meta property=\"og:type\" content=\"article\" \/>\n<meta property=\"og:title\" content=\"M\u00f8llemanden - Flensted Mobiles\" \/>\n<meta property=\"og:description\" content=\"M\u00f8llemanden Designet af HC Andersen  &nbsp;  Blandt HC Andersens papirudsk\u00e6ringer var der flere, der forestillede den s\u00e5kaldte &quot;M\u00f8llemand&quot;. Dette er en af dem. Med henvisning til det i 1924 skrev afd\u00f8de professor Hans Brix, ph.d., i sit forord til &quot;HC Andersens Papirklip&quot;.  [read_more id=&quot;1&quot; more=&quot;Se mere&quot; less=&quot;Se mindre&quot;]  F\u00f8rhen en m\u00e6rkelig M\u00f8llemand, hvis fire arme er de udstrakte m\u00f8llevinger; hvis mave \u00e5bner sig til en port, hvortil m\u00f8lletrappen f\u00f8rer; hvis bryst indeholder to hjerter; og over hele dette t\u00f8mmerstillads af en krop rejser sig et levende ansigt, der minder om en gammel bondes, smilende og f\u00f8lsomt.  Legemligg\u00f8r dette ikke ideen om M\u00f8llen, singulariteten mellem bygninger skabt af mennesket, kunstigt opf\u00f8rt, men alligevel pr\u00e6get af en t\u00e6t forening med det v\u00e6sentlige for selve det enkle liv.  Som silhuetklipper er HC Andersen festens liv. Han var den fejrede g\u00e6st for adelen og byens intellektuelle.  P\u00e5 rejsen havde HC Andersen altid sin 24 cm lange saks med, og han morede sig selv og andre ved at klippe silhuetter.  Den originale &quot;Mill-man&quot; papirklip kan ses p\u00e5 HC Andersen Museet i Odense.  [\/read_more]\" \/>\n<meta property=\"og:url\" content=\"https:\/\/flenstemp.awork20.dk\/da\/product\/mollemanden\/\" \/>\n<meta property=\"og:site_name\" content=\"Flensted Mobiles\" \/>\n<meta property=\"article:publisher\" content=\"https:\/\/www.facebook.com\/flenstedmobiles\" \/>\n<meta property=\"article:modified_time\" content=\"2022-10-13T11:47:36+00:00\" \/>\n<meta property=\"og:image\" content=\"https:\/\/flenstemp.awork20.dk\/wp-content\/uploads\/2021\/12\/FM_690_mill_man-1.png\" \/>\n\t<meta property=\"og:image:width\" content=\"794\" \/>\n\t<meta property=\"og:image:height\" content=\"794\" \/>\n\t<meta property=\"og:image:type\" content=\"image\/png\" \/>\n<meta name=\"twitter:card\" content=\"summary_large_image\" \/>\n<script type=\"application\/ld+json\" class=\"yoast-schema-graph\">{\"@context\":\"https:\/\/schema.org\",\"@graph\":[{\"@type\":\"WebPage\",\"@id\":\"https:\/\/flenstemp.awork20.dk\/da\/product\/mollemanden\/\",\"url\":\"https:\/\/flenstemp.awork20.dk\/da\/product\/mollemanden\/\",\"name\":\"M\u00f8llemanden - Flensted Mobiles\",\"isPartOf\":{\"@id\":\"https:\/\/flenstemp.awork20.dk\/#website\"},\"datePublished\":\"1900-05-20T08:31:17+00:00\",\"dateModified\":\"2022-10-13T11:47:36+00:00\",\"breadcrumb\":{\"@id\":\"https:\/\/flenstemp.awork20.dk\/da\/product\/mollemanden\/#breadcrumb\"},\"inLanguage\":\"da-DK\",\"potentialAction\":[{\"@type\":\"ReadAction\",\"target\":[\"https:\/\/flenstemp.awork20.dk\/da\/product\/mollemanden\/\"]}]},{\"@type\":\"BreadcrumbList\",\"@id\":\"https:\/\/flenstemp.awork20.dk\/da\/product\/mollemanden\/#breadcrumb\",\"itemListElement\":[{\"@type\":\"ListItem\",\"position\":1,\"name\":\"Home\",\"item\":\"https:\/\/flenstemp.awork20.dk\/da\/\"},{\"@type\":\"ListItem\",\"position\":2,\"name\":\"Products\",\"item\":\"https:\/\/flenstemp.awork20.dk\/shop\/\"},{\"@type\":\"ListItem\",\"position\":3,\"name\":\"M\u00f8llemanden\"}]},{\"@type\":\"WebSite\",\"@id\":\"https:\/\/flenstemp.awork20.dk\/#website\",\"url\":\"https:\/\/flenstemp.awork20.dk\/\",\"name\":\"Flensted Mobiles\",\"description\":\"Unikke mobiler som skaber ro og balance, i enhvers hjem.\",\"publisher\":{\"@id\":\"https:\/\/flenstemp.awork20.dk\/#organization\"},\"potentialAction\":[{\"@type\":\"SearchAction\",\"target\":{\"@type\":\"EntryPoint\",\"urlTemplate\":\"https:\/\/flenstemp.awork20.dk\/?s={search_term_string}\"},\"query-input\":\"required name=search_term_string\"}],\"inLanguage\":\"da-DK\"},{\"@type\":\"Organization\",\"@id\":\"https:\/\/flenstemp.awork20.dk\/#organization\",\"name\":\"Flensted Mobiles\",\"url\":\"https:\/\/flenstemp.awork20.dk\/\",\"logo\":{\"@type\":\"ImageObject\",\"inLanguage\":\"da-DK\",\"@id\":\"https:\/\/flenstemp.awork20.dk\/#\/schema\/logo\/image\/\",\"url\":\"https:\/\/flensted-mobiles.com\/wp-content\/uploads\/2022\/03\/FlenstedLogo_med_ramme_100-3.webp\",\"contentUrl\":\"https:\/\/flensted-mobiles.com\/wp-content\/uploads\/2022\/03\/FlenstedLogo_med_ramme_100-3.webp\",\"width\":2118,\"height\":2118,\"caption\":\"Flensted Mobiles\"},\"image\":{\"@id\":\"https:\/\/flenstemp.awork20.dk\/#\/schema\/logo\/image\/\"},\"sameAs\":[\"https:\/\/www.facebook.com\/flenstedmobiles\"]}]}<\/script>\n<!-- \/ Yoast SEO plugin. -->","yoast_head_json":{"title":"M\u00f8llemanden - Flensted Mobiles","robots":{"index":"index","follow":"follow","max-snippet":"max-snippet:-1","max-image-preview":"max-image-preview:large","max-video-preview":"max-video-preview:-1"},"canonical":"https:\/\/flenstemp.awork20.dk\/da\/product\/mollemanden\/","og_locale":"da_DK","og_type":"article","og_title":"M\u00f8llemanden - Flensted Mobiles","og_description":"M\u00f8llemanden Designet af HC Andersen  &nbsp;  Blandt HC Andersens papirudsk\u00e6ringer var der flere, der forestillede den s\u00e5kaldte \"M\u00f8llemand\". Dette er en af dem. Med henvisning til det i 1924 skrev afd\u00f8de professor Hans Brix, ph.d., i sit forord til \"HC Andersens Papirklip\".  [read_more id=\"1\" more=\"Se mere\" less=\"Se mindre\"]  F\u00f8rhen en m\u00e6rkelig M\u00f8llemand, hvis fire arme er de udstrakte m\u00f8llevinger; hvis mave \u00e5bner sig til en port, hvortil m\u00f8lletrappen f\u00f8rer; hvis bryst indeholder to hjerter; og over hele dette t\u00f8mmerstillads af en krop rejser sig et levende ansigt, der minder om en gammel bondes, smilende og f\u00f8lsomt.  Legemligg\u00f8r dette ikke ideen om M\u00f8llen, singulariteten mellem bygninger skabt af mennesket, kunstigt opf\u00f8rt, men alligevel pr\u00e6get af en t\u00e6t forening med det v\u00e6sentlige for selve det enkle liv.  Som silhuetklipper er HC Andersen festens liv. Han var den fejrede g\u00e6st for adelen og byens intellektuelle.  P\u00e5 rejsen havde HC Andersen altid sin 24 cm lange saks med, og han morede sig selv og andre ved at klippe silhuetter.  Den originale \"Mill-man\" papirklip kan ses p\u00e5 HC Andersen Museet i Odense.  [\/read_more]","og_url":"https:\/\/flenstemp.awork20.dk\/da\/product\/mollemanden\/","og_site_name":"Flensted Mobiles","article_publisher":"https:\/\/www.facebook.com\/flenstedmobiles","article_modified_time":"2022-10-13T11:47:36+00:00","og_image":[{"width":794,"height":794,"url":"https:\/\/flenstemp.awork20.dk\/wp-content\/uploads\/2021\/12\/FM_690_mill_man-1.png","type":"image\/png"}],"twitter_card":"summary_large_image","schema":{"@context":"https:\/\/schema.org","@graph":[{"@type":"WebPage","@id":"https:\/\/flenstemp.awork20.dk\/da\/product\/mollemanden\/","url":"https:\/\/flenstemp.awork20.dk\/da\/product\/mollemanden\/","name":"M\u00f8llemanden - Flensted Mobiles","isPartOf":{"@id":"https:\/\/flenstemp.awork20.dk\/#website"},"datePublished":"1900-05-20T08:31:17+00:00","dateModified":"2022-10-13T11:47:36+00:00","breadcrumb":{"@id":"https:\/\/flenstemp.awork20.dk\/da\/product\/mollemanden\/#breadcrumb"},"inLanguage":"da-DK","potentialAction":[{"@type":"ReadAction","target":["https:\/\/flenstemp.awork20.dk\/da\/product\/mollemanden\/"]}]},{"@type":"BreadcrumbList","@id":"https:\/\/flenstemp.awork20.dk\/da\/product\/mollemanden\/#breadcrumb","itemListElement":[{"@type":"ListItem","position":1,"name":"Home","item":"https:\/\/flenstemp.awork20.dk\/da\/"},{"@type":"ListItem","position":2,"name":"Products","item":"https:\/\/flenstemp.awork20.dk\/shop\/"},{"@type":"ListItem","position":3,"name":"M\u00f8llemanden"}]},{"@type":"WebSite","@id":"https:\/\/flenstemp.awork20.dk\/#website","url":"https:\/\/flenstemp.awork20.dk\/","name":"Flensted Mobiles","description":"Unikke mobiler som skaber ro og balance, i enhvers hjem.","publisher":{"@id":"https:\/\/flenstemp.awork20.dk\/#organization"},"potentialAction":[{"@type":"SearchAction","target":{"@type":"EntryPoint","urlTemplate":"https:\/\/flenstemp.awork20.dk\/?s={search_term_string}"},"query-input":"required name=search_term_string"}],"inLanguage":"da-DK"},{"@type":"Organization","@id":"https:\/\/flenstemp.awork20.dk\/#organization","name":"Flensted Mobiles","url":"https:\/\/flenstemp.awork20.dk\/","logo":{"@type":"ImageObject","inLanguage":"da-DK","@id":"https:\/\/flenstemp.awork20.dk\/#\/schema\/logo\/image\/","url":"https:\/\/flensted-mobiles.com\/wp-content\/uploads\/2022\/03\/FlenstedLogo_med_ramme_100-3.webp","contentUrl":"https:\/\/flensted-mobiles.com\/wp-content\/uploads\/2022\/03\/FlenstedLogo_med_ramme_100-3.webp","width":2118,"height":2118,"caption":"Flensted Mobiles"},"image":{"@id":"https:\/\/flenstemp.awork20.dk\/#\/schema\/logo\/image\/"},"sameAs":["https:\/\/www.facebook.com\/flenstedmobiles"]}]}},"_links":{"self":[{"href":"https:\/\/flenstemp.awork20.dk\/da\/wp-json\/wp\/v2\/product\/1690"}],"collection":[{"href":"https:\/\/flenstemp.awork20.dk\/da\/wp-json\/wp\/v2\/product"}],"about":[{"href":"https:\/\/flenstemp.awork20.dk\/da\/wp-json\/wp\/v2\/types\/product"}],"wp:featuredmedia":[{"embeddable":true,"href":"https:\/\/flenstemp.awork20.dk\/da\/wp-json\/wp\/v2\/media\/4073"}],"wp:attachment":[{"href":"https:\/\/flenstemp.awork20.dk\/da\/wp-json\/wp\/v2\/media?parent=1690"}],"wp:term":[{"taxonomy":"product_cat","embeddable":true,"href":"https:\/\/flenstemp.awork20.dk\/da\/wp-json\/wp\/v2\/product_cat?post=1690"},{"taxonomy":"product_tag","embeddable":true,"href":"https:\/\/flenstemp.awork20.dk\/da\/wp-json\/wp\/v2\/product_tag?post=1690"}],"curies":[{"name":"wp","href":"https:\/\/api.w.org\/{rel}","templated":true}]}}