{"id":1688,"date":"1900-05-20T09:34:29","date_gmt":"1900-05-20T08:34:29","guid":{"rendered":"https:\/\/flenstedmobiles.com\/?post_type=product&#038;p=1688"},"modified":"2022-10-13T13:47:37","modified_gmt":"2022-10-13T11:47:37","slug":"pierrot-hca","status":"publish","type":"product","link":"https:\/\/flenstemp.awork20.dk\/da\/product\/pierrot-hca\/","title":{"rendered":"Pjerrot"},"content":{"rendered":"","protected":false},"excerpt":{"rendered":"<h1>Pjerrot<\/h1>\n<p><em>Designet af HC Andersen<\/em><\/p>\n<p>&nbsp;<\/p>\n<p>Den gamle Commedia-dell&#8217;arte-figur Pierrot ses igen og igen i de omkring 1.500 papirudklip af HC Andersen, der kendes i dag. Pjerrot er ofte en detalje blandt andre figurer i de komplicerede papirudsk\u00e6ringer.<\/p>\n<p>Men af og til er han helt alene som denne &#8220;Dancing Pierrot&#8221;.<\/p>\n<p>[read_more id=&#8221;1&#8243; more=&#8221;Se mere&#8221; less=&#8221;Se mindre&#8221;]<\/p>\n<p>HC Andersen lavede denne udsk\u00e6ring til Mathilde \u00d8rsted, datter af den ber\u00f8mte danske fysiker Hans Christian \u00d8rsted.<\/p>\n<p>Det originale papirudsk\u00e6ring tilh\u00f8rer nu Andersen Museet i Odense, Danmark.<\/p>\n<p>[\/read_more]<\/p>\n","protected":false},"featured_media":4074,"template":"","meta":[],"product_cat":[960,11875,1005,11900,11914,990],"product_tag":[],"yoast_head":"<!-- This site is optimized with the Yoast SEO plugin v20.8 - https:\/\/yoast.com\/wordpress\/plugins\/seo\/ -->\n<title>Pjerrot - Flensted Mobiles<\/title>\n<meta name=\"robots\" content=\"index, follow, max-snippet:-1, max-image-preview:large, max-video-preview:-1\" \/>\n<link rel=\"canonical\" href=\"https:\/\/flenstemp.awork20.dk\/da\/product\/pierrot-hca\/\" \/>\n<meta property=\"og:locale\" content=\"da_DK\" \/>\n<meta property=\"og:type\" content=\"article\" \/>\n<meta property=\"og:title\" content=\"Pjerrot - Flensted Mobiles\" \/>\n<meta property=\"og:description\" content=\"Pjerrot Designet af HC Andersen  &nbsp;  Den gamle Commedia-dell&#039;arte-figur Pierrot ses igen og igen i de omkring 1.500 papirudklip af HC Andersen, der kendes i dag. Pjerrot er ofte en detalje blandt andre figurer i de komplicerede papirudsk\u00e6ringer.  Men af og til er han helt alene som denne &quot;Dancing Pierrot&quot;.  [read_more id=&quot;1&quot; more=&quot;Se mere&quot; less=&quot;Se mindre&quot;]  HC Andersen lavede denne udsk\u00e6ring til Mathilde \u00d8rsted, datter af den ber\u00f8mte danske fysiker Hans Christian \u00d8rsted.  Det originale papirudsk\u00e6ring tilh\u00f8rer nu Andersen Museet i Odense, Danmark.  [\/read_more]\" \/>\n<meta property=\"og:url\" content=\"https:\/\/flenstemp.awork20.dk\/da\/product\/pierrot-hca\/\" \/>\n<meta property=\"og:site_name\" content=\"Flensted Mobiles\" \/>\n<meta property=\"article:publisher\" content=\"https:\/\/www.facebook.com\/flenstedmobiles\" \/>\n<meta property=\"article:modified_time\" content=\"2022-10-13T11:47:37+00:00\" \/>\n<meta property=\"og:image\" content=\"https:\/\/flenstemp.awork20.dk\/wp-content\/uploads\/2021\/12\/FM_687_peirrot-1.png\" \/>\n\t<meta property=\"og:image:width\" content=\"794\" \/>\n\t<meta property=\"og:image:height\" content=\"794\" \/>\n\t<meta property=\"og:image:type\" content=\"image\/png\" \/>\n<meta name=\"twitter:card\" content=\"summary_large_image\" \/>\n<script type=\"application\/ld+json\" class=\"yoast-schema-graph\">{\"@context\":\"https:\/\/schema.org\",\"@graph\":[{\"@type\":\"WebPage\",\"@id\":\"https:\/\/flenstemp.awork20.dk\/da\/product\/pierrot-hca\/\",\"url\":\"https:\/\/flenstemp.awork20.dk\/da\/product\/pierrot-hca\/\",\"name\":\"Pjerrot - Flensted Mobiles\",\"isPartOf\":{\"@id\":\"https:\/\/flenstemp.awork20.dk\/#website\"},\"datePublished\":\"1900-05-20T08:34:29+00:00\",\"dateModified\":\"2022-10-13T11:47:37+00:00\",\"breadcrumb\":{\"@id\":\"https:\/\/flenstemp.awork20.dk\/da\/product\/pierrot-hca\/#breadcrumb\"},\"inLanguage\":\"da-DK\",\"potentialAction\":[{\"@type\":\"ReadAction\",\"target\":[\"https:\/\/flenstemp.awork20.dk\/da\/product\/pierrot-hca\/\"]}]},{\"@type\":\"BreadcrumbList\",\"@id\":\"https:\/\/flenstemp.awork20.dk\/da\/product\/pierrot-hca\/#breadcrumb\",\"itemListElement\":[{\"@type\":\"ListItem\",\"position\":1,\"name\":\"Home\",\"item\":\"https:\/\/flenstemp.awork20.dk\/da\/\"},{\"@type\":\"ListItem\",\"position\":2,\"name\":\"Products\",\"item\":\"https:\/\/flenstemp.awork20.dk\/shop\/\"},{\"@type\":\"ListItem\",\"position\":3,\"name\":\"Pjerrot\"}]},{\"@type\":\"WebSite\",\"@id\":\"https:\/\/flenstemp.awork20.dk\/#website\",\"url\":\"https:\/\/flenstemp.awork20.dk\/\",\"name\":\"Flensted Mobiles\",\"description\":\"Unikke mobiler som skaber ro og balance, i enhvers hjem.\",\"publisher\":{\"@id\":\"https:\/\/flenstemp.awork20.dk\/#organization\"},\"potentialAction\":[{\"@type\":\"SearchAction\",\"target\":{\"@type\":\"EntryPoint\",\"urlTemplate\":\"https:\/\/flenstemp.awork20.dk\/?s={search_term_string}\"},\"query-input\":\"required name=search_term_string\"}],\"inLanguage\":\"da-DK\"},{\"@type\":\"Organization\",\"@id\":\"https:\/\/flenstemp.awork20.dk\/#organization\",\"name\":\"Flensted Mobiles\",\"url\":\"https:\/\/flenstemp.awork20.dk\/\",\"logo\":{\"@type\":\"ImageObject\",\"inLanguage\":\"da-DK\",\"@id\":\"https:\/\/flenstemp.awork20.dk\/#\/schema\/logo\/image\/\",\"url\":\"https:\/\/flensted-mobiles.com\/wp-content\/uploads\/2022\/03\/FlenstedLogo_med_ramme_100-3.webp\",\"contentUrl\":\"https:\/\/flensted-mobiles.com\/wp-content\/uploads\/2022\/03\/FlenstedLogo_med_ramme_100-3.webp\",\"width\":2118,\"height\":2118,\"caption\":\"Flensted Mobiles\"},\"image\":{\"@id\":\"https:\/\/flenstemp.awork20.dk\/#\/schema\/logo\/image\/\"},\"sameAs\":[\"https:\/\/www.facebook.com\/flenstedmobiles\"]}]}<\/script>\n<!-- \/ Yoast SEO plugin. -->","yoast_head_json":{"title":"Pjerrot - Flensted Mobiles","robots":{"index":"index","follow":"follow","max-snippet":"max-snippet:-1","max-image-preview":"max-image-preview:large","max-video-preview":"max-video-preview:-1"},"canonical":"https:\/\/flenstemp.awork20.dk\/da\/product\/pierrot-hca\/","og_locale":"da_DK","og_type":"article","og_title":"Pjerrot - Flensted Mobiles","og_description":"Pjerrot Designet af HC Andersen  &nbsp;  Den gamle Commedia-dell'arte-figur Pierrot ses igen og igen i de omkring 1.500 papirudklip af HC Andersen, der kendes i dag. Pjerrot er ofte en detalje blandt andre figurer i de komplicerede papirudsk\u00e6ringer.  Men af og til er han helt alene som denne \"Dancing Pierrot\".  [read_more id=\"1\" more=\"Se mere\" less=\"Se mindre\"]  HC Andersen lavede denne udsk\u00e6ring til Mathilde \u00d8rsted, datter af den ber\u00f8mte danske fysiker Hans Christian \u00d8rsted.  Det originale papirudsk\u00e6ring tilh\u00f8rer nu Andersen Museet i Odense, Danmark.  [\/read_more]","og_url":"https:\/\/flenstemp.awork20.dk\/da\/product\/pierrot-hca\/","og_site_name":"Flensted Mobiles","article_publisher":"https:\/\/www.facebook.com\/flenstedmobiles","article_modified_time":"2022-10-13T11:47:37+00:00","og_image":[{"width":794,"height":794,"url":"https:\/\/flenstemp.awork20.dk\/wp-content\/uploads\/2021\/12\/FM_687_peirrot-1.png","type":"image\/png"}],"twitter_card":"summary_large_image","schema":{"@context":"https:\/\/schema.org","@graph":[{"@type":"WebPage","@id":"https:\/\/flenstemp.awork20.dk\/da\/product\/pierrot-hca\/","url":"https:\/\/flenstemp.awork20.dk\/da\/product\/pierrot-hca\/","name":"Pjerrot - Flensted Mobiles","isPartOf":{"@id":"https:\/\/flenstemp.awork20.dk\/#website"},"datePublished":"1900-05-20T08:34:29+00:00","dateModified":"2022-10-13T11:47:37+00:00","breadcrumb":{"@id":"https:\/\/flenstemp.awork20.dk\/da\/product\/pierrot-hca\/#breadcrumb"},"inLanguage":"da-DK","potentialAction":[{"@type":"ReadAction","target":["https:\/\/flenstemp.awork20.dk\/da\/product\/pierrot-hca\/"]}]},{"@type":"BreadcrumbList","@id":"https:\/\/flenstemp.awork20.dk\/da\/product\/pierrot-hca\/#breadcrumb","itemListElement":[{"@type":"ListItem","position":1,"name":"Home","item":"https:\/\/flenstemp.awork20.dk\/da\/"},{"@type":"ListItem","position":2,"name":"Products","item":"https:\/\/flenstemp.awork20.dk\/shop\/"},{"@type":"ListItem","position":3,"name":"Pjerrot"}]},{"@type":"WebSite","@id":"https:\/\/flenstemp.awork20.dk\/#website","url":"https:\/\/flenstemp.awork20.dk\/","name":"Flensted Mobiles","description":"Unikke mobiler som skaber ro og balance, i enhvers hjem.","publisher":{"@id":"https:\/\/flenstemp.awork20.dk\/#organization"},"potentialAction":[{"@type":"SearchAction","target":{"@type":"EntryPoint","urlTemplate":"https:\/\/flenstemp.awork20.dk\/?s={search_term_string}"},"query-input":"required name=search_term_string"}],"inLanguage":"da-DK"},{"@type":"Organization","@id":"https:\/\/flenstemp.awork20.dk\/#organization","name":"Flensted Mobiles","url":"https:\/\/flenstemp.awork20.dk\/","logo":{"@type":"ImageObject","inLanguage":"da-DK","@id":"https:\/\/flenstemp.awork20.dk\/#\/schema\/logo\/image\/","url":"https:\/\/flensted-mobiles.com\/wp-content\/uploads\/2022\/03\/FlenstedLogo_med_ramme_100-3.webp","contentUrl":"https:\/\/flensted-mobiles.com\/wp-content\/uploads\/2022\/03\/FlenstedLogo_med_ramme_100-3.webp","width":2118,"height":2118,"caption":"Flensted Mobiles"},"image":{"@id":"https:\/\/flenstemp.awork20.dk\/#\/schema\/logo\/image\/"},"sameAs":["https:\/\/www.facebook.com\/flenstedmobiles"]}]}},"_links":{"self":[{"href":"https:\/\/flenstemp.awork20.dk\/da\/wp-json\/wp\/v2\/product\/1688"}],"collection":[{"href":"https:\/\/flenstemp.awork20.dk\/da\/wp-json\/wp\/v2\/product"}],"about":[{"href":"https:\/\/flenstemp.awork20.dk\/da\/wp-json\/wp\/v2\/types\/product"}],"wp:featuredmedia":[{"embeddable":true,"href":"https:\/\/flenstemp.awork20.dk\/da\/wp-json\/wp\/v2\/media\/4074"}],"wp:attachment":[{"href":"https:\/\/flenstemp.awork20.dk\/da\/wp-json\/wp\/v2\/media?parent=1688"}],"wp:term":[{"taxonomy":"product_cat","embeddable":true,"href":"https:\/\/flenstemp.awork20.dk\/da\/wp-json\/wp\/v2\/product_cat?post=1688"},{"taxonomy":"product_tag","embeddable":true,"href":"https:\/\/flenstemp.awork20.dk\/da\/wp-json\/wp\/v2\/product_tag?post=1688"}],"curies":[{"name":"wp","href":"https:\/\/api.w.org\/{rel}","templated":true}]}}