{"id":1676,"date":"1900-05-20T09:36:37","date_gmt":"1900-05-20T08:36:37","guid":{"rendered":"https:\/\/flenstedmobiles.com\/?post_type=product&#038;p=1676"},"modified":"2022-10-13T13:47:37","modified_gmt":"2022-10-13T11:47:37","slug":"linedanserinder","status":"publish","type":"product","link":"https:\/\/flenstemp.awork20.dk\/da\/product\/linedanserinder\/","title":{"rendered":"Linedanserinder"},"content":{"rendered":"","protected":false},"excerpt":{"rendered":"<h1>Linedanserinder<\/h1>\n<p><em>Designet af HC Andersen<\/em><\/p>\n<p>&nbsp;<\/p>\n<p>Dette papirudsk\u00e6ring stammer fra \u201dAgnetes bog nummer fem\u201d, som HC Andersen skabte omkring jul i 1854 til den fem\u00e5rige Agnete Lind.<\/p>\n<p>Agnete var datter af sin ungdoms k\u00e6rlighed, Louise Lind, f\u00f8dt Collin.<\/p>\n<p>Det er en bog med tomme sider, hvor digteren, der dengang var 49 \u00e5r \u2013 satte sjove papirklip fra forskellige blade sammen med mange af sine egne papirklip.<\/p>\n<p>[read_more id=&#8221;1&#8243; more=&#8221;Se mere&#8221; less=&#8221;Se mindre&#8221;]<\/p>\n<p>P\u00e5 f\u00f8rste side af bogen skrev HC Andersen:<br \/>\n&#8220;Jul 1854: Riv bogen i stykker, det betyder ikke ret meget &#8211; andre sm\u00e5 venner kunne have gjort det v\u00e6rre!&#8221;<\/p>\n<p>Bogen kan ses i HC Andersens Hus.<\/p>\n<p>[\/read_more]<\/p>\n","protected":false},"featured_media":4080,"template":"","meta":[],"product_cat":[960,11875,1005,11900,11914,990],"product_tag":[],"yoast_head":"<!-- This site is optimized with the Yoast SEO plugin v20.8 - https:\/\/yoast.com\/wordpress\/plugins\/seo\/ -->\n<title>Linedanserinder - Flensted Mobiles<\/title>\n<meta name=\"robots\" content=\"index, follow, max-snippet:-1, max-image-preview:large, max-video-preview:-1\" \/>\n<link rel=\"canonical\" href=\"https:\/\/flenstemp.awork20.dk\/da\/product\/linedanserinder\/\" \/>\n<meta property=\"og:locale\" content=\"da_DK\" \/>\n<meta property=\"og:type\" content=\"article\" \/>\n<meta property=\"og:title\" content=\"Linedanserinder - Flensted Mobiles\" \/>\n<meta property=\"og:description\" content=\"Linedanserinder Designet af HC Andersen  &nbsp;  Dette papirudsk\u00e6ring stammer fra \u201dAgnetes bog nummer fem\u201d, som HC Andersen skabte omkring jul i 1854 til den fem\u00e5rige Agnete Lind.  Agnete var datter af sin ungdoms k\u00e6rlighed, Louise Lind, f\u00f8dt Collin.  Det er en bog med tomme sider, hvor digteren, der dengang var 49 \u00e5r \u2013 satte sjove papirklip fra forskellige blade sammen med mange af sine egne papirklip.  [read_more id=&quot;1&quot; more=&quot;Se mere&quot; less=&quot;Se mindre&quot;]  P\u00e5 f\u00f8rste side af bogen skrev HC Andersen: &quot;Jul 1854: Riv bogen i stykker, det betyder ikke ret meget - andre sm\u00e5 venner kunne have gjort det v\u00e6rre!&quot;  Bogen kan ses i HC Andersens Hus.  [\/read_more]\" \/>\n<meta property=\"og:url\" content=\"https:\/\/flenstemp.awork20.dk\/da\/product\/linedanserinder\/\" \/>\n<meta property=\"og:site_name\" content=\"Flensted Mobiles\" \/>\n<meta property=\"article:publisher\" content=\"https:\/\/www.facebook.com\/flenstedmobiles\" \/>\n<meta property=\"article:modified_time\" content=\"2022-10-13T11:47:37+00:00\" \/>\n<meta property=\"og:image\" content=\"https:\/\/flenstemp.awork20.dk\/wp-content\/uploads\/2021\/12\/FM_685_the_tightrope_dancer-1.png\" \/>\n\t<meta property=\"og:image:width\" content=\"794\" \/>\n\t<meta property=\"og:image:height\" content=\"794\" \/>\n\t<meta property=\"og:image:type\" content=\"image\/png\" \/>\n<meta name=\"twitter:card\" content=\"summary_large_image\" \/>\n<script type=\"application\/ld+json\" class=\"yoast-schema-graph\">{\"@context\":\"https:\/\/schema.org\",\"@graph\":[{\"@type\":\"WebPage\",\"@id\":\"https:\/\/flenstemp.awork20.dk\/da\/product\/linedanserinder\/\",\"url\":\"https:\/\/flenstemp.awork20.dk\/da\/product\/linedanserinder\/\",\"name\":\"Linedanserinder - Flensted Mobiles\",\"isPartOf\":{\"@id\":\"https:\/\/flenstemp.awork20.dk\/#website\"},\"datePublished\":\"1900-05-20T08:36:37+00:00\",\"dateModified\":\"2022-10-13T11:47:37+00:00\",\"breadcrumb\":{\"@id\":\"https:\/\/flenstemp.awork20.dk\/da\/product\/linedanserinder\/#breadcrumb\"},\"inLanguage\":\"da-DK\",\"potentialAction\":[{\"@type\":\"ReadAction\",\"target\":[\"https:\/\/flenstemp.awork20.dk\/da\/product\/linedanserinder\/\"]}]},{\"@type\":\"BreadcrumbList\",\"@id\":\"https:\/\/flenstemp.awork20.dk\/da\/product\/linedanserinder\/#breadcrumb\",\"itemListElement\":[{\"@type\":\"ListItem\",\"position\":1,\"name\":\"Home\",\"item\":\"https:\/\/flenstemp.awork20.dk\/da\/\"},{\"@type\":\"ListItem\",\"position\":2,\"name\":\"Products\",\"item\":\"https:\/\/flenstemp.awork20.dk\/shop\/\"},{\"@type\":\"ListItem\",\"position\":3,\"name\":\"Linedanserinder\"}]},{\"@type\":\"WebSite\",\"@id\":\"https:\/\/flenstemp.awork20.dk\/#website\",\"url\":\"https:\/\/flenstemp.awork20.dk\/\",\"name\":\"Flensted Mobiles\",\"description\":\"Unikke mobiler som skaber ro og balance, i enhvers hjem.\",\"publisher\":{\"@id\":\"https:\/\/flenstemp.awork20.dk\/#organization\"},\"potentialAction\":[{\"@type\":\"SearchAction\",\"target\":{\"@type\":\"EntryPoint\",\"urlTemplate\":\"https:\/\/flenstemp.awork20.dk\/?s={search_term_string}\"},\"query-input\":\"required name=search_term_string\"}],\"inLanguage\":\"da-DK\"},{\"@type\":\"Organization\",\"@id\":\"https:\/\/flenstemp.awork20.dk\/#organization\",\"name\":\"Flensted Mobiles\",\"url\":\"https:\/\/flenstemp.awork20.dk\/\",\"logo\":{\"@type\":\"ImageObject\",\"inLanguage\":\"da-DK\",\"@id\":\"https:\/\/flenstemp.awork20.dk\/#\/schema\/logo\/image\/\",\"url\":\"https:\/\/flensted-mobiles.com\/wp-content\/uploads\/2022\/03\/FlenstedLogo_med_ramme_100-3.webp\",\"contentUrl\":\"https:\/\/flensted-mobiles.com\/wp-content\/uploads\/2022\/03\/FlenstedLogo_med_ramme_100-3.webp\",\"width\":2118,\"height\":2118,\"caption\":\"Flensted Mobiles\"},\"image\":{\"@id\":\"https:\/\/flenstemp.awork20.dk\/#\/schema\/logo\/image\/\"},\"sameAs\":[\"https:\/\/www.facebook.com\/flenstedmobiles\"]}]}<\/script>\n<!-- \/ Yoast SEO plugin. -->","yoast_head_json":{"title":"Linedanserinder - Flensted Mobiles","robots":{"index":"index","follow":"follow","max-snippet":"max-snippet:-1","max-image-preview":"max-image-preview:large","max-video-preview":"max-video-preview:-1"},"canonical":"https:\/\/flenstemp.awork20.dk\/da\/product\/linedanserinder\/","og_locale":"da_DK","og_type":"article","og_title":"Linedanserinder - Flensted Mobiles","og_description":"Linedanserinder Designet af HC Andersen  &nbsp;  Dette papirudsk\u00e6ring stammer fra \u201dAgnetes bog nummer fem\u201d, som HC Andersen skabte omkring jul i 1854 til den fem\u00e5rige Agnete Lind.  Agnete var datter af sin ungdoms k\u00e6rlighed, Louise Lind, f\u00f8dt Collin.  Det er en bog med tomme sider, hvor digteren, der dengang var 49 \u00e5r \u2013 satte sjove papirklip fra forskellige blade sammen med mange af sine egne papirklip.  [read_more id=\"1\" more=\"Se mere\" less=\"Se mindre\"]  P\u00e5 f\u00f8rste side af bogen skrev HC Andersen: \"Jul 1854: Riv bogen i stykker, det betyder ikke ret meget - andre sm\u00e5 venner kunne have gjort det v\u00e6rre!\"  Bogen kan ses i HC Andersens Hus.  [\/read_more]","og_url":"https:\/\/flenstemp.awork20.dk\/da\/product\/linedanserinder\/","og_site_name":"Flensted Mobiles","article_publisher":"https:\/\/www.facebook.com\/flenstedmobiles","article_modified_time":"2022-10-13T11:47:37+00:00","og_image":[{"width":794,"height":794,"url":"https:\/\/flenstemp.awork20.dk\/wp-content\/uploads\/2021\/12\/FM_685_the_tightrope_dancer-1.png","type":"image\/png"}],"twitter_card":"summary_large_image","schema":{"@context":"https:\/\/schema.org","@graph":[{"@type":"WebPage","@id":"https:\/\/flenstemp.awork20.dk\/da\/product\/linedanserinder\/","url":"https:\/\/flenstemp.awork20.dk\/da\/product\/linedanserinder\/","name":"Linedanserinder - Flensted Mobiles","isPartOf":{"@id":"https:\/\/flenstemp.awork20.dk\/#website"},"datePublished":"1900-05-20T08:36:37+00:00","dateModified":"2022-10-13T11:47:37+00:00","breadcrumb":{"@id":"https:\/\/flenstemp.awork20.dk\/da\/product\/linedanserinder\/#breadcrumb"},"inLanguage":"da-DK","potentialAction":[{"@type":"ReadAction","target":["https:\/\/flenstemp.awork20.dk\/da\/product\/linedanserinder\/"]}]},{"@type":"BreadcrumbList","@id":"https:\/\/flenstemp.awork20.dk\/da\/product\/linedanserinder\/#breadcrumb","itemListElement":[{"@type":"ListItem","position":1,"name":"Home","item":"https:\/\/flenstemp.awork20.dk\/da\/"},{"@type":"ListItem","position":2,"name":"Products","item":"https:\/\/flenstemp.awork20.dk\/shop\/"},{"@type":"ListItem","position":3,"name":"Linedanserinder"}]},{"@type":"WebSite","@id":"https:\/\/flenstemp.awork20.dk\/#website","url":"https:\/\/flenstemp.awork20.dk\/","name":"Flensted Mobiles","description":"Unikke mobiler som skaber ro og balance, i enhvers hjem.","publisher":{"@id":"https:\/\/flenstemp.awork20.dk\/#organization"},"potentialAction":[{"@type":"SearchAction","target":{"@type":"EntryPoint","urlTemplate":"https:\/\/flenstemp.awork20.dk\/?s={search_term_string}"},"query-input":"required name=search_term_string"}],"inLanguage":"da-DK"},{"@type":"Organization","@id":"https:\/\/flenstemp.awork20.dk\/#organization","name":"Flensted Mobiles","url":"https:\/\/flenstemp.awork20.dk\/","logo":{"@type":"ImageObject","inLanguage":"da-DK","@id":"https:\/\/flenstemp.awork20.dk\/#\/schema\/logo\/image\/","url":"https:\/\/flensted-mobiles.com\/wp-content\/uploads\/2022\/03\/FlenstedLogo_med_ramme_100-3.webp","contentUrl":"https:\/\/flensted-mobiles.com\/wp-content\/uploads\/2022\/03\/FlenstedLogo_med_ramme_100-3.webp","width":2118,"height":2118,"caption":"Flensted Mobiles"},"image":{"@id":"https:\/\/flenstemp.awork20.dk\/#\/schema\/logo\/image\/"},"sameAs":["https:\/\/www.facebook.com\/flenstedmobiles"]}]}},"_links":{"self":[{"href":"https:\/\/flenstemp.awork20.dk\/da\/wp-json\/wp\/v2\/product\/1676"}],"collection":[{"href":"https:\/\/flenstemp.awork20.dk\/da\/wp-json\/wp\/v2\/product"}],"about":[{"href":"https:\/\/flenstemp.awork20.dk\/da\/wp-json\/wp\/v2\/types\/product"}],"wp:featuredmedia":[{"embeddable":true,"href":"https:\/\/flenstemp.awork20.dk\/da\/wp-json\/wp\/v2\/media\/4080"}],"wp:attachment":[{"href":"https:\/\/flenstemp.awork20.dk\/da\/wp-json\/wp\/v2\/media?parent=1676"}],"wp:term":[{"taxonomy":"product_cat","embeddable":true,"href":"https:\/\/flenstemp.awork20.dk\/da\/wp-json\/wp\/v2\/product_cat?post=1676"},{"taxonomy":"product_tag","embeddable":true,"href":"https:\/\/flenstemp.awork20.dk\/da\/wp-json\/wp\/v2\/product_tag?post=1676"}],"curies":[{"name":"wp","href":"https:\/\/api.w.org\/{rel}","templated":true}]}}