{"id":1674,"date":"1900-05-22T08:59:36","date_gmt":"1900-05-22T07:59:36","guid":{"rendered":"https:\/\/flenstedmobiles.com\/?post_type=product&#038;p=1674"},"modified":"2022-10-13T13:47:38","modified_gmt":"2022-10-13T11:47:38","slug":"nisser","status":"publish","type":"product","link":"https:\/\/flenstemp.awork20.dk\/da\/product\/nisser\/","title":{"rendered":"Nisser"},"content":{"rendered":"","protected":false},"excerpt":{"rendered":"<h1>Nisser<\/h1>\n<p><em>Designet af HC Andersen<\/em><\/p>\n<p>&nbsp;<\/p>\n<p>Disse papirklip er motiver fra Andersens st\u00f8rste og mest indviklede papirklip lavet i 1874.<\/p>\n<p>I 1925 skrev Hans Brix, en ber\u00f8mt dansk litteraturkritiker: &#8220;Det er en verden holdt p\u00e5 et torv med solens majest\u00e6t i bunden, og en teatergruppes fuldgyldige vanvid \u00f8verst: menneskeskikkelser jonglerer mens den overnaturlige verden v\u00e6ver sig over. <\/p>\n<p>[read_more id=&#8221;1&#8243; more=&#8221;Se mere&#8221; less=&#8221;Se mindre&#8221;]<\/p>\n<p>Tvillingfigurer er overalt: en overflod af sjove sm\u00e5 figurer i par vokser frem, og beskueren tages med p\u00e5 en rundtur i barnets magiske dr\u00f8mmeverden. Men hvis du ser billedet som helhed, ser du kun det geniale og kunstf\u00e6rdige m\u00f8nster af en kniplingsdug \u2013 alt sammen arrangeret i harmonisk symmetri: som ved et pust af den menneskelige \u00e5nd er dette eventyrland vendt tilbage til sit gemmested. \u201d<\/p>\n<p>[\/read_more]<\/p>\n","protected":false},"featured_media":4081,"template":"","meta":[],"product_cat":[960,11875,1005,11900,11914,990],"product_tag":[],"yoast_head":"<!-- This site is optimized with the Yoast SEO plugin v20.8 - https:\/\/yoast.com\/wordpress\/plugins\/seo\/ -->\n<title>Nisser - Flensted Mobiles<\/title>\n<meta name=\"robots\" content=\"index, follow, max-snippet:-1, max-image-preview:large, max-video-preview:-1\" \/>\n<link rel=\"canonical\" href=\"https:\/\/flenstemp.awork20.dk\/da\/product\/nisser\/\" \/>\n<meta property=\"og:locale\" content=\"da_DK\" \/>\n<meta property=\"og:type\" content=\"article\" \/>\n<meta property=\"og:title\" content=\"Nisser - Flensted Mobiles\" \/>\n<meta property=\"og:description\" content=\"Nisser Designet af HC Andersen  &nbsp;  Disse papirklip er motiver fra Andersens st\u00f8rste og mest indviklede papirklip lavet i 1874.  I 1925 skrev Hans Brix, en ber\u00f8mt dansk litteraturkritiker: &quot;Det er en verden holdt p\u00e5 et torv med solens majest\u00e6t i bunden, og en teatergruppes fuldgyldige vanvid \u00f8verst: menneskeskikkelser jonglerer mens den overnaturlige verden v\u00e6ver sig over.   [read_more id=&quot;1&quot; more=&quot;Se mere&quot; less=&quot;Se mindre&quot;]  Tvillingfigurer er overalt: en overflod af sjove sm\u00e5 figurer i par vokser frem, og beskueren tages med p\u00e5 en rundtur i barnets magiske dr\u00f8mmeverden. Men hvis du ser billedet som helhed, ser du kun det geniale og kunstf\u00e6rdige m\u00f8nster af en kniplingsdug \u2013 alt sammen arrangeret i harmonisk symmetri: som ved et pust af den menneskelige \u00e5nd er dette eventyrland vendt tilbage til sit gemmested. \u201d  [\/read_more]\" \/>\n<meta property=\"og:url\" content=\"https:\/\/flenstemp.awork20.dk\/da\/product\/nisser\/\" \/>\n<meta property=\"og:site_name\" content=\"Flensted Mobiles\" \/>\n<meta property=\"article:publisher\" content=\"https:\/\/www.facebook.com\/flenstedmobiles\" \/>\n<meta property=\"article:modified_time\" content=\"2022-10-13T11:47:38+00:00\" \/>\n<meta property=\"og:image\" content=\"https:\/\/flenstemp.awork20.dk\/wp-content\/uploads\/2021\/12\/FM_682_pixies-1.png\" \/>\n\t<meta property=\"og:image:width\" content=\"794\" \/>\n\t<meta property=\"og:image:height\" content=\"794\" \/>\n\t<meta property=\"og:image:type\" content=\"image\/png\" \/>\n<meta name=\"twitter:card\" content=\"summary_large_image\" \/>\n<script type=\"application\/ld+json\" class=\"yoast-schema-graph\">{\"@context\":\"https:\/\/schema.org\",\"@graph\":[{\"@type\":\"WebPage\",\"@id\":\"https:\/\/flenstemp.awork20.dk\/da\/product\/nisser\/\",\"url\":\"https:\/\/flenstemp.awork20.dk\/da\/product\/nisser\/\",\"name\":\"Nisser - Flensted Mobiles\",\"isPartOf\":{\"@id\":\"https:\/\/flenstemp.awork20.dk\/#website\"},\"datePublished\":\"1900-05-22T07:59:36+00:00\",\"dateModified\":\"2022-10-13T11:47:38+00:00\",\"breadcrumb\":{\"@id\":\"https:\/\/flenstemp.awork20.dk\/da\/product\/nisser\/#breadcrumb\"},\"inLanguage\":\"da-DK\",\"potentialAction\":[{\"@type\":\"ReadAction\",\"target\":[\"https:\/\/flenstemp.awork20.dk\/da\/product\/nisser\/\"]}]},{\"@type\":\"BreadcrumbList\",\"@id\":\"https:\/\/flenstemp.awork20.dk\/da\/product\/nisser\/#breadcrumb\",\"itemListElement\":[{\"@type\":\"ListItem\",\"position\":1,\"name\":\"Home\",\"item\":\"https:\/\/flenstemp.awork20.dk\/da\/\"},{\"@type\":\"ListItem\",\"position\":2,\"name\":\"Products\",\"item\":\"https:\/\/flenstemp.awork20.dk\/shop\/\"},{\"@type\":\"ListItem\",\"position\":3,\"name\":\"Nisser\"}]},{\"@type\":\"WebSite\",\"@id\":\"https:\/\/flenstemp.awork20.dk\/#website\",\"url\":\"https:\/\/flenstemp.awork20.dk\/\",\"name\":\"Flensted Mobiles\",\"description\":\"Unikke mobiler som skaber ro og balance, i enhvers hjem.\",\"publisher\":{\"@id\":\"https:\/\/flenstemp.awork20.dk\/#organization\"},\"potentialAction\":[{\"@type\":\"SearchAction\",\"target\":{\"@type\":\"EntryPoint\",\"urlTemplate\":\"https:\/\/flenstemp.awork20.dk\/?s={search_term_string}\"},\"query-input\":\"required name=search_term_string\"}],\"inLanguage\":\"da-DK\"},{\"@type\":\"Organization\",\"@id\":\"https:\/\/flenstemp.awork20.dk\/#organization\",\"name\":\"Flensted Mobiles\",\"url\":\"https:\/\/flenstemp.awork20.dk\/\",\"logo\":{\"@type\":\"ImageObject\",\"inLanguage\":\"da-DK\",\"@id\":\"https:\/\/flenstemp.awork20.dk\/#\/schema\/logo\/image\/\",\"url\":\"https:\/\/flensted-mobiles.com\/wp-content\/uploads\/2022\/03\/FlenstedLogo_med_ramme_100-3.webp\",\"contentUrl\":\"https:\/\/flensted-mobiles.com\/wp-content\/uploads\/2022\/03\/FlenstedLogo_med_ramme_100-3.webp\",\"width\":2118,\"height\":2118,\"caption\":\"Flensted Mobiles\"},\"image\":{\"@id\":\"https:\/\/flenstemp.awork20.dk\/#\/schema\/logo\/image\/\"},\"sameAs\":[\"https:\/\/www.facebook.com\/flenstedmobiles\"]}]}<\/script>\n<!-- \/ Yoast SEO plugin. -->","yoast_head_json":{"title":"Nisser - Flensted Mobiles","robots":{"index":"index","follow":"follow","max-snippet":"max-snippet:-1","max-image-preview":"max-image-preview:large","max-video-preview":"max-video-preview:-1"},"canonical":"https:\/\/flenstemp.awork20.dk\/da\/product\/nisser\/","og_locale":"da_DK","og_type":"article","og_title":"Nisser - Flensted Mobiles","og_description":"Nisser Designet af HC Andersen  &nbsp;  Disse papirklip er motiver fra Andersens st\u00f8rste og mest indviklede papirklip lavet i 1874.  I 1925 skrev Hans Brix, en ber\u00f8mt dansk litteraturkritiker: \"Det er en verden holdt p\u00e5 et torv med solens majest\u00e6t i bunden, og en teatergruppes fuldgyldige vanvid \u00f8verst: menneskeskikkelser jonglerer mens den overnaturlige verden v\u00e6ver sig over.   [read_more id=\"1\" more=\"Se mere\" less=\"Se mindre\"]  Tvillingfigurer er overalt: en overflod af sjove sm\u00e5 figurer i par vokser frem, og beskueren tages med p\u00e5 en rundtur i barnets magiske dr\u00f8mmeverden. Men hvis du ser billedet som helhed, ser du kun det geniale og kunstf\u00e6rdige m\u00f8nster af en kniplingsdug \u2013 alt sammen arrangeret i harmonisk symmetri: som ved et pust af den menneskelige \u00e5nd er dette eventyrland vendt tilbage til sit gemmested. \u201d  [\/read_more]","og_url":"https:\/\/flenstemp.awork20.dk\/da\/product\/nisser\/","og_site_name":"Flensted Mobiles","article_publisher":"https:\/\/www.facebook.com\/flenstedmobiles","article_modified_time":"2022-10-13T11:47:38+00:00","og_image":[{"width":794,"height":794,"url":"https:\/\/flenstemp.awork20.dk\/wp-content\/uploads\/2021\/12\/FM_682_pixies-1.png","type":"image\/png"}],"twitter_card":"summary_large_image","schema":{"@context":"https:\/\/schema.org","@graph":[{"@type":"WebPage","@id":"https:\/\/flenstemp.awork20.dk\/da\/product\/nisser\/","url":"https:\/\/flenstemp.awork20.dk\/da\/product\/nisser\/","name":"Nisser - Flensted Mobiles","isPartOf":{"@id":"https:\/\/flenstemp.awork20.dk\/#website"},"datePublished":"1900-05-22T07:59:36+00:00","dateModified":"2022-10-13T11:47:38+00:00","breadcrumb":{"@id":"https:\/\/flenstemp.awork20.dk\/da\/product\/nisser\/#breadcrumb"},"inLanguage":"da-DK","potentialAction":[{"@type":"ReadAction","target":["https:\/\/flenstemp.awork20.dk\/da\/product\/nisser\/"]}]},{"@type":"BreadcrumbList","@id":"https:\/\/flenstemp.awork20.dk\/da\/product\/nisser\/#breadcrumb","itemListElement":[{"@type":"ListItem","position":1,"name":"Home","item":"https:\/\/flenstemp.awork20.dk\/da\/"},{"@type":"ListItem","position":2,"name":"Products","item":"https:\/\/flenstemp.awork20.dk\/shop\/"},{"@type":"ListItem","position":3,"name":"Nisser"}]},{"@type":"WebSite","@id":"https:\/\/flenstemp.awork20.dk\/#website","url":"https:\/\/flenstemp.awork20.dk\/","name":"Flensted Mobiles","description":"Unikke mobiler som skaber ro og balance, i enhvers hjem.","publisher":{"@id":"https:\/\/flenstemp.awork20.dk\/#organization"},"potentialAction":[{"@type":"SearchAction","target":{"@type":"EntryPoint","urlTemplate":"https:\/\/flenstemp.awork20.dk\/?s={search_term_string}"},"query-input":"required name=search_term_string"}],"inLanguage":"da-DK"},{"@type":"Organization","@id":"https:\/\/flenstemp.awork20.dk\/#organization","name":"Flensted Mobiles","url":"https:\/\/flenstemp.awork20.dk\/","logo":{"@type":"ImageObject","inLanguage":"da-DK","@id":"https:\/\/flenstemp.awork20.dk\/#\/schema\/logo\/image\/","url":"https:\/\/flensted-mobiles.com\/wp-content\/uploads\/2022\/03\/FlenstedLogo_med_ramme_100-3.webp","contentUrl":"https:\/\/flensted-mobiles.com\/wp-content\/uploads\/2022\/03\/FlenstedLogo_med_ramme_100-3.webp","width":2118,"height":2118,"caption":"Flensted Mobiles"},"image":{"@id":"https:\/\/flenstemp.awork20.dk\/#\/schema\/logo\/image\/"},"sameAs":["https:\/\/www.facebook.com\/flenstedmobiles"]}]}},"_links":{"self":[{"href":"https:\/\/flenstemp.awork20.dk\/da\/wp-json\/wp\/v2\/product\/1674"}],"collection":[{"href":"https:\/\/flenstemp.awork20.dk\/da\/wp-json\/wp\/v2\/product"}],"about":[{"href":"https:\/\/flenstemp.awork20.dk\/da\/wp-json\/wp\/v2\/types\/product"}],"wp:featuredmedia":[{"embeddable":true,"href":"https:\/\/flenstemp.awork20.dk\/da\/wp-json\/wp\/v2\/media\/4081"}],"wp:attachment":[{"href":"https:\/\/flenstemp.awork20.dk\/da\/wp-json\/wp\/v2\/media?parent=1674"}],"wp:term":[{"taxonomy":"product_cat","embeddable":true,"href":"https:\/\/flenstemp.awork20.dk\/da\/wp-json\/wp\/v2\/product_cat?post=1674"},{"taxonomy":"product_tag","embeddable":true,"href":"https:\/\/flenstemp.awork20.dk\/da\/wp-json\/wp\/v2\/product_tag?post=1674"}],"curies":[{"name":"wp","href":"https:\/\/api.w.org\/{rel}","templated":true}]}}