{"id":1672,"date":"1900-05-20T09:27:56","date_gmt":"1900-05-20T08:27:56","guid":{"rendered":"https:\/\/flenstedmobiles.com\/?post_type=product&#038;p=1672"},"modified":"2022-10-13T13:47:36","modified_gmt":"2022-10-13T11:47:36","slug":"janus","status":"publish","type":"product","link":"https:\/\/flenstemp.awork20.dk\/da\/product\/janus\/","title":{"rendered":"Janus"},"content":{"rendered":"","protected":false},"excerpt":{"rendered":"<h1>Janus<\/h1>\n<p><em>Designet af HC Andersen<\/em><\/p>\n<p>&nbsp;<\/p>\n<p>Denne udsk\u00e6ring er lavet til baronesse Rigmor Stampe (1850-1923) Som lille pige fik hun den af sin gudfar HC Andersen. Udsk\u00e6ringen viste en mand med 3 hoveder: et kiggede til venstre side, et andet til h\u00f8jre og det sidste lige ud.<\/p>\n<p>Om HC Andersens papirudsk\u00e6ring skriver Rigmor Stampe i sin bog, der hedder: &#8220;HC Andersen og hans n\u00e6rmeste venner&#8221; &#8220;Mens HC Andersen talte med b\u00f8rnene &#8211; foldede han et stykke papir og lod saksen l\u00f8be ind og ud. i b\u00f8lger mellem fingrene \u2013 de lignede ikke andre udsk\u00e6ringer \u2013 men de lignede ofte hinanden. Her havde han som i sin poesi en vis gentaget r\u00e6kke af motiver \u2013 som altid gik igen: slotte, svaner, nisser, engle, amoriner og andre fantasifigurer.<\/p>\n","protected":false},"featured_media":4082,"template":"","meta":[],"product_cat":[960,11875,11900,1005,11914,990],"product_tag":[],"yoast_head":"<!-- This site is optimized with the Yoast SEO plugin v20.8 - https:\/\/yoast.com\/wordpress\/plugins\/seo\/ -->\n<title>Janus - Flensted Mobiles<\/title>\n<meta name=\"robots\" content=\"index, follow, max-snippet:-1, max-image-preview:large, max-video-preview:-1\" \/>\n<link rel=\"canonical\" href=\"https:\/\/flenstemp.awork20.dk\/da\/product\/janus\/\" \/>\n<meta property=\"og:locale\" content=\"da_DK\" \/>\n<meta property=\"og:type\" content=\"article\" \/>\n<meta property=\"og:title\" content=\"Janus - Flensted Mobiles\" \/>\n<meta property=\"og:description\" content=\"Janus Designet af HC Andersen  &nbsp;  Denne udsk\u00e6ring er lavet til baronesse Rigmor Stampe (1850-1923) Som lille pige fik hun den af sin gudfar HC Andersen. Udsk\u00e6ringen viste en mand med 3 hoveder: et kiggede til venstre side, et andet til h\u00f8jre og det sidste lige ud.  Om HC Andersens papirudsk\u00e6ring skriver Rigmor Stampe i sin bog, der hedder: &quot;HC Andersen og hans n\u00e6rmeste venner&quot; &quot;Mens HC Andersen talte med b\u00f8rnene - foldede han et stykke papir og lod saksen l\u00f8be ind og ud. i b\u00f8lger mellem fingrene \u2013 de lignede ikke andre udsk\u00e6ringer \u2013 men de lignede ofte hinanden. Her havde han som i sin poesi en vis gentaget r\u00e6kke af motiver \u2013 som altid gik igen: slotte, svaner, nisser, engle, amoriner og andre fantasifigurer.\" \/>\n<meta property=\"og:url\" content=\"https:\/\/flenstemp.awork20.dk\/da\/product\/janus\/\" \/>\n<meta property=\"og:site_name\" content=\"Flensted Mobiles\" \/>\n<meta property=\"article:publisher\" content=\"https:\/\/www.facebook.com\/flenstedmobiles\" \/>\n<meta property=\"article:modified_time\" content=\"2022-10-13T11:47:36+00:00\" \/>\n<meta property=\"og:image\" content=\"https:\/\/flenstemp.awork20.dk\/wp-content\/uploads\/2021\/12\/FM_693_janus-1.png\" \/>\n\t<meta property=\"og:image:width\" content=\"794\" \/>\n\t<meta property=\"og:image:height\" content=\"794\" \/>\n\t<meta property=\"og:image:type\" content=\"image\/png\" \/>\n<meta name=\"twitter:card\" content=\"summary_large_image\" \/>\n<script type=\"application\/ld+json\" class=\"yoast-schema-graph\">{\"@context\":\"https:\/\/schema.org\",\"@graph\":[{\"@type\":\"WebPage\",\"@id\":\"https:\/\/flenstemp.awork20.dk\/da\/product\/janus\/\",\"url\":\"https:\/\/flenstemp.awork20.dk\/da\/product\/janus\/\",\"name\":\"Janus - Flensted Mobiles\",\"isPartOf\":{\"@id\":\"https:\/\/flenstemp.awork20.dk\/#website\"},\"datePublished\":\"1900-05-20T08:27:56+00:00\",\"dateModified\":\"2022-10-13T11:47:36+00:00\",\"breadcrumb\":{\"@id\":\"https:\/\/flenstemp.awork20.dk\/da\/product\/janus\/#breadcrumb\"},\"inLanguage\":\"da-DK\",\"potentialAction\":[{\"@type\":\"ReadAction\",\"target\":[\"https:\/\/flenstemp.awork20.dk\/da\/product\/janus\/\"]}]},{\"@type\":\"BreadcrumbList\",\"@id\":\"https:\/\/flenstemp.awork20.dk\/da\/product\/janus\/#breadcrumb\",\"itemListElement\":[{\"@type\":\"ListItem\",\"position\":1,\"name\":\"Home\",\"item\":\"https:\/\/flenstemp.awork20.dk\/da\/\"},{\"@type\":\"ListItem\",\"position\":2,\"name\":\"Products\",\"item\":\"https:\/\/flenstemp.awork20.dk\/shop\/\"},{\"@type\":\"ListItem\",\"position\":3,\"name\":\"Janus\"}]},{\"@type\":\"WebSite\",\"@id\":\"https:\/\/flenstemp.awork20.dk\/#website\",\"url\":\"https:\/\/flenstemp.awork20.dk\/\",\"name\":\"Flensted Mobiles\",\"description\":\"Unikke mobiler som skaber ro og balance, i enhvers hjem.\",\"publisher\":{\"@id\":\"https:\/\/flenstemp.awork20.dk\/#organization\"},\"potentialAction\":[{\"@type\":\"SearchAction\",\"target\":{\"@type\":\"EntryPoint\",\"urlTemplate\":\"https:\/\/flenstemp.awork20.dk\/?s={search_term_string}\"},\"query-input\":\"required name=search_term_string\"}],\"inLanguage\":\"da-DK\"},{\"@type\":\"Organization\",\"@id\":\"https:\/\/flenstemp.awork20.dk\/#organization\",\"name\":\"Flensted Mobiles\",\"url\":\"https:\/\/flenstemp.awork20.dk\/\",\"logo\":{\"@type\":\"ImageObject\",\"inLanguage\":\"da-DK\",\"@id\":\"https:\/\/flenstemp.awork20.dk\/#\/schema\/logo\/image\/\",\"url\":\"https:\/\/flensted-mobiles.com\/wp-content\/uploads\/2022\/03\/FlenstedLogo_med_ramme_100-3.webp\",\"contentUrl\":\"https:\/\/flensted-mobiles.com\/wp-content\/uploads\/2022\/03\/FlenstedLogo_med_ramme_100-3.webp\",\"width\":2118,\"height\":2118,\"caption\":\"Flensted Mobiles\"},\"image\":{\"@id\":\"https:\/\/flenstemp.awork20.dk\/#\/schema\/logo\/image\/\"},\"sameAs\":[\"https:\/\/www.facebook.com\/flenstedmobiles\"]}]}<\/script>\n<!-- \/ Yoast SEO plugin. -->","yoast_head_json":{"title":"Janus - Flensted Mobiles","robots":{"index":"index","follow":"follow","max-snippet":"max-snippet:-1","max-image-preview":"max-image-preview:large","max-video-preview":"max-video-preview:-1"},"canonical":"https:\/\/flenstemp.awork20.dk\/da\/product\/janus\/","og_locale":"da_DK","og_type":"article","og_title":"Janus - Flensted Mobiles","og_description":"Janus Designet af HC Andersen  &nbsp;  Denne udsk\u00e6ring er lavet til baronesse Rigmor Stampe (1850-1923) Som lille pige fik hun den af sin gudfar HC Andersen. Udsk\u00e6ringen viste en mand med 3 hoveder: et kiggede til venstre side, et andet til h\u00f8jre og det sidste lige ud.  Om HC Andersens papirudsk\u00e6ring skriver Rigmor Stampe i sin bog, der hedder: \"HC Andersen og hans n\u00e6rmeste venner\" \"Mens HC Andersen talte med b\u00f8rnene - foldede han et stykke papir og lod saksen l\u00f8be ind og ud. i b\u00f8lger mellem fingrene \u2013 de lignede ikke andre udsk\u00e6ringer \u2013 men de lignede ofte hinanden. Her havde han som i sin poesi en vis gentaget r\u00e6kke af motiver \u2013 som altid gik igen: slotte, svaner, nisser, engle, amoriner og andre fantasifigurer.","og_url":"https:\/\/flenstemp.awork20.dk\/da\/product\/janus\/","og_site_name":"Flensted Mobiles","article_publisher":"https:\/\/www.facebook.com\/flenstedmobiles","article_modified_time":"2022-10-13T11:47:36+00:00","og_image":[{"width":794,"height":794,"url":"https:\/\/flenstemp.awork20.dk\/wp-content\/uploads\/2021\/12\/FM_693_janus-1.png","type":"image\/png"}],"twitter_card":"summary_large_image","schema":{"@context":"https:\/\/schema.org","@graph":[{"@type":"WebPage","@id":"https:\/\/flenstemp.awork20.dk\/da\/product\/janus\/","url":"https:\/\/flenstemp.awork20.dk\/da\/product\/janus\/","name":"Janus - Flensted Mobiles","isPartOf":{"@id":"https:\/\/flenstemp.awork20.dk\/#website"},"datePublished":"1900-05-20T08:27:56+00:00","dateModified":"2022-10-13T11:47:36+00:00","breadcrumb":{"@id":"https:\/\/flenstemp.awork20.dk\/da\/product\/janus\/#breadcrumb"},"inLanguage":"da-DK","potentialAction":[{"@type":"ReadAction","target":["https:\/\/flenstemp.awork20.dk\/da\/product\/janus\/"]}]},{"@type":"BreadcrumbList","@id":"https:\/\/flenstemp.awork20.dk\/da\/product\/janus\/#breadcrumb","itemListElement":[{"@type":"ListItem","position":1,"name":"Home","item":"https:\/\/flenstemp.awork20.dk\/da\/"},{"@type":"ListItem","position":2,"name":"Products","item":"https:\/\/flenstemp.awork20.dk\/shop\/"},{"@type":"ListItem","position":3,"name":"Janus"}]},{"@type":"WebSite","@id":"https:\/\/flenstemp.awork20.dk\/#website","url":"https:\/\/flenstemp.awork20.dk\/","name":"Flensted Mobiles","description":"Unikke mobiler som skaber ro og balance, i enhvers hjem.","publisher":{"@id":"https:\/\/flenstemp.awork20.dk\/#organization"},"potentialAction":[{"@type":"SearchAction","target":{"@type":"EntryPoint","urlTemplate":"https:\/\/flenstemp.awork20.dk\/?s={search_term_string}"},"query-input":"required name=search_term_string"}],"inLanguage":"da-DK"},{"@type":"Organization","@id":"https:\/\/flenstemp.awork20.dk\/#organization","name":"Flensted Mobiles","url":"https:\/\/flenstemp.awork20.dk\/","logo":{"@type":"ImageObject","inLanguage":"da-DK","@id":"https:\/\/flenstemp.awork20.dk\/#\/schema\/logo\/image\/","url":"https:\/\/flensted-mobiles.com\/wp-content\/uploads\/2022\/03\/FlenstedLogo_med_ramme_100-3.webp","contentUrl":"https:\/\/flensted-mobiles.com\/wp-content\/uploads\/2022\/03\/FlenstedLogo_med_ramme_100-3.webp","width":2118,"height":2118,"caption":"Flensted Mobiles"},"image":{"@id":"https:\/\/flenstemp.awork20.dk\/#\/schema\/logo\/image\/"},"sameAs":["https:\/\/www.facebook.com\/flenstedmobiles"]}]}},"_links":{"self":[{"href":"https:\/\/flenstemp.awork20.dk\/da\/wp-json\/wp\/v2\/product\/1672"}],"collection":[{"href":"https:\/\/flenstemp.awork20.dk\/da\/wp-json\/wp\/v2\/product"}],"about":[{"href":"https:\/\/flenstemp.awork20.dk\/da\/wp-json\/wp\/v2\/types\/product"}],"wp:featuredmedia":[{"embeddable":true,"href":"https:\/\/flenstemp.awork20.dk\/da\/wp-json\/wp\/v2\/media\/4082"}],"wp:attachment":[{"href":"https:\/\/flenstemp.awork20.dk\/da\/wp-json\/wp\/v2\/media?parent=1672"}],"wp:term":[{"taxonomy":"product_cat","embeddable":true,"href":"https:\/\/flenstemp.awork20.dk\/da\/wp-json\/wp\/v2\/product_cat?post=1672"},{"taxonomy":"product_tag","embeddable":true,"href":"https:\/\/flenstemp.awork20.dk\/da\/wp-json\/wp\/v2\/product_tag?post=1672"}],"curies":[{"name":"wp","href":"https:\/\/api.w.org\/{rel}","templated":true}]}}