{"id":1655,"date":"1958-05-27T17:05:18","date_gmt":"1958-05-27T16:05:18","guid":{"rendered":"https:\/\/flenstedmobiles.com\/?post_type=product&#038;p=1655"},"modified":"2023-09-01T08:34:28","modified_gmt":"2023-09-01T06:34:28","slug":"den-grimme-aelling","status":"publish","type":"product","link":"https:\/\/flenstemp.awork20.dk\/da\/product\/den-grimme-aelling\/","title":{"rendered":"Den grimme \u00e6lling"},"content":{"rendered":"","protected":false},"excerpt":{"rendered":"<h1>Den Grimme \u00c6lling<\/h1>\n<p>Designet af Christian Flensted<\/p>\n<p>H. C. Andersens verdensber\u00f8mte \u00e6lling bliver bogstaveligt talt vakt til live i denne charmerende mobile.<\/p>\n<p>En ideel gave til b\u00f8rn. Pakket i kuvert, og nem at sende med posten.<\/p>\n<p>H. C. Andersen, f\u00f8dt 2. april 1805, var en dansk digter og forfatter, der er verdensber\u00f8mt for sine eventyr, blandt andet &#8220;Den grimme \u00e6lling&#8221;.<\/p>\n<p>Han var ogs\u00e5 kendt for sine papirklip og er en af de danske &#8220;Guldalder&#8221;-hovedpersoner.<\/p>\n<p>H. C. Andersen voksede op i Odense, hvor man den dag i dag kan se hans hus og mange af hans store kunstv\u00e6rker.<\/p>\n","protected":false},"featured_media":4090,"template":"","meta":[],"product_cat":[960,11875,11899,976,11900,1005],"product_tag":[],"yoast_head":"<!-- This site is optimized with the Yoast SEO plugin v20.8 - https:\/\/yoast.com\/wordpress\/plugins\/seo\/ -->\n<title>Den grimme \u00e6lling - Flensted Mobiles<\/title>\n<meta name=\"robots\" content=\"index, follow, max-snippet:-1, max-image-preview:large, max-video-preview:-1\" \/>\n<link rel=\"canonical\" href=\"https:\/\/flenstemp.awork20.dk\/da\/product\/den-grimme-aelling\/\" \/>\n<meta property=\"og:locale\" content=\"da_DK\" \/>\n<meta property=\"og:type\" content=\"article\" \/>\n<meta property=\"og:title\" content=\"Den grimme \u00e6lling - Flensted Mobiles\" \/>\n<meta property=\"og:description\" content=\"Den Grimme \u00c6lling Designet af Christian Flensted  H. C. Andersens verdensber\u00f8mte \u00e6lling bliver bogstaveligt talt vakt til live i denne charmerende mobile.  En ideel gave til b\u00f8rn. Pakket i kuvert, og nem at sende med posten.  H. C. Andersen, f\u00f8dt 2. april 1805, var en dansk digter og forfatter, der er verdensber\u00f8mt for sine eventyr, blandt andet &quot;Den grimme \u00e6lling&quot;.  Han var ogs\u00e5 kendt for sine papirklip og er en af de danske &quot;Guldalder&quot;-hovedpersoner.  H. C. Andersen voksede op i Odense, hvor man den dag i dag kan se hans hus og mange af hans store kunstv\u00e6rker.\" \/>\n<meta property=\"og:url\" content=\"https:\/\/flenstemp.awork20.dk\/da\/product\/den-grimme-aelling\/\" \/>\n<meta property=\"og:site_name\" content=\"Flensted Mobiles\" \/>\n<meta property=\"article:publisher\" content=\"https:\/\/www.facebook.com\/flenstedmobiles\" \/>\n<meta property=\"article:modified_time\" content=\"2023-09-01T06:34:28+00:00\" \/>\n<meta property=\"og:image\" content=\"https:\/\/flenstemp.awork20.dk\/wp-content\/uploads\/2021\/12\/FM_012_the_ugly_duckling-1.png\" \/>\n\t<meta property=\"og:image:width\" content=\"794\" \/>\n\t<meta property=\"og:image:height\" content=\"794\" \/>\n\t<meta property=\"og:image:type\" content=\"image\/png\" \/>\n<meta name=\"twitter:card\" content=\"summary_large_image\" \/>\n<script type=\"application\/ld+json\" class=\"yoast-schema-graph\">{\"@context\":\"https:\/\/schema.org\",\"@graph\":[{\"@type\":\"WebPage\",\"@id\":\"https:\/\/flenstemp.awork20.dk\/da\/product\/den-grimme-aelling\/\",\"url\":\"https:\/\/flenstemp.awork20.dk\/da\/product\/den-grimme-aelling\/\",\"name\":\"Den grimme \u00e6lling - Flensted Mobiles\",\"isPartOf\":{\"@id\":\"https:\/\/flenstemp.awork20.dk\/#website\"},\"datePublished\":\"1958-05-27T16:05:18+00:00\",\"dateModified\":\"2023-09-01T06:34:28+00:00\",\"breadcrumb\":{\"@id\":\"https:\/\/flenstemp.awork20.dk\/da\/product\/den-grimme-aelling\/#breadcrumb\"},\"inLanguage\":\"da-DK\",\"potentialAction\":[{\"@type\":\"ReadAction\",\"target\":[\"https:\/\/flenstemp.awork20.dk\/da\/product\/den-grimme-aelling\/\"]}]},{\"@type\":\"BreadcrumbList\",\"@id\":\"https:\/\/flenstemp.awork20.dk\/da\/product\/den-grimme-aelling\/#breadcrumb\",\"itemListElement\":[{\"@type\":\"ListItem\",\"position\":1,\"name\":\"Home\",\"item\":\"https:\/\/flenstemp.awork20.dk\/da\/\"},{\"@type\":\"ListItem\",\"position\":2,\"name\":\"Products\",\"item\":\"https:\/\/flenstemp.awork20.dk\/shop\/\"},{\"@type\":\"ListItem\",\"position\":3,\"name\":\"Den grimme \u00e6lling\"}]},{\"@type\":\"WebSite\",\"@id\":\"https:\/\/flenstemp.awork20.dk\/#website\",\"url\":\"https:\/\/flenstemp.awork20.dk\/\",\"name\":\"Flensted Mobiles\",\"description\":\"Unikke mobiler som skaber ro og balance, i enhvers hjem.\",\"publisher\":{\"@id\":\"https:\/\/flenstemp.awork20.dk\/#organization\"},\"potentialAction\":[{\"@type\":\"SearchAction\",\"target\":{\"@type\":\"EntryPoint\",\"urlTemplate\":\"https:\/\/flenstemp.awork20.dk\/?s={search_term_string}\"},\"query-input\":\"required name=search_term_string\"}],\"inLanguage\":\"da-DK\"},{\"@type\":\"Organization\",\"@id\":\"https:\/\/flenstemp.awork20.dk\/#organization\",\"name\":\"Flensted Mobiles\",\"url\":\"https:\/\/flenstemp.awork20.dk\/\",\"logo\":{\"@type\":\"ImageObject\",\"inLanguage\":\"da-DK\",\"@id\":\"https:\/\/flenstemp.awork20.dk\/#\/schema\/logo\/image\/\",\"url\":\"https:\/\/flensted-mobiles.com\/wp-content\/uploads\/2022\/03\/FlenstedLogo_med_ramme_100-3.webp\",\"contentUrl\":\"https:\/\/flensted-mobiles.com\/wp-content\/uploads\/2022\/03\/FlenstedLogo_med_ramme_100-3.webp\",\"width\":2118,\"height\":2118,\"caption\":\"Flensted Mobiles\"},\"image\":{\"@id\":\"https:\/\/flenstemp.awork20.dk\/#\/schema\/logo\/image\/\"},\"sameAs\":[\"https:\/\/www.facebook.com\/flenstedmobiles\"]}]}<\/script>\n<!-- \/ Yoast SEO plugin. -->","yoast_head_json":{"title":"Den grimme \u00e6lling - Flensted Mobiles","robots":{"index":"index","follow":"follow","max-snippet":"max-snippet:-1","max-image-preview":"max-image-preview:large","max-video-preview":"max-video-preview:-1"},"canonical":"https:\/\/flenstemp.awork20.dk\/da\/product\/den-grimme-aelling\/","og_locale":"da_DK","og_type":"article","og_title":"Den grimme \u00e6lling - Flensted Mobiles","og_description":"Den Grimme \u00c6lling Designet af Christian Flensted  H. C. Andersens verdensber\u00f8mte \u00e6lling bliver bogstaveligt talt vakt til live i denne charmerende mobile.  En ideel gave til b\u00f8rn. Pakket i kuvert, og nem at sende med posten.  H. C. Andersen, f\u00f8dt 2. april 1805, var en dansk digter og forfatter, der er verdensber\u00f8mt for sine eventyr, blandt andet \"Den grimme \u00e6lling\".  Han var ogs\u00e5 kendt for sine papirklip og er en af de danske \"Guldalder\"-hovedpersoner.  H. C. Andersen voksede op i Odense, hvor man den dag i dag kan se hans hus og mange af hans store kunstv\u00e6rker.","og_url":"https:\/\/flenstemp.awork20.dk\/da\/product\/den-grimme-aelling\/","og_site_name":"Flensted Mobiles","article_publisher":"https:\/\/www.facebook.com\/flenstedmobiles","article_modified_time":"2023-09-01T06:34:28+00:00","og_image":[{"width":794,"height":794,"url":"https:\/\/flenstemp.awork20.dk\/wp-content\/uploads\/2021\/12\/FM_012_the_ugly_duckling-1.png","type":"image\/png"}],"twitter_card":"summary_large_image","schema":{"@context":"https:\/\/schema.org","@graph":[{"@type":"WebPage","@id":"https:\/\/flenstemp.awork20.dk\/da\/product\/den-grimme-aelling\/","url":"https:\/\/flenstemp.awork20.dk\/da\/product\/den-grimme-aelling\/","name":"Den grimme \u00e6lling - Flensted Mobiles","isPartOf":{"@id":"https:\/\/flenstemp.awork20.dk\/#website"},"datePublished":"1958-05-27T16:05:18+00:00","dateModified":"2023-09-01T06:34:28+00:00","breadcrumb":{"@id":"https:\/\/flenstemp.awork20.dk\/da\/product\/den-grimme-aelling\/#breadcrumb"},"inLanguage":"da-DK","potentialAction":[{"@type":"ReadAction","target":["https:\/\/flenstemp.awork20.dk\/da\/product\/den-grimme-aelling\/"]}]},{"@type":"BreadcrumbList","@id":"https:\/\/flenstemp.awork20.dk\/da\/product\/den-grimme-aelling\/#breadcrumb","itemListElement":[{"@type":"ListItem","position":1,"name":"Home","item":"https:\/\/flenstemp.awork20.dk\/da\/"},{"@type":"ListItem","position":2,"name":"Products","item":"https:\/\/flenstemp.awork20.dk\/shop\/"},{"@type":"ListItem","position":3,"name":"Den grimme \u00e6lling"}]},{"@type":"WebSite","@id":"https:\/\/flenstemp.awork20.dk\/#website","url":"https:\/\/flenstemp.awork20.dk\/","name":"Flensted Mobiles","description":"Unikke mobiler som skaber ro og balance, i enhvers hjem.","publisher":{"@id":"https:\/\/flenstemp.awork20.dk\/#organization"},"potentialAction":[{"@type":"SearchAction","target":{"@type":"EntryPoint","urlTemplate":"https:\/\/flenstemp.awork20.dk\/?s={search_term_string}"},"query-input":"required name=search_term_string"}],"inLanguage":"da-DK"},{"@type":"Organization","@id":"https:\/\/flenstemp.awork20.dk\/#organization","name":"Flensted Mobiles","url":"https:\/\/flenstemp.awork20.dk\/","logo":{"@type":"ImageObject","inLanguage":"da-DK","@id":"https:\/\/flenstemp.awork20.dk\/#\/schema\/logo\/image\/","url":"https:\/\/flensted-mobiles.com\/wp-content\/uploads\/2022\/03\/FlenstedLogo_med_ramme_100-3.webp","contentUrl":"https:\/\/flensted-mobiles.com\/wp-content\/uploads\/2022\/03\/FlenstedLogo_med_ramme_100-3.webp","width":2118,"height":2118,"caption":"Flensted Mobiles"},"image":{"@id":"https:\/\/flenstemp.awork20.dk\/#\/schema\/logo\/image\/"},"sameAs":["https:\/\/www.facebook.com\/flenstedmobiles"]}]}},"_links":{"self":[{"href":"https:\/\/flenstemp.awork20.dk\/da\/wp-json\/wp\/v2\/product\/1655"}],"collection":[{"href":"https:\/\/flenstemp.awork20.dk\/da\/wp-json\/wp\/v2\/product"}],"about":[{"href":"https:\/\/flenstemp.awork20.dk\/da\/wp-json\/wp\/v2\/types\/product"}],"wp:featuredmedia":[{"embeddable":true,"href":"https:\/\/flenstemp.awork20.dk\/da\/wp-json\/wp\/v2\/media\/4090"}],"wp:attachment":[{"href":"https:\/\/flenstemp.awork20.dk\/da\/wp-json\/wp\/v2\/media?parent=1655"}],"wp:term":[{"taxonomy":"product_cat","embeddable":true,"href":"https:\/\/flenstemp.awork20.dk\/da\/wp-json\/wp\/v2\/product_cat?post=1655"},{"taxonomy":"product_tag","embeddable":true,"href":"https:\/\/flenstemp.awork20.dk\/da\/wp-json\/wp\/v2\/product_tag?post=1655"}],"curies":[{"name":"wp","href":"https:\/\/api.w.org\/{rel}","templated":true}]}}