{"id":1653,"date":"1970-05-27T13:55:28","date_gmt":"1970-05-27T12:55:28","guid":{"rendered":"https:\/\/flenstedmobiles.com\/?post_type=product&#038;p=1653"},"modified":"2023-09-01T08:32:19","modified_gmt":"2023-09-01T06:32:19","slug":"de-kloge-ugler","status":"publish","type":"product","link":"https:\/\/flenstemp.awork20.dk\/da\/product\/de-kloge-ugler\/","title":{"rendered":"De Kloge Ugler"},"content":{"rendered":"","protected":false},"excerpt":{"rendered":"<h1>De Kloge Ugler<\/h1>\n<p>Designet af Christian Flensted<\/p>\n<p>Uglen har altid v\u00e6ret forbundet med visdom.<\/p>\n<p>Uden tvivl p\u00e5 grund af de store runde \u00f8jne, der f\u00e5r dem til at se smarte og bet\u00e6nksomme ud.<\/p>\n<p>Hos Flensted Mobiler har vi tilf\u00f8jet et twist af humor til uglernes karakteristiske look, med friske farver og b\u00f8ger p\u00e5 maven.<\/p>\n<p>Resultatet er &#8220;De Kloge Ugler&#8221;<\/p>\n<p>Det er en klassisk og sjov mobile i vores produktlinje. En fremragende gaveid\u00e9 til den nyuddannede. Eller m\u00e5ske for den ivrige l\u00e6ser i familien til at pynte over reolen.<\/p>\n<p>Man kan n\u00e6sten h\u00f8re uglens tuden.<\/p>\n","protected":false},"featured_media":4091,"template":"","meta":[],"product_cat":[960,11875,976,11899],"product_tag":[],"yoast_head":"<!-- This site is optimized with the Yoast SEO plugin v20.8 - https:\/\/yoast.com\/wordpress\/plugins\/seo\/ -->\n<title>De Kloge Ugler - Flensted Mobiles<\/title>\n<meta name=\"robots\" content=\"index, follow, max-snippet:-1, max-image-preview:large, max-video-preview:-1\" \/>\n<link rel=\"canonical\" href=\"https:\/\/flenstemp.awork20.dk\/da\/product\/de-kloge-ugler\/\" \/>\n<meta property=\"og:locale\" content=\"da_DK\" \/>\n<meta property=\"og:type\" content=\"article\" \/>\n<meta property=\"og:title\" content=\"De Kloge Ugler - Flensted Mobiles\" \/>\n<meta property=\"og:description\" content=\"De Kloge Ugler Designet af Christian Flensted  Uglen har altid v\u00e6ret forbundet med visdom.  Uden tvivl p\u00e5 grund af de store runde \u00f8jne, der f\u00e5r dem til at se smarte og bet\u00e6nksomme ud.  Hos Flensted Mobiler har vi tilf\u00f8jet et twist af humor til uglernes karakteristiske look, med friske farver og b\u00f8ger p\u00e5 maven.  Resultatet er &quot;De Kloge Ugler&quot;  Det er en klassisk og sjov mobile i vores produktlinje. En fremragende gaveid\u00e9 til den nyuddannede. Eller m\u00e5ske for den ivrige l\u00e6ser i familien til at pynte over reolen.  Man kan n\u00e6sten h\u00f8re uglens tuden.\" \/>\n<meta property=\"og:url\" content=\"https:\/\/flenstemp.awork20.dk\/da\/product\/de-kloge-ugler\/\" \/>\n<meta property=\"og:site_name\" content=\"Flensted Mobiles\" \/>\n<meta property=\"article:publisher\" content=\"https:\/\/www.facebook.com\/flenstedmobiles\" \/>\n<meta property=\"article:modified_time\" content=\"2023-09-01T06:32:19+00:00\" \/>\n<meta property=\"og:image\" content=\"https:\/\/flenstemp.awork20.dk\/wp-content\/uploads\/2021\/12\/FM_051_the_wisest_owls-1.png\" \/>\n\t<meta property=\"og:image:width\" content=\"794\" \/>\n\t<meta property=\"og:image:height\" content=\"794\" \/>\n\t<meta property=\"og:image:type\" content=\"image\/png\" \/>\n<meta name=\"twitter:card\" content=\"summary_large_image\" \/>\n<script type=\"application\/ld+json\" class=\"yoast-schema-graph\">{\"@context\":\"https:\/\/schema.org\",\"@graph\":[{\"@type\":\"WebPage\",\"@id\":\"https:\/\/flenstemp.awork20.dk\/da\/product\/de-kloge-ugler\/\",\"url\":\"https:\/\/flenstemp.awork20.dk\/da\/product\/de-kloge-ugler\/\",\"name\":\"De Kloge Ugler - Flensted Mobiles\",\"isPartOf\":{\"@id\":\"https:\/\/flenstemp.awork20.dk\/#website\"},\"datePublished\":\"1970-05-27T12:55:28+00:00\",\"dateModified\":\"2023-09-01T06:32:19+00:00\",\"breadcrumb\":{\"@id\":\"https:\/\/flenstemp.awork20.dk\/da\/product\/de-kloge-ugler\/#breadcrumb\"},\"inLanguage\":\"da-DK\",\"potentialAction\":[{\"@type\":\"ReadAction\",\"target\":[\"https:\/\/flenstemp.awork20.dk\/da\/product\/de-kloge-ugler\/\"]}]},{\"@type\":\"BreadcrumbList\",\"@id\":\"https:\/\/flenstemp.awork20.dk\/da\/product\/de-kloge-ugler\/#breadcrumb\",\"itemListElement\":[{\"@type\":\"ListItem\",\"position\":1,\"name\":\"Home\",\"item\":\"https:\/\/flenstemp.awork20.dk\/da\/\"},{\"@type\":\"ListItem\",\"position\":2,\"name\":\"Products\",\"item\":\"https:\/\/flenstemp.awork20.dk\/shop\/\"},{\"@type\":\"ListItem\",\"position\":3,\"name\":\"De Kloge Ugler\"}]},{\"@type\":\"WebSite\",\"@id\":\"https:\/\/flenstemp.awork20.dk\/#website\",\"url\":\"https:\/\/flenstemp.awork20.dk\/\",\"name\":\"Flensted Mobiles\",\"description\":\"Unikke mobiler som skaber ro og balance, i enhvers hjem.\",\"publisher\":{\"@id\":\"https:\/\/flenstemp.awork20.dk\/#organization\"},\"potentialAction\":[{\"@type\":\"SearchAction\",\"target\":{\"@type\":\"EntryPoint\",\"urlTemplate\":\"https:\/\/flenstemp.awork20.dk\/?s={search_term_string}\"},\"query-input\":\"required name=search_term_string\"}],\"inLanguage\":\"da-DK\"},{\"@type\":\"Organization\",\"@id\":\"https:\/\/flenstemp.awork20.dk\/#organization\",\"name\":\"Flensted Mobiles\",\"url\":\"https:\/\/flenstemp.awork20.dk\/\",\"logo\":{\"@type\":\"ImageObject\",\"inLanguage\":\"da-DK\",\"@id\":\"https:\/\/flenstemp.awork20.dk\/#\/schema\/logo\/image\/\",\"url\":\"https:\/\/flensted-mobiles.com\/wp-content\/uploads\/2022\/03\/FlenstedLogo_med_ramme_100-3.webp\",\"contentUrl\":\"https:\/\/flensted-mobiles.com\/wp-content\/uploads\/2022\/03\/FlenstedLogo_med_ramme_100-3.webp\",\"width\":2118,\"height\":2118,\"caption\":\"Flensted Mobiles\"},\"image\":{\"@id\":\"https:\/\/flenstemp.awork20.dk\/#\/schema\/logo\/image\/\"},\"sameAs\":[\"https:\/\/www.facebook.com\/flenstedmobiles\"]}]}<\/script>\n<!-- \/ Yoast SEO plugin. -->","yoast_head_json":{"title":"De Kloge Ugler - Flensted Mobiles","robots":{"index":"index","follow":"follow","max-snippet":"max-snippet:-1","max-image-preview":"max-image-preview:large","max-video-preview":"max-video-preview:-1"},"canonical":"https:\/\/flenstemp.awork20.dk\/da\/product\/de-kloge-ugler\/","og_locale":"da_DK","og_type":"article","og_title":"De Kloge Ugler - Flensted Mobiles","og_description":"De Kloge Ugler Designet af Christian Flensted  Uglen har altid v\u00e6ret forbundet med visdom.  Uden tvivl p\u00e5 grund af de store runde \u00f8jne, der f\u00e5r dem til at se smarte og bet\u00e6nksomme ud.  Hos Flensted Mobiler har vi tilf\u00f8jet et twist af humor til uglernes karakteristiske look, med friske farver og b\u00f8ger p\u00e5 maven.  Resultatet er \"De Kloge Ugler\"  Det er en klassisk og sjov mobile i vores produktlinje. En fremragende gaveid\u00e9 til den nyuddannede. Eller m\u00e5ske for den ivrige l\u00e6ser i familien til at pynte over reolen.  Man kan n\u00e6sten h\u00f8re uglens tuden.","og_url":"https:\/\/flenstemp.awork20.dk\/da\/product\/de-kloge-ugler\/","og_site_name":"Flensted Mobiles","article_publisher":"https:\/\/www.facebook.com\/flenstedmobiles","article_modified_time":"2023-09-01T06:32:19+00:00","og_image":[{"width":794,"height":794,"url":"https:\/\/flenstemp.awork20.dk\/wp-content\/uploads\/2021\/12\/FM_051_the_wisest_owls-1.png","type":"image\/png"}],"twitter_card":"summary_large_image","schema":{"@context":"https:\/\/schema.org","@graph":[{"@type":"WebPage","@id":"https:\/\/flenstemp.awork20.dk\/da\/product\/de-kloge-ugler\/","url":"https:\/\/flenstemp.awork20.dk\/da\/product\/de-kloge-ugler\/","name":"De Kloge Ugler - Flensted Mobiles","isPartOf":{"@id":"https:\/\/flenstemp.awork20.dk\/#website"},"datePublished":"1970-05-27T12:55:28+00:00","dateModified":"2023-09-01T06:32:19+00:00","breadcrumb":{"@id":"https:\/\/flenstemp.awork20.dk\/da\/product\/de-kloge-ugler\/#breadcrumb"},"inLanguage":"da-DK","potentialAction":[{"@type":"ReadAction","target":["https:\/\/flenstemp.awork20.dk\/da\/product\/de-kloge-ugler\/"]}]},{"@type":"BreadcrumbList","@id":"https:\/\/flenstemp.awork20.dk\/da\/product\/de-kloge-ugler\/#breadcrumb","itemListElement":[{"@type":"ListItem","position":1,"name":"Home","item":"https:\/\/flenstemp.awork20.dk\/da\/"},{"@type":"ListItem","position":2,"name":"Products","item":"https:\/\/flenstemp.awork20.dk\/shop\/"},{"@type":"ListItem","position":3,"name":"De Kloge Ugler"}]},{"@type":"WebSite","@id":"https:\/\/flenstemp.awork20.dk\/#website","url":"https:\/\/flenstemp.awork20.dk\/","name":"Flensted Mobiles","description":"Unikke mobiler som skaber ro og balance, i enhvers hjem.","publisher":{"@id":"https:\/\/flenstemp.awork20.dk\/#organization"},"potentialAction":[{"@type":"SearchAction","target":{"@type":"EntryPoint","urlTemplate":"https:\/\/flenstemp.awork20.dk\/?s={search_term_string}"},"query-input":"required name=search_term_string"}],"inLanguage":"da-DK"},{"@type":"Organization","@id":"https:\/\/flenstemp.awork20.dk\/#organization","name":"Flensted Mobiles","url":"https:\/\/flenstemp.awork20.dk\/","logo":{"@type":"ImageObject","inLanguage":"da-DK","@id":"https:\/\/flenstemp.awork20.dk\/#\/schema\/logo\/image\/","url":"https:\/\/flensted-mobiles.com\/wp-content\/uploads\/2022\/03\/FlenstedLogo_med_ramme_100-3.webp","contentUrl":"https:\/\/flensted-mobiles.com\/wp-content\/uploads\/2022\/03\/FlenstedLogo_med_ramme_100-3.webp","width":2118,"height":2118,"caption":"Flensted Mobiles"},"image":{"@id":"https:\/\/flenstemp.awork20.dk\/#\/schema\/logo\/image\/"},"sameAs":["https:\/\/www.facebook.com\/flenstedmobiles"]}]}},"_links":{"self":[{"href":"https:\/\/flenstemp.awork20.dk\/da\/wp-json\/wp\/v2\/product\/1653"}],"collection":[{"href":"https:\/\/flenstemp.awork20.dk\/da\/wp-json\/wp\/v2\/product"}],"about":[{"href":"https:\/\/flenstemp.awork20.dk\/da\/wp-json\/wp\/v2\/types\/product"}],"wp:featuredmedia":[{"embeddable":true,"href":"https:\/\/flenstemp.awork20.dk\/da\/wp-json\/wp\/v2\/media\/4091"}],"wp:attachment":[{"href":"https:\/\/flenstemp.awork20.dk\/da\/wp-json\/wp\/v2\/media?parent=1653"}],"wp:term":[{"taxonomy":"product_cat","embeddable":true,"href":"https:\/\/flenstemp.awork20.dk\/da\/wp-json\/wp\/v2\/product_cat?post=1653"},{"taxonomy":"product_tag","embeddable":true,"href":"https:\/\/flenstemp.awork20.dk\/da\/wp-json\/wp\/v2\/product_tag?post=1653"}],"curies":[{"name":"wp","href":"https:\/\/api.w.org\/{rel}","templated":true}]}}