{"id":1651,"date":"1970-05-27T13:45:52","date_gmt":"1970-05-27T12:45:52","guid":{"rendered":"https:\/\/flenstedmobiles.com\/?post_type=product&#038;p=1651"},"modified":"2023-09-01T08:30:36","modified_gmt":"2023-09-01T06:30:36","slug":"bimmelim","status":"publish","type":"product","link":"https:\/\/flenstemp.awork20.dk\/da\/product\/bimmelim\/","title":{"rendered":"Bimmelim"},"content":{"rendered":"","protected":false},"excerpt":{"rendered":"<h1>Bimmelim<\/h1>\n<p>Designet af Frede Fabek<\/p>\n<p>Bimmelim er en rigtig &#8216;g\u00f8r-mig-glad&#8217;-mobil, hvis du er p\u00e5 jagt efter en mental pick-me-up \u2013 eller kender en, der tr\u00e6nger til at blive muntret op.<\/p>\n<p>Med Bimmelim i rummet er det eneste du beh\u00f8ver at g\u00f8re, at tage et hurtigt kig op i luften. Der st\u00e5r Bimmelim klar med et charmerende, smittende smil p\u00e5 l\u00e6ben.<\/p>\n<p>Der er med andre ord latter og klovneri i luften, n\u00e5r vores mobile smiler under hans klassiske r\u00f8de klovnen\u00e6se og sorte tophat.<\/p>\n<p>Bimmelim er en af mobilerne fra kuffertserien. S\u00e5 den kommer pakket i en lille hvid kuffert. Dette g\u00f8r det til en fin gave at give nogen \u2013 sp\u00e6kket med masser af h\u00f8jt hum\u00f8r.<\/p>\n","protected":false},"featured_media":4092,"template":"","meta":[],"product_cat":[960,11875,11899,976],"product_tag":[],"yoast_head":"<!-- This site is optimized with the Yoast SEO plugin v20.8 - https:\/\/yoast.com\/wordpress\/plugins\/seo\/ -->\n<title>Bimmelim - Flensted Mobiles<\/title>\n<meta name=\"robots\" content=\"index, follow, max-snippet:-1, max-image-preview:large, max-video-preview:-1\" \/>\n<link rel=\"canonical\" href=\"https:\/\/flenstemp.awork20.dk\/da\/product\/bimmelim\/\" \/>\n<meta property=\"og:locale\" content=\"da_DK\" \/>\n<meta property=\"og:type\" content=\"article\" \/>\n<meta property=\"og:title\" content=\"Bimmelim - Flensted Mobiles\" \/>\n<meta property=\"og:description\" content=\"Bimmelim Designet af Frede Fabek  Bimmelim er en rigtig &#039;g\u00f8r-mig-glad&#039;-mobil, hvis du er p\u00e5 jagt efter en mental pick-me-up \u2013 eller kender en, der tr\u00e6nger til at blive muntret op.  Med Bimmelim i rummet er det eneste du beh\u00f8ver at g\u00f8re, at tage et hurtigt kig op i luften. Der st\u00e5r Bimmelim klar med et charmerende, smittende smil p\u00e5 l\u00e6ben.  Der er med andre ord latter og klovneri i luften, n\u00e5r vores mobile smiler under hans klassiske r\u00f8de klovnen\u00e6se og sorte tophat.  Bimmelim er en af mobilerne fra kuffertserien. S\u00e5 den kommer pakket i en lille hvid kuffert. Dette g\u00f8r det til en fin gave at give nogen \u2013 sp\u00e6kket med masser af h\u00f8jt hum\u00f8r.\" \/>\n<meta property=\"og:url\" content=\"https:\/\/flenstemp.awork20.dk\/da\/product\/bimmelim\/\" \/>\n<meta property=\"og:site_name\" content=\"Flensted Mobiles\" \/>\n<meta property=\"article:publisher\" content=\"https:\/\/www.facebook.com\/flenstedmobiles\" \/>\n<meta property=\"article:modified_time\" content=\"2023-09-01T06:30:36+00:00\" \/>\n<meta property=\"og:image\" content=\"https:\/\/flenstemp.awork20.dk\/wp-content\/uploads\/2021\/12\/FM_055_bimmelim-1.png\" \/>\n\t<meta property=\"og:image:width\" content=\"794\" \/>\n\t<meta property=\"og:image:height\" content=\"794\" \/>\n\t<meta property=\"og:image:type\" content=\"image\/png\" \/>\n<meta name=\"twitter:card\" content=\"summary_large_image\" \/>\n<script type=\"application\/ld+json\" class=\"yoast-schema-graph\">{\"@context\":\"https:\/\/schema.org\",\"@graph\":[{\"@type\":\"WebPage\",\"@id\":\"https:\/\/flenstemp.awork20.dk\/da\/product\/bimmelim\/\",\"url\":\"https:\/\/flenstemp.awork20.dk\/da\/product\/bimmelim\/\",\"name\":\"Bimmelim - Flensted Mobiles\",\"isPartOf\":{\"@id\":\"https:\/\/flenstemp.awork20.dk\/#website\"},\"datePublished\":\"1970-05-27T12:45:52+00:00\",\"dateModified\":\"2023-09-01T06:30:36+00:00\",\"breadcrumb\":{\"@id\":\"https:\/\/flenstemp.awork20.dk\/da\/product\/bimmelim\/#breadcrumb\"},\"inLanguage\":\"da-DK\",\"potentialAction\":[{\"@type\":\"ReadAction\",\"target\":[\"https:\/\/flenstemp.awork20.dk\/da\/product\/bimmelim\/\"]}]},{\"@type\":\"BreadcrumbList\",\"@id\":\"https:\/\/flenstemp.awork20.dk\/da\/product\/bimmelim\/#breadcrumb\",\"itemListElement\":[{\"@type\":\"ListItem\",\"position\":1,\"name\":\"Home\",\"item\":\"https:\/\/flenstemp.awork20.dk\/da\/\"},{\"@type\":\"ListItem\",\"position\":2,\"name\":\"Products\",\"item\":\"https:\/\/flenstemp.awork20.dk\/shop\/\"},{\"@type\":\"ListItem\",\"position\":3,\"name\":\"Bimmelim\"}]},{\"@type\":\"WebSite\",\"@id\":\"https:\/\/flenstemp.awork20.dk\/#website\",\"url\":\"https:\/\/flenstemp.awork20.dk\/\",\"name\":\"Flensted Mobiles\",\"description\":\"Unikke mobiler som skaber ro og balance, i enhvers hjem.\",\"publisher\":{\"@id\":\"https:\/\/flenstemp.awork20.dk\/#organization\"},\"potentialAction\":[{\"@type\":\"SearchAction\",\"target\":{\"@type\":\"EntryPoint\",\"urlTemplate\":\"https:\/\/flenstemp.awork20.dk\/?s={search_term_string}\"},\"query-input\":\"required name=search_term_string\"}],\"inLanguage\":\"da-DK\"},{\"@type\":\"Organization\",\"@id\":\"https:\/\/flenstemp.awork20.dk\/#organization\",\"name\":\"Flensted Mobiles\",\"url\":\"https:\/\/flenstemp.awork20.dk\/\",\"logo\":{\"@type\":\"ImageObject\",\"inLanguage\":\"da-DK\",\"@id\":\"https:\/\/flenstemp.awork20.dk\/#\/schema\/logo\/image\/\",\"url\":\"https:\/\/flensted-mobiles.com\/wp-content\/uploads\/2022\/03\/FlenstedLogo_med_ramme_100-3.webp\",\"contentUrl\":\"https:\/\/flensted-mobiles.com\/wp-content\/uploads\/2022\/03\/FlenstedLogo_med_ramme_100-3.webp\",\"width\":2118,\"height\":2118,\"caption\":\"Flensted Mobiles\"},\"image\":{\"@id\":\"https:\/\/flenstemp.awork20.dk\/#\/schema\/logo\/image\/\"},\"sameAs\":[\"https:\/\/www.facebook.com\/flenstedmobiles\"]}]}<\/script>\n<!-- \/ Yoast SEO plugin. -->","yoast_head_json":{"title":"Bimmelim - Flensted Mobiles","robots":{"index":"index","follow":"follow","max-snippet":"max-snippet:-1","max-image-preview":"max-image-preview:large","max-video-preview":"max-video-preview:-1"},"canonical":"https:\/\/flenstemp.awork20.dk\/da\/product\/bimmelim\/","og_locale":"da_DK","og_type":"article","og_title":"Bimmelim - Flensted Mobiles","og_description":"Bimmelim Designet af Frede Fabek  Bimmelim er en rigtig 'g\u00f8r-mig-glad'-mobil, hvis du er p\u00e5 jagt efter en mental pick-me-up \u2013 eller kender en, der tr\u00e6nger til at blive muntret op.  Med Bimmelim i rummet er det eneste du beh\u00f8ver at g\u00f8re, at tage et hurtigt kig op i luften. Der st\u00e5r Bimmelim klar med et charmerende, smittende smil p\u00e5 l\u00e6ben.  Der er med andre ord latter og klovneri i luften, n\u00e5r vores mobile smiler under hans klassiske r\u00f8de klovnen\u00e6se og sorte tophat.  Bimmelim er en af mobilerne fra kuffertserien. S\u00e5 den kommer pakket i en lille hvid kuffert. Dette g\u00f8r det til en fin gave at give nogen \u2013 sp\u00e6kket med masser af h\u00f8jt hum\u00f8r.","og_url":"https:\/\/flenstemp.awork20.dk\/da\/product\/bimmelim\/","og_site_name":"Flensted Mobiles","article_publisher":"https:\/\/www.facebook.com\/flenstedmobiles","article_modified_time":"2023-09-01T06:30:36+00:00","og_image":[{"width":794,"height":794,"url":"https:\/\/flenstemp.awork20.dk\/wp-content\/uploads\/2021\/12\/FM_055_bimmelim-1.png","type":"image\/png"}],"twitter_card":"summary_large_image","schema":{"@context":"https:\/\/schema.org","@graph":[{"@type":"WebPage","@id":"https:\/\/flenstemp.awork20.dk\/da\/product\/bimmelim\/","url":"https:\/\/flenstemp.awork20.dk\/da\/product\/bimmelim\/","name":"Bimmelim - Flensted Mobiles","isPartOf":{"@id":"https:\/\/flenstemp.awork20.dk\/#website"},"datePublished":"1970-05-27T12:45:52+00:00","dateModified":"2023-09-01T06:30:36+00:00","breadcrumb":{"@id":"https:\/\/flenstemp.awork20.dk\/da\/product\/bimmelim\/#breadcrumb"},"inLanguage":"da-DK","potentialAction":[{"@type":"ReadAction","target":["https:\/\/flenstemp.awork20.dk\/da\/product\/bimmelim\/"]}]},{"@type":"BreadcrumbList","@id":"https:\/\/flenstemp.awork20.dk\/da\/product\/bimmelim\/#breadcrumb","itemListElement":[{"@type":"ListItem","position":1,"name":"Home","item":"https:\/\/flenstemp.awork20.dk\/da\/"},{"@type":"ListItem","position":2,"name":"Products","item":"https:\/\/flenstemp.awork20.dk\/shop\/"},{"@type":"ListItem","position":3,"name":"Bimmelim"}]},{"@type":"WebSite","@id":"https:\/\/flenstemp.awork20.dk\/#website","url":"https:\/\/flenstemp.awork20.dk\/","name":"Flensted Mobiles","description":"Unikke mobiler som skaber ro og balance, i enhvers hjem.","publisher":{"@id":"https:\/\/flenstemp.awork20.dk\/#organization"},"potentialAction":[{"@type":"SearchAction","target":{"@type":"EntryPoint","urlTemplate":"https:\/\/flenstemp.awork20.dk\/?s={search_term_string}"},"query-input":"required name=search_term_string"}],"inLanguage":"da-DK"},{"@type":"Organization","@id":"https:\/\/flenstemp.awork20.dk\/#organization","name":"Flensted Mobiles","url":"https:\/\/flenstemp.awork20.dk\/","logo":{"@type":"ImageObject","inLanguage":"da-DK","@id":"https:\/\/flenstemp.awork20.dk\/#\/schema\/logo\/image\/","url":"https:\/\/flensted-mobiles.com\/wp-content\/uploads\/2022\/03\/FlenstedLogo_med_ramme_100-3.webp","contentUrl":"https:\/\/flensted-mobiles.com\/wp-content\/uploads\/2022\/03\/FlenstedLogo_med_ramme_100-3.webp","width":2118,"height":2118,"caption":"Flensted Mobiles"},"image":{"@id":"https:\/\/flenstemp.awork20.dk\/#\/schema\/logo\/image\/"},"sameAs":["https:\/\/www.facebook.com\/flenstedmobiles"]}]}},"_links":{"self":[{"href":"https:\/\/flenstemp.awork20.dk\/da\/wp-json\/wp\/v2\/product\/1651"}],"collection":[{"href":"https:\/\/flenstemp.awork20.dk\/da\/wp-json\/wp\/v2\/product"}],"about":[{"href":"https:\/\/flenstemp.awork20.dk\/da\/wp-json\/wp\/v2\/types\/product"}],"wp:featuredmedia":[{"embeddable":true,"href":"https:\/\/flenstemp.awork20.dk\/da\/wp-json\/wp\/v2\/media\/4092"}],"wp:attachment":[{"href":"https:\/\/flenstemp.awork20.dk\/da\/wp-json\/wp\/v2\/media?parent=1651"}],"wp:term":[{"taxonomy":"product_cat","embeddable":true,"href":"https:\/\/flenstemp.awork20.dk\/da\/wp-json\/wp\/v2\/product_cat?post=1651"},{"taxonomy":"product_tag","embeddable":true,"href":"https:\/\/flenstemp.awork20.dk\/da\/wp-json\/wp\/v2\/product_tag?post=1651"}],"curies":[{"name":"wp","href":"https:\/\/api.w.org\/{rel}","templated":true}]}}