{"id":1645,"date":"1967-05-27T14:10:59","date_gmt":"1967-05-27T13:10:59","guid":{"rendered":"https:\/\/flenstedmobiles.com\/?post_type=product&#038;p=1645"},"modified":"2023-09-01T08:24:29","modified_gmt":"2023-09-01T06:24:29","slug":"ventefisk","status":"publish","type":"product","link":"https:\/\/flenstemp.awork20.dk\/da\/product\/ventefisk\/","title":{"rendered":"Ventefisk"},"content":{"rendered":"","protected":false},"excerpt":{"rendered":"<h1>Ventefisk<\/h1>\n<p>Designet af Christian Flensted<\/p>\n<p>Med vores behagelige Ventefisk har du den perfekte gave til en familie eller venner, hvor en baby er p\u00e5 vej.<\/p>\n<p>Du kan ogs\u00e5 give gaven til dig selv, hvis der forventes en ny tilf\u00f8jelse til familien og gerne vil bringe elegante, morsomme og inspirerende bev\u00e6gelser ind p\u00e5 b\u00f8rnev\u00e6relset.<\/p>\n<p>Ventefisk vil gl\u00e6de folk i alle aldre, n\u00e5r moderfisken danser rundt med de tre farverige sm\u00e5 fisk i maven.<\/p>\n<p>Mobilen har et enkelt grafisk design og smukke farver samt en udtryksfuldhed, der er b\u00e5de barnlig og elegant.<\/p>\n<p>De flotte farver og det grafiske design giver en fantastisk stemning p\u00e5 v\u00e6relset.<\/p>\n","protected":false},"featured_media":4101,"template":"","meta":[],"product_cat":[960,11875,976,11899],"product_tag":[],"yoast_head":"<!-- This site is optimized with the Yoast SEO plugin v20.8 - https:\/\/yoast.com\/wordpress\/plugins\/seo\/ -->\n<title>Ventefisk - Flensted Mobiles<\/title>\n<meta name=\"robots\" content=\"index, follow, max-snippet:-1, max-image-preview:large, max-video-preview:-1\" \/>\n<link rel=\"canonical\" href=\"https:\/\/flenstemp.awork20.dk\/da\/product\/ventefisk\/\" \/>\n<meta property=\"og:locale\" content=\"da_DK\" \/>\n<meta property=\"og:type\" content=\"article\" \/>\n<meta property=\"og:title\" content=\"Ventefisk - Flensted Mobiles\" \/>\n<meta property=\"og:description\" content=\"Ventefisk Designet af Christian Flensted  Med vores behagelige Ventefisk har du den perfekte gave til en familie eller venner, hvor en baby er p\u00e5 vej.  Du kan ogs\u00e5 give gaven til dig selv, hvis der forventes en ny tilf\u00f8jelse til familien og gerne vil bringe elegante, morsomme og inspirerende bev\u00e6gelser ind p\u00e5 b\u00f8rnev\u00e6relset.  Ventefisk vil gl\u00e6de folk i alle aldre, n\u00e5r moderfisken danser rundt med de tre farverige sm\u00e5 fisk i maven.  Mobilen har et enkelt grafisk design og smukke farver samt en udtryksfuldhed, der er b\u00e5de barnlig og elegant.  De flotte farver og det grafiske design giver en fantastisk stemning p\u00e5 v\u00e6relset.\" \/>\n<meta property=\"og:url\" content=\"https:\/\/flenstemp.awork20.dk\/da\/product\/ventefisk\/\" \/>\n<meta property=\"og:site_name\" content=\"Flensted Mobiles\" \/>\n<meta property=\"article:publisher\" content=\"https:\/\/www.facebook.com\/flenstedmobiles\" \/>\n<meta property=\"article:modified_time\" content=\"2023-09-01T06:24:29+00:00\" \/>\n<meta property=\"og:image\" content=\"https:\/\/flenstemp.awork20.dk\/wp-content\/uploads\/2021\/12\/FM_040_expecting_fish-1.png\" \/>\n\t<meta property=\"og:image:width\" content=\"794\" \/>\n\t<meta property=\"og:image:height\" content=\"794\" \/>\n\t<meta property=\"og:image:type\" content=\"image\/png\" \/>\n<meta name=\"twitter:card\" content=\"summary_large_image\" \/>\n<script type=\"application\/ld+json\" class=\"yoast-schema-graph\">{\"@context\":\"https:\/\/schema.org\",\"@graph\":[{\"@type\":\"WebPage\",\"@id\":\"https:\/\/flenstemp.awork20.dk\/da\/product\/ventefisk\/\",\"url\":\"https:\/\/flenstemp.awork20.dk\/da\/product\/ventefisk\/\",\"name\":\"Ventefisk - Flensted Mobiles\",\"isPartOf\":{\"@id\":\"https:\/\/flenstemp.awork20.dk\/#website\"},\"datePublished\":\"1967-05-27T13:10:59+00:00\",\"dateModified\":\"2023-09-01T06:24:29+00:00\",\"breadcrumb\":{\"@id\":\"https:\/\/flenstemp.awork20.dk\/da\/product\/ventefisk\/#breadcrumb\"},\"inLanguage\":\"da-DK\",\"potentialAction\":[{\"@type\":\"ReadAction\",\"target\":[\"https:\/\/flenstemp.awork20.dk\/da\/product\/ventefisk\/\"]}]},{\"@type\":\"BreadcrumbList\",\"@id\":\"https:\/\/flenstemp.awork20.dk\/da\/product\/ventefisk\/#breadcrumb\",\"itemListElement\":[{\"@type\":\"ListItem\",\"position\":1,\"name\":\"Home\",\"item\":\"https:\/\/flenstemp.awork20.dk\/da\/\"},{\"@type\":\"ListItem\",\"position\":2,\"name\":\"Products\",\"item\":\"https:\/\/flenstemp.awork20.dk\/shop\/\"},{\"@type\":\"ListItem\",\"position\":3,\"name\":\"Ventefisk\"}]},{\"@type\":\"WebSite\",\"@id\":\"https:\/\/flenstemp.awork20.dk\/#website\",\"url\":\"https:\/\/flenstemp.awork20.dk\/\",\"name\":\"Flensted Mobiles\",\"description\":\"Unikke mobiler som skaber ro og balance, i enhvers hjem.\",\"publisher\":{\"@id\":\"https:\/\/flenstemp.awork20.dk\/#organization\"},\"potentialAction\":[{\"@type\":\"SearchAction\",\"target\":{\"@type\":\"EntryPoint\",\"urlTemplate\":\"https:\/\/flenstemp.awork20.dk\/?s={search_term_string}\"},\"query-input\":\"required name=search_term_string\"}],\"inLanguage\":\"da-DK\"},{\"@type\":\"Organization\",\"@id\":\"https:\/\/flenstemp.awork20.dk\/#organization\",\"name\":\"Flensted Mobiles\",\"url\":\"https:\/\/flenstemp.awork20.dk\/\",\"logo\":{\"@type\":\"ImageObject\",\"inLanguage\":\"da-DK\",\"@id\":\"https:\/\/flenstemp.awork20.dk\/#\/schema\/logo\/image\/\",\"url\":\"https:\/\/flensted-mobiles.com\/wp-content\/uploads\/2022\/03\/FlenstedLogo_med_ramme_100-3.webp\",\"contentUrl\":\"https:\/\/flensted-mobiles.com\/wp-content\/uploads\/2022\/03\/FlenstedLogo_med_ramme_100-3.webp\",\"width\":2118,\"height\":2118,\"caption\":\"Flensted Mobiles\"},\"image\":{\"@id\":\"https:\/\/flenstemp.awork20.dk\/#\/schema\/logo\/image\/\"},\"sameAs\":[\"https:\/\/www.facebook.com\/flenstedmobiles\"]}]}<\/script>\n<!-- \/ Yoast SEO plugin. -->","yoast_head_json":{"title":"Ventefisk - Flensted Mobiles","robots":{"index":"index","follow":"follow","max-snippet":"max-snippet:-1","max-image-preview":"max-image-preview:large","max-video-preview":"max-video-preview:-1"},"canonical":"https:\/\/flenstemp.awork20.dk\/da\/product\/ventefisk\/","og_locale":"da_DK","og_type":"article","og_title":"Ventefisk - Flensted Mobiles","og_description":"Ventefisk Designet af Christian Flensted  Med vores behagelige Ventefisk har du den perfekte gave til en familie eller venner, hvor en baby er p\u00e5 vej.  Du kan ogs\u00e5 give gaven til dig selv, hvis der forventes en ny tilf\u00f8jelse til familien og gerne vil bringe elegante, morsomme og inspirerende bev\u00e6gelser ind p\u00e5 b\u00f8rnev\u00e6relset.  Ventefisk vil gl\u00e6de folk i alle aldre, n\u00e5r moderfisken danser rundt med de tre farverige sm\u00e5 fisk i maven.  Mobilen har et enkelt grafisk design og smukke farver samt en udtryksfuldhed, der er b\u00e5de barnlig og elegant.  De flotte farver og det grafiske design giver en fantastisk stemning p\u00e5 v\u00e6relset.","og_url":"https:\/\/flenstemp.awork20.dk\/da\/product\/ventefisk\/","og_site_name":"Flensted Mobiles","article_publisher":"https:\/\/www.facebook.com\/flenstedmobiles","article_modified_time":"2023-09-01T06:24:29+00:00","og_image":[{"width":794,"height":794,"url":"https:\/\/flenstemp.awork20.dk\/wp-content\/uploads\/2021\/12\/FM_040_expecting_fish-1.png","type":"image\/png"}],"twitter_card":"summary_large_image","schema":{"@context":"https:\/\/schema.org","@graph":[{"@type":"WebPage","@id":"https:\/\/flenstemp.awork20.dk\/da\/product\/ventefisk\/","url":"https:\/\/flenstemp.awork20.dk\/da\/product\/ventefisk\/","name":"Ventefisk - Flensted Mobiles","isPartOf":{"@id":"https:\/\/flenstemp.awork20.dk\/#website"},"datePublished":"1967-05-27T13:10:59+00:00","dateModified":"2023-09-01T06:24:29+00:00","breadcrumb":{"@id":"https:\/\/flenstemp.awork20.dk\/da\/product\/ventefisk\/#breadcrumb"},"inLanguage":"da-DK","potentialAction":[{"@type":"ReadAction","target":["https:\/\/flenstemp.awork20.dk\/da\/product\/ventefisk\/"]}]},{"@type":"BreadcrumbList","@id":"https:\/\/flenstemp.awork20.dk\/da\/product\/ventefisk\/#breadcrumb","itemListElement":[{"@type":"ListItem","position":1,"name":"Home","item":"https:\/\/flenstemp.awork20.dk\/da\/"},{"@type":"ListItem","position":2,"name":"Products","item":"https:\/\/flenstemp.awork20.dk\/shop\/"},{"@type":"ListItem","position":3,"name":"Ventefisk"}]},{"@type":"WebSite","@id":"https:\/\/flenstemp.awork20.dk\/#website","url":"https:\/\/flenstemp.awork20.dk\/","name":"Flensted Mobiles","description":"Unikke mobiler som skaber ro og balance, i enhvers hjem.","publisher":{"@id":"https:\/\/flenstemp.awork20.dk\/#organization"},"potentialAction":[{"@type":"SearchAction","target":{"@type":"EntryPoint","urlTemplate":"https:\/\/flenstemp.awork20.dk\/?s={search_term_string}"},"query-input":"required name=search_term_string"}],"inLanguage":"da-DK"},{"@type":"Organization","@id":"https:\/\/flenstemp.awork20.dk\/#organization","name":"Flensted Mobiles","url":"https:\/\/flenstemp.awork20.dk\/","logo":{"@type":"ImageObject","inLanguage":"da-DK","@id":"https:\/\/flenstemp.awork20.dk\/#\/schema\/logo\/image\/","url":"https:\/\/flensted-mobiles.com\/wp-content\/uploads\/2022\/03\/FlenstedLogo_med_ramme_100-3.webp","contentUrl":"https:\/\/flensted-mobiles.com\/wp-content\/uploads\/2022\/03\/FlenstedLogo_med_ramme_100-3.webp","width":2118,"height":2118,"caption":"Flensted Mobiles"},"image":{"@id":"https:\/\/flenstemp.awork20.dk\/#\/schema\/logo\/image\/"},"sameAs":["https:\/\/www.facebook.com\/flenstedmobiles"]}]}},"_links":{"self":[{"href":"https:\/\/flenstemp.awork20.dk\/da\/wp-json\/wp\/v2\/product\/1645"}],"collection":[{"href":"https:\/\/flenstemp.awork20.dk\/da\/wp-json\/wp\/v2\/product"}],"about":[{"href":"https:\/\/flenstemp.awork20.dk\/da\/wp-json\/wp\/v2\/types\/product"}],"wp:featuredmedia":[{"embeddable":true,"href":"https:\/\/flenstemp.awork20.dk\/da\/wp-json\/wp\/v2\/media\/4101"}],"wp:attachment":[{"href":"https:\/\/flenstemp.awork20.dk\/da\/wp-json\/wp\/v2\/media?parent=1645"}],"wp:term":[{"taxonomy":"product_cat","embeddable":true,"href":"https:\/\/flenstemp.awork20.dk\/da\/wp-json\/wp\/v2\/product_cat?post=1645"},{"taxonomy":"product_tag","embeddable":true,"href":"https:\/\/flenstemp.awork20.dk\/da\/wp-json\/wp\/v2\/product_tag?post=1645"}],"curies":[{"name":"wp","href":"https:\/\/api.w.org\/{rel}","templated":true}]}}