{"id":1641,"date":"2010-05-27T16:05:06","date_gmt":"2010-05-27T14:05:06","guid":{"rendered":"https:\/\/flenstedmobiles.com\/?post_type=product&#038;p=1641"},"modified":"2023-08-16T13:25:15","modified_gmt":"2023-08-16T11:25:15","slug":"fiskestime","status":"publish","type":"product","link":"https:\/\/flenstemp.awork20.dk\/da\/product\/fiskestime\/","title":{"rendered":"Fiskestime"},"content":{"rendered":"","protected":false},"excerpt":{"rendered":"<h1>Fiskestime<\/h1>\n<p><em>Designet af Christian Flensted<\/em><\/p>\n<p>&nbsp;<\/p>\n<p>De otte fisk er konstant p\u00e5 udkig efter en velsmagende delikatesse i luften. De stirrer alle p\u00e5 den lille r\u00f8de orm, der dingler fra den m\u00e6rkelige krog over dem.<\/p>\n<p>[read_more id=&#8221;1&#8243; more=&#8221;L\u00e6s mere&#8221; less=&#8221;L\u00e6s mindre&#8221;]<\/p>\n<p>Og hvem sidder klar i den anden ende af fiskesn\u00f8ren?<\/p>\n<p>Er det dig, mens du f\u00f8lger fiskene, der leger i luften, n\u00e5r en vind eller bare en let brise skubber dem rundt?<\/p>\n<p>For det er alt, der skal til for at f\u00e5 de lette materialer og de charmerende fisk i gang.<\/p>\n<p>Fiskestime er en meget smuk og enkel mobil, der giver elegant bev\u00e6gelse i ethvert moderne b\u00f8rnev\u00e6relse.<\/p>\n<p>Her f\u00f8lger de alle sp\u00e6ndt med i stimens bev\u00e6gelser: Vil en af fiskene m\u00e5ske fange den lille r\u00f8de orm \u2013 og vil lystfiskeren s\u00e5 fange fisken?<\/p>\n<p>[\/read_more]<\/p>\n","protected":false},"featured_media":4103,"template":"","meta":[],"product_cat":[960,11875,976,11899],"product_tag":[],"yoast_head":"<!-- This site is optimized with the Yoast SEO plugin v20.8 - https:\/\/yoast.com\/wordpress\/plugins\/seo\/ -->\n<title>Fiskestime - Flensted Mobiles<\/title>\n<meta name=\"robots\" content=\"index, follow, max-snippet:-1, max-image-preview:large, max-video-preview:-1\" \/>\n<link rel=\"canonical\" href=\"https:\/\/flenstemp.awork20.dk\/da\/product\/fiskestime\/\" \/>\n<meta property=\"og:locale\" content=\"da_DK\" \/>\n<meta property=\"og:type\" content=\"article\" \/>\n<meta property=\"og:title\" content=\"Fiskestime - Flensted Mobiles\" \/>\n<meta property=\"og:description\" content=\"Fiskestime Designet af Christian Flensted  &nbsp;  De otte fisk er konstant p\u00e5 udkig efter en velsmagende delikatesse i luften. De stirrer alle p\u00e5 den lille r\u00f8de orm, der dingler fra den m\u00e6rkelige krog over dem.  [read_more id=&quot;1&quot; more=&quot;L\u00e6s mere&quot; less=&quot;L\u00e6s mindre&quot;]  Og hvem sidder klar i den anden ende af fiskesn\u00f8ren?  Er det dig, mens du f\u00f8lger fiskene, der leger i luften, n\u00e5r en vind eller bare en let brise skubber dem rundt?  For det er alt, der skal til for at f\u00e5 de lette materialer og de charmerende fisk i gang.  Fiskestime er en meget smuk og enkel mobil, der giver elegant bev\u00e6gelse i ethvert moderne b\u00f8rnev\u00e6relse.  Her f\u00f8lger de alle sp\u00e6ndt med i stimens bev\u00e6gelser: Vil en af fiskene m\u00e5ske fange den lille r\u00f8de orm \u2013 og vil lystfiskeren s\u00e5 fange fisken?  [\/read_more]\" \/>\n<meta property=\"og:url\" content=\"https:\/\/flenstemp.awork20.dk\/da\/product\/fiskestime\/\" \/>\n<meta property=\"og:site_name\" content=\"Flensted Mobiles\" \/>\n<meta property=\"article:publisher\" content=\"https:\/\/www.facebook.com\/flenstedmobiles\" \/>\n<meta property=\"article:modified_time\" content=\"2023-08-16T11:25:15+00:00\" \/>\n<meta property=\"og:image\" content=\"https:\/\/flenstemp.awork20.dk\/wp-content\/uploads\/2021\/12\/FM_030_shoal_of_fish-1.png\" \/>\n\t<meta property=\"og:image:width\" content=\"794\" \/>\n\t<meta property=\"og:image:height\" content=\"794\" \/>\n\t<meta property=\"og:image:type\" content=\"image\/png\" \/>\n<meta name=\"twitter:card\" content=\"summary_large_image\" \/>\n<script type=\"application\/ld+json\" class=\"yoast-schema-graph\">{\"@context\":\"https:\/\/schema.org\",\"@graph\":[{\"@type\":\"WebPage\",\"@id\":\"https:\/\/flenstemp.awork20.dk\/da\/product\/fiskestime\/\",\"url\":\"https:\/\/flenstemp.awork20.dk\/da\/product\/fiskestime\/\",\"name\":\"Fiskestime - Flensted Mobiles\",\"isPartOf\":{\"@id\":\"https:\/\/flenstemp.awork20.dk\/#website\"},\"datePublished\":\"2010-05-27T14:05:06+00:00\",\"dateModified\":\"2023-08-16T11:25:15+00:00\",\"breadcrumb\":{\"@id\":\"https:\/\/flenstemp.awork20.dk\/da\/product\/fiskestime\/#breadcrumb\"},\"inLanguage\":\"da-DK\",\"potentialAction\":[{\"@type\":\"ReadAction\",\"target\":[\"https:\/\/flenstemp.awork20.dk\/da\/product\/fiskestime\/\"]}]},{\"@type\":\"BreadcrumbList\",\"@id\":\"https:\/\/flenstemp.awork20.dk\/da\/product\/fiskestime\/#breadcrumb\",\"itemListElement\":[{\"@type\":\"ListItem\",\"position\":1,\"name\":\"Home\",\"item\":\"https:\/\/flenstemp.awork20.dk\/da\/\"},{\"@type\":\"ListItem\",\"position\":2,\"name\":\"Products\",\"item\":\"https:\/\/flenstemp.awork20.dk\/shop\/\"},{\"@type\":\"ListItem\",\"position\":3,\"name\":\"Fiskestime\"}]},{\"@type\":\"WebSite\",\"@id\":\"https:\/\/flenstemp.awork20.dk\/#website\",\"url\":\"https:\/\/flenstemp.awork20.dk\/\",\"name\":\"Flensted Mobiles\",\"description\":\"Unikke mobiler som skaber ro og balance, i enhvers hjem.\",\"publisher\":{\"@id\":\"https:\/\/flenstemp.awork20.dk\/#organization\"},\"potentialAction\":[{\"@type\":\"SearchAction\",\"target\":{\"@type\":\"EntryPoint\",\"urlTemplate\":\"https:\/\/flenstemp.awork20.dk\/?s={search_term_string}\"},\"query-input\":\"required name=search_term_string\"}],\"inLanguage\":\"da-DK\"},{\"@type\":\"Organization\",\"@id\":\"https:\/\/flenstemp.awork20.dk\/#organization\",\"name\":\"Flensted Mobiles\",\"url\":\"https:\/\/flenstemp.awork20.dk\/\",\"logo\":{\"@type\":\"ImageObject\",\"inLanguage\":\"da-DK\",\"@id\":\"https:\/\/flenstemp.awork20.dk\/#\/schema\/logo\/image\/\",\"url\":\"https:\/\/flensted-mobiles.com\/wp-content\/uploads\/2022\/03\/FlenstedLogo_med_ramme_100-3.webp\",\"contentUrl\":\"https:\/\/flensted-mobiles.com\/wp-content\/uploads\/2022\/03\/FlenstedLogo_med_ramme_100-3.webp\",\"width\":2118,\"height\":2118,\"caption\":\"Flensted Mobiles\"},\"image\":{\"@id\":\"https:\/\/flenstemp.awork20.dk\/#\/schema\/logo\/image\/\"},\"sameAs\":[\"https:\/\/www.facebook.com\/flenstedmobiles\"]}]}<\/script>\n<!-- \/ Yoast SEO plugin. -->","yoast_head_json":{"title":"Fiskestime - Flensted Mobiles","robots":{"index":"index","follow":"follow","max-snippet":"max-snippet:-1","max-image-preview":"max-image-preview:large","max-video-preview":"max-video-preview:-1"},"canonical":"https:\/\/flenstemp.awork20.dk\/da\/product\/fiskestime\/","og_locale":"da_DK","og_type":"article","og_title":"Fiskestime - Flensted Mobiles","og_description":"Fiskestime Designet af Christian Flensted  &nbsp;  De otte fisk er konstant p\u00e5 udkig efter en velsmagende delikatesse i luften. De stirrer alle p\u00e5 den lille r\u00f8de orm, der dingler fra den m\u00e6rkelige krog over dem.  [read_more id=\"1\" more=\"L\u00e6s mere\" less=\"L\u00e6s mindre\"]  Og hvem sidder klar i den anden ende af fiskesn\u00f8ren?  Er det dig, mens du f\u00f8lger fiskene, der leger i luften, n\u00e5r en vind eller bare en let brise skubber dem rundt?  For det er alt, der skal til for at f\u00e5 de lette materialer og de charmerende fisk i gang.  Fiskestime er en meget smuk og enkel mobil, der giver elegant bev\u00e6gelse i ethvert moderne b\u00f8rnev\u00e6relse.  Her f\u00f8lger de alle sp\u00e6ndt med i stimens bev\u00e6gelser: Vil en af fiskene m\u00e5ske fange den lille r\u00f8de orm \u2013 og vil lystfiskeren s\u00e5 fange fisken?  [\/read_more]","og_url":"https:\/\/flenstemp.awork20.dk\/da\/product\/fiskestime\/","og_site_name":"Flensted Mobiles","article_publisher":"https:\/\/www.facebook.com\/flenstedmobiles","article_modified_time":"2023-08-16T11:25:15+00:00","og_image":[{"width":794,"height":794,"url":"https:\/\/flenstemp.awork20.dk\/wp-content\/uploads\/2021\/12\/FM_030_shoal_of_fish-1.png","type":"image\/png"}],"twitter_card":"summary_large_image","schema":{"@context":"https:\/\/schema.org","@graph":[{"@type":"WebPage","@id":"https:\/\/flenstemp.awork20.dk\/da\/product\/fiskestime\/","url":"https:\/\/flenstemp.awork20.dk\/da\/product\/fiskestime\/","name":"Fiskestime - Flensted Mobiles","isPartOf":{"@id":"https:\/\/flenstemp.awork20.dk\/#website"},"datePublished":"2010-05-27T14:05:06+00:00","dateModified":"2023-08-16T11:25:15+00:00","breadcrumb":{"@id":"https:\/\/flenstemp.awork20.dk\/da\/product\/fiskestime\/#breadcrumb"},"inLanguage":"da-DK","potentialAction":[{"@type":"ReadAction","target":["https:\/\/flenstemp.awork20.dk\/da\/product\/fiskestime\/"]}]},{"@type":"BreadcrumbList","@id":"https:\/\/flenstemp.awork20.dk\/da\/product\/fiskestime\/#breadcrumb","itemListElement":[{"@type":"ListItem","position":1,"name":"Home","item":"https:\/\/flenstemp.awork20.dk\/da\/"},{"@type":"ListItem","position":2,"name":"Products","item":"https:\/\/flenstemp.awork20.dk\/shop\/"},{"@type":"ListItem","position":3,"name":"Fiskestime"}]},{"@type":"WebSite","@id":"https:\/\/flenstemp.awork20.dk\/#website","url":"https:\/\/flenstemp.awork20.dk\/","name":"Flensted Mobiles","description":"Unikke mobiler som skaber ro og balance, i enhvers hjem.","publisher":{"@id":"https:\/\/flenstemp.awork20.dk\/#organization"},"potentialAction":[{"@type":"SearchAction","target":{"@type":"EntryPoint","urlTemplate":"https:\/\/flenstemp.awork20.dk\/?s={search_term_string}"},"query-input":"required name=search_term_string"}],"inLanguage":"da-DK"},{"@type":"Organization","@id":"https:\/\/flenstemp.awork20.dk\/#organization","name":"Flensted Mobiles","url":"https:\/\/flenstemp.awork20.dk\/","logo":{"@type":"ImageObject","inLanguage":"da-DK","@id":"https:\/\/flenstemp.awork20.dk\/#\/schema\/logo\/image\/","url":"https:\/\/flensted-mobiles.com\/wp-content\/uploads\/2022\/03\/FlenstedLogo_med_ramme_100-3.webp","contentUrl":"https:\/\/flensted-mobiles.com\/wp-content\/uploads\/2022\/03\/FlenstedLogo_med_ramme_100-3.webp","width":2118,"height":2118,"caption":"Flensted Mobiles"},"image":{"@id":"https:\/\/flenstemp.awork20.dk\/#\/schema\/logo\/image\/"},"sameAs":["https:\/\/www.facebook.com\/flenstedmobiles"]}]}},"_links":{"self":[{"href":"https:\/\/flenstemp.awork20.dk\/da\/wp-json\/wp\/v2\/product\/1641"}],"collection":[{"href":"https:\/\/flenstemp.awork20.dk\/da\/wp-json\/wp\/v2\/product"}],"about":[{"href":"https:\/\/flenstemp.awork20.dk\/da\/wp-json\/wp\/v2\/types\/product"}],"wp:featuredmedia":[{"embeddable":true,"href":"https:\/\/flenstemp.awork20.dk\/da\/wp-json\/wp\/v2\/media\/4103"}],"wp:attachment":[{"href":"https:\/\/flenstemp.awork20.dk\/da\/wp-json\/wp\/v2\/media?parent=1641"}],"wp:term":[{"taxonomy":"product_cat","embeddable":true,"href":"https:\/\/flenstemp.awork20.dk\/da\/wp-json\/wp\/v2\/product_cat?post=1641"},{"taxonomy":"product_tag","embeddable":true,"href":"https:\/\/flenstemp.awork20.dk\/da\/wp-json\/wp\/v2\/product_tag?post=1641"}],"curies":[{"name":"wp","href":"https:\/\/api.w.org\/{rel}","templated":true}]}}