{"id":1627,"date":"1971-05-27T13:35:08","date_gmt":"1971-05-27T12:35:08","guid":{"rendered":"https:\/\/flenstedmobiles.com\/?post_type=product&#038;p=1627"},"modified":"2023-09-01T08:10:07","modified_gmt":"2023-09-01T06:10:07","slug":"dolphinarium","status":"publish","type":"product","link":"https:\/\/flenstemp.awork20.dk\/da\/product\/dolphinarium\/","title":{"rendered":"Dolphinarium"},"content":{"rendered":"","protected":false},"excerpt":{"rendered":"<h1>Dolphinarium<\/h1>\n<p>Designet af Frede Fabek<\/p>\n<p>Slip Flensted mobilen, Dolphinarium, l\u00f8s p\u00e5 b\u00f8rnev\u00e6relset, badev\u00e6relset eller kontoret.<\/p>\n<p>F\u00f8lg de tre livlige delfiner, mens de charmerende og legende springer rundt i luften efter de farvede badebolde.<\/p>\n<p>Overalt vil deres leg lette dit hum\u00f8r og bringe et smil p\u00e5 dine l\u00e6ber.<\/p>\n<p>Der skal meget lidt bev\u00e6gelse i luften til, f\u00f8r figurerne danser over hovedet p\u00e5 dig \u2013 og muligvis skal der kun et par sekunders leg og adspredelse til, f\u00f8r du igen finder inspiration og en glad stemning ved hj\u00e6lp af Dolphinarium.<\/p>\n","protected":false},"featured_media":4110,"template":"","meta":[],"product_cat":[960,11875,976,11899],"product_tag":[],"yoast_head":"<!-- This site is optimized with the Yoast SEO plugin v20.8 - https:\/\/yoast.com\/wordpress\/plugins\/seo\/ -->\n<title>Dolphinarium - Flensted Mobiles<\/title>\n<meta name=\"robots\" content=\"index, follow, max-snippet:-1, max-image-preview:large, max-video-preview:-1\" \/>\n<link rel=\"canonical\" href=\"https:\/\/flenstemp.awork20.dk\/da\/product\/dolphinarium\/\" \/>\n<meta property=\"og:locale\" content=\"da_DK\" \/>\n<meta property=\"og:type\" content=\"article\" \/>\n<meta property=\"og:title\" content=\"Dolphinarium - Flensted Mobiles\" \/>\n<meta property=\"og:description\" content=\"Dolphinarium Designet af Frede Fabek  Slip Flensted mobilen, Dolphinarium, l\u00f8s p\u00e5 b\u00f8rnev\u00e6relset, badev\u00e6relset eller kontoret.  F\u00f8lg de tre livlige delfiner, mens de charmerende og legende springer rundt i luften efter de farvede badebolde.  Overalt vil deres leg lette dit hum\u00f8r og bringe et smil p\u00e5 dine l\u00e6ber.  Der skal meget lidt bev\u00e6gelse i luften til, f\u00f8r figurerne danser over hovedet p\u00e5 dig \u2013 og muligvis skal der kun et par sekunders leg og adspredelse til, f\u00f8r du igen finder inspiration og en glad stemning ved hj\u00e6lp af Dolphinarium.\" \/>\n<meta property=\"og:url\" content=\"https:\/\/flenstemp.awork20.dk\/da\/product\/dolphinarium\/\" \/>\n<meta property=\"og:site_name\" content=\"Flensted Mobiles\" \/>\n<meta property=\"article:publisher\" content=\"https:\/\/www.facebook.com\/flenstedmobiles\" \/>\n<meta property=\"article:modified_time\" content=\"2023-09-01T06:10:07+00:00\" \/>\n<meta property=\"og:image\" content=\"https:\/\/flenstemp.awork20.dk\/wp-content\/uploads\/2021\/12\/FM_060_dolphinairum-1.png\" \/>\n\t<meta property=\"og:image:width\" content=\"794\" \/>\n\t<meta property=\"og:image:height\" content=\"794\" \/>\n\t<meta property=\"og:image:type\" content=\"image\/png\" \/>\n<meta name=\"twitter:card\" content=\"summary_large_image\" \/>\n<script type=\"application\/ld+json\" class=\"yoast-schema-graph\">{\"@context\":\"https:\/\/schema.org\",\"@graph\":[{\"@type\":\"WebPage\",\"@id\":\"https:\/\/flenstemp.awork20.dk\/da\/product\/dolphinarium\/\",\"url\":\"https:\/\/flenstemp.awork20.dk\/da\/product\/dolphinarium\/\",\"name\":\"Dolphinarium - Flensted Mobiles\",\"isPartOf\":{\"@id\":\"https:\/\/flenstemp.awork20.dk\/#website\"},\"datePublished\":\"1971-05-27T12:35:08+00:00\",\"dateModified\":\"2023-09-01T06:10:07+00:00\",\"breadcrumb\":{\"@id\":\"https:\/\/flenstemp.awork20.dk\/da\/product\/dolphinarium\/#breadcrumb\"},\"inLanguage\":\"da-DK\",\"potentialAction\":[{\"@type\":\"ReadAction\",\"target\":[\"https:\/\/flenstemp.awork20.dk\/da\/product\/dolphinarium\/\"]}]},{\"@type\":\"BreadcrumbList\",\"@id\":\"https:\/\/flenstemp.awork20.dk\/da\/product\/dolphinarium\/#breadcrumb\",\"itemListElement\":[{\"@type\":\"ListItem\",\"position\":1,\"name\":\"Home\",\"item\":\"https:\/\/flenstemp.awork20.dk\/da\/\"},{\"@type\":\"ListItem\",\"position\":2,\"name\":\"Products\",\"item\":\"https:\/\/flenstemp.awork20.dk\/shop\/\"},{\"@type\":\"ListItem\",\"position\":3,\"name\":\"Dolphinarium\"}]},{\"@type\":\"WebSite\",\"@id\":\"https:\/\/flenstemp.awork20.dk\/#website\",\"url\":\"https:\/\/flenstemp.awork20.dk\/\",\"name\":\"Flensted Mobiles\",\"description\":\"Unikke mobiler som skaber ro og balance, i enhvers hjem.\",\"publisher\":{\"@id\":\"https:\/\/flenstemp.awork20.dk\/#organization\"},\"potentialAction\":[{\"@type\":\"SearchAction\",\"target\":{\"@type\":\"EntryPoint\",\"urlTemplate\":\"https:\/\/flenstemp.awork20.dk\/?s={search_term_string}\"},\"query-input\":\"required name=search_term_string\"}],\"inLanguage\":\"da-DK\"},{\"@type\":\"Organization\",\"@id\":\"https:\/\/flenstemp.awork20.dk\/#organization\",\"name\":\"Flensted Mobiles\",\"url\":\"https:\/\/flenstemp.awork20.dk\/\",\"logo\":{\"@type\":\"ImageObject\",\"inLanguage\":\"da-DK\",\"@id\":\"https:\/\/flenstemp.awork20.dk\/#\/schema\/logo\/image\/\",\"url\":\"https:\/\/flensted-mobiles.com\/wp-content\/uploads\/2022\/03\/FlenstedLogo_med_ramme_100-3.webp\",\"contentUrl\":\"https:\/\/flensted-mobiles.com\/wp-content\/uploads\/2022\/03\/FlenstedLogo_med_ramme_100-3.webp\",\"width\":2118,\"height\":2118,\"caption\":\"Flensted Mobiles\"},\"image\":{\"@id\":\"https:\/\/flenstemp.awork20.dk\/#\/schema\/logo\/image\/\"},\"sameAs\":[\"https:\/\/www.facebook.com\/flenstedmobiles\"]}]}<\/script>\n<!-- \/ Yoast SEO plugin. -->","yoast_head_json":{"title":"Dolphinarium - Flensted Mobiles","robots":{"index":"index","follow":"follow","max-snippet":"max-snippet:-1","max-image-preview":"max-image-preview:large","max-video-preview":"max-video-preview:-1"},"canonical":"https:\/\/flenstemp.awork20.dk\/da\/product\/dolphinarium\/","og_locale":"da_DK","og_type":"article","og_title":"Dolphinarium - Flensted Mobiles","og_description":"Dolphinarium Designet af Frede Fabek  Slip Flensted mobilen, Dolphinarium, l\u00f8s p\u00e5 b\u00f8rnev\u00e6relset, badev\u00e6relset eller kontoret.  F\u00f8lg de tre livlige delfiner, mens de charmerende og legende springer rundt i luften efter de farvede badebolde.  Overalt vil deres leg lette dit hum\u00f8r og bringe et smil p\u00e5 dine l\u00e6ber.  Der skal meget lidt bev\u00e6gelse i luften til, f\u00f8r figurerne danser over hovedet p\u00e5 dig \u2013 og muligvis skal der kun et par sekunders leg og adspredelse til, f\u00f8r du igen finder inspiration og en glad stemning ved hj\u00e6lp af Dolphinarium.","og_url":"https:\/\/flenstemp.awork20.dk\/da\/product\/dolphinarium\/","og_site_name":"Flensted Mobiles","article_publisher":"https:\/\/www.facebook.com\/flenstedmobiles","article_modified_time":"2023-09-01T06:10:07+00:00","og_image":[{"width":794,"height":794,"url":"https:\/\/flenstemp.awork20.dk\/wp-content\/uploads\/2021\/12\/FM_060_dolphinairum-1.png","type":"image\/png"}],"twitter_card":"summary_large_image","schema":{"@context":"https:\/\/schema.org","@graph":[{"@type":"WebPage","@id":"https:\/\/flenstemp.awork20.dk\/da\/product\/dolphinarium\/","url":"https:\/\/flenstemp.awork20.dk\/da\/product\/dolphinarium\/","name":"Dolphinarium - Flensted Mobiles","isPartOf":{"@id":"https:\/\/flenstemp.awork20.dk\/#website"},"datePublished":"1971-05-27T12:35:08+00:00","dateModified":"2023-09-01T06:10:07+00:00","breadcrumb":{"@id":"https:\/\/flenstemp.awork20.dk\/da\/product\/dolphinarium\/#breadcrumb"},"inLanguage":"da-DK","potentialAction":[{"@type":"ReadAction","target":["https:\/\/flenstemp.awork20.dk\/da\/product\/dolphinarium\/"]}]},{"@type":"BreadcrumbList","@id":"https:\/\/flenstemp.awork20.dk\/da\/product\/dolphinarium\/#breadcrumb","itemListElement":[{"@type":"ListItem","position":1,"name":"Home","item":"https:\/\/flenstemp.awork20.dk\/da\/"},{"@type":"ListItem","position":2,"name":"Products","item":"https:\/\/flenstemp.awork20.dk\/shop\/"},{"@type":"ListItem","position":3,"name":"Dolphinarium"}]},{"@type":"WebSite","@id":"https:\/\/flenstemp.awork20.dk\/#website","url":"https:\/\/flenstemp.awork20.dk\/","name":"Flensted Mobiles","description":"Unikke mobiler som skaber ro og balance, i enhvers hjem.","publisher":{"@id":"https:\/\/flenstemp.awork20.dk\/#organization"},"potentialAction":[{"@type":"SearchAction","target":{"@type":"EntryPoint","urlTemplate":"https:\/\/flenstemp.awork20.dk\/?s={search_term_string}"},"query-input":"required name=search_term_string"}],"inLanguage":"da-DK"},{"@type":"Organization","@id":"https:\/\/flenstemp.awork20.dk\/#organization","name":"Flensted Mobiles","url":"https:\/\/flenstemp.awork20.dk\/","logo":{"@type":"ImageObject","inLanguage":"da-DK","@id":"https:\/\/flenstemp.awork20.dk\/#\/schema\/logo\/image\/","url":"https:\/\/flensted-mobiles.com\/wp-content\/uploads\/2022\/03\/FlenstedLogo_med_ramme_100-3.webp","contentUrl":"https:\/\/flensted-mobiles.com\/wp-content\/uploads\/2022\/03\/FlenstedLogo_med_ramme_100-3.webp","width":2118,"height":2118,"caption":"Flensted Mobiles"},"image":{"@id":"https:\/\/flenstemp.awork20.dk\/#\/schema\/logo\/image\/"},"sameAs":["https:\/\/www.facebook.com\/flenstedmobiles"]}]}},"_links":{"self":[{"href":"https:\/\/flenstemp.awork20.dk\/da\/wp-json\/wp\/v2\/product\/1627"}],"collection":[{"href":"https:\/\/flenstemp.awork20.dk\/da\/wp-json\/wp\/v2\/product"}],"about":[{"href":"https:\/\/flenstemp.awork20.dk\/da\/wp-json\/wp\/v2\/types\/product"}],"wp:featuredmedia":[{"embeddable":true,"href":"https:\/\/flenstemp.awork20.dk\/da\/wp-json\/wp\/v2\/media\/4110"}],"wp:attachment":[{"href":"https:\/\/flenstemp.awork20.dk\/da\/wp-json\/wp\/v2\/media?parent=1627"}],"wp:term":[{"taxonomy":"product_cat","embeddable":true,"href":"https:\/\/flenstemp.awork20.dk\/da\/wp-json\/wp\/v2\/product_cat?post=1627"},{"taxonomy":"product_tag","embeddable":true,"href":"https:\/\/flenstemp.awork20.dk\/da\/wp-json\/wp\/v2\/product_tag?post=1627"}],"curies":[{"name":"wp","href":"https:\/\/api.w.org\/{rel}","templated":true}]}}