{"id":1557,"date":"1990-05-25T14:32:11","date_gmt":"1990-05-25T12:32:11","guid":{"rendered":"https:\/\/flenstedmobiles.com\/?post_type=product&#038;p=1557"},"modified":"2023-08-31T13:47:15","modified_gmt":"2023-08-31T11:47:15","slug":"stratos","status":"publish","type":"product","link":"https:\/\/flenstemp.awork20.dk\/da\/product\/stratos\/","title":{"rendered":"Stratos"},"content":{"rendered":"","protected":false},"excerpt":{"rendered":"<h1>Stratos<\/h1>\n<p>Designet af Ole Flensted<\/p>\n<p>Har du lyst til at udforske rummet? Eller skabe rolig og inspirerende bev\u00e6gelse i dit eget univers?<\/p>\n<p>Med elegante Stratos, kan du begge dele. T\u00e6nk bare p\u00e5, hvor mange forskellige former du kan skabe med en firkant, der er blevet foldet tre gange.<\/p>\n<p>Resultatet er en mobile med et moderne udtryk, hvor de fire foldede firkanter skaber futuristiske former og fascinerende skygger p\u00e5 v\u00e6ggen og i luften omkring dig.<\/p>\n<p>&#8216;Skyerne&#8217; er i gul, gr\u00e5-sort og hvid. Ekstra funktion: Der medf\u00f8lger en r\u00f8d &#8216;sky&#8217; i \u00e6sken, s\u00e5 du kan tilpasse mobilen, s\u00e5 den passer til dit hum\u00f8r.<\/p>\n","protected":false},"featured_media":4149,"template":"","meta":[],"product_cat":[960,11875,985,11878],"product_tag":[],"yoast_head":"<!-- This site is optimized with the Yoast SEO plugin v20.8 - https:\/\/yoast.com\/wordpress\/plugins\/seo\/ -->\n<title>Stratos - Flensted Mobiles<\/title>\n<meta name=\"robots\" content=\"index, follow, max-snippet:-1, max-image-preview:large, max-video-preview:-1\" \/>\n<link rel=\"canonical\" href=\"https:\/\/flenstemp.awork20.dk\/da\/product\/stratos\/\" \/>\n<meta property=\"og:locale\" content=\"da_DK\" \/>\n<meta property=\"og:type\" content=\"article\" \/>\n<meta property=\"og:title\" content=\"Stratos - Flensted Mobiles\" \/>\n<meta property=\"og:description\" content=\"Stratos Designet af Ole Flensted  Har du lyst til at udforske rummet? Eller skabe rolig og inspirerende bev\u00e6gelse i dit eget univers?  Med elegante Stratos, kan du begge dele. T\u00e6nk bare p\u00e5, hvor mange forskellige former du kan skabe med en firkant, der er blevet foldet tre gange.  Resultatet er en mobile med et moderne udtryk, hvor de fire foldede firkanter skaber futuristiske former og fascinerende skygger p\u00e5 v\u00e6ggen og i luften omkring dig.  &#039;Skyerne&#039; er i gul, gr\u00e5-sort og hvid. Ekstra funktion: Der medf\u00f8lger en r\u00f8d &#039;sky&#039; i \u00e6sken, s\u00e5 du kan tilpasse mobilen, s\u00e5 den passer til dit hum\u00f8r.\" \/>\n<meta property=\"og:url\" content=\"https:\/\/flenstemp.awork20.dk\/da\/product\/stratos\/\" \/>\n<meta property=\"og:site_name\" content=\"Flensted Mobiles\" \/>\n<meta property=\"article:publisher\" content=\"https:\/\/www.facebook.com\/flenstedmobiles\" \/>\n<meta property=\"article:modified_time\" content=\"2023-08-31T11:47:15+00:00\" \/>\n<meta property=\"og:image\" content=\"https:\/\/flenstemp.awork20.dk\/wp-content\/uploads\/2021\/12\/FM_136_stratos-1.png\" \/>\n\t<meta property=\"og:image:width\" content=\"794\" \/>\n\t<meta property=\"og:image:height\" content=\"794\" \/>\n\t<meta property=\"og:image:type\" content=\"image\/png\" \/>\n<meta name=\"twitter:card\" content=\"summary_large_image\" \/>\n<script type=\"application\/ld+json\" class=\"yoast-schema-graph\">{\"@context\":\"https:\/\/schema.org\",\"@graph\":[{\"@type\":\"WebPage\",\"@id\":\"https:\/\/flenstemp.awork20.dk\/da\/product\/stratos\/\",\"url\":\"https:\/\/flenstemp.awork20.dk\/da\/product\/stratos\/\",\"name\":\"Stratos - Flensted Mobiles\",\"isPartOf\":{\"@id\":\"https:\/\/flenstemp.awork20.dk\/#website\"},\"datePublished\":\"1990-05-25T12:32:11+00:00\",\"dateModified\":\"2023-08-31T11:47:15+00:00\",\"breadcrumb\":{\"@id\":\"https:\/\/flenstemp.awork20.dk\/da\/product\/stratos\/#breadcrumb\"},\"inLanguage\":\"da-DK\",\"potentialAction\":[{\"@type\":\"ReadAction\",\"target\":[\"https:\/\/flenstemp.awork20.dk\/da\/product\/stratos\/\"]}]},{\"@type\":\"BreadcrumbList\",\"@id\":\"https:\/\/flenstemp.awork20.dk\/da\/product\/stratos\/#breadcrumb\",\"itemListElement\":[{\"@type\":\"ListItem\",\"position\":1,\"name\":\"Home\",\"item\":\"https:\/\/flenstemp.awork20.dk\/da\/\"},{\"@type\":\"ListItem\",\"position\":2,\"name\":\"Products\",\"item\":\"https:\/\/flenstemp.awork20.dk\/shop\/\"},{\"@type\":\"ListItem\",\"position\":3,\"name\":\"Stratos\"}]},{\"@type\":\"WebSite\",\"@id\":\"https:\/\/flenstemp.awork20.dk\/#website\",\"url\":\"https:\/\/flenstemp.awork20.dk\/\",\"name\":\"Flensted Mobiles\",\"description\":\"Unikke mobiler som skaber ro og balance, i enhvers hjem.\",\"publisher\":{\"@id\":\"https:\/\/flenstemp.awork20.dk\/#organization\"},\"potentialAction\":[{\"@type\":\"SearchAction\",\"target\":{\"@type\":\"EntryPoint\",\"urlTemplate\":\"https:\/\/flenstemp.awork20.dk\/?s={search_term_string}\"},\"query-input\":\"required name=search_term_string\"}],\"inLanguage\":\"da-DK\"},{\"@type\":\"Organization\",\"@id\":\"https:\/\/flenstemp.awork20.dk\/#organization\",\"name\":\"Flensted Mobiles\",\"url\":\"https:\/\/flenstemp.awork20.dk\/\",\"logo\":{\"@type\":\"ImageObject\",\"inLanguage\":\"da-DK\",\"@id\":\"https:\/\/flenstemp.awork20.dk\/#\/schema\/logo\/image\/\",\"url\":\"https:\/\/flensted-mobiles.com\/wp-content\/uploads\/2022\/03\/FlenstedLogo_med_ramme_100-3.webp\",\"contentUrl\":\"https:\/\/flensted-mobiles.com\/wp-content\/uploads\/2022\/03\/FlenstedLogo_med_ramme_100-3.webp\",\"width\":2118,\"height\":2118,\"caption\":\"Flensted Mobiles\"},\"image\":{\"@id\":\"https:\/\/flenstemp.awork20.dk\/#\/schema\/logo\/image\/\"},\"sameAs\":[\"https:\/\/www.facebook.com\/flenstedmobiles\"]}]}<\/script>\n<!-- \/ Yoast SEO plugin. -->","yoast_head_json":{"title":"Stratos - Flensted Mobiles","robots":{"index":"index","follow":"follow","max-snippet":"max-snippet:-1","max-image-preview":"max-image-preview:large","max-video-preview":"max-video-preview:-1"},"canonical":"https:\/\/flenstemp.awork20.dk\/da\/product\/stratos\/","og_locale":"da_DK","og_type":"article","og_title":"Stratos - Flensted Mobiles","og_description":"Stratos Designet af Ole Flensted  Har du lyst til at udforske rummet? Eller skabe rolig og inspirerende bev\u00e6gelse i dit eget univers?  Med elegante Stratos, kan du begge dele. T\u00e6nk bare p\u00e5, hvor mange forskellige former du kan skabe med en firkant, der er blevet foldet tre gange.  Resultatet er en mobile med et moderne udtryk, hvor de fire foldede firkanter skaber futuristiske former og fascinerende skygger p\u00e5 v\u00e6ggen og i luften omkring dig.  'Skyerne' er i gul, gr\u00e5-sort og hvid. Ekstra funktion: Der medf\u00f8lger en r\u00f8d 'sky' i \u00e6sken, s\u00e5 du kan tilpasse mobilen, s\u00e5 den passer til dit hum\u00f8r.","og_url":"https:\/\/flenstemp.awork20.dk\/da\/product\/stratos\/","og_site_name":"Flensted Mobiles","article_publisher":"https:\/\/www.facebook.com\/flenstedmobiles","article_modified_time":"2023-08-31T11:47:15+00:00","og_image":[{"width":794,"height":794,"url":"https:\/\/flenstemp.awork20.dk\/wp-content\/uploads\/2021\/12\/FM_136_stratos-1.png","type":"image\/png"}],"twitter_card":"summary_large_image","schema":{"@context":"https:\/\/schema.org","@graph":[{"@type":"WebPage","@id":"https:\/\/flenstemp.awork20.dk\/da\/product\/stratos\/","url":"https:\/\/flenstemp.awork20.dk\/da\/product\/stratos\/","name":"Stratos - Flensted Mobiles","isPartOf":{"@id":"https:\/\/flenstemp.awork20.dk\/#website"},"datePublished":"1990-05-25T12:32:11+00:00","dateModified":"2023-08-31T11:47:15+00:00","breadcrumb":{"@id":"https:\/\/flenstemp.awork20.dk\/da\/product\/stratos\/#breadcrumb"},"inLanguage":"da-DK","potentialAction":[{"@type":"ReadAction","target":["https:\/\/flenstemp.awork20.dk\/da\/product\/stratos\/"]}]},{"@type":"BreadcrumbList","@id":"https:\/\/flenstemp.awork20.dk\/da\/product\/stratos\/#breadcrumb","itemListElement":[{"@type":"ListItem","position":1,"name":"Home","item":"https:\/\/flenstemp.awork20.dk\/da\/"},{"@type":"ListItem","position":2,"name":"Products","item":"https:\/\/flenstemp.awork20.dk\/shop\/"},{"@type":"ListItem","position":3,"name":"Stratos"}]},{"@type":"WebSite","@id":"https:\/\/flenstemp.awork20.dk\/#website","url":"https:\/\/flenstemp.awork20.dk\/","name":"Flensted Mobiles","description":"Unikke mobiler som skaber ro og balance, i enhvers hjem.","publisher":{"@id":"https:\/\/flenstemp.awork20.dk\/#organization"},"potentialAction":[{"@type":"SearchAction","target":{"@type":"EntryPoint","urlTemplate":"https:\/\/flenstemp.awork20.dk\/?s={search_term_string}"},"query-input":"required name=search_term_string"}],"inLanguage":"da-DK"},{"@type":"Organization","@id":"https:\/\/flenstemp.awork20.dk\/#organization","name":"Flensted Mobiles","url":"https:\/\/flenstemp.awork20.dk\/","logo":{"@type":"ImageObject","inLanguage":"da-DK","@id":"https:\/\/flenstemp.awork20.dk\/#\/schema\/logo\/image\/","url":"https:\/\/flensted-mobiles.com\/wp-content\/uploads\/2022\/03\/FlenstedLogo_med_ramme_100-3.webp","contentUrl":"https:\/\/flensted-mobiles.com\/wp-content\/uploads\/2022\/03\/FlenstedLogo_med_ramme_100-3.webp","width":2118,"height":2118,"caption":"Flensted Mobiles"},"image":{"@id":"https:\/\/flenstemp.awork20.dk\/#\/schema\/logo\/image\/"},"sameAs":["https:\/\/www.facebook.com\/flenstedmobiles"]}]}},"_links":{"self":[{"href":"https:\/\/flenstemp.awork20.dk\/da\/wp-json\/wp\/v2\/product\/1557"}],"collection":[{"href":"https:\/\/flenstemp.awork20.dk\/da\/wp-json\/wp\/v2\/product"}],"about":[{"href":"https:\/\/flenstemp.awork20.dk\/da\/wp-json\/wp\/v2\/types\/product"}],"wp:featuredmedia":[{"embeddable":true,"href":"https:\/\/flenstemp.awork20.dk\/da\/wp-json\/wp\/v2\/media\/4149"}],"wp:attachment":[{"href":"https:\/\/flenstemp.awork20.dk\/da\/wp-json\/wp\/v2\/media?parent=1557"}],"wp:term":[{"taxonomy":"product_cat","embeddable":true,"href":"https:\/\/flenstemp.awork20.dk\/da\/wp-json\/wp\/v2\/product_cat?post=1557"},{"taxonomy":"product_tag","embeddable":true,"href":"https:\/\/flenstemp.awork20.dk\/da\/wp-json\/wp\/v2\/product_tag?post=1557"}],"curies":[{"name":"wp","href":"https:\/\/api.w.org\/{rel}","templated":true}]}}