{"id":1553,"date":"1990-05-25T14:30:49","date_gmt":"1990-05-25T12:30:49","guid":{"rendered":"https:\/\/flenstedmobiles.com\/?post_type=product&#038;p=1553"},"modified":"2023-08-31T11:37:20","modified_gmt":"2023-08-31T09:37:20","slug":"kanin-mobile","status":"publish","type":"product","link":"https:\/\/flenstemp.awork20.dk\/da\/product\/kanin-mobile\/","title":{"rendered":"Kanin Mobile"},"content":{"rendered":"","protected":false},"excerpt":{"rendered":"<h1>Kanin Mobile<\/h1>\n<p>Designet af Louise B. Helmersen<\/p>\n<p>Sjove og glade kaniner sk\u00e5ret ud af cirkler. <\/p>\n<p>Til indretning p\u00e5 et b\u00f8rnev\u00e6relse eller til at h\u00e6nge ved p\u00e5sketid for at f\u00e5 p\u00e5skeharen med indenfor!<\/p>\n","protected":false},"featured_media":4151,"template":"","meta":[],"product_cat":[960,11875,976,11899,11951,980],"product_tag":[],"yoast_head":"<!-- This site is optimized with the Yoast SEO plugin v20.8 - https:\/\/yoast.com\/wordpress\/plugins\/seo\/ -->\n<title>Kanin Mobile - Flensted Mobiles<\/title>\n<meta name=\"robots\" content=\"index, follow, max-snippet:-1, max-image-preview:large, max-video-preview:-1\" \/>\n<link rel=\"canonical\" href=\"https:\/\/flenstemp.awork20.dk\/da\/product\/kanin-mobile\/\" \/>\n<meta property=\"og:locale\" content=\"da_DK\" \/>\n<meta property=\"og:type\" content=\"article\" \/>\n<meta property=\"og:title\" content=\"Kanin Mobile - Flensted Mobiles\" \/>\n<meta property=\"og:description\" content=\"Kanin Mobile Designet af Louise B. Helmersen  Sjove og glade kaniner sk\u00e5ret ud af cirkler.   Til indretning p\u00e5 et b\u00f8rnev\u00e6relse eller til at h\u00e6nge ved p\u00e5sketid for at f\u00e5 p\u00e5skeharen med indenfor!\" \/>\n<meta property=\"og:url\" content=\"https:\/\/flenstemp.awork20.dk\/da\/product\/kanin-mobile\/\" \/>\n<meta property=\"og:site_name\" content=\"Flensted Mobiles\" \/>\n<meta property=\"article:publisher\" content=\"https:\/\/www.facebook.com\/flenstedmobiles\" \/>\n<meta property=\"article:modified_time\" content=\"2023-08-31T09:37:20+00:00\" \/>\n<meta property=\"og:image\" content=\"https:\/\/flenstemp.awork20.dk\/wp-content\/uploads\/2021\/12\/FM_140_circular_bunnies-1.png\" \/>\n\t<meta property=\"og:image:width\" content=\"794\" \/>\n\t<meta property=\"og:image:height\" content=\"794\" \/>\n\t<meta property=\"og:image:type\" content=\"image\/png\" \/>\n<meta name=\"twitter:card\" content=\"summary_large_image\" \/>\n<script type=\"application\/ld+json\" class=\"yoast-schema-graph\">{\"@context\":\"https:\/\/schema.org\",\"@graph\":[{\"@type\":\"WebPage\",\"@id\":\"https:\/\/flenstemp.awork20.dk\/da\/product\/kanin-mobile\/\",\"url\":\"https:\/\/flenstemp.awork20.dk\/da\/product\/kanin-mobile\/\",\"name\":\"Kanin Mobile - Flensted Mobiles\",\"isPartOf\":{\"@id\":\"https:\/\/flenstemp.awork20.dk\/#website\"},\"datePublished\":\"1990-05-25T12:30:49+00:00\",\"dateModified\":\"2023-08-31T09:37:20+00:00\",\"breadcrumb\":{\"@id\":\"https:\/\/flenstemp.awork20.dk\/da\/product\/kanin-mobile\/#breadcrumb\"},\"inLanguage\":\"da-DK\",\"potentialAction\":[{\"@type\":\"ReadAction\",\"target\":[\"https:\/\/flenstemp.awork20.dk\/da\/product\/kanin-mobile\/\"]}]},{\"@type\":\"BreadcrumbList\",\"@id\":\"https:\/\/flenstemp.awork20.dk\/da\/product\/kanin-mobile\/#breadcrumb\",\"itemListElement\":[{\"@type\":\"ListItem\",\"position\":1,\"name\":\"Home\",\"item\":\"https:\/\/flenstemp.awork20.dk\/da\/\"},{\"@type\":\"ListItem\",\"position\":2,\"name\":\"Products\",\"item\":\"https:\/\/flenstemp.awork20.dk\/shop\/\"},{\"@type\":\"ListItem\",\"position\":3,\"name\":\"Kanin Mobile\"}]},{\"@type\":\"WebSite\",\"@id\":\"https:\/\/flenstemp.awork20.dk\/#website\",\"url\":\"https:\/\/flenstemp.awork20.dk\/\",\"name\":\"Flensted Mobiles\",\"description\":\"Unikke mobiler som skaber ro og balance, i enhvers hjem.\",\"publisher\":{\"@id\":\"https:\/\/flenstemp.awork20.dk\/#organization\"},\"potentialAction\":[{\"@type\":\"SearchAction\",\"target\":{\"@type\":\"EntryPoint\",\"urlTemplate\":\"https:\/\/flenstemp.awork20.dk\/?s={search_term_string}\"},\"query-input\":\"required name=search_term_string\"}],\"inLanguage\":\"da-DK\"},{\"@type\":\"Organization\",\"@id\":\"https:\/\/flenstemp.awork20.dk\/#organization\",\"name\":\"Flensted Mobiles\",\"url\":\"https:\/\/flenstemp.awork20.dk\/\",\"logo\":{\"@type\":\"ImageObject\",\"inLanguage\":\"da-DK\",\"@id\":\"https:\/\/flenstemp.awork20.dk\/#\/schema\/logo\/image\/\",\"url\":\"https:\/\/flensted-mobiles.com\/wp-content\/uploads\/2022\/03\/FlenstedLogo_med_ramme_100-3.webp\",\"contentUrl\":\"https:\/\/flensted-mobiles.com\/wp-content\/uploads\/2022\/03\/FlenstedLogo_med_ramme_100-3.webp\",\"width\":2118,\"height\":2118,\"caption\":\"Flensted Mobiles\"},\"image\":{\"@id\":\"https:\/\/flenstemp.awork20.dk\/#\/schema\/logo\/image\/\"},\"sameAs\":[\"https:\/\/www.facebook.com\/flenstedmobiles\"]}]}<\/script>\n<!-- \/ Yoast SEO plugin. -->","yoast_head_json":{"title":"Kanin Mobile - Flensted Mobiles","robots":{"index":"index","follow":"follow","max-snippet":"max-snippet:-1","max-image-preview":"max-image-preview:large","max-video-preview":"max-video-preview:-1"},"canonical":"https:\/\/flenstemp.awork20.dk\/da\/product\/kanin-mobile\/","og_locale":"da_DK","og_type":"article","og_title":"Kanin Mobile - Flensted Mobiles","og_description":"Kanin Mobile Designet af Louise B. Helmersen  Sjove og glade kaniner sk\u00e5ret ud af cirkler.   Til indretning p\u00e5 et b\u00f8rnev\u00e6relse eller til at h\u00e6nge ved p\u00e5sketid for at f\u00e5 p\u00e5skeharen med indenfor!","og_url":"https:\/\/flenstemp.awork20.dk\/da\/product\/kanin-mobile\/","og_site_name":"Flensted Mobiles","article_publisher":"https:\/\/www.facebook.com\/flenstedmobiles","article_modified_time":"2023-08-31T09:37:20+00:00","og_image":[{"width":794,"height":794,"url":"https:\/\/flenstemp.awork20.dk\/wp-content\/uploads\/2021\/12\/FM_140_circular_bunnies-1.png","type":"image\/png"}],"twitter_card":"summary_large_image","schema":{"@context":"https:\/\/schema.org","@graph":[{"@type":"WebPage","@id":"https:\/\/flenstemp.awork20.dk\/da\/product\/kanin-mobile\/","url":"https:\/\/flenstemp.awork20.dk\/da\/product\/kanin-mobile\/","name":"Kanin Mobile - Flensted Mobiles","isPartOf":{"@id":"https:\/\/flenstemp.awork20.dk\/#website"},"datePublished":"1990-05-25T12:30:49+00:00","dateModified":"2023-08-31T09:37:20+00:00","breadcrumb":{"@id":"https:\/\/flenstemp.awork20.dk\/da\/product\/kanin-mobile\/#breadcrumb"},"inLanguage":"da-DK","potentialAction":[{"@type":"ReadAction","target":["https:\/\/flenstemp.awork20.dk\/da\/product\/kanin-mobile\/"]}]},{"@type":"BreadcrumbList","@id":"https:\/\/flenstemp.awork20.dk\/da\/product\/kanin-mobile\/#breadcrumb","itemListElement":[{"@type":"ListItem","position":1,"name":"Home","item":"https:\/\/flenstemp.awork20.dk\/da\/"},{"@type":"ListItem","position":2,"name":"Products","item":"https:\/\/flenstemp.awork20.dk\/shop\/"},{"@type":"ListItem","position":3,"name":"Kanin Mobile"}]},{"@type":"WebSite","@id":"https:\/\/flenstemp.awork20.dk\/#website","url":"https:\/\/flenstemp.awork20.dk\/","name":"Flensted Mobiles","description":"Unikke mobiler som skaber ro og balance, i enhvers hjem.","publisher":{"@id":"https:\/\/flenstemp.awork20.dk\/#organization"},"potentialAction":[{"@type":"SearchAction","target":{"@type":"EntryPoint","urlTemplate":"https:\/\/flenstemp.awork20.dk\/?s={search_term_string}"},"query-input":"required name=search_term_string"}],"inLanguage":"da-DK"},{"@type":"Organization","@id":"https:\/\/flenstemp.awork20.dk\/#organization","name":"Flensted Mobiles","url":"https:\/\/flenstemp.awork20.dk\/","logo":{"@type":"ImageObject","inLanguage":"da-DK","@id":"https:\/\/flenstemp.awork20.dk\/#\/schema\/logo\/image\/","url":"https:\/\/flensted-mobiles.com\/wp-content\/uploads\/2022\/03\/FlenstedLogo_med_ramme_100-3.webp","contentUrl":"https:\/\/flensted-mobiles.com\/wp-content\/uploads\/2022\/03\/FlenstedLogo_med_ramme_100-3.webp","width":2118,"height":2118,"caption":"Flensted Mobiles"},"image":{"@id":"https:\/\/flenstemp.awork20.dk\/#\/schema\/logo\/image\/"},"sameAs":["https:\/\/www.facebook.com\/flenstedmobiles"]}]}},"_links":{"self":[{"href":"https:\/\/flenstemp.awork20.dk\/da\/wp-json\/wp\/v2\/product\/1553"}],"collection":[{"href":"https:\/\/flenstemp.awork20.dk\/da\/wp-json\/wp\/v2\/product"}],"about":[{"href":"https:\/\/flenstemp.awork20.dk\/da\/wp-json\/wp\/v2\/types\/product"}],"wp:featuredmedia":[{"embeddable":true,"href":"https:\/\/flenstemp.awork20.dk\/da\/wp-json\/wp\/v2\/media\/4151"}],"wp:attachment":[{"href":"https:\/\/flenstemp.awork20.dk\/da\/wp-json\/wp\/v2\/media?parent=1553"}],"wp:term":[{"taxonomy":"product_cat","embeddable":true,"href":"https:\/\/flenstemp.awork20.dk\/da\/wp-json\/wp\/v2\/product_cat?post=1553"},{"taxonomy":"product_tag","embeddable":true,"href":"https:\/\/flenstemp.awork20.dk\/da\/wp-json\/wp\/v2\/product_tag?post=1553"}],"curies":[{"name":"wp","href":"https:\/\/api.w.org\/{rel}","templated":true}]}}