{"id":1550,"date":"2005-05-25T14:22:52","date_gmt":"2005-05-25T12:22:52","guid":{"rendered":"https:\/\/flenstedmobiles.com\/?post_type=product&#038;p=1550"},"modified":"2023-08-31T11:35:23","modified_gmt":"2023-08-31T09:35:23","slug":"brise","status":"publish","type":"product","link":"https:\/\/flenstemp.awork20.dk\/da\/product\/brise\/","title":{"rendered":"Brise"},"content":{"rendered":"","protected":false},"excerpt":{"rendered":"<h1>Brise<\/h1>\n<p>Designet af Ole Flensted<\/p>\n<p>Havet. B\u00f8lger af lys. En blid sommerbrise over engen eller nede p\u00e5 kysten, synet af en klar, bl\u00e5 himmel.<\/p>\n<p>Det kunne n\u00e6sten ikke blive mere enkelt \u2013 og sommeragtigt \u2013 end med Brise-mobilen.<\/p>\n<p>Fra de seks st\u00e5lkurver springer fire farvede &#8216;vinger&#8217; ud, som tager dig afsted med dem.<\/p>\n<p>Lad dine tanker f\u00e5 frit l\u00f8b. L\u00e6n dig tilbage og dr\u00f8m dig til smukke sommerdage.<\/p>\n<p>Samtidig er Brise en yderst elegant mobil, der udnytter kontrasten mellem st\u00e5lkurvens opadg\u00e5ende b\u00f8lge og &#8216;vingernes&#8217; nedadg\u00e5ende sving.<\/p>\n<p>Og det bringer os tilbage til kysten, i de buede s\u00e6der p\u00e5 liggestolene og en varm sommerbrise, der leger omkring os.<\/p>\n<p>Brise f\u00e5s, som du ser det p\u00e5 billedet, men vi har ogs\u00e5 inkluderet en r\u00e6kke farver, s\u00e5 du kan \u00e6ndre farvekombinationen, n\u00e5r du har lyst.<\/p>\n<p>De sm\u00e5: 1 ekstra gul og 1 ekstra sort<br \/>\nDe store: 1 sort, I gr\u00f8n, 2 gr\u00e5, 3 gule og 3 r\u00f8de (med forbehold for \u00e6ndringer)<br \/>\nDe ekstra farver tilbyder dig en endel\u00f8s palet af varianter<\/p>\n","protected":false},"featured_media":4152,"template":"","meta":[],"product_cat":[960,11875,985,11878],"product_tag":[11886,12622],"yoast_head":"<!-- This site is optimized with the Yoast SEO plugin v20.8 - https:\/\/yoast.com\/wordpress\/plugins\/seo\/ -->\n<title>Brise - Flensted Mobiles<\/title>\n<meta name=\"robots\" content=\"index, follow, max-snippet:-1, max-image-preview:large, max-video-preview:-1\" \/>\n<link rel=\"canonical\" href=\"https:\/\/flenstemp.awork20.dk\/da\/product\/brise\/\" \/>\n<meta property=\"og:locale\" content=\"da_DK\" \/>\n<meta property=\"og:type\" content=\"article\" \/>\n<meta property=\"og:title\" content=\"Brise - Flensted Mobiles\" \/>\n<meta property=\"og:description\" content=\"Brise Designet af Ole Flensted  Havet. B\u00f8lger af lys. En blid sommerbrise over engen eller nede p\u00e5 kysten, synet af en klar, bl\u00e5 himmel.  Det kunne n\u00e6sten ikke blive mere enkelt \u2013 og sommeragtigt \u2013 end med Brise-mobilen.  Fra de seks st\u00e5lkurver springer fire farvede &#039;vinger&#039; ud, som tager dig afsted med dem.  Lad dine tanker f\u00e5 frit l\u00f8b. L\u00e6n dig tilbage og dr\u00f8m dig til smukke sommerdage.  Samtidig er Brise en yderst elegant mobil, der udnytter kontrasten mellem st\u00e5lkurvens opadg\u00e5ende b\u00f8lge og &#039;vingernes&#039; nedadg\u00e5ende sving.  Og det bringer os tilbage til kysten, i de buede s\u00e6der p\u00e5 liggestolene og en varm sommerbrise, der leger omkring os.  Brise f\u00e5s, som du ser det p\u00e5 billedet, men vi har ogs\u00e5 inkluderet en r\u00e6kke farver, s\u00e5 du kan \u00e6ndre farvekombinationen, n\u00e5r du har lyst.  De sm\u00e5: 1 ekstra gul og 1 ekstra sort De store: 1 sort, I gr\u00f8n, 2 gr\u00e5, 3 gule og 3 r\u00f8de (med forbehold for \u00e6ndringer) De ekstra farver tilbyder dig en endel\u00f8s palet af varianter\" \/>\n<meta property=\"og:url\" content=\"https:\/\/flenstemp.awork20.dk\/da\/product\/brise\/\" \/>\n<meta property=\"og:site_name\" content=\"Flensted Mobiles\" \/>\n<meta property=\"article:publisher\" content=\"https:\/\/www.facebook.com\/flenstedmobiles\" \/>\n<meta property=\"article:modified_time\" content=\"2023-08-31T09:35:23+00:00\" \/>\n<meta property=\"og:image\" content=\"https:\/\/flenstemp.awork20.dk\/wp-content\/uploads\/2021\/12\/FM_143_breeze-1.png\" \/>\n\t<meta property=\"og:image:width\" content=\"794\" \/>\n\t<meta property=\"og:image:height\" content=\"794\" \/>\n\t<meta property=\"og:image:type\" content=\"image\/png\" \/>\n<meta name=\"twitter:card\" content=\"summary_large_image\" \/>\n<script type=\"application\/ld+json\" class=\"yoast-schema-graph\">{\"@context\":\"https:\/\/schema.org\",\"@graph\":[{\"@type\":\"WebPage\",\"@id\":\"https:\/\/flenstemp.awork20.dk\/da\/product\/brise\/\",\"url\":\"https:\/\/flenstemp.awork20.dk\/da\/product\/brise\/\",\"name\":\"Brise - Flensted Mobiles\",\"isPartOf\":{\"@id\":\"https:\/\/flenstemp.awork20.dk\/#website\"},\"datePublished\":\"2005-05-25T12:22:52+00:00\",\"dateModified\":\"2023-08-31T09:35:23+00:00\",\"breadcrumb\":{\"@id\":\"https:\/\/flenstemp.awork20.dk\/da\/product\/brise\/#breadcrumb\"},\"inLanguage\":\"da-DK\",\"potentialAction\":[{\"@type\":\"ReadAction\",\"target\":[\"https:\/\/flenstemp.awork20.dk\/da\/product\/brise\/\"]}]},{\"@type\":\"BreadcrumbList\",\"@id\":\"https:\/\/flenstemp.awork20.dk\/da\/product\/brise\/#breadcrumb\",\"itemListElement\":[{\"@type\":\"ListItem\",\"position\":1,\"name\":\"Home\",\"item\":\"https:\/\/flenstemp.awork20.dk\/da\/\"},{\"@type\":\"ListItem\",\"position\":2,\"name\":\"Products\",\"item\":\"https:\/\/flenstemp.awork20.dk\/shop\/\"},{\"@type\":\"ListItem\",\"position\":3,\"name\":\"Brise\"}]},{\"@type\":\"WebSite\",\"@id\":\"https:\/\/flenstemp.awork20.dk\/#website\",\"url\":\"https:\/\/flenstemp.awork20.dk\/\",\"name\":\"Flensted Mobiles\",\"description\":\"Unikke mobiler som skaber ro og balance, i enhvers hjem.\",\"publisher\":{\"@id\":\"https:\/\/flenstemp.awork20.dk\/#organization\"},\"potentialAction\":[{\"@type\":\"SearchAction\",\"target\":{\"@type\":\"EntryPoint\",\"urlTemplate\":\"https:\/\/flenstemp.awork20.dk\/?s={search_term_string}\"},\"query-input\":\"required name=search_term_string\"}],\"inLanguage\":\"da-DK\"},{\"@type\":\"Organization\",\"@id\":\"https:\/\/flenstemp.awork20.dk\/#organization\",\"name\":\"Flensted Mobiles\",\"url\":\"https:\/\/flenstemp.awork20.dk\/\",\"logo\":{\"@type\":\"ImageObject\",\"inLanguage\":\"da-DK\",\"@id\":\"https:\/\/flenstemp.awork20.dk\/#\/schema\/logo\/image\/\",\"url\":\"https:\/\/flensted-mobiles.com\/wp-content\/uploads\/2022\/03\/FlenstedLogo_med_ramme_100-3.webp\",\"contentUrl\":\"https:\/\/flensted-mobiles.com\/wp-content\/uploads\/2022\/03\/FlenstedLogo_med_ramme_100-3.webp\",\"width\":2118,\"height\":2118,\"caption\":\"Flensted Mobiles\"},\"image\":{\"@id\":\"https:\/\/flenstemp.awork20.dk\/#\/schema\/logo\/image\/\"},\"sameAs\":[\"https:\/\/www.facebook.com\/flenstedmobiles\"]}]}<\/script>\n<!-- \/ Yoast SEO plugin. -->","yoast_head_json":{"title":"Brise - Flensted Mobiles","robots":{"index":"index","follow":"follow","max-snippet":"max-snippet:-1","max-image-preview":"max-image-preview:large","max-video-preview":"max-video-preview:-1"},"canonical":"https:\/\/flenstemp.awork20.dk\/da\/product\/brise\/","og_locale":"da_DK","og_type":"article","og_title":"Brise - Flensted Mobiles","og_description":"Brise Designet af Ole Flensted  Havet. B\u00f8lger af lys. En blid sommerbrise over engen eller nede p\u00e5 kysten, synet af en klar, bl\u00e5 himmel.  Det kunne n\u00e6sten ikke blive mere enkelt \u2013 og sommeragtigt \u2013 end med Brise-mobilen.  Fra de seks st\u00e5lkurver springer fire farvede 'vinger' ud, som tager dig afsted med dem.  Lad dine tanker f\u00e5 frit l\u00f8b. L\u00e6n dig tilbage og dr\u00f8m dig til smukke sommerdage.  Samtidig er Brise en yderst elegant mobil, der udnytter kontrasten mellem st\u00e5lkurvens opadg\u00e5ende b\u00f8lge og 'vingernes' nedadg\u00e5ende sving.  Og det bringer os tilbage til kysten, i de buede s\u00e6der p\u00e5 liggestolene og en varm sommerbrise, der leger omkring os.  Brise f\u00e5s, som du ser det p\u00e5 billedet, men vi har ogs\u00e5 inkluderet en r\u00e6kke farver, s\u00e5 du kan \u00e6ndre farvekombinationen, n\u00e5r du har lyst.  De sm\u00e5: 1 ekstra gul og 1 ekstra sort De store: 1 sort, I gr\u00f8n, 2 gr\u00e5, 3 gule og 3 r\u00f8de (med forbehold for \u00e6ndringer) De ekstra farver tilbyder dig en endel\u00f8s palet af varianter","og_url":"https:\/\/flenstemp.awork20.dk\/da\/product\/brise\/","og_site_name":"Flensted Mobiles","article_publisher":"https:\/\/www.facebook.com\/flenstedmobiles","article_modified_time":"2023-08-31T09:35:23+00:00","og_image":[{"width":794,"height":794,"url":"https:\/\/flenstemp.awork20.dk\/wp-content\/uploads\/2021\/12\/FM_143_breeze-1.png","type":"image\/png"}],"twitter_card":"summary_large_image","schema":{"@context":"https:\/\/schema.org","@graph":[{"@type":"WebPage","@id":"https:\/\/flenstemp.awork20.dk\/da\/product\/brise\/","url":"https:\/\/flenstemp.awork20.dk\/da\/product\/brise\/","name":"Brise - Flensted Mobiles","isPartOf":{"@id":"https:\/\/flenstemp.awork20.dk\/#website"},"datePublished":"2005-05-25T12:22:52+00:00","dateModified":"2023-08-31T09:35:23+00:00","breadcrumb":{"@id":"https:\/\/flenstemp.awork20.dk\/da\/product\/brise\/#breadcrumb"},"inLanguage":"da-DK","potentialAction":[{"@type":"ReadAction","target":["https:\/\/flenstemp.awork20.dk\/da\/product\/brise\/"]}]},{"@type":"BreadcrumbList","@id":"https:\/\/flenstemp.awork20.dk\/da\/product\/brise\/#breadcrumb","itemListElement":[{"@type":"ListItem","position":1,"name":"Home","item":"https:\/\/flenstemp.awork20.dk\/da\/"},{"@type":"ListItem","position":2,"name":"Products","item":"https:\/\/flenstemp.awork20.dk\/shop\/"},{"@type":"ListItem","position":3,"name":"Brise"}]},{"@type":"WebSite","@id":"https:\/\/flenstemp.awork20.dk\/#website","url":"https:\/\/flenstemp.awork20.dk\/","name":"Flensted Mobiles","description":"Unikke mobiler som skaber ro og balance, i enhvers hjem.","publisher":{"@id":"https:\/\/flenstemp.awork20.dk\/#organization"},"potentialAction":[{"@type":"SearchAction","target":{"@type":"EntryPoint","urlTemplate":"https:\/\/flenstemp.awork20.dk\/?s={search_term_string}"},"query-input":"required name=search_term_string"}],"inLanguage":"da-DK"},{"@type":"Organization","@id":"https:\/\/flenstemp.awork20.dk\/#organization","name":"Flensted Mobiles","url":"https:\/\/flenstemp.awork20.dk\/","logo":{"@type":"ImageObject","inLanguage":"da-DK","@id":"https:\/\/flenstemp.awork20.dk\/#\/schema\/logo\/image\/","url":"https:\/\/flensted-mobiles.com\/wp-content\/uploads\/2022\/03\/FlenstedLogo_med_ramme_100-3.webp","contentUrl":"https:\/\/flensted-mobiles.com\/wp-content\/uploads\/2022\/03\/FlenstedLogo_med_ramme_100-3.webp","width":2118,"height":2118,"caption":"Flensted Mobiles"},"image":{"@id":"https:\/\/flenstemp.awork20.dk\/#\/schema\/logo\/image\/"},"sameAs":["https:\/\/www.facebook.com\/flenstedmobiles"]}]}},"_links":{"self":[{"href":"https:\/\/flenstemp.awork20.dk\/da\/wp-json\/wp\/v2\/product\/1550"}],"collection":[{"href":"https:\/\/flenstemp.awork20.dk\/da\/wp-json\/wp\/v2\/product"}],"about":[{"href":"https:\/\/flenstemp.awork20.dk\/da\/wp-json\/wp\/v2\/types\/product"}],"wp:featuredmedia":[{"embeddable":true,"href":"https:\/\/flenstemp.awork20.dk\/da\/wp-json\/wp\/v2\/media\/4152"}],"wp:attachment":[{"href":"https:\/\/flenstemp.awork20.dk\/da\/wp-json\/wp\/v2\/media?parent=1550"}],"wp:term":[{"taxonomy":"product_cat","embeddable":true,"href":"https:\/\/flenstemp.awork20.dk\/da\/wp-json\/wp\/v2\/product_cat?post=1550"},{"taxonomy":"product_tag","embeddable":true,"href":"https:\/\/flenstemp.awork20.dk\/da\/wp-json\/wp\/v2\/product_tag?post=1550"}],"curies":[{"name":"wp","href":"https:\/\/api.w.org\/{rel}","templated":true}]}}