{"id":1542,"date":"2000-05-25T14:15:23","date_gmt":"2000-05-25T12:15:23","guid":{"rendered":"https:\/\/flenstedmobiles.com\/?post_type=product&#038;p=1542"},"modified":"2023-08-31T11:25:57","modified_gmt":"2023-08-31T09:25:57","slug":"splash-mobile-plexi","status":"publish","type":"product","link":"https:\/\/flenstemp.awork20.dk\/da\/product\/splash-mobile-plexi\/","title":{"rendered":"Splash Mobile, plexi"},"content":{"rendered":"","protected":false},"excerpt":{"rendered":"<h1>Splash Mobile, plexi<\/h1>\n<p>Designet af Ole Flensted<\/p>\n<p>S\u00e6t mig i et vindue. St\u00e6nk af farve vil komme ind i dit v\u00e6relse som magi. Lyset vil skinne gennem det farvede plexiglas og vil spille glimrende langs kanterne af &#8220;dr\u00e5berne&#8221;, n\u00e5r formerne drejer.<\/p>\n<p>Inspireret af Jackson Pollock blev en tidligere model lavet i samarbejde med Whitney Museum i New York.<\/p>\n","protected":false},"featured_media":4156,"template":"","meta":[],"product_cat":[960,11875,11899,976,11878,985],"product_tag":[11923],"yoast_head":"<!-- This site is optimized with the Yoast SEO plugin v20.8 - https:\/\/yoast.com\/wordpress\/plugins\/seo\/ -->\n<title>Splash Mobile, plexi - Flensted Mobiles<\/title>\n<meta name=\"robots\" content=\"index, follow, max-snippet:-1, max-image-preview:large, max-video-preview:-1\" \/>\n<link rel=\"canonical\" href=\"https:\/\/flenstemp.awork20.dk\/da\/product\/splash-mobile-plexi\/\" \/>\n<meta property=\"og:locale\" content=\"da_DK\" \/>\n<meta property=\"og:type\" content=\"article\" \/>\n<meta property=\"og:title\" content=\"Splash Mobile, plexi - Flensted Mobiles\" \/>\n<meta property=\"og:description\" content=\"Splash Mobile, plexi Designet af Ole Flensted  S\u00e6t mig i et vindue. St\u00e6nk af farve vil komme ind i dit v\u00e6relse som magi. Lyset vil skinne gennem det farvede plexiglas og vil spille glimrende langs kanterne af &quot;dr\u00e5berne&quot;, n\u00e5r formerne drejer.  Inspireret af Jackson Pollock blev en tidligere model lavet i samarbejde med Whitney Museum i New York.\" \/>\n<meta property=\"og:url\" content=\"https:\/\/flenstemp.awork20.dk\/da\/product\/splash-mobile-plexi\/\" \/>\n<meta property=\"og:site_name\" content=\"Flensted Mobiles\" \/>\n<meta property=\"article:publisher\" content=\"https:\/\/www.facebook.com\/flenstedmobiles\" \/>\n<meta property=\"article:modified_time\" content=\"2023-08-31T09:25:57+00:00\" \/>\n<meta property=\"og:image\" content=\"https:\/\/flenstemp.awork20.dk\/wp-content\/uploads\/2021\/12\/FM_148_splash-1.png\" \/>\n\t<meta property=\"og:image:width\" content=\"794\" \/>\n\t<meta property=\"og:image:height\" content=\"794\" \/>\n\t<meta property=\"og:image:type\" content=\"image\/png\" \/>\n<meta name=\"twitter:card\" content=\"summary_large_image\" \/>\n<script type=\"application\/ld+json\" class=\"yoast-schema-graph\">{\"@context\":\"https:\/\/schema.org\",\"@graph\":[{\"@type\":\"WebPage\",\"@id\":\"https:\/\/flenstemp.awork20.dk\/da\/product\/splash-mobile-plexi\/\",\"url\":\"https:\/\/flenstemp.awork20.dk\/da\/product\/splash-mobile-plexi\/\",\"name\":\"Splash Mobile, plexi - Flensted Mobiles\",\"isPartOf\":{\"@id\":\"https:\/\/flenstemp.awork20.dk\/#website\"},\"datePublished\":\"2000-05-25T12:15:23+00:00\",\"dateModified\":\"2023-08-31T09:25:57+00:00\",\"breadcrumb\":{\"@id\":\"https:\/\/flenstemp.awork20.dk\/da\/product\/splash-mobile-plexi\/#breadcrumb\"},\"inLanguage\":\"da-DK\",\"potentialAction\":[{\"@type\":\"ReadAction\",\"target\":[\"https:\/\/flenstemp.awork20.dk\/da\/product\/splash-mobile-plexi\/\"]}]},{\"@type\":\"BreadcrumbList\",\"@id\":\"https:\/\/flenstemp.awork20.dk\/da\/product\/splash-mobile-plexi\/#breadcrumb\",\"itemListElement\":[{\"@type\":\"ListItem\",\"position\":1,\"name\":\"Home\",\"item\":\"https:\/\/flenstemp.awork20.dk\/da\/\"},{\"@type\":\"ListItem\",\"position\":2,\"name\":\"Products\",\"item\":\"https:\/\/flenstemp.awork20.dk\/shop\/\"},{\"@type\":\"ListItem\",\"position\":3,\"name\":\"Splash Mobile, plexi\"}]},{\"@type\":\"WebSite\",\"@id\":\"https:\/\/flenstemp.awork20.dk\/#website\",\"url\":\"https:\/\/flenstemp.awork20.dk\/\",\"name\":\"Flensted Mobiles\",\"description\":\"Unikke mobiler som skaber ro og balance, i enhvers hjem.\",\"publisher\":{\"@id\":\"https:\/\/flenstemp.awork20.dk\/#organization\"},\"potentialAction\":[{\"@type\":\"SearchAction\",\"target\":{\"@type\":\"EntryPoint\",\"urlTemplate\":\"https:\/\/flenstemp.awork20.dk\/?s={search_term_string}\"},\"query-input\":\"required name=search_term_string\"}],\"inLanguage\":\"da-DK\"},{\"@type\":\"Organization\",\"@id\":\"https:\/\/flenstemp.awork20.dk\/#organization\",\"name\":\"Flensted Mobiles\",\"url\":\"https:\/\/flenstemp.awork20.dk\/\",\"logo\":{\"@type\":\"ImageObject\",\"inLanguage\":\"da-DK\",\"@id\":\"https:\/\/flenstemp.awork20.dk\/#\/schema\/logo\/image\/\",\"url\":\"https:\/\/flensted-mobiles.com\/wp-content\/uploads\/2022\/03\/FlenstedLogo_med_ramme_100-3.webp\",\"contentUrl\":\"https:\/\/flensted-mobiles.com\/wp-content\/uploads\/2022\/03\/FlenstedLogo_med_ramme_100-3.webp\",\"width\":2118,\"height\":2118,\"caption\":\"Flensted Mobiles\"},\"image\":{\"@id\":\"https:\/\/flenstemp.awork20.dk\/#\/schema\/logo\/image\/\"},\"sameAs\":[\"https:\/\/www.facebook.com\/flenstedmobiles\"]}]}<\/script>\n<!-- \/ Yoast SEO plugin. -->","yoast_head_json":{"title":"Splash Mobile, plexi - Flensted Mobiles","robots":{"index":"index","follow":"follow","max-snippet":"max-snippet:-1","max-image-preview":"max-image-preview:large","max-video-preview":"max-video-preview:-1"},"canonical":"https:\/\/flenstemp.awork20.dk\/da\/product\/splash-mobile-plexi\/","og_locale":"da_DK","og_type":"article","og_title":"Splash Mobile, plexi - Flensted Mobiles","og_description":"Splash Mobile, plexi Designet af Ole Flensted  S\u00e6t mig i et vindue. St\u00e6nk af farve vil komme ind i dit v\u00e6relse som magi. Lyset vil skinne gennem det farvede plexiglas og vil spille glimrende langs kanterne af \"dr\u00e5berne\", n\u00e5r formerne drejer.  Inspireret af Jackson Pollock blev en tidligere model lavet i samarbejde med Whitney Museum i New York.","og_url":"https:\/\/flenstemp.awork20.dk\/da\/product\/splash-mobile-plexi\/","og_site_name":"Flensted Mobiles","article_publisher":"https:\/\/www.facebook.com\/flenstedmobiles","article_modified_time":"2023-08-31T09:25:57+00:00","og_image":[{"width":794,"height":794,"url":"https:\/\/flenstemp.awork20.dk\/wp-content\/uploads\/2021\/12\/FM_148_splash-1.png","type":"image\/png"}],"twitter_card":"summary_large_image","schema":{"@context":"https:\/\/schema.org","@graph":[{"@type":"WebPage","@id":"https:\/\/flenstemp.awork20.dk\/da\/product\/splash-mobile-plexi\/","url":"https:\/\/flenstemp.awork20.dk\/da\/product\/splash-mobile-plexi\/","name":"Splash Mobile, plexi - Flensted Mobiles","isPartOf":{"@id":"https:\/\/flenstemp.awork20.dk\/#website"},"datePublished":"2000-05-25T12:15:23+00:00","dateModified":"2023-08-31T09:25:57+00:00","breadcrumb":{"@id":"https:\/\/flenstemp.awork20.dk\/da\/product\/splash-mobile-plexi\/#breadcrumb"},"inLanguage":"da-DK","potentialAction":[{"@type":"ReadAction","target":["https:\/\/flenstemp.awork20.dk\/da\/product\/splash-mobile-plexi\/"]}]},{"@type":"BreadcrumbList","@id":"https:\/\/flenstemp.awork20.dk\/da\/product\/splash-mobile-plexi\/#breadcrumb","itemListElement":[{"@type":"ListItem","position":1,"name":"Home","item":"https:\/\/flenstemp.awork20.dk\/da\/"},{"@type":"ListItem","position":2,"name":"Products","item":"https:\/\/flenstemp.awork20.dk\/shop\/"},{"@type":"ListItem","position":3,"name":"Splash Mobile, plexi"}]},{"@type":"WebSite","@id":"https:\/\/flenstemp.awork20.dk\/#website","url":"https:\/\/flenstemp.awork20.dk\/","name":"Flensted Mobiles","description":"Unikke mobiler som skaber ro og balance, i enhvers hjem.","publisher":{"@id":"https:\/\/flenstemp.awork20.dk\/#organization"},"potentialAction":[{"@type":"SearchAction","target":{"@type":"EntryPoint","urlTemplate":"https:\/\/flenstemp.awork20.dk\/?s={search_term_string}"},"query-input":"required name=search_term_string"}],"inLanguage":"da-DK"},{"@type":"Organization","@id":"https:\/\/flenstemp.awork20.dk\/#organization","name":"Flensted Mobiles","url":"https:\/\/flenstemp.awork20.dk\/","logo":{"@type":"ImageObject","inLanguage":"da-DK","@id":"https:\/\/flenstemp.awork20.dk\/#\/schema\/logo\/image\/","url":"https:\/\/flensted-mobiles.com\/wp-content\/uploads\/2022\/03\/FlenstedLogo_med_ramme_100-3.webp","contentUrl":"https:\/\/flensted-mobiles.com\/wp-content\/uploads\/2022\/03\/FlenstedLogo_med_ramme_100-3.webp","width":2118,"height":2118,"caption":"Flensted Mobiles"},"image":{"@id":"https:\/\/flenstemp.awork20.dk\/#\/schema\/logo\/image\/"},"sameAs":["https:\/\/www.facebook.com\/flenstedmobiles"]}]}},"_links":{"self":[{"href":"https:\/\/flenstemp.awork20.dk\/da\/wp-json\/wp\/v2\/product\/1542"}],"collection":[{"href":"https:\/\/flenstemp.awork20.dk\/da\/wp-json\/wp\/v2\/product"}],"about":[{"href":"https:\/\/flenstemp.awork20.dk\/da\/wp-json\/wp\/v2\/types\/product"}],"wp:featuredmedia":[{"embeddable":true,"href":"https:\/\/flenstemp.awork20.dk\/da\/wp-json\/wp\/v2\/media\/4156"}],"wp:attachment":[{"href":"https:\/\/flenstemp.awork20.dk\/da\/wp-json\/wp\/v2\/media?parent=1542"}],"wp:term":[{"taxonomy":"product_cat","embeddable":true,"href":"https:\/\/flenstemp.awork20.dk\/da\/wp-json\/wp\/v2\/product_cat?post=1542"},{"taxonomy":"product_tag","embeddable":true,"href":"https:\/\/flenstemp.awork20.dk\/da\/wp-json\/wp\/v2\/product_tag?post=1542"}],"curies":[{"name":"wp","href":"https:\/\/api.w.org\/{rel}","templated":true}]}}