{"id":1538,"date":"1990-05-25T14:01:21","date_gmt":"1990-05-25T12:01:21","guid":{"rendered":"https:\/\/flenstedmobiles.com\/?post_type=product&#038;p=1538"},"modified":"2023-08-31T11:18:56","modified_gmt":"2023-08-31T09:18:56","slug":"7-steps-4-ladders","status":"publish","type":"product","link":"https:\/\/flenstemp.awork20.dk\/da\/product\/7-steps-4-ladders\/","title":{"rendered":"7 Steps 4 Ladders"},"content":{"rendered":"","protected":false},"excerpt":{"rendered":"<h1>7 Steps 4 Ladders<\/h1>\n<p>Designet af Ole Flensted<\/p>\n<p>Trin for trin. H\u00f8jere op. Ned igen. Sort i dag. R\u00f8d i morgen. Hvid i n\u00e6ste uge. Altid i bev\u00e6gelse.<\/p>\n<p>Du bliver aldrig tr\u00e6t af at se p\u00e5, hvordan denne mobile bev\u00e6ger sig. Hvordan de fire stiger danser omkring hinanden. Uden nogensinde at st\u00f8de sammen. Uden at komme p\u00e5 tv\u00e6rs af hinanden.<\/p>\n<p>I stedet danser de omkring hinanden og inviterer dig til en tur opad eller nedad af de syv trin.<\/p>\n<p>Accepter invitationen. Dans med.<\/p>\n<p>Spring fra trin til trin, fra trappe til trappe.<\/p>\n<p>Og f\u00f8l dig legende, let og levende.<\/p>\n","protected":false},"featured_media":4158,"template":"","meta":[],"product_cat":[960,11875,11878,985],"product_tag":[11886,11918,12622],"yoast_head":"<!-- This site is optimized with the Yoast SEO plugin v20.8 - https:\/\/yoast.com\/wordpress\/plugins\/seo\/ -->\n<title>7 Steps 4 Ladders - Flensted Mobiles<\/title>\n<meta name=\"robots\" content=\"index, follow, max-snippet:-1, max-image-preview:large, max-video-preview:-1\" \/>\n<link rel=\"canonical\" href=\"https:\/\/flenstemp.awork20.dk\/da\/product\/7-steps-4-ladders\/\" \/>\n<meta property=\"og:locale\" content=\"da_DK\" \/>\n<meta property=\"og:type\" content=\"article\" \/>\n<meta property=\"og:title\" content=\"7 Steps 4 Ladders - Flensted Mobiles\" \/>\n<meta property=\"og:description\" content=\"7 Steps 4 Ladders Designet af Ole Flensted  Trin for trin. H\u00f8jere op. Ned igen. Sort i dag. R\u00f8d i morgen. Hvid i n\u00e6ste uge. Altid i bev\u00e6gelse.  Du bliver aldrig tr\u00e6t af at se p\u00e5, hvordan denne mobile bev\u00e6ger sig. Hvordan de fire stiger danser omkring hinanden. Uden nogensinde at st\u00f8de sammen. Uden at komme p\u00e5 tv\u00e6rs af hinanden.  I stedet danser de omkring hinanden og inviterer dig til en tur opad eller nedad af de syv trin.  Accepter invitationen. Dans med.  Spring fra trin til trin, fra trappe til trappe.  Og f\u00f8l dig legende, let og levende.\" \/>\n<meta property=\"og:url\" content=\"https:\/\/flenstemp.awork20.dk\/da\/product\/7-steps-4-ladders\/\" \/>\n<meta property=\"og:site_name\" content=\"Flensted Mobiles\" \/>\n<meta property=\"article:publisher\" content=\"https:\/\/www.facebook.com\/flenstedmobiles\" \/>\n<meta property=\"article:modified_time\" content=\"2023-08-31T09:18:56+00:00\" \/>\n<meta property=\"og:image\" content=\"https:\/\/flenstemp.awork20.dk\/wp-content\/uploads\/2021\/12\/FM_152_7steps_4ladders-1.png\" \/>\n\t<meta property=\"og:image:width\" content=\"794\" \/>\n\t<meta property=\"og:image:height\" content=\"794\" \/>\n\t<meta property=\"og:image:type\" content=\"image\/png\" \/>\n<meta name=\"twitter:card\" content=\"summary_large_image\" \/>\n<script type=\"application\/ld+json\" class=\"yoast-schema-graph\">{\"@context\":\"https:\/\/schema.org\",\"@graph\":[{\"@type\":\"WebPage\",\"@id\":\"https:\/\/flenstemp.awork20.dk\/da\/product\/7-steps-4-ladders\/\",\"url\":\"https:\/\/flenstemp.awork20.dk\/da\/product\/7-steps-4-ladders\/\",\"name\":\"7 Steps 4 Ladders - Flensted Mobiles\",\"isPartOf\":{\"@id\":\"https:\/\/flenstemp.awork20.dk\/#website\"},\"datePublished\":\"1990-05-25T12:01:21+00:00\",\"dateModified\":\"2023-08-31T09:18:56+00:00\",\"breadcrumb\":{\"@id\":\"https:\/\/flenstemp.awork20.dk\/da\/product\/7-steps-4-ladders\/#breadcrumb\"},\"inLanguage\":\"da-DK\",\"potentialAction\":[{\"@type\":\"ReadAction\",\"target\":[\"https:\/\/flenstemp.awork20.dk\/da\/product\/7-steps-4-ladders\/\"]}]},{\"@type\":\"BreadcrumbList\",\"@id\":\"https:\/\/flenstemp.awork20.dk\/da\/product\/7-steps-4-ladders\/#breadcrumb\",\"itemListElement\":[{\"@type\":\"ListItem\",\"position\":1,\"name\":\"Home\",\"item\":\"https:\/\/flenstemp.awork20.dk\/da\/\"},{\"@type\":\"ListItem\",\"position\":2,\"name\":\"Products\",\"item\":\"https:\/\/flenstemp.awork20.dk\/shop\/\"},{\"@type\":\"ListItem\",\"position\":3,\"name\":\"7 Steps 4 Ladders\"}]},{\"@type\":\"WebSite\",\"@id\":\"https:\/\/flenstemp.awork20.dk\/#website\",\"url\":\"https:\/\/flenstemp.awork20.dk\/\",\"name\":\"Flensted Mobiles\",\"description\":\"Unikke mobiler som skaber ro og balance, i enhvers hjem.\",\"publisher\":{\"@id\":\"https:\/\/flenstemp.awork20.dk\/#organization\"},\"potentialAction\":[{\"@type\":\"SearchAction\",\"target\":{\"@type\":\"EntryPoint\",\"urlTemplate\":\"https:\/\/flenstemp.awork20.dk\/?s={search_term_string}\"},\"query-input\":\"required name=search_term_string\"}],\"inLanguage\":\"da-DK\"},{\"@type\":\"Organization\",\"@id\":\"https:\/\/flenstemp.awork20.dk\/#organization\",\"name\":\"Flensted Mobiles\",\"url\":\"https:\/\/flenstemp.awork20.dk\/\",\"logo\":{\"@type\":\"ImageObject\",\"inLanguage\":\"da-DK\",\"@id\":\"https:\/\/flenstemp.awork20.dk\/#\/schema\/logo\/image\/\",\"url\":\"https:\/\/flensted-mobiles.com\/wp-content\/uploads\/2022\/03\/FlenstedLogo_med_ramme_100-3.webp\",\"contentUrl\":\"https:\/\/flensted-mobiles.com\/wp-content\/uploads\/2022\/03\/FlenstedLogo_med_ramme_100-3.webp\",\"width\":2118,\"height\":2118,\"caption\":\"Flensted Mobiles\"},\"image\":{\"@id\":\"https:\/\/flenstemp.awork20.dk\/#\/schema\/logo\/image\/\"},\"sameAs\":[\"https:\/\/www.facebook.com\/flenstedmobiles\"]}]}<\/script>\n<!-- \/ Yoast SEO plugin. -->","yoast_head_json":{"title":"7 Steps 4 Ladders - Flensted Mobiles","robots":{"index":"index","follow":"follow","max-snippet":"max-snippet:-1","max-image-preview":"max-image-preview:large","max-video-preview":"max-video-preview:-1"},"canonical":"https:\/\/flenstemp.awork20.dk\/da\/product\/7-steps-4-ladders\/","og_locale":"da_DK","og_type":"article","og_title":"7 Steps 4 Ladders - Flensted Mobiles","og_description":"7 Steps 4 Ladders Designet af Ole Flensted  Trin for trin. H\u00f8jere op. Ned igen. Sort i dag. R\u00f8d i morgen. Hvid i n\u00e6ste uge. Altid i bev\u00e6gelse.  Du bliver aldrig tr\u00e6t af at se p\u00e5, hvordan denne mobile bev\u00e6ger sig. Hvordan de fire stiger danser omkring hinanden. Uden nogensinde at st\u00f8de sammen. Uden at komme p\u00e5 tv\u00e6rs af hinanden.  I stedet danser de omkring hinanden og inviterer dig til en tur opad eller nedad af de syv trin.  Accepter invitationen. Dans med.  Spring fra trin til trin, fra trappe til trappe.  Og f\u00f8l dig legende, let og levende.","og_url":"https:\/\/flenstemp.awork20.dk\/da\/product\/7-steps-4-ladders\/","og_site_name":"Flensted Mobiles","article_publisher":"https:\/\/www.facebook.com\/flenstedmobiles","article_modified_time":"2023-08-31T09:18:56+00:00","og_image":[{"width":794,"height":794,"url":"https:\/\/flenstemp.awork20.dk\/wp-content\/uploads\/2021\/12\/FM_152_7steps_4ladders-1.png","type":"image\/png"}],"twitter_card":"summary_large_image","schema":{"@context":"https:\/\/schema.org","@graph":[{"@type":"WebPage","@id":"https:\/\/flenstemp.awork20.dk\/da\/product\/7-steps-4-ladders\/","url":"https:\/\/flenstemp.awork20.dk\/da\/product\/7-steps-4-ladders\/","name":"7 Steps 4 Ladders - Flensted Mobiles","isPartOf":{"@id":"https:\/\/flenstemp.awork20.dk\/#website"},"datePublished":"1990-05-25T12:01:21+00:00","dateModified":"2023-08-31T09:18:56+00:00","breadcrumb":{"@id":"https:\/\/flenstemp.awork20.dk\/da\/product\/7-steps-4-ladders\/#breadcrumb"},"inLanguage":"da-DK","potentialAction":[{"@type":"ReadAction","target":["https:\/\/flenstemp.awork20.dk\/da\/product\/7-steps-4-ladders\/"]}]},{"@type":"BreadcrumbList","@id":"https:\/\/flenstemp.awork20.dk\/da\/product\/7-steps-4-ladders\/#breadcrumb","itemListElement":[{"@type":"ListItem","position":1,"name":"Home","item":"https:\/\/flenstemp.awork20.dk\/da\/"},{"@type":"ListItem","position":2,"name":"Products","item":"https:\/\/flenstemp.awork20.dk\/shop\/"},{"@type":"ListItem","position":3,"name":"7 Steps 4 Ladders"}]},{"@type":"WebSite","@id":"https:\/\/flenstemp.awork20.dk\/#website","url":"https:\/\/flenstemp.awork20.dk\/","name":"Flensted Mobiles","description":"Unikke mobiler som skaber ro og balance, i enhvers hjem.","publisher":{"@id":"https:\/\/flenstemp.awork20.dk\/#organization"},"potentialAction":[{"@type":"SearchAction","target":{"@type":"EntryPoint","urlTemplate":"https:\/\/flenstemp.awork20.dk\/?s={search_term_string}"},"query-input":"required name=search_term_string"}],"inLanguage":"da-DK"},{"@type":"Organization","@id":"https:\/\/flenstemp.awork20.dk\/#organization","name":"Flensted Mobiles","url":"https:\/\/flenstemp.awork20.dk\/","logo":{"@type":"ImageObject","inLanguage":"da-DK","@id":"https:\/\/flenstemp.awork20.dk\/#\/schema\/logo\/image\/","url":"https:\/\/flensted-mobiles.com\/wp-content\/uploads\/2022\/03\/FlenstedLogo_med_ramme_100-3.webp","contentUrl":"https:\/\/flensted-mobiles.com\/wp-content\/uploads\/2022\/03\/FlenstedLogo_med_ramme_100-3.webp","width":2118,"height":2118,"caption":"Flensted Mobiles"},"image":{"@id":"https:\/\/flenstemp.awork20.dk\/#\/schema\/logo\/image\/"},"sameAs":["https:\/\/www.facebook.com\/flenstedmobiles"]}]}},"_links":{"self":[{"href":"https:\/\/flenstemp.awork20.dk\/da\/wp-json\/wp\/v2\/product\/1538"}],"collection":[{"href":"https:\/\/flenstemp.awork20.dk\/da\/wp-json\/wp\/v2\/product"}],"about":[{"href":"https:\/\/flenstemp.awork20.dk\/da\/wp-json\/wp\/v2\/types\/product"}],"wp:featuredmedia":[{"embeddable":true,"href":"https:\/\/flenstemp.awork20.dk\/da\/wp-json\/wp\/v2\/media\/4158"}],"wp:attachment":[{"href":"https:\/\/flenstemp.awork20.dk\/da\/wp-json\/wp\/v2\/media?parent=1538"}],"wp:term":[{"taxonomy":"product_cat","embeddable":true,"href":"https:\/\/flenstemp.awork20.dk\/da\/wp-json\/wp\/v2\/product_cat?post=1538"},{"taxonomy":"product_tag","embeddable":true,"href":"https:\/\/flenstemp.awork20.dk\/da\/wp-json\/wp\/v2\/product_tag?post=1538"}],"curies":[{"name":"wp","href":"https:\/\/api.w.org\/{rel}","templated":true}]}}