{"id":1509,"date":"1901-05-24T08:07:02","date_gmt":"1901-05-24T07:07:02","guid":{"rendered":"https:\/\/flenstedmobiles.com\/?post_type=product&#038;p=1509"},"modified":"2023-08-31T09:27:49","modified_gmt":"2023-08-31T07:27:49","slug":"fluxus-mobile","status":"publish","type":"product","link":"https:\/\/flenstemp.awork20.dk\/da\/product\/fluxus-mobile\/","title":{"rendered":"Fluxus Mobile"},"content":{"rendered":"","protected":false},"excerpt":{"rendered":"<h1>Fluxus Mobile<\/h1>\n<p>Designet af Emmett Williams &#038; Ole Flensted<\/p>\n<p>Lavet til \u00e5bningen af Fluxus Museum i Potsdam i Tyskland i 2008.<\/p>\n<p>Omfavn ideen om &#8220;FLUXUS&#8221; ved at skabe din egen mobile &#8211; alt kan centreres i midten af mobilen ved hj\u00e6lp af &#8220;t\u00f8jn\u00e5len&#8221; af tr\u00e6.<\/p>\n<p>Udover at v\u00e6re en rigtig kunstmobile er den faktisk meget velegnet til b\u00f8rn. Den er frisk og smart, og du kan h\u00e6nge hvad du har lyst til i midten af mobilen. Figurerne er inspireret af Emmett Williams, som er en central figur i Fluxus. Han var en digter og forfatter, der var ivrig efter at udforske nye muligheder, for at pr\u00e6sentere poesi og udvide horisonten for musik og billedkunst.<\/p>\n","protected":false},"featured_media":4172,"template":"","meta":[],"product_cat":[960,11875,976,11899],"product_tag":[],"yoast_head":"<!-- This site is optimized with the Yoast SEO plugin v20.8 - https:\/\/yoast.com\/wordpress\/plugins\/seo\/ -->\n<title>Fluxus Mobile - Flensted Mobiles<\/title>\n<meta name=\"robots\" content=\"index, follow, max-snippet:-1, max-image-preview:large, max-video-preview:-1\" \/>\n<link rel=\"canonical\" href=\"https:\/\/flenstemp.awork20.dk\/da\/product\/fluxus-mobile\/\" \/>\n<meta property=\"og:locale\" content=\"da_DK\" \/>\n<meta property=\"og:type\" content=\"article\" \/>\n<meta property=\"og:title\" content=\"Fluxus Mobile - Flensted Mobiles\" \/>\n<meta property=\"og:description\" content=\"Fluxus Mobile Designet af Emmett Williams &amp; Ole Flensted  Lavet til \u00e5bningen af Fluxus Museum i Potsdam i Tyskland i 2008.  Omfavn ideen om &quot;FLUXUS&quot; ved at skabe din egen mobile - alt kan centreres i midten af mobilen ved hj\u00e6lp af &quot;t\u00f8jn\u00e5len&quot; af tr\u00e6.  Udover at v\u00e6re en rigtig kunstmobile er den faktisk meget velegnet til b\u00f8rn. Den er frisk og smart, og du kan h\u00e6nge hvad du har lyst til i midten af mobilen. Figurerne er inspireret af Emmett Williams, som er en central figur i Fluxus. Han var en digter og forfatter, der var ivrig efter at udforske nye muligheder, for at pr\u00e6sentere poesi og udvide horisonten for musik og billedkunst.\" \/>\n<meta property=\"og:url\" content=\"https:\/\/flenstemp.awork20.dk\/da\/product\/fluxus-mobile\/\" \/>\n<meta property=\"og:site_name\" content=\"Flensted Mobiles\" \/>\n<meta property=\"article:publisher\" content=\"https:\/\/www.facebook.com\/flenstedmobiles\" \/>\n<meta property=\"article:modified_time\" content=\"2023-08-31T07:27:49+00:00\" \/>\n<meta property=\"og:image\" content=\"https:\/\/flenstemp.awork20.dk\/wp-content\/uploads\/2021\/12\/FM_429_fluxus-1.png\" \/>\n\t<meta property=\"og:image:width\" content=\"794\" \/>\n\t<meta property=\"og:image:height\" content=\"794\" \/>\n\t<meta property=\"og:image:type\" content=\"image\/png\" \/>\n<meta name=\"twitter:card\" content=\"summary_large_image\" \/>\n<script type=\"application\/ld+json\" class=\"yoast-schema-graph\">{\"@context\":\"https:\/\/schema.org\",\"@graph\":[{\"@type\":\"WebPage\",\"@id\":\"https:\/\/flenstemp.awork20.dk\/da\/product\/fluxus-mobile\/\",\"url\":\"https:\/\/flenstemp.awork20.dk\/da\/product\/fluxus-mobile\/\",\"name\":\"Fluxus Mobile - Flensted Mobiles\",\"isPartOf\":{\"@id\":\"https:\/\/flenstemp.awork20.dk\/#website\"},\"datePublished\":\"1901-05-24T07:07:02+00:00\",\"dateModified\":\"2023-08-31T07:27:49+00:00\",\"breadcrumb\":{\"@id\":\"https:\/\/flenstemp.awork20.dk\/da\/product\/fluxus-mobile\/#breadcrumb\"},\"inLanguage\":\"da-DK\",\"potentialAction\":[{\"@type\":\"ReadAction\",\"target\":[\"https:\/\/flenstemp.awork20.dk\/da\/product\/fluxus-mobile\/\"]}]},{\"@type\":\"BreadcrumbList\",\"@id\":\"https:\/\/flenstemp.awork20.dk\/da\/product\/fluxus-mobile\/#breadcrumb\",\"itemListElement\":[{\"@type\":\"ListItem\",\"position\":1,\"name\":\"Home\",\"item\":\"https:\/\/flenstemp.awork20.dk\/da\/\"},{\"@type\":\"ListItem\",\"position\":2,\"name\":\"Products\",\"item\":\"https:\/\/flenstemp.awork20.dk\/shop\/\"},{\"@type\":\"ListItem\",\"position\":3,\"name\":\"Fluxus Mobile\"}]},{\"@type\":\"WebSite\",\"@id\":\"https:\/\/flenstemp.awork20.dk\/#website\",\"url\":\"https:\/\/flenstemp.awork20.dk\/\",\"name\":\"Flensted Mobiles\",\"description\":\"Unikke mobiler som skaber ro og balance, i enhvers hjem.\",\"publisher\":{\"@id\":\"https:\/\/flenstemp.awork20.dk\/#organization\"},\"potentialAction\":[{\"@type\":\"SearchAction\",\"target\":{\"@type\":\"EntryPoint\",\"urlTemplate\":\"https:\/\/flenstemp.awork20.dk\/?s={search_term_string}\"},\"query-input\":\"required name=search_term_string\"}],\"inLanguage\":\"da-DK\"},{\"@type\":\"Organization\",\"@id\":\"https:\/\/flenstemp.awork20.dk\/#organization\",\"name\":\"Flensted Mobiles\",\"url\":\"https:\/\/flenstemp.awork20.dk\/\",\"logo\":{\"@type\":\"ImageObject\",\"inLanguage\":\"da-DK\",\"@id\":\"https:\/\/flenstemp.awork20.dk\/#\/schema\/logo\/image\/\",\"url\":\"https:\/\/flensted-mobiles.com\/wp-content\/uploads\/2022\/03\/FlenstedLogo_med_ramme_100-3.webp\",\"contentUrl\":\"https:\/\/flensted-mobiles.com\/wp-content\/uploads\/2022\/03\/FlenstedLogo_med_ramme_100-3.webp\",\"width\":2118,\"height\":2118,\"caption\":\"Flensted Mobiles\"},\"image\":{\"@id\":\"https:\/\/flenstemp.awork20.dk\/#\/schema\/logo\/image\/\"},\"sameAs\":[\"https:\/\/www.facebook.com\/flenstedmobiles\"]}]}<\/script>\n<!-- \/ Yoast SEO plugin. -->","yoast_head_json":{"title":"Fluxus Mobile - Flensted Mobiles","robots":{"index":"index","follow":"follow","max-snippet":"max-snippet:-1","max-image-preview":"max-image-preview:large","max-video-preview":"max-video-preview:-1"},"canonical":"https:\/\/flenstemp.awork20.dk\/da\/product\/fluxus-mobile\/","og_locale":"da_DK","og_type":"article","og_title":"Fluxus Mobile - Flensted Mobiles","og_description":"Fluxus Mobile Designet af Emmett Williams & Ole Flensted  Lavet til \u00e5bningen af Fluxus Museum i Potsdam i Tyskland i 2008.  Omfavn ideen om \"FLUXUS\" ved at skabe din egen mobile - alt kan centreres i midten af mobilen ved hj\u00e6lp af \"t\u00f8jn\u00e5len\" af tr\u00e6.  Udover at v\u00e6re en rigtig kunstmobile er den faktisk meget velegnet til b\u00f8rn. Den er frisk og smart, og du kan h\u00e6nge hvad du har lyst til i midten af mobilen. Figurerne er inspireret af Emmett Williams, som er en central figur i Fluxus. Han var en digter og forfatter, der var ivrig efter at udforske nye muligheder, for at pr\u00e6sentere poesi og udvide horisonten for musik og billedkunst.","og_url":"https:\/\/flenstemp.awork20.dk\/da\/product\/fluxus-mobile\/","og_site_name":"Flensted Mobiles","article_publisher":"https:\/\/www.facebook.com\/flenstedmobiles","article_modified_time":"2023-08-31T07:27:49+00:00","og_image":[{"width":794,"height":794,"url":"https:\/\/flenstemp.awork20.dk\/wp-content\/uploads\/2021\/12\/FM_429_fluxus-1.png","type":"image\/png"}],"twitter_card":"summary_large_image","schema":{"@context":"https:\/\/schema.org","@graph":[{"@type":"WebPage","@id":"https:\/\/flenstemp.awork20.dk\/da\/product\/fluxus-mobile\/","url":"https:\/\/flenstemp.awork20.dk\/da\/product\/fluxus-mobile\/","name":"Fluxus Mobile - Flensted Mobiles","isPartOf":{"@id":"https:\/\/flenstemp.awork20.dk\/#website"},"datePublished":"1901-05-24T07:07:02+00:00","dateModified":"2023-08-31T07:27:49+00:00","breadcrumb":{"@id":"https:\/\/flenstemp.awork20.dk\/da\/product\/fluxus-mobile\/#breadcrumb"},"inLanguage":"da-DK","potentialAction":[{"@type":"ReadAction","target":["https:\/\/flenstemp.awork20.dk\/da\/product\/fluxus-mobile\/"]}]},{"@type":"BreadcrumbList","@id":"https:\/\/flenstemp.awork20.dk\/da\/product\/fluxus-mobile\/#breadcrumb","itemListElement":[{"@type":"ListItem","position":1,"name":"Home","item":"https:\/\/flenstemp.awork20.dk\/da\/"},{"@type":"ListItem","position":2,"name":"Products","item":"https:\/\/flenstemp.awork20.dk\/shop\/"},{"@type":"ListItem","position":3,"name":"Fluxus Mobile"}]},{"@type":"WebSite","@id":"https:\/\/flenstemp.awork20.dk\/#website","url":"https:\/\/flenstemp.awork20.dk\/","name":"Flensted Mobiles","description":"Unikke mobiler som skaber ro og balance, i enhvers hjem.","publisher":{"@id":"https:\/\/flenstemp.awork20.dk\/#organization"},"potentialAction":[{"@type":"SearchAction","target":{"@type":"EntryPoint","urlTemplate":"https:\/\/flenstemp.awork20.dk\/?s={search_term_string}"},"query-input":"required name=search_term_string"}],"inLanguage":"da-DK"},{"@type":"Organization","@id":"https:\/\/flenstemp.awork20.dk\/#organization","name":"Flensted Mobiles","url":"https:\/\/flenstemp.awork20.dk\/","logo":{"@type":"ImageObject","inLanguage":"da-DK","@id":"https:\/\/flenstemp.awork20.dk\/#\/schema\/logo\/image\/","url":"https:\/\/flensted-mobiles.com\/wp-content\/uploads\/2022\/03\/FlenstedLogo_med_ramme_100-3.webp","contentUrl":"https:\/\/flensted-mobiles.com\/wp-content\/uploads\/2022\/03\/FlenstedLogo_med_ramme_100-3.webp","width":2118,"height":2118,"caption":"Flensted Mobiles"},"image":{"@id":"https:\/\/flenstemp.awork20.dk\/#\/schema\/logo\/image\/"},"sameAs":["https:\/\/www.facebook.com\/flenstedmobiles"]}]}},"_links":{"self":[{"href":"https:\/\/flenstemp.awork20.dk\/da\/wp-json\/wp\/v2\/product\/1509"}],"collection":[{"href":"https:\/\/flenstemp.awork20.dk\/da\/wp-json\/wp\/v2\/product"}],"about":[{"href":"https:\/\/flenstemp.awork20.dk\/da\/wp-json\/wp\/v2\/types\/product"}],"wp:featuredmedia":[{"embeddable":true,"href":"https:\/\/flenstemp.awork20.dk\/da\/wp-json\/wp\/v2\/media\/4172"}],"wp:attachment":[{"href":"https:\/\/flenstemp.awork20.dk\/da\/wp-json\/wp\/v2\/media?parent=1509"}],"wp:term":[{"taxonomy":"product_cat","embeddable":true,"href":"https:\/\/flenstemp.awork20.dk\/da\/wp-json\/wp\/v2\/product_cat?post=1509"},{"taxonomy":"product_tag","embeddable":true,"href":"https:\/\/flenstemp.awork20.dk\/da\/wp-json\/wp\/v2\/product_tag?post=1509"}],"curies":[{"name":"wp","href":"https:\/\/api.w.org\/{rel}","templated":true}]}}