{"id":1507,"date":"1990-05-24T08:04:53","date_gmt":"1990-05-24T06:04:53","guid":{"rendered":"https:\/\/flenstedmobiles.com\/?post_type=product&#038;p=1507"},"modified":"2023-08-31T09:24:21","modified_gmt":"2023-08-31T07:24:21","slug":"guggenheim-new-york","status":"publish","type":"product","link":"https:\/\/flenstemp.awork20.dk\/da\/product\/guggenheim-new-york\/","title":{"rendered":"Guggenheim New York"},"content":{"rendered":"","protected":false},"excerpt":{"rendered":"<h1>Guggenheim New York<\/h1>\n<p>Designet af Ole Flensted<\/p>\n<p>Denne mobile er udviklet i samarbejde med Guggenheim-museet i New York.<\/p>\n<p>&#8220;Men hvad skal der til for at lave en mobile, der afspejler den modernistiske arkitektur p\u00e5 Guggenheim-museet i New York, hylder dens ber\u00f8mte arkitekt, Frank Lloyd Wright, og afspejler kunsten indeni?&#8221;<\/p>\n<p>&#8220;Jamen, det kr\u00e6ver n\u00e6sten tre \u00e5r med h\u00e5rdt arbejde, innovation og megen diskussion p\u00e5 begge sider af Atlanten. Fra sit hjem i Danmark arbejdede den mobile kunstner Ole Flensted p\u00e5 at skabe sin fortolkning af Guggenheim og New Yorks skyline. Han ser bl.a. Guggenheim som &#8220;en spiralformet perle beliggende blandt de skyskraberh\u00f8je bygninger&#8221;.<\/p>\n<p>Ligesom den faktiske arkitektur er den nye mobile spektakul\u00e6r i sin enkelhed, idet den kontrasterer Frank Lloyd Wrights spiral fra 1959 med de rektangul\u00e6re former p\u00e5 dens anneks fra 1992 og de omkringliggende skyskrabere.<\/p>\n<p>Denne nye Guggenheim Mobile udforsker ikke kun arkitekturen, men lader som med alle Flensted Mobiler ogs\u00e5 formerne bev\u00e6ge sig og \u00e6ndre sig. Bev\u00e6gelse g\u00f8r det muligt for lyset, set gennem de snesevis af sm\u00e5 vinduer i hver af bygningerne, at \u00e6ndre sig p\u00e5 samme m\u00e5de som selve bygningen. Det er genialt at den bruger sin cirkul\u00e6re struktur til at lade sollys filtrere igennem og dermed reflektere lyset naturligt: en vidunderlig m\u00e5de at se kunst!<\/p>\n","protected":false},"featured_media":4173,"template":"","meta":[],"product_cat":[960,11875,11878,985],"product_tag":[],"yoast_head":"<!-- This site is optimized with the Yoast SEO plugin v20.8 - https:\/\/yoast.com\/wordpress\/plugins\/seo\/ -->\n<title>Guggenheim New York - Flensted Mobiles<\/title>\n<meta name=\"robots\" content=\"index, follow, max-snippet:-1, max-image-preview:large, max-video-preview:-1\" \/>\n<link rel=\"canonical\" href=\"https:\/\/flenstemp.awork20.dk\/da\/product\/guggenheim-new-york\/\" \/>\n<meta property=\"og:locale\" content=\"da_DK\" \/>\n<meta property=\"og:type\" content=\"article\" \/>\n<meta property=\"og:title\" content=\"Guggenheim New York - Flensted Mobiles\" \/>\n<meta property=\"og:description\" content=\"Guggenheim New York Designet af Ole Flensted  Denne mobile er udviklet i samarbejde med Guggenheim-museet i New York.  &quot;Men hvad skal der til for at lave en mobile, der afspejler den modernistiske arkitektur p\u00e5 Guggenheim-museet i New York, hylder dens ber\u00f8mte arkitekt, Frank Lloyd Wright, og afspejler kunsten indeni?&quot;  &quot;Jamen, det kr\u00e6ver n\u00e6sten tre \u00e5r med h\u00e5rdt arbejde, innovation og megen diskussion p\u00e5 begge sider af Atlanten. Fra sit hjem i Danmark arbejdede den mobile kunstner Ole Flensted p\u00e5 at skabe sin fortolkning af Guggenheim og New Yorks skyline. Han ser bl.a. Guggenheim som &quot;en spiralformet perle beliggende blandt de skyskraberh\u00f8je bygninger&quot;.  Ligesom den faktiske arkitektur er den nye mobile spektakul\u00e6r i sin enkelhed, idet den kontrasterer Frank Lloyd Wrights spiral fra 1959 med de rektangul\u00e6re former p\u00e5 dens anneks fra 1992 og de omkringliggende skyskrabere.  Denne nye Guggenheim Mobile udforsker ikke kun arkitekturen, men lader som med alle Flensted Mobiler ogs\u00e5 formerne bev\u00e6ge sig og \u00e6ndre sig. Bev\u00e6gelse g\u00f8r det muligt for lyset, set gennem de snesevis af sm\u00e5 vinduer i hver af bygningerne, at \u00e6ndre sig p\u00e5 samme m\u00e5de som selve bygningen. Det er genialt at den bruger sin cirkul\u00e6re struktur til at lade sollys filtrere igennem og dermed reflektere lyset naturligt: en vidunderlig m\u00e5de at se kunst!\" \/>\n<meta property=\"og:url\" content=\"https:\/\/flenstemp.awork20.dk\/da\/product\/guggenheim-new-york\/\" \/>\n<meta property=\"og:site_name\" content=\"Flensted Mobiles\" \/>\n<meta property=\"article:publisher\" content=\"https:\/\/www.facebook.com\/flenstedmobiles\" \/>\n<meta property=\"article:modified_time\" content=\"2023-08-31T07:24:21+00:00\" \/>\n<meta property=\"og:image\" content=\"https:\/\/flenstemp.awork20.dk\/wp-content\/uploads\/2021\/12\/FM_434_guggenheim_new_york-1.png\" \/>\n\t<meta property=\"og:image:width\" content=\"794\" \/>\n\t<meta property=\"og:image:height\" content=\"794\" \/>\n\t<meta property=\"og:image:type\" content=\"image\/png\" \/>\n<meta name=\"twitter:card\" content=\"summary_large_image\" \/>\n<script type=\"application\/ld+json\" class=\"yoast-schema-graph\">{\"@context\":\"https:\/\/schema.org\",\"@graph\":[{\"@type\":\"WebPage\",\"@id\":\"https:\/\/flenstemp.awork20.dk\/da\/product\/guggenheim-new-york\/\",\"url\":\"https:\/\/flenstemp.awork20.dk\/da\/product\/guggenheim-new-york\/\",\"name\":\"Guggenheim New York - Flensted Mobiles\",\"isPartOf\":{\"@id\":\"https:\/\/flenstemp.awork20.dk\/#website\"},\"datePublished\":\"1990-05-24T06:04:53+00:00\",\"dateModified\":\"2023-08-31T07:24:21+00:00\",\"breadcrumb\":{\"@id\":\"https:\/\/flenstemp.awork20.dk\/da\/product\/guggenheim-new-york\/#breadcrumb\"},\"inLanguage\":\"da-DK\",\"potentialAction\":[{\"@type\":\"ReadAction\",\"target\":[\"https:\/\/flenstemp.awork20.dk\/da\/product\/guggenheim-new-york\/\"]}]},{\"@type\":\"BreadcrumbList\",\"@id\":\"https:\/\/flenstemp.awork20.dk\/da\/product\/guggenheim-new-york\/#breadcrumb\",\"itemListElement\":[{\"@type\":\"ListItem\",\"position\":1,\"name\":\"Home\",\"item\":\"https:\/\/flenstemp.awork20.dk\/da\/\"},{\"@type\":\"ListItem\",\"position\":2,\"name\":\"Products\",\"item\":\"https:\/\/flenstemp.awork20.dk\/shop\/\"},{\"@type\":\"ListItem\",\"position\":3,\"name\":\"Guggenheim New York\"}]},{\"@type\":\"WebSite\",\"@id\":\"https:\/\/flenstemp.awork20.dk\/#website\",\"url\":\"https:\/\/flenstemp.awork20.dk\/\",\"name\":\"Flensted Mobiles\",\"description\":\"Unikke mobiler som skaber ro og balance, i enhvers hjem.\",\"publisher\":{\"@id\":\"https:\/\/flenstemp.awork20.dk\/#organization\"},\"potentialAction\":[{\"@type\":\"SearchAction\",\"target\":{\"@type\":\"EntryPoint\",\"urlTemplate\":\"https:\/\/flenstemp.awork20.dk\/?s={search_term_string}\"},\"query-input\":\"required name=search_term_string\"}],\"inLanguage\":\"da-DK\"},{\"@type\":\"Organization\",\"@id\":\"https:\/\/flenstemp.awork20.dk\/#organization\",\"name\":\"Flensted Mobiles\",\"url\":\"https:\/\/flenstemp.awork20.dk\/\",\"logo\":{\"@type\":\"ImageObject\",\"inLanguage\":\"da-DK\",\"@id\":\"https:\/\/flenstemp.awork20.dk\/#\/schema\/logo\/image\/\",\"url\":\"https:\/\/flensted-mobiles.com\/wp-content\/uploads\/2022\/03\/FlenstedLogo_med_ramme_100-3.webp\",\"contentUrl\":\"https:\/\/flensted-mobiles.com\/wp-content\/uploads\/2022\/03\/FlenstedLogo_med_ramme_100-3.webp\",\"width\":2118,\"height\":2118,\"caption\":\"Flensted Mobiles\"},\"image\":{\"@id\":\"https:\/\/flenstemp.awork20.dk\/#\/schema\/logo\/image\/\"},\"sameAs\":[\"https:\/\/www.facebook.com\/flenstedmobiles\"]}]}<\/script>\n<!-- \/ Yoast SEO plugin. -->","yoast_head_json":{"title":"Guggenheim New York - Flensted Mobiles","robots":{"index":"index","follow":"follow","max-snippet":"max-snippet:-1","max-image-preview":"max-image-preview:large","max-video-preview":"max-video-preview:-1"},"canonical":"https:\/\/flenstemp.awork20.dk\/da\/product\/guggenheim-new-york\/","og_locale":"da_DK","og_type":"article","og_title":"Guggenheim New York - Flensted Mobiles","og_description":"Guggenheim New York Designet af Ole Flensted  Denne mobile er udviklet i samarbejde med Guggenheim-museet i New York.  \"Men hvad skal der til for at lave en mobile, der afspejler den modernistiske arkitektur p\u00e5 Guggenheim-museet i New York, hylder dens ber\u00f8mte arkitekt, Frank Lloyd Wright, og afspejler kunsten indeni?\"  \"Jamen, det kr\u00e6ver n\u00e6sten tre \u00e5r med h\u00e5rdt arbejde, innovation og megen diskussion p\u00e5 begge sider af Atlanten. Fra sit hjem i Danmark arbejdede den mobile kunstner Ole Flensted p\u00e5 at skabe sin fortolkning af Guggenheim og New Yorks skyline. Han ser bl.a. Guggenheim som \"en spiralformet perle beliggende blandt de skyskraberh\u00f8je bygninger\".  Ligesom den faktiske arkitektur er den nye mobile spektakul\u00e6r i sin enkelhed, idet den kontrasterer Frank Lloyd Wrights spiral fra 1959 med de rektangul\u00e6re former p\u00e5 dens anneks fra 1992 og de omkringliggende skyskrabere.  Denne nye Guggenheim Mobile udforsker ikke kun arkitekturen, men lader som med alle Flensted Mobiler ogs\u00e5 formerne bev\u00e6ge sig og \u00e6ndre sig. Bev\u00e6gelse g\u00f8r det muligt for lyset, set gennem de snesevis af sm\u00e5 vinduer i hver af bygningerne, at \u00e6ndre sig p\u00e5 samme m\u00e5de som selve bygningen. Det er genialt at den bruger sin cirkul\u00e6re struktur til at lade sollys filtrere igennem og dermed reflektere lyset naturligt: en vidunderlig m\u00e5de at se kunst!","og_url":"https:\/\/flenstemp.awork20.dk\/da\/product\/guggenheim-new-york\/","og_site_name":"Flensted Mobiles","article_publisher":"https:\/\/www.facebook.com\/flenstedmobiles","article_modified_time":"2023-08-31T07:24:21+00:00","og_image":[{"width":794,"height":794,"url":"https:\/\/flenstemp.awork20.dk\/wp-content\/uploads\/2021\/12\/FM_434_guggenheim_new_york-1.png","type":"image\/png"}],"twitter_card":"summary_large_image","schema":{"@context":"https:\/\/schema.org","@graph":[{"@type":"WebPage","@id":"https:\/\/flenstemp.awork20.dk\/da\/product\/guggenheim-new-york\/","url":"https:\/\/flenstemp.awork20.dk\/da\/product\/guggenheim-new-york\/","name":"Guggenheim New York - Flensted Mobiles","isPartOf":{"@id":"https:\/\/flenstemp.awork20.dk\/#website"},"datePublished":"1990-05-24T06:04:53+00:00","dateModified":"2023-08-31T07:24:21+00:00","breadcrumb":{"@id":"https:\/\/flenstemp.awork20.dk\/da\/product\/guggenheim-new-york\/#breadcrumb"},"inLanguage":"da-DK","potentialAction":[{"@type":"ReadAction","target":["https:\/\/flenstemp.awork20.dk\/da\/product\/guggenheim-new-york\/"]}]},{"@type":"BreadcrumbList","@id":"https:\/\/flenstemp.awork20.dk\/da\/product\/guggenheim-new-york\/#breadcrumb","itemListElement":[{"@type":"ListItem","position":1,"name":"Home","item":"https:\/\/flenstemp.awork20.dk\/da\/"},{"@type":"ListItem","position":2,"name":"Products","item":"https:\/\/flenstemp.awork20.dk\/shop\/"},{"@type":"ListItem","position":3,"name":"Guggenheim New York"}]},{"@type":"WebSite","@id":"https:\/\/flenstemp.awork20.dk\/#website","url":"https:\/\/flenstemp.awork20.dk\/","name":"Flensted Mobiles","description":"Unikke mobiler som skaber ro og balance, i enhvers hjem.","publisher":{"@id":"https:\/\/flenstemp.awork20.dk\/#organization"},"potentialAction":[{"@type":"SearchAction","target":{"@type":"EntryPoint","urlTemplate":"https:\/\/flenstemp.awork20.dk\/?s={search_term_string}"},"query-input":"required name=search_term_string"}],"inLanguage":"da-DK"},{"@type":"Organization","@id":"https:\/\/flenstemp.awork20.dk\/#organization","name":"Flensted Mobiles","url":"https:\/\/flenstemp.awork20.dk\/","logo":{"@type":"ImageObject","inLanguage":"da-DK","@id":"https:\/\/flenstemp.awork20.dk\/#\/schema\/logo\/image\/","url":"https:\/\/flensted-mobiles.com\/wp-content\/uploads\/2022\/03\/FlenstedLogo_med_ramme_100-3.webp","contentUrl":"https:\/\/flensted-mobiles.com\/wp-content\/uploads\/2022\/03\/FlenstedLogo_med_ramme_100-3.webp","width":2118,"height":2118,"caption":"Flensted Mobiles"},"image":{"@id":"https:\/\/flenstemp.awork20.dk\/#\/schema\/logo\/image\/"},"sameAs":["https:\/\/www.facebook.com\/flenstedmobiles"]}]}},"_links":{"self":[{"href":"https:\/\/flenstemp.awork20.dk\/da\/wp-json\/wp\/v2\/product\/1507"}],"collection":[{"href":"https:\/\/flenstemp.awork20.dk\/da\/wp-json\/wp\/v2\/product"}],"about":[{"href":"https:\/\/flenstemp.awork20.dk\/da\/wp-json\/wp\/v2\/types\/product"}],"wp:featuredmedia":[{"embeddable":true,"href":"https:\/\/flenstemp.awork20.dk\/da\/wp-json\/wp\/v2\/media\/4173"}],"wp:attachment":[{"href":"https:\/\/flenstemp.awork20.dk\/da\/wp-json\/wp\/v2\/media?parent=1507"}],"wp:term":[{"taxonomy":"product_cat","embeddable":true,"href":"https:\/\/flenstemp.awork20.dk\/da\/wp-json\/wp\/v2\/product_cat?post=1507"},{"taxonomy":"product_tag","embeddable":true,"href":"https:\/\/flenstemp.awork20.dk\/da\/wp-json\/wp\/v2\/product_tag?post=1507"}],"curies":[{"name":"wp","href":"https:\/\/api.w.org\/{rel}","templated":true}]}}