{"id":1505,"date":"1990-05-24T08:03:14","date_gmt":"1990-05-24T06:03:14","guid":{"rendered":"https:\/\/flenstedmobiles.com\/?post_type=product&#038;p=1505"},"modified":"2023-08-31T09:20:53","modified_gmt":"2023-08-31T07:20:53","slug":"museum-jorn","status":"publish","type":"product","link":"https:\/\/flenstemp.awork20.dk\/da\/product\/museum-jorn\/","title":{"rendered":"Museum Jorn"},"content":{"rendered":"","protected":false},"excerpt":{"rendered":"<h1>Museum Jorn<\/h1>\n<p>Designet af Museum Jorn, Michala Stigkj\u00e6r &#038; Ole Flensted<\/p>\n<p>Denne mobile er udviklet i samarbejde med Museum Jorn, Asger Jorns smukke museum i Silkeborg, Danmark.<br \/>\nDe fire sm\u00e5 figurer i mobilen er baseret p\u00e5 nogle af Asger Jorns tidlige skitser, udf\u00f8rt med indisk bl\u00e6k p\u00e5 papir.<\/p>\n<p>Jorns skitseb\u00f8ger avlede en stor mangfoldighed af skabninger, som han gav meget fantasifulde navne, s\u00e5som &#8220;Aganakker&#8221;, &#8220;Pikipofer&#8221; og &#8220;Feligramser&#8221;. En skitsebog fra 1939 vrimler med 70 sm\u00e5 v\u00e6sner, alle rodet sammen p\u00e5 en enkelt side, nogle af dem i par, andre adskilt.<\/p>\n<p>Figurerne er udvalgt, grafisk modificeret og sat sammen p\u00e5 en s\u00e5dan m\u00e5de, at de danner bogstaverne JOR N. De er farvelagt med udgangspunkt i Asger Jorns palet. Figurerne er ogs\u00e5 brugt som et element i et af logoerne p\u00e5 Museum Jorn, Silkeborg. <\/p>\n<p>Mobilen udtrykker spontanitet, legesyg, eksperimentering \u2013 alle vigtige temaer i Asger Jorns v\u00e6rker.<\/p>\n","protected":false},"featured_media":4174,"template":"","meta":[],"product_cat":[960,11875,11878,985],"product_tag":[11916],"yoast_head":"<!-- This site is optimized with the Yoast SEO plugin v20.8 - https:\/\/yoast.com\/wordpress\/plugins\/seo\/ -->\n<title>Museum Jorn - Flensted Mobiles<\/title>\n<meta name=\"robots\" content=\"index, follow, max-snippet:-1, max-image-preview:large, max-video-preview:-1\" \/>\n<link rel=\"canonical\" href=\"https:\/\/flenstemp.awork20.dk\/da\/product\/museum-jorn\/\" \/>\n<meta property=\"og:locale\" content=\"da_DK\" \/>\n<meta property=\"og:type\" content=\"article\" \/>\n<meta property=\"og:title\" content=\"Museum Jorn - Flensted Mobiles\" \/>\n<meta property=\"og:description\" content=\"Museum Jorn Designet af Museum Jorn, Michala Stigkj\u00e6r &amp; Ole Flensted  Denne mobile er udviklet i samarbejde med Museum Jorn, Asger Jorns smukke museum i Silkeborg, Danmark. De fire sm\u00e5 figurer i mobilen er baseret p\u00e5 nogle af Asger Jorns tidlige skitser, udf\u00f8rt med indisk bl\u00e6k p\u00e5 papir.  Jorns skitseb\u00f8ger avlede en stor mangfoldighed af skabninger, som han gav meget fantasifulde navne, s\u00e5som &quot;Aganakker&quot;, &quot;Pikipofer&quot; og &quot;Feligramser&quot;. En skitsebog fra 1939 vrimler med 70 sm\u00e5 v\u00e6sner, alle rodet sammen p\u00e5 en enkelt side, nogle af dem i par, andre adskilt.  Figurerne er udvalgt, grafisk modificeret og sat sammen p\u00e5 en s\u00e5dan m\u00e5de, at de danner bogstaverne JOR N. De er farvelagt med udgangspunkt i Asger Jorns palet. Figurerne er ogs\u00e5 brugt som et element i et af logoerne p\u00e5 Museum Jorn, Silkeborg.   Mobilen udtrykker spontanitet, legesyg, eksperimentering \u2013 alle vigtige temaer i Asger Jorns v\u00e6rker.\" \/>\n<meta property=\"og:url\" content=\"https:\/\/flenstemp.awork20.dk\/da\/product\/museum-jorn\/\" \/>\n<meta property=\"og:site_name\" content=\"Flensted Mobiles\" \/>\n<meta property=\"article:publisher\" content=\"https:\/\/www.facebook.com\/flenstedmobiles\" \/>\n<meta property=\"article:modified_time\" content=\"2023-08-31T07:20:53+00:00\" \/>\n<meta property=\"og:image\" content=\"https:\/\/flenstemp.awork20.dk\/wp-content\/uploads\/2021\/12\/FM_436_museum_jorn-1.png\" \/>\n\t<meta property=\"og:image:width\" content=\"794\" \/>\n\t<meta property=\"og:image:height\" content=\"794\" \/>\n\t<meta property=\"og:image:type\" content=\"image\/png\" \/>\n<meta name=\"twitter:card\" content=\"summary_large_image\" \/>\n<script type=\"application\/ld+json\" class=\"yoast-schema-graph\">{\"@context\":\"https:\/\/schema.org\",\"@graph\":[{\"@type\":\"WebPage\",\"@id\":\"https:\/\/flenstemp.awork20.dk\/da\/product\/museum-jorn\/\",\"url\":\"https:\/\/flenstemp.awork20.dk\/da\/product\/museum-jorn\/\",\"name\":\"Museum Jorn - Flensted Mobiles\",\"isPartOf\":{\"@id\":\"https:\/\/flenstemp.awork20.dk\/#website\"},\"datePublished\":\"1990-05-24T06:03:14+00:00\",\"dateModified\":\"2023-08-31T07:20:53+00:00\",\"breadcrumb\":{\"@id\":\"https:\/\/flenstemp.awork20.dk\/da\/product\/museum-jorn\/#breadcrumb\"},\"inLanguage\":\"da-DK\",\"potentialAction\":[{\"@type\":\"ReadAction\",\"target\":[\"https:\/\/flenstemp.awork20.dk\/da\/product\/museum-jorn\/\"]}]},{\"@type\":\"BreadcrumbList\",\"@id\":\"https:\/\/flenstemp.awork20.dk\/da\/product\/museum-jorn\/#breadcrumb\",\"itemListElement\":[{\"@type\":\"ListItem\",\"position\":1,\"name\":\"Home\",\"item\":\"https:\/\/flenstemp.awork20.dk\/da\/\"},{\"@type\":\"ListItem\",\"position\":2,\"name\":\"Products\",\"item\":\"https:\/\/flenstemp.awork20.dk\/shop\/\"},{\"@type\":\"ListItem\",\"position\":3,\"name\":\"Museum Jorn\"}]},{\"@type\":\"WebSite\",\"@id\":\"https:\/\/flenstemp.awork20.dk\/#website\",\"url\":\"https:\/\/flenstemp.awork20.dk\/\",\"name\":\"Flensted Mobiles\",\"description\":\"Unikke mobiler som skaber ro og balance, i enhvers hjem.\",\"publisher\":{\"@id\":\"https:\/\/flenstemp.awork20.dk\/#organization\"},\"potentialAction\":[{\"@type\":\"SearchAction\",\"target\":{\"@type\":\"EntryPoint\",\"urlTemplate\":\"https:\/\/flenstemp.awork20.dk\/?s={search_term_string}\"},\"query-input\":\"required name=search_term_string\"}],\"inLanguage\":\"da-DK\"},{\"@type\":\"Organization\",\"@id\":\"https:\/\/flenstemp.awork20.dk\/#organization\",\"name\":\"Flensted Mobiles\",\"url\":\"https:\/\/flenstemp.awork20.dk\/\",\"logo\":{\"@type\":\"ImageObject\",\"inLanguage\":\"da-DK\",\"@id\":\"https:\/\/flenstemp.awork20.dk\/#\/schema\/logo\/image\/\",\"url\":\"https:\/\/flensted-mobiles.com\/wp-content\/uploads\/2022\/03\/FlenstedLogo_med_ramme_100-3.webp\",\"contentUrl\":\"https:\/\/flensted-mobiles.com\/wp-content\/uploads\/2022\/03\/FlenstedLogo_med_ramme_100-3.webp\",\"width\":2118,\"height\":2118,\"caption\":\"Flensted Mobiles\"},\"image\":{\"@id\":\"https:\/\/flenstemp.awork20.dk\/#\/schema\/logo\/image\/\"},\"sameAs\":[\"https:\/\/www.facebook.com\/flenstedmobiles\"]}]}<\/script>\n<!-- \/ Yoast SEO plugin. -->","yoast_head_json":{"title":"Museum Jorn - Flensted Mobiles","robots":{"index":"index","follow":"follow","max-snippet":"max-snippet:-1","max-image-preview":"max-image-preview:large","max-video-preview":"max-video-preview:-1"},"canonical":"https:\/\/flenstemp.awork20.dk\/da\/product\/museum-jorn\/","og_locale":"da_DK","og_type":"article","og_title":"Museum Jorn - Flensted Mobiles","og_description":"Museum Jorn Designet af Museum Jorn, Michala Stigkj\u00e6r & Ole Flensted  Denne mobile er udviklet i samarbejde med Museum Jorn, Asger Jorns smukke museum i Silkeborg, Danmark. De fire sm\u00e5 figurer i mobilen er baseret p\u00e5 nogle af Asger Jorns tidlige skitser, udf\u00f8rt med indisk bl\u00e6k p\u00e5 papir.  Jorns skitseb\u00f8ger avlede en stor mangfoldighed af skabninger, som han gav meget fantasifulde navne, s\u00e5som \"Aganakker\", \"Pikipofer\" og \"Feligramser\". En skitsebog fra 1939 vrimler med 70 sm\u00e5 v\u00e6sner, alle rodet sammen p\u00e5 en enkelt side, nogle af dem i par, andre adskilt.  Figurerne er udvalgt, grafisk modificeret og sat sammen p\u00e5 en s\u00e5dan m\u00e5de, at de danner bogstaverne JOR N. De er farvelagt med udgangspunkt i Asger Jorns palet. Figurerne er ogs\u00e5 brugt som et element i et af logoerne p\u00e5 Museum Jorn, Silkeborg.   Mobilen udtrykker spontanitet, legesyg, eksperimentering \u2013 alle vigtige temaer i Asger Jorns v\u00e6rker.","og_url":"https:\/\/flenstemp.awork20.dk\/da\/product\/museum-jorn\/","og_site_name":"Flensted Mobiles","article_publisher":"https:\/\/www.facebook.com\/flenstedmobiles","article_modified_time":"2023-08-31T07:20:53+00:00","og_image":[{"width":794,"height":794,"url":"https:\/\/flenstemp.awork20.dk\/wp-content\/uploads\/2021\/12\/FM_436_museum_jorn-1.png","type":"image\/png"}],"twitter_card":"summary_large_image","schema":{"@context":"https:\/\/schema.org","@graph":[{"@type":"WebPage","@id":"https:\/\/flenstemp.awork20.dk\/da\/product\/museum-jorn\/","url":"https:\/\/flenstemp.awork20.dk\/da\/product\/museum-jorn\/","name":"Museum Jorn - Flensted Mobiles","isPartOf":{"@id":"https:\/\/flenstemp.awork20.dk\/#website"},"datePublished":"1990-05-24T06:03:14+00:00","dateModified":"2023-08-31T07:20:53+00:00","breadcrumb":{"@id":"https:\/\/flenstemp.awork20.dk\/da\/product\/museum-jorn\/#breadcrumb"},"inLanguage":"da-DK","potentialAction":[{"@type":"ReadAction","target":["https:\/\/flenstemp.awork20.dk\/da\/product\/museum-jorn\/"]}]},{"@type":"BreadcrumbList","@id":"https:\/\/flenstemp.awork20.dk\/da\/product\/museum-jorn\/#breadcrumb","itemListElement":[{"@type":"ListItem","position":1,"name":"Home","item":"https:\/\/flenstemp.awork20.dk\/da\/"},{"@type":"ListItem","position":2,"name":"Products","item":"https:\/\/flenstemp.awork20.dk\/shop\/"},{"@type":"ListItem","position":3,"name":"Museum Jorn"}]},{"@type":"WebSite","@id":"https:\/\/flenstemp.awork20.dk\/#website","url":"https:\/\/flenstemp.awork20.dk\/","name":"Flensted Mobiles","description":"Unikke mobiler som skaber ro og balance, i enhvers hjem.","publisher":{"@id":"https:\/\/flenstemp.awork20.dk\/#organization"},"potentialAction":[{"@type":"SearchAction","target":{"@type":"EntryPoint","urlTemplate":"https:\/\/flenstemp.awork20.dk\/?s={search_term_string}"},"query-input":"required name=search_term_string"}],"inLanguage":"da-DK"},{"@type":"Organization","@id":"https:\/\/flenstemp.awork20.dk\/#organization","name":"Flensted Mobiles","url":"https:\/\/flenstemp.awork20.dk\/","logo":{"@type":"ImageObject","inLanguage":"da-DK","@id":"https:\/\/flenstemp.awork20.dk\/#\/schema\/logo\/image\/","url":"https:\/\/flensted-mobiles.com\/wp-content\/uploads\/2022\/03\/FlenstedLogo_med_ramme_100-3.webp","contentUrl":"https:\/\/flensted-mobiles.com\/wp-content\/uploads\/2022\/03\/FlenstedLogo_med_ramme_100-3.webp","width":2118,"height":2118,"caption":"Flensted Mobiles"},"image":{"@id":"https:\/\/flenstemp.awork20.dk\/#\/schema\/logo\/image\/"},"sameAs":["https:\/\/www.facebook.com\/flenstedmobiles"]}]}},"_links":{"self":[{"href":"https:\/\/flenstemp.awork20.dk\/da\/wp-json\/wp\/v2\/product\/1505"}],"collection":[{"href":"https:\/\/flenstemp.awork20.dk\/da\/wp-json\/wp\/v2\/product"}],"about":[{"href":"https:\/\/flenstemp.awork20.dk\/da\/wp-json\/wp\/v2\/types\/product"}],"wp:featuredmedia":[{"embeddable":true,"href":"https:\/\/flenstemp.awork20.dk\/da\/wp-json\/wp\/v2\/media\/4174"}],"wp:attachment":[{"href":"https:\/\/flenstemp.awork20.dk\/da\/wp-json\/wp\/v2\/media?parent=1505"}],"wp:term":[{"taxonomy":"product_cat","embeddable":true,"href":"https:\/\/flenstemp.awork20.dk\/da\/wp-json\/wp\/v2\/product_cat?post=1505"},{"taxonomy":"product_tag","embeddable":true,"href":"https:\/\/flenstemp.awork20.dk\/da\/wp-json\/wp\/v2\/product_tag?post=1505"}],"curies":[{"name":"wp","href":"https:\/\/api.w.org\/{rel}","templated":true}]}}