{"id":1501,"date":"1990-05-24T08:02:27","date_gmt":"1990-05-24T06:02:27","guid":{"rendered":"https:\/\/flenstedmobiles.com\/?post_type=product&#038;p=1501"},"modified":"2023-08-31T09:15:01","modified_gmt":"2023-08-31T07:15:01","slug":"mumi-mobile-version-2014","status":"publish","type":"product","link":"https:\/\/flenstemp.awork20.dk\/da\/product\/mumi-mobile-version-2014\/","title":{"rendered":"Mumi Mobile version 2014"},"content":{"rendered":"","protected":false},"excerpt":{"rendered":"<h1>Mumi Mobile version 2014<\/h1>\n<p><em>Designet af Tove Jansson &#038; Ole Flensted<\/em><\/p>\n<p>En hyldest i 2014 for at fejre Tove Janssons 100-\u00e5rs f\u00f8dselsdag, den finske forfatter til b\u00f8rnenes klassiske &#8220;Mumi-historier&#8221;. En dejlig gave til &#8220;Mumi&#8221;-fans overalt.<\/p>\n<p>L\u00e6n dig tilbag og slap af, mens du ser de elskelige mumitrolde p\u00e5 vej p\u00e5 en eventyrlig picnic. Mobilen indeholder et kort over Mumidalen og et lille h\u00e6fte, der fort\u00e6ller historien om Mumi-karaktererne og Tove Jansson.<\/p>\n","protected":false},"featured_media":4176,"template":"","meta":[],"product_cat":[960,11875,976,11899],"product_tag":[],"yoast_head":"<!-- This site is optimized with the Yoast SEO plugin v20.8 - https:\/\/yoast.com\/wordpress\/plugins\/seo\/ -->\n<title>Mumi Mobile version 2014 - Flensted Mobiles<\/title>\n<meta name=\"robots\" content=\"index, follow, max-snippet:-1, max-image-preview:large, max-video-preview:-1\" \/>\n<link rel=\"canonical\" href=\"https:\/\/flenstemp.awork20.dk\/da\/product\/mumi-mobile-version-2014\/\" \/>\n<meta property=\"og:locale\" content=\"da_DK\" \/>\n<meta property=\"og:type\" content=\"article\" \/>\n<meta property=\"og:title\" content=\"Mumi Mobile version 2014 - Flensted Mobiles\" \/>\n<meta property=\"og:description\" content=\"Mumi Mobile version 2014 Designet af Tove Jansson &amp; Ole Flensted  En hyldest i 2014 for at fejre Tove Janssons 100-\u00e5rs f\u00f8dselsdag, den finske forfatter til b\u00f8rnenes klassiske &quot;Mumi-historier&quot;. En dejlig gave til &quot;Mumi&quot;-fans overalt.  L\u00e6n dig tilbag og slap af, mens du ser de elskelige mumitrolde p\u00e5 vej p\u00e5 en eventyrlig picnic. Mobilen indeholder et kort over Mumidalen og et lille h\u00e6fte, der fort\u00e6ller historien om Mumi-karaktererne og Tove Jansson.\" \/>\n<meta property=\"og:url\" content=\"https:\/\/flenstemp.awork20.dk\/da\/product\/mumi-mobile-version-2014\/\" \/>\n<meta property=\"og:site_name\" content=\"Flensted Mobiles\" \/>\n<meta property=\"article:publisher\" content=\"https:\/\/www.facebook.com\/flenstedmobiles\" \/>\n<meta property=\"article:modified_time\" content=\"2023-08-31T07:15:01+00:00\" \/>\n<meta property=\"og:image\" content=\"https:\/\/flenstemp.awork20.dk\/wp-content\/uploads\/2021\/12\/FM_440_moomin_2014-1.png\" \/>\n\t<meta property=\"og:image:width\" content=\"794\" \/>\n\t<meta property=\"og:image:height\" content=\"794\" \/>\n\t<meta property=\"og:image:type\" content=\"image\/png\" \/>\n<meta name=\"twitter:card\" content=\"summary_large_image\" \/>\n<script type=\"application\/ld+json\" class=\"yoast-schema-graph\">{\"@context\":\"https:\/\/schema.org\",\"@graph\":[{\"@type\":\"WebPage\",\"@id\":\"https:\/\/flenstemp.awork20.dk\/da\/product\/mumi-mobile-version-2014\/\",\"url\":\"https:\/\/flenstemp.awork20.dk\/da\/product\/mumi-mobile-version-2014\/\",\"name\":\"Mumi Mobile version 2014 - Flensted Mobiles\",\"isPartOf\":{\"@id\":\"https:\/\/flenstemp.awork20.dk\/#website\"},\"datePublished\":\"1990-05-24T06:02:27+00:00\",\"dateModified\":\"2023-08-31T07:15:01+00:00\",\"breadcrumb\":{\"@id\":\"https:\/\/flenstemp.awork20.dk\/da\/product\/mumi-mobile-version-2014\/#breadcrumb\"},\"inLanguage\":\"da-DK\",\"potentialAction\":[{\"@type\":\"ReadAction\",\"target\":[\"https:\/\/flenstemp.awork20.dk\/da\/product\/mumi-mobile-version-2014\/\"]}]},{\"@type\":\"BreadcrumbList\",\"@id\":\"https:\/\/flenstemp.awork20.dk\/da\/product\/mumi-mobile-version-2014\/#breadcrumb\",\"itemListElement\":[{\"@type\":\"ListItem\",\"position\":1,\"name\":\"Home\",\"item\":\"https:\/\/flenstemp.awork20.dk\/da\/\"},{\"@type\":\"ListItem\",\"position\":2,\"name\":\"Products\",\"item\":\"https:\/\/flenstemp.awork20.dk\/shop\/\"},{\"@type\":\"ListItem\",\"position\":3,\"name\":\"Mumi Mobile version 2014\"}]},{\"@type\":\"WebSite\",\"@id\":\"https:\/\/flenstemp.awork20.dk\/#website\",\"url\":\"https:\/\/flenstemp.awork20.dk\/\",\"name\":\"Flensted Mobiles\",\"description\":\"Unikke mobiler som skaber ro og balance, i enhvers hjem.\",\"publisher\":{\"@id\":\"https:\/\/flenstemp.awork20.dk\/#organization\"},\"potentialAction\":[{\"@type\":\"SearchAction\",\"target\":{\"@type\":\"EntryPoint\",\"urlTemplate\":\"https:\/\/flenstemp.awork20.dk\/?s={search_term_string}\"},\"query-input\":\"required name=search_term_string\"}],\"inLanguage\":\"da-DK\"},{\"@type\":\"Organization\",\"@id\":\"https:\/\/flenstemp.awork20.dk\/#organization\",\"name\":\"Flensted Mobiles\",\"url\":\"https:\/\/flenstemp.awork20.dk\/\",\"logo\":{\"@type\":\"ImageObject\",\"inLanguage\":\"da-DK\",\"@id\":\"https:\/\/flenstemp.awork20.dk\/#\/schema\/logo\/image\/\",\"url\":\"https:\/\/flensted-mobiles.com\/wp-content\/uploads\/2022\/03\/FlenstedLogo_med_ramme_100-3.webp\",\"contentUrl\":\"https:\/\/flensted-mobiles.com\/wp-content\/uploads\/2022\/03\/FlenstedLogo_med_ramme_100-3.webp\",\"width\":2118,\"height\":2118,\"caption\":\"Flensted Mobiles\"},\"image\":{\"@id\":\"https:\/\/flenstemp.awork20.dk\/#\/schema\/logo\/image\/\"},\"sameAs\":[\"https:\/\/www.facebook.com\/flenstedmobiles\"]}]}<\/script>\n<!-- \/ Yoast SEO plugin. -->","yoast_head_json":{"title":"Mumi Mobile version 2014 - Flensted Mobiles","robots":{"index":"index","follow":"follow","max-snippet":"max-snippet:-1","max-image-preview":"max-image-preview:large","max-video-preview":"max-video-preview:-1"},"canonical":"https:\/\/flenstemp.awork20.dk\/da\/product\/mumi-mobile-version-2014\/","og_locale":"da_DK","og_type":"article","og_title":"Mumi Mobile version 2014 - Flensted Mobiles","og_description":"Mumi Mobile version 2014 Designet af Tove Jansson & Ole Flensted  En hyldest i 2014 for at fejre Tove Janssons 100-\u00e5rs f\u00f8dselsdag, den finske forfatter til b\u00f8rnenes klassiske \"Mumi-historier\". En dejlig gave til \"Mumi\"-fans overalt.  L\u00e6n dig tilbag og slap af, mens du ser de elskelige mumitrolde p\u00e5 vej p\u00e5 en eventyrlig picnic. Mobilen indeholder et kort over Mumidalen og et lille h\u00e6fte, der fort\u00e6ller historien om Mumi-karaktererne og Tove Jansson.","og_url":"https:\/\/flenstemp.awork20.dk\/da\/product\/mumi-mobile-version-2014\/","og_site_name":"Flensted Mobiles","article_publisher":"https:\/\/www.facebook.com\/flenstedmobiles","article_modified_time":"2023-08-31T07:15:01+00:00","og_image":[{"width":794,"height":794,"url":"https:\/\/flenstemp.awork20.dk\/wp-content\/uploads\/2021\/12\/FM_440_moomin_2014-1.png","type":"image\/png"}],"twitter_card":"summary_large_image","schema":{"@context":"https:\/\/schema.org","@graph":[{"@type":"WebPage","@id":"https:\/\/flenstemp.awork20.dk\/da\/product\/mumi-mobile-version-2014\/","url":"https:\/\/flenstemp.awork20.dk\/da\/product\/mumi-mobile-version-2014\/","name":"Mumi Mobile version 2014 - Flensted Mobiles","isPartOf":{"@id":"https:\/\/flenstemp.awork20.dk\/#website"},"datePublished":"1990-05-24T06:02:27+00:00","dateModified":"2023-08-31T07:15:01+00:00","breadcrumb":{"@id":"https:\/\/flenstemp.awork20.dk\/da\/product\/mumi-mobile-version-2014\/#breadcrumb"},"inLanguage":"da-DK","potentialAction":[{"@type":"ReadAction","target":["https:\/\/flenstemp.awork20.dk\/da\/product\/mumi-mobile-version-2014\/"]}]},{"@type":"BreadcrumbList","@id":"https:\/\/flenstemp.awork20.dk\/da\/product\/mumi-mobile-version-2014\/#breadcrumb","itemListElement":[{"@type":"ListItem","position":1,"name":"Home","item":"https:\/\/flenstemp.awork20.dk\/da\/"},{"@type":"ListItem","position":2,"name":"Products","item":"https:\/\/flenstemp.awork20.dk\/shop\/"},{"@type":"ListItem","position":3,"name":"Mumi Mobile version 2014"}]},{"@type":"WebSite","@id":"https:\/\/flenstemp.awork20.dk\/#website","url":"https:\/\/flenstemp.awork20.dk\/","name":"Flensted Mobiles","description":"Unikke mobiler som skaber ro og balance, i enhvers hjem.","publisher":{"@id":"https:\/\/flenstemp.awork20.dk\/#organization"},"potentialAction":[{"@type":"SearchAction","target":{"@type":"EntryPoint","urlTemplate":"https:\/\/flenstemp.awork20.dk\/?s={search_term_string}"},"query-input":"required name=search_term_string"}],"inLanguage":"da-DK"},{"@type":"Organization","@id":"https:\/\/flenstemp.awork20.dk\/#organization","name":"Flensted Mobiles","url":"https:\/\/flenstemp.awork20.dk\/","logo":{"@type":"ImageObject","inLanguage":"da-DK","@id":"https:\/\/flenstemp.awork20.dk\/#\/schema\/logo\/image\/","url":"https:\/\/flensted-mobiles.com\/wp-content\/uploads\/2022\/03\/FlenstedLogo_med_ramme_100-3.webp","contentUrl":"https:\/\/flensted-mobiles.com\/wp-content\/uploads\/2022\/03\/FlenstedLogo_med_ramme_100-3.webp","width":2118,"height":2118,"caption":"Flensted Mobiles"},"image":{"@id":"https:\/\/flenstemp.awork20.dk\/#\/schema\/logo\/image\/"},"sameAs":["https:\/\/www.facebook.com\/flenstedmobiles"]}]}},"_links":{"self":[{"href":"https:\/\/flenstemp.awork20.dk\/da\/wp-json\/wp\/v2\/product\/1501"}],"collection":[{"href":"https:\/\/flenstemp.awork20.dk\/da\/wp-json\/wp\/v2\/product"}],"about":[{"href":"https:\/\/flenstemp.awork20.dk\/da\/wp-json\/wp\/v2\/types\/product"}],"wp:featuredmedia":[{"embeddable":true,"href":"https:\/\/flenstemp.awork20.dk\/da\/wp-json\/wp\/v2\/media\/4176"}],"wp:attachment":[{"href":"https:\/\/flenstemp.awork20.dk\/da\/wp-json\/wp\/v2\/media?parent=1501"}],"wp:term":[{"taxonomy":"product_cat","embeddable":true,"href":"https:\/\/flenstemp.awork20.dk\/da\/wp-json\/wp\/v2\/product_cat?post=1501"},{"taxonomy":"product_tag","embeddable":true,"href":"https:\/\/flenstemp.awork20.dk\/da\/wp-json\/wp\/v2\/product_tag?post=1501"}],"curies":[{"name":"wp","href":"https:\/\/api.w.org\/{rel}","templated":true}]}}