{"id":1497,"date":"1998-05-25T14:45:59","date_gmt":"1998-05-25T12:45:59","guid":{"rendered":"https:\/\/flenstedmobiles.com\/?post_type=product&#038;p=1497"},"modified":"2022-10-13T13:48:03","modified_gmt":"2022-10-13T11:48:03","slug":"metamorfose","status":"publish","type":"product","link":"https:\/\/flenstemp.awork20.dk\/da\/product\/metamorfose\/","title":{"rendered":"Metamorfose"},"content":{"rendered":"","protected":false},"excerpt":{"rendered":"<h1>Metamorfose<\/h1>\n<p><em>Designet af Ole Flensted<\/em><\/p>\n<p>&nbsp;<\/p>\n<p>P\u00e5 latin betyder &#8216;metamorfose&#8217; forandring. Og det er pr\u00e6cis, hvad denne elegante luftskulptur g\u00f8r muligt for dig.<\/p>\n<p>For det er dig, der kan \u00e6ndre dens form og bev\u00e6gelser ved at justere st\u00e5ll\u00f8kkerne.<\/p>\n<p>Eksperimenter, og du vil opdage nye, fascinerende former og skygger, n\u00e5r mobilen kredser i sine \u00e6ndrede baner.<\/p>\n<p>[read_more id=&#8221;1&#8243; more=&#8221;Se mere&#8221; less=&#8221;Se mindre&#8221;]<\/p>\n<p>Er du tilf\u00e6ldigvis interesseret i at finde ud af mere om karakteren af \u00e6ndringer og transformationer?<\/p>\n<p>I s\u00e5 fald kan vi anbefale at sidde under Metamorphosis med Ovids mesterv\u00e6rk &#8216;Metamorphosis&#8217; i h\u00e6nderne.<\/p>\n<p>Dette er et klassisk epos med femten kantoer, hvor Ovid genfort\u00e6ller hele verdens historie via mytologisk materiale &#8211; med s\u00e6rligt fokus p\u00e5 dem, der involverer en eller anden form for transformation.<\/p>\n<p>[\/read_more]<\/p>\n","protected":false},"featured_media":4178,"template":"","meta":[],"product_cat":[960,11875,985,11878],"product_tag":[],"yoast_head":"<!-- This site is optimized with the Yoast SEO plugin v20.8 - https:\/\/yoast.com\/wordpress\/plugins\/seo\/ -->\n<title>Metamorfose - Flensted Mobiles<\/title>\n<meta name=\"robots\" content=\"index, follow, max-snippet:-1, max-image-preview:large, max-video-preview:-1\" \/>\n<link rel=\"canonical\" href=\"https:\/\/flenstemp.awork20.dk\/da\/product\/metamorfose\/\" \/>\n<meta property=\"og:locale\" content=\"da_DK\" \/>\n<meta property=\"og:type\" content=\"article\" \/>\n<meta property=\"og:title\" content=\"Metamorfose - Flensted Mobiles\" \/>\n<meta property=\"og:description\" content=\"Metamorfose Designet af Ole Flensted  &nbsp;  P\u00e5 latin betyder &#039;metamorfose&#039; forandring. Og det er pr\u00e6cis, hvad denne elegante luftskulptur g\u00f8r muligt for dig.  For det er dig, der kan \u00e6ndre dens form og bev\u00e6gelser ved at justere st\u00e5ll\u00f8kkerne.  Eksperimenter, og du vil opdage nye, fascinerende former og skygger, n\u00e5r mobilen kredser i sine \u00e6ndrede baner.  [read_more id=&quot;1&quot; more=&quot;Se mere&quot; less=&quot;Se mindre&quot;]  Er du tilf\u00e6ldigvis interesseret i at finde ud af mere om karakteren af \u00e6ndringer og transformationer?  I s\u00e5 fald kan vi anbefale at sidde under Metamorphosis med Ovids mesterv\u00e6rk &#039;Metamorphosis&#039; i h\u00e6nderne.  Dette er et klassisk epos med femten kantoer, hvor Ovid genfort\u00e6ller hele verdens historie via mytologisk materiale - med s\u00e6rligt fokus p\u00e5 dem, der involverer en eller anden form for transformation.  [\/read_more]\" \/>\n<meta property=\"og:url\" content=\"https:\/\/flenstemp.awork20.dk\/da\/product\/metamorfose\/\" \/>\n<meta property=\"og:site_name\" content=\"Flensted Mobiles\" \/>\n<meta property=\"article:publisher\" content=\"https:\/\/www.facebook.com\/flenstedmobiles\" \/>\n<meta property=\"article:modified_time\" content=\"2022-10-13T11:48:03+00:00\" \/>\n<meta property=\"og:image\" content=\"https:\/\/flenstemp.awork20.dk\/wp-content\/uploads\/2021\/12\/FM_132_metamorphosis-1.png\" \/>\n\t<meta property=\"og:image:width\" content=\"794\" \/>\n\t<meta property=\"og:image:height\" content=\"794\" \/>\n\t<meta property=\"og:image:type\" content=\"image\/png\" \/>\n<meta name=\"twitter:card\" content=\"summary_large_image\" \/>\n<script type=\"application\/ld+json\" class=\"yoast-schema-graph\">{\"@context\":\"https:\/\/schema.org\",\"@graph\":[{\"@type\":\"WebPage\",\"@id\":\"https:\/\/flenstemp.awork20.dk\/da\/product\/metamorfose\/\",\"url\":\"https:\/\/flenstemp.awork20.dk\/da\/product\/metamorfose\/\",\"name\":\"Metamorfose - Flensted Mobiles\",\"isPartOf\":{\"@id\":\"https:\/\/flenstemp.awork20.dk\/#website\"},\"datePublished\":\"1998-05-25T12:45:59+00:00\",\"dateModified\":\"2022-10-13T11:48:03+00:00\",\"breadcrumb\":{\"@id\":\"https:\/\/flenstemp.awork20.dk\/da\/product\/metamorfose\/#breadcrumb\"},\"inLanguage\":\"da-DK\",\"potentialAction\":[{\"@type\":\"ReadAction\",\"target\":[\"https:\/\/flenstemp.awork20.dk\/da\/product\/metamorfose\/\"]}]},{\"@type\":\"BreadcrumbList\",\"@id\":\"https:\/\/flenstemp.awork20.dk\/da\/product\/metamorfose\/#breadcrumb\",\"itemListElement\":[{\"@type\":\"ListItem\",\"position\":1,\"name\":\"Home\",\"item\":\"https:\/\/flenstemp.awork20.dk\/da\/\"},{\"@type\":\"ListItem\",\"position\":2,\"name\":\"Products\",\"item\":\"https:\/\/flenstemp.awork20.dk\/shop\/\"},{\"@type\":\"ListItem\",\"position\":3,\"name\":\"Metamorfose\"}]},{\"@type\":\"WebSite\",\"@id\":\"https:\/\/flenstemp.awork20.dk\/#website\",\"url\":\"https:\/\/flenstemp.awork20.dk\/\",\"name\":\"Flensted Mobiles\",\"description\":\"Unikke mobiler som skaber ro og balance, i enhvers hjem.\",\"publisher\":{\"@id\":\"https:\/\/flenstemp.awork20.dk\/#organization\"},\"potentialAction\":[{\"@type\":\"SearchAction\",\"target\":{\"@type\":\"EntryPoint\",\"urlTemplate\":\"https:\/\/flenstemp.awork20.dk\/?s={search_term_string}\"},\"query-input\":\"required name=search_term_string\"}],\"inLanguage\":\"da-DK\"},{\"@type\":\"Organization\",\"@id\":\"https:\/\/flenstemp.awork20.dk\/#organization\",\"name\":\"Flensted Mobiles\",\"url\":\"https:\/\/flenstemp.awork20.dk\/\",\"logo\":{\"@type\":\"ImageObject\",\"inLanguage\":\"da-DK\",\"@id\":\"https:\/\/flenstemp.awork20.dk\/#\/schema\/logo\/image\/\",\"url\":\"https:\/\/flensted-mobiles.com\/wp-content\/uploads\/2022\/03\/FlenstedLogo_med_ramme_100-3.webp\",\"contentUrl\":\"https:\/\/flensted-mobiles.com\/wp-content\/uploads\/2022\/03\/FlenstedLogo_med_ramme_100-3.webp\",\"width\":2118,\"height\":2118,\"caption\":\"Flensted Mobiles\"},\"image\":{\"@id\":\"https:\/\/flenstemp.awork20.dk\/#\/schema\/logo\/image\/\"},\"sameAs\":[\"https:\/\/www.facebook.com\/flenstedmobiles\"]}]}<\/script>\n<!-- \/ Yoast SEO plugin. -->","yoast_head_json":{"title":"Metamorfose - Flensted Mobiles","robots":{"index":"index","follow":"follow","max-snippet":"max-snippet:-1","max-image-preview":"max-image-preview:large","max-video-preview":"max-video-preview:-1"},"canonical":"https:\/\/flenstemp.awork20.dk\/da\/product\/metamorfose\/","og_locale":"da_DK","og_type":"article","og_title":"Metamorfose - Flensted Mobiles","og_description":"Metamorfose Designet af Ole Flensted  &nbsp;  P\u00e5 latin betyder 'metamorfose' forandring. Og det er pr\u00e6cis, hvad denne elegante luftskulptur g\u00f8r muligt for dig.  For det er dig, der kan \u00e6ndre dens form og bev\u00e6gelser ved at justere st\u00e5ll\u00f8kkerne.  Eksperimenter, og du vil opdage nye, fascinerende former og skygger, n\u00e5r mobilen kredser i sine \u00e6ndrede baner.  [read_more id=\"1\" more=\"Se mere\" less=\"Se mindre\"]  Er du tilf\u00e6ldigvis interesseret i at finde ud af mere om karakteren af \u00e6ndringer og transformationer?  I s\u00e5 fald kan vi anbefale at sidde under Metamorphosis med Ovids mesterv\u00e6rk 'Metamorphosis' i h\u00e6nderne.  Dette er et klassisk epos med femten kantoer, hvor Ovid genfort\u00e6ller hele verdens historie via mytologisk materiale - med s\u00e6rligt fokus p\u00e5 dem, der involverer en eller anden form for transformation.  [\/read_more]","og_url":"https:\/\/flenstemp.awork20.dk\/da\/product\/metamorfose\/","og_site_name":"Flensted Mobiles","article_publisher":"https:\/\/www.facebook.com\/flenstedmobiles","article_modified_time":"2022-10-13T11:48:03+00:00","og_image":[{"width":794,"height":794,"url":"https:\/\/flenstemp.awork20.dk\/wp-content\/uploads\/2021\/12\/FM_132_metamorphosis-1.png","type":"image\/png"}],"twitter_card":"summary_large_image","schema":{"@context":"https:\/\/schema.org","@graph":[{"@type":"WebPage","@id":"https:\/\/flenstemp.awork20.dk\/da\/product\/metamorfose\/","url":"https:\/\/flenstemp.awork20.dk\/da\/product\/metamorfose\/","name":"Metamorfose - Flensted Mobiles","isPartOf":{"@id":"https:\/\/flenstemp.awork20.dk\/#website"},"datePublished":"1998-05-25T12:45:59+00:00","dateModified":"2022-10-13T11:48:03+00:00","breadcrumb":{"@id":"https:\/\/flenstemp.awork20.dk\/da\/product\/metamorfose\/#breadcrumb"},"inLanguage":"da-DK","potentialAction":[{"@type":"ReadAction","target":["https:\/\/flenstemp.awork20.dk\/da\/product\/metamorfose\/"]}]},{"@type":"BreadcrumbList","@id":"https:\/\/flenstemp.awork20.dk\/da\/product\/metamorfose\/#breadcrumb","itemListElement":[{"@type":"ListItem","position":1,"name":"Home","item":"https:\/\/flenstemp.awork20.dk\/da\/"},{"@type":"ListItem","position":2,"name":"Products","item":"https:\/\/flenstemp.awork20.dk\/shop\/"},{"@type":"ListItem","position":3,"name":"Metamorfose"}]},{"@type":"WebSite","@id":"https:\/\/flenstemp.awork20.dk\/#website","url":"https:\/\/flenstemp.awork20.dk\/","name":"Flensted Mobiles","description":"Unikke mobiler som skaber ro og balance, i enhvers hjem.","publisher":{"@id":"https:\/\/flenstemp.awork20.dk\/#organization"},"potentialAction":[{"@type":"SearchAction","target":{"@type":"EntryPoint","urlTemplate":"https:\/\/flenstemp.awork20.dk\/?s={search_term_string}"},"query-input":"required name=search_term_string"}],"inLanguage":"da-DK"},{"@type":"Organization","@id":"https:\/\/flenstemp.awork20.dk\/#organization","name":"Flensted Mobiles","url":"https:\/\/flenstemp.awork20.dk\/","logo":{"@type":"ImageObject","inLanguage":"da-DK","@id":"https:\/\/flenstemp.awork20.dk\/#\/schema\/logo\/image\/","url":"https:\/\/flensted-mobiles.com\/wp-content\/uploads\/2022\/03\/FlenstedLogo_med_ramme_100-3.webp","contentUrl":"https:\/\/flensted-mobiles.com\/wp-content\/uploads\/2022\/03\/FlenstedLogo_med_ramme_100-3.webp","width":2118,"height":2118,"caption":"Flensted Mobiles"},"image":{"@id":"https:\/\/flenstemp.awork20.dk\/#\/schema\/logo\/image\/"},"sameAs":["https:\/\/www.facebook.com\/flenstedmobiles"]}]}},"_links":{"self":[{"href":"https:\/\/flenstemp.awork20.dk\/da\/wp-json\/wp\/v2\/product\/1497"}],"collection":[{"href":"https:\/\/flenstemp.awork20.dk\/da\/wp-json\/wp\/v2\/product"}],"about":[{"href":"https:\/\/flenstemp.awork20.dk\/da\/wp-json\/wp\/v2\/types\/product"}],"wp:featuredmedia":[{"embeddable":true,"href":"https:\/\/flenstemp.awork20.dk\/da\/wp-json\/wp\/v2\/media\/4178"}],"wp:attachment":[{"href":"https:\/\/flenstemp.awork20.dk\/da\/wp-json\/wp\/v2\/media?parent=1497"}],"wp:term":[{"taxonomy":"product_cat","embeddable":true,"href":"https:\/\/flenstemp.awork20.dk\/da\/wp-json\/wp\/v2\/product_cat?post=1497"},{"taxonomy":"product_tag","embeddable":true,"href":"https:\/\/flenstemp.awork20.dk\/da\/wp-json\/wp\/v2\/product_tag?post=1497"}],"curies":[{"name":"wp","href":"https:\/\/api.w.org\/{rel}","templated":true}]}}