{"id":1495,"date":"1971-05-27T13:30:16","date_gmt":"1971-05-27T12:30:16","guid":{"rendered":"https:\/\/flenstedmobiles.com\/?post_type=product&#038;p=1495"},"modified":"2023-08-16T14:50:50","modified_gmt":"2023-08-16T12:50:50","slug":"kvadratrod-9","status":"publish","type":"product","link":"https:\/\/flenstemp.awork20.dk\/da\/product\/kvadratrod-9\/","title":{"rendered":"Kvadratrod 9"},"content":{"rendered":"","protected":false},"excerpt":{"rendered":"<h1>Kvadratrod 9<\/h1>\n<p><em>Designet af Christian Flensted<\/em><\/p>\n<p>&nbsp;<\/p>\n<p>Vi er stolte af at kunne pr\u00e6sentere den ikoniske &#8220;Kvadratrod 9&#8243;, en mobile designet i 1972 af grundl\u00e6ggeren af Flensted Mobiler, Christian Flensted.<\/p>\n<p>[read_more id=&#8221;1&#8243; more=&#8221;L\u00e6s mere&#8221; less=&#8221;L\u00e6s mindre&#8221;]<\/p>\n<p>Denne mobile kan sammenlignes med et maleri &#8211; den v\u00e6sentligste forskel er, at mobilen h\u00e6nger 33 cm fra v\u00e6ggen, og at dette kunstv\u00e6rk bev\u00e6ger sig og kaster de mest vidunderlige skygger.<\/p>\n<p>Krogene til at h\u00e6nge mobilen med er i kassen.<\/p>\n<p>Som med alle vores andre mobiler, er denne mobile h\u00e5ndlavet i Danmark.<\/p>\n<p>[\/read_more]<\/p>\n","protected":false},"featured_media":4179,"template":"","meta":[],"product_cat":[960,11875,985,11878,11892,983],"product_tag":[11999,12000],"yoast_head":"<!-- This site is optimized with the Yoast SEO plugin v20.8 - https:\/\/yoast.com\/wordpress\/plugins\/seo\/ -->\n<title>Kvadratrod 9 - Flensted Mobiles<\/title>\n<meta name=\"robots\" content=\"index, follow, max-snippet:-1, max-image-preview:large, max-video-preview:-1\" \/>\n<link rel=\"canonical\" href=\"https:\/\/flenstemp.awork20.dk\/da\/product\/kvadratrod-9\/\" \/>\n<meta property=\"og:locale\" content=\"da_DK\" \/>\n<meta property=\"og:type\" content=\"article\" \/>\n<meta property=\"og:title\" content=\"Kvadratrod 9 - Flensted Mobiles\" \/>\n<meta property=\"og:description\" content=\"Kvadratrod 9 Designet af Christian Flensted  &nbsp;  Vi er stolte af at kunne pr\u00e6sentere den ikoniske &quot;Kvadratrod 9&quot;, en mobile designet i 1972 af grundl\u00e6ggeren af Flensted Mobiler, Christian Flensted.  [read_more id=&quot;1&quot; more=&quot;L\u00e6s mere&quot; less=&quot;L\u00e6s mindre&quot;]   Denne mobile kan sammenlignes med et maleri - den v\u00e6sentligste forskel er, at mobilen h\u00e6nger 33 cm fra v\u00e6ggen, og at dette kunstv\u00e6rk bev\u00e6ger sig og kaster de mest vidunderlige skygger.  Krogene til at h\u00e6nge mobilen med er i kassen.  Som med alle vores andre mobiler, er denne mobile h\u00e5ndlavet i Danmark.  [\/read_more]\" \/>\n<meta property=\"og:url\" content=\"https:\/\/flenstemp.awork20.dk\/da\/product\/kvadratrod-9\/\" \/>\n<meta property=\"og:site_name\" content=\"Flensted Mobiles\" \/>\n<meta property=\"article:publisher\" content=\"https:\/\/www.facebook.com\/flenstedmobiles\" \/>\n<meta property=\"article:modified_time\" content=\"2023-08-16T12:50:50+00:00\" \/>\n<meta property=\"og:image\" content=\"https:\/\/flenstemp.awork20.dk\/wp-content\/uploads\/2021\/12\/FM_061_sqaureroot_9-1.png\" \/>\n\t<meta property=\"og:image:width\" content=\"794\" \/>\n\t<meta property=\"og:image:height\" content=\"794\" \/>\n\t<meta property=\"og:image:type\" content=\"image\/png\" \/>\n<meta name=\"twitter:card\" content=\"summary_large_image\" \/>\n<script type=\"application\/ld+json\" class=\"yoast-schema-graph\">{\"@context\":\"https:\/\/schema.org\",\"@graph\":[{\"@type\":\"WebPage\",\"@id\":\"https:\/\/flenstemp.awork20.dk\/da\/product\/kvadratrod-9\/\",\"url\":\"https:\/\/flenstemp.awork20.dk\/da\/product\/kvadratrod-9\/\",\"name\":\"Kvadratrod 9 - Flensted Mobiles\",\"isPartOf\":{\"@id\":\"https:\/\/flenstemp.awork20.dk\/#website\"},\"datePublished\":\"1971-05-27T12:30:16+00:00\",\"dateModified\":\"2023-08-16T12:50:50+00:00\",\"breadcrumb\":{\"@id\":\"https:\/\/flenstemp.awork20.dk\/da\/product\/kvadratrod-9\/#breadcrumb\"},\"inLanguage\":\"da-DK\",\"potentialAction\":[{\"@type\":\"ReadAction\",\"target\":[\"https:\/\/flenstemp.awork20.dk\/da\/product\/kvadratrod-9\/\"]}]},{\"@type\":\"BreadcrumbList\",\"@id\":\"https:\/\/flenstemp.awork20.dk\/da\/product\/kvadratrod-9\/#breadcrumb\",\"itemListElement\":[{\"@type\":\"ListItem\",\"position\":1,\"name\":\"Home\",\"item\":\"https:\/\/flenstemp.awork20.dk\/da\/\"},{\"@type\":\"ListItem\",\"position\":2,\"name\":\"Products\",\"item\":\"https:\/\/flenstemp.awork20.dk\/shop\/\"},{\"@type\":\"ListItem\",\"position\":3,\"name\":\"Kvadratrod 9\"}]},{\"@type\":\"WebSite\",\"@id\":\"https:\/\/flenstemp.awork20.dk\/#website\",\"url\":\"https:\/\/flenstemp.awork20.dk\/\",\"name\":\"Flensted Mobiles\",\"description\":\"Unikke mobiler som skaber ro og balance, i enhvers hjem.\",\"publisher\":{\"@id\":\"https:\/\/flenstemp.awork20.dk\/#organization\"},\"potentialAction\":[{\"@type\":\"SearchAction\",\"target\":{\"@type\":\"EntryPoint\",\"urlTemplate\":\"https:\/\/flenstemp.awork20.dk\/?s={search_term_string}\"},\"query-input\":\"required name=search_term_string\"}],\"inLanguage\":\"da-DK\"},{\"@type\":\"Organization\",\"@id\":\"https:\/\/flenstemp.awork20.dk\/#organization\",\"name\":\"Flensted Mobiles\",\"url\":\"https:\/\/flenstemp.awork20.dk\/\",\"logo\":{\"@type\":\"ImageObject\",\"inLanguage\":\"da-DK\",\"@id\":\"https:\/\/flenstemp.awork20.dk\/#\/schema\/logo\/image\/\",\"url\":\"https:\/\/flensted-mobiles.com\/wp-content\/uploads\/2022\/03\/FlenstedLogo_med_ramme_100-3.webp\",\"contentUrl\":\"https:\/\/flensted-mobiles.com\/wp-content\/uploads\/2022\/03\/FlenstedLogo_med_ramme_100-3.webp\",\"width\":2118,\"height\":2118,\"caption\":\"Flensted Mobiles\"},\"image\":{\"@id\":\"https:\/\/flenstemp.awork20.dk\/#\/schema\/logo\/image\/\"},\"sameAs\":[\"https:\/\/www.facebook.com\/flenstedmobiles\"]}]}<\/script>\n<!-- \/ Yoast SEO plugin. -->","yoast_head_json":{"title":"Kvadratrod 9 - Flensted Mobiles","robots":{"index":"index","follow":"follow","max-snippet":"max-snippet:-1","max-image-preview":"max-image-preview:large","max-video-preview":"max-video-preview:-1"},"canonical":"https:\/\/flenstemp.awork20.dk\/da\/product\/kvadratrod-9\/","og_locale":"da_DK","og_type":"article","og_title":"Kvadratrod 9 - Flensted Mobiles","og_description":"Kvadratrod 9 Designet af Christian Flensted  &nbsp;  Vi er stolte af at kunne pr\u00e6sentere den ikoniske \"Kvadratrod 9\", en mobile designet i 1972 af grundl\u00e6ggeren af Flensted Mobiler, Christian Flensted.  [read_more id=\"1\" more=\"L\u00e6s mere\" less=\"L\u00e6s mindre\"]   Denne mobile kan sammenlignes med et maleri - den v\u00e6sentligste forskel er, at mobilen h\u00e6nger 33 cm fra v\u00e6ggen, og at dette kunstv\u00e6rk bev\u00e6ger sig og kaster de mest vidunderlige skygger.  Krogene til at h\u00e6nge mobilen med er i kassen.  Som med alle vores andre mobiler, er denne mobile h\u00e5ndlavet i Danmark.  [\/read_more]","og_url":"https:\/\/flenstemp.awork20.dk\/da\/product\/kvadratrod-9\/","og_site_name":"Flensted Mobiles","article_publisher":"https:\/\/www.facebook.com\/flenstedmobiles","article_modified_time":"2023-08-16T12:50:50+00:00","og_image":[{"width":794,"height":794,"url":"https:\/\/flenstemp.awork20.dk\/wp-content\/uploads\/2021\/12\/FM_061_sqaureroot_9-1.png","type":"image\/png"}],"twitter_card":"summary_large_image","schema":{"@context":"https:\/\/schema.org","@graph":[{"@type":"WebPage","@id":"https:\/\/flenstemp.awork20.dk\/da\/product\/kvadratrod-9\/","url":"https:\/\/flenstemp.awork20.dk\/da\/product\/kvadratrod-9\/","name":"Kvadratrod 9 - Flensted Mobiles","isPartOf":{"@id":"https:\/\/flenstemp.awork20.dk\/#website"},"datePublished":"1971-05-27T12:30:16+00:00","dateModified":"2023-08-16T12:50:50+00:00","breadcrumb":{"@id":"https:\/\/flenstemp.awork20.dk\/da\/product\/kvadratrod-9\/#breadcrumb"},"inLanguage":"da-DK","potentialAction":[{"@type":"ReadAction","target":["https:\/\/flenstemp.awork20.dk\/da\/product\/kvadratrod-9\/"]}]},{"@type":"BreadcrumbList","@id":"https:\/\/flenstemp.awork20.dk\/da\/product\/kvadratrod-9\/#breadcrumb","itemListElement":[{"@type":"ListItem","position":1,"name":"Home","item":"https:\/\/flenstemp.awork20.dk\/da\/"},{"@type":"ListItem","position":2,"name":"Products","item":"https:\/\/flenstemp.awork20.dk\/shop\/"},{"@type":"ListItem","position":3,"name":"Kvadratrod 9"}]},{"@type":"WebSite","@id":"https:\/\/flenstemp.awork20.dk\/#website","url":"https:\/\/flenstemp.awork20.dk\/","name":"Flensted Mobiles","description":"Unikke mobiler som skaber ro og balance, i enhvers hjem.","publisher":{"@id":"https:\/\/flenstemp.awork20.dk\/#organization"},"potentialAction":[{"@type":"SearchAction","target":{"@type":"EntryPoint","urlTemplate":"https:\/\/flenstemp.awork20.dk\/?s={search_term_string}"},"query-input":"required name=search_term_string"}],"inLanguage":"da-DK"},{"@type":"Organization","@id":"https:\/\/flenstemp.awork20.dk\/#organization","name":"Flensted Mobiles","url":"https:\/\/flenstemp.awork20.dk\/","logo":{"@type":"ImageObject","inLanguage":"da-DK","@id":"https:\/\/flenstemp.awork20.dk\/#\/schema\/logo\/image\/","url":"https:\/\/flensted-mobiles.com\/wp-content\/uploads\/2022\/03\/FlenstedLogo_med_ramme_100-3.webp","contentUrl":"https:\/\/flensted-mobiles.com\/wp-content\/uploads\/2022\/03\/FlenstedLogo_med_ramme_100-3.webp","width":2118,"height":2118,"caption":"Flensted Mobiles"},"image":{"@id":"https:\/\/flenstemp.awork20.dk\/#\/schema\/logo\/image\/"},"sameAs":["https:\/\/www.facebook.com\/flenstedmobiles"]}]}},"_links":{"self":[{"href":"https:\/\/flenstemp.awork20.dk\/da\/wp-json\/wp\/v2\/product\/1495"}],"collection":[{"href":"https:\/\/flenstemp.awork20.dk\/da\/wp-json\/wp\/v2\/product"}],"about":[{"href":"https:\/\/flenstemp.awork20.dk\/da\/wp-json\/wp\/v2\/types\/product"}],"wp:featuredmedia":[{"embeddable":true,"href":"https:\/\/flenstemp.awork20.dk\/da\/wp-json\/wp\/v2\/media\/4179"}],"wp:attachment":[{"href":"https:\/\/flenstemp.awork20.dk\/da\/wp-json\/wp\/v2\/media?parent=1495"}],"wp:term":[{"taxonomy":"product_cat","embeddable":true,"href":"https:\/\/flenstemp.awork20.dk\/da\/wp-json\/wp\/v2\/product_cat?post=1495"},{"taxonomy":"product_tag","embeddable":true,"href":"https:\/\/flenstemp.awork20.dk\/da\/wp-json\/wp\/v2\/product_tag?post=1495"}],"curies":[{"name":"wp","href":"https:\/\/api.w.org\/{rel}","templated":true}]}}