{"id":1493,"date":"1955-05-27T18:00:45","date_gmt":"1955-05-27T17:00:45","guid":{"rendered":"https:\/\/flenstedmobiles.com\/?post_type=product&#038;p=1493"},"modified":"2023-08-16T12:17:51","modified_gmt":"2023-08-16T10:17:51","slug":"flowing-rhythm-roed-large","status":"publish","type":"product","link":"https:\/\/flenstemp.awork20.dk\/da\/product\/flowing-rhythm-roed-large\/","title":{"rendered":"Flowing Rhythm, r\u00f8d \u2013 large scale"},"content":{"rendered":"","protected":false},"excerpt":{"rendered":"<h1>Flowing Rhythm, r\u00f8d &#8211; large scale<\/h1>\n<p><em>Designet af Christian Flensted<\/em><br \/>\n&nbsp;<br \/>\n<strong>Bem\u00e6rk st\u00f8rrelsen p\u00e5 denne mobil<\/strong><\/p>\n<p>Klassisk og tidl\u00f8s er koncepter, der definerer denne Flowing Rhythm-mobil i Flensted-serien.<\/p>\n<p>[read_more id=&#8221;1&#8243; more=&#8221;L\u00e6s mere&#8221; less=&#8221;L\u00e6s mindre&#8221;]<\/p>\n<p>I 1955 designede Christian Flensted denne meget enkle og fantastiske mobil. Som stadig &#8211; s\u00e5 mange \u00e5rtier senere &#8211; passer perfekt ind i det moderne univers.<\/p>\n<p>Samspillet mellem grundformer og lyse, klassiske farver i kombination med den rene elegance, n\u00e5r luft og bev\u00e6gelse tilf\u00f8res dets elegante udtryk, er netop det, der g\u00f8r denne mobile en klassisk Flensted mobile.<\/p>\n<p><em>Denne store version af Flowing Rhythm leveres kun p\u00e5 bestilling. Til geng\u00e6ld er den en fantastisk fin dekorativ tilf\u00f8jelse til et stort rum. Den er smuk i en stor stue med h\u00f8jt til loftet, eller i erhvervsfaciliteter, der har masser af plads til en stor mobile dekoration.<\/em><\/p>\n<p>[\/read_more]<\/p>\n","protected":false},"featured_media":4180,"template":"","meta":[],"product_cat":[960,11875,1007,11876],"product_tag":[],"yoast_head":"<!-- This site is optimized with the Yoast SEO plugin v20.8 - https:\/\/yoast.com\/wordpress\/plugins\/seo\/ -->\n<title>Flowing Rhythm, r\u00f8d \u2013 large scale - Flensted Mobiles<\/title>\n<meta name=\"robots\" content=\"index, follow, max-snippet:-1, max-image-preview:large, max-video-preview:-1\" \/>\n<link rel=\"canonical\" href=\"https:\/\/flenstemp.awork20.dk\/da\/product\/flowing-rhythm-roed-large\/\" \/>\n<meta property=\"og:locale\" content=\"da_DK\" \/>\n<meta property=\"og:type\" content=\"article\" \/>\n<meta property=\"og:title\" content=\"Flowing Rhythm, r\u00f8d \u2013 large scale - Flensted Mobiles\" \/>\n<meta property=\"og:description\" content=\"Flowing Rhythm, r\u00f8d - large scale Designet af Christian Flensted &nbsp; Bem\u00e6rk st\u00f8rrelsen p\u00e5 denne mobil  Klassisk og tidl\u00f8s er koncepter, der definerer denne Flowing Rhythm-mobil i Flensted-serien.  [read_more id=&quot;1&quot; more=&quot;L\u00e6s mere&quot; less=&quot;L\u00e6s mindre&quot;]  I 1955 designede Christian Flensted denne meget enkle og fantastiske mobil. Som stadig - s\u00e5 mange \u00e5rtier senere - passer perfekt ind i det moderne univers.  Samspillet mellem grundformer og lyse, klassiske farver i kombination med den rene elegance, n\u00e5r luft og bev\u00e6gelse tilf\u00f8res dets elegante udtryk, er netop det, der g\u00f8r denne mobile en klassisk Flensted mobile.  Denne store version af Flowing Rhythm leveres kun p\u00e5 bestilling. Til geng\u00e6ld er den en fantastisk fin dekorativ tilf\u00f8jelse til et stort rum. Den er smuk i en stor stue med h\u00f8jt til loftet, eller i erhvervsfaciliteter, der har masser af plads til en stor mobile dekoration.  [\/read_more]\" \/>\n<meta property=\"og:url\" content=\"https:\/\/flenstemp.awork20.dk\/da\/product\/flowing-rhythm-roed-large\/\" \/>\n<meta property=\"og:site_name\" content=\"Flensted Mobiles\" \/>\n<meta property=\"article:publisher\" content=\"https:\/\/www.facebook.com\/flenstedmobiles\" \/>\n<meta property=\"article:modified_time\" content=\"2023-08-16T10:17:51+00:00\" \/>\n<meta property=\"og:image\" content=\"https:\/\/flenstemp.awork20.dk\/wp-content\/uploads\/2021\/12\/FM_005f_flowing_rhythm_red_large-1.png\" \/>\n\t<meta property=\"og:image:width\" content=\"794\" \/>\n\t<meta property=\"og:image:height\" content=\"794\" \/>\n\t<meta property=\"og:image:type\" content=\"image\/png\" \/>\n<meta name=\"twitter:card\" content=\"summary_large_image\" \/>\n<script type=\"application\/ld+json\" class=\"yoast-schema-graph\">{\"@context\":\"https:\/\/schema.org\",\"@graph\":[{\"@type\":\"WebPage\",\"@id\":\"https:\/\/flenstemp.awork20.dk\/da\/product\/flowing-rhythm-roed-large\/\",\"url\":\"https:\/\/flenstemp.awork20.dk\/da\/product\/flowing-rhythm-roed-large\/\",\"name\":\"Flowing Rhythm, r\u00f8d \u2013 large scale - Flensted Mobiles\",\"isPartOf\":{\"@id\":\"https:\/\/flenstemp.awork20.dk\/#website\"},\"datePublished\":\"1955-05-27T17:00:45+00:00\",\"dateModified\":\"2023-08-16T10:17:51+00:00\",\"breadcrumb\":{\"@id\":\"https:\/\/flenstemp.awork20.dk\/da\/product\/flowing-rhythm-roed-large\/#breadcrumb\"},\"inLanguage\":\"da-DK\",\"potentialAction\":[{\"@type\":\"ReadAction\",\"target\":[\"https:\/\/flenstemp.awork20.dk\/da\/product\/flowing-rhythm-roed-large\/\"]}]},{\"@type\":\"BreadcrumbList\",\"@id\":\"https:\/\/flenstemp.awork20.dk\/da\/product\/flowing-rhythm-roed-large\/#breadcrumb\",\"itemListElement\":[{\"@type\":\"ListItem\",\"position\":1,\"name\":\"Home\",\"item\":\"https:\/\/flenstemp.awork20.dk\/da\/\"},{\"@type\":\"ListItem\",\"position\":2,\"name\":\"Products\",\"item\":\"https:\/\/flenstemp.awork20.dk\/shop\/\"},{\"@type\":\"ListItem\",\"position\":3,\"name\":\"Flowing Rhythm, r\u00f8d \u2013 large scale\"}]},{\"@type\":\"WebSite\",\"@id\":\"https:\/\/flenstemp.awork20.dk\/#website\",\"url\":\"https:\/\/flenstemp.awork20.dk\/\",\"name\":\"Flensted Mobiles\",\"description\":\"Unikke mobiler som skaber ro og balance, i enhvers hjem.\",\"publisher\":{\"@id\":\"https:\/\/flenstemp.awork20.dk\/#organization\"},\"potentialAction\":[{\"@type\":\"SearchAction\",\"target\":{\"@type\":\"EntryPoint\",\"urlTemplate\":\"https:\/\/flenstemp.awork20.dk\/?s={search_term_string}\"},\"query-input\":\"required name=search_term_string\"}],\"inLanguage\":\"da-DK\"},{\"@type\":\"Organization\",\"@id\":\"https:\/\/flenstemp.awork20.dk\/#organization\",\"name\":\"Flensted Mobiles\",\"url\":\"https:\/\/flenstemp.awork20.dk\/\",\"logo\":{\"@type\":\"ImageObject\",\"inLanguage\":\"da-DK\",\"@id\":\"https:\/\/flenstemp.awork20.dk\/#\/schema\/logo\/image\/\",\"url\":\"https:\/\/flensted-mobiles.com\/wp-content\/uploads\/2022\/03\/FlenstedLogo_med_ramme_100-3.webp\",\"contentUrl\":\"https:\/\/flensted-mobiles.com\/wp-content\/uploads\/2022\/03\/FlenstedLogo_med_ramme_100-3.webp\",\"width\":2118,\"height\":2118,\"caption\":\"Flensted Mobiles\"},\"image\":{\"@id\":\"https:\/\/flenstemp.awork20.dk\/#\/schema\/logo\/image\/\"},\"sameAs\":[\"https:\/\/www.facebook.com\/flenstedmobiles\"]}]}<\/script>\n<!-- \/ Yoast SEO plugin. -->","yoast_head_json":{"title":"Flowing Rhythm, r\u00f8d \u2013 large scale - Flensted Mobiles","robots":{"index":"index","follow":"follow","max-snippet":"max-snippet:-1","max-image-preview":"max-image-preview:large","max-video-preview":"max-video-preview:-1"},"canonical":"https:\/\/flenstemp.awork20.dk\/da\/product\/flowing-rhythm-roed-large\/","og_locale":"da_DK","og_type":"article","og_title":"Flowing Rhythm, r\u00f8d \u2013 large scale - Flensted Mobiles","og_description":"Flowing Rhythm, r\u00f8d - large scale Designet af Christian Flensted &nbsp; Bem\u00e6rk st\u00f8rrelsen p\u00e5 denne mobil  Klassisk og tidl\u00f8s er koncepter, der definerer denne Flowing Rhythm-mobil i Flensted-serien.  [read_more id=\"1\" more=\"L\u00e6s mere\" less=\"L\u00e6s mindre\"]  I 1955 designede Christian Flensted denne meget enkle og fantastiske mobil. Som stadig - s\u00e5 mange \u00e5rtier senere - passer perfekt ind i det moderne univers.  Samspillet mellem grundformer og lyse, klassiske farver i kombination med den rene elegance, n\u00e5r luft og bev\u00e6gelse tilf\u00f8res dets elegante udtryk, er netop det, der g\u00f8r denne mobile en klassisk Flensted mobile.  Denne store version af Flowing Rhythm leveres kun p\u00e5 bestilling. Til geng\u00e6ld er den en fantastisk fin dekorativ tilf\u00f8jelse til et stort rum. Den er smuk i en stor stue med h\u00f8jt til loftet, eller i erhvervsfaciliteter, der har masser af plads til en stor mobile dekoration.  [\/read_more]","og_url":"https:\/\/flenstemp.awork20.dk\/da\/product\/flowing-rhythm-roed-large\/","og_site_name":"Flensted Mobiles","article_publisher":"https:\/\/www.facebook.com\/flenstedmobiles","article_modified_time":"2023-08-16T10:17:51+00:00","og_image":[{"width":794,"height":794,"url":"https:\/\/flenstemp.awork20.dk\/wp-content\/uploads\/2021\/12\/FM_005f_flowing_rhythm_red_large-1.png","type":"image\/png"}],"twitter_card":"summary_large_image","schema":{"@context":"https:\/\/schema.org","@graph":[{"@type":"WebPage","@id":"https:\/\/flenstemp.awork20.dk\/da\/product\/flowing-rhythm-roed-large\/","url":"https:\/\/flenstemp.awork20.dk\/da\/product\/flowing-rhythm-roed-large\/","name":"Flowing Rhythm, r\u00f8d \u2013 large scale - Flensted Mobiles","isPartOf":{"@id":"https:\/\/flenstemp.awork20.dk\/#website"},"datePublished":"1955-05-27T17:00:45+00:00","dateModified":"2023-08-16T10:17:51+00:00","breadcrumb":{"@id":"https:\/\/flenstemp.awork20.dk\/da\/product\/flowing-rhythm-roed-large\/#breadcrumb"},"inLanguage":"da-DK","potentialAction":[{"@type":"ReadAction","target":["https:\/\/flenstemp.awork20.dk\/da\/product\/flowing-rhythm-roed-large\/"]}]},{"@type":"BreadcrumbList","@id":"https:\/\/flenstemp.awork20.dk\/da\/product\/flowing-rhythm-roed-large\/#breadcrumb","itemListElement":[{"@type":"ListItem","position":1,"name":"Home","item":"https:\/\/flenstemp.awork20.dk\/da\/"},{"@type":"ListItem","position":2,"name":"Products","item":"https:\/\/flenstemp.awork20.dk\/shop\/"},{"@type":"ListItem","position":3,"name":"Flowing Rhythm, r\u00f8d \u2013 large scale"}]},{"@type":"WebSite","@id":"https:\/\/flenstemp.awork20.dk\/#website","url":"https:\/\/flenstemp.awork20.dk\/","name":"Flensted Mobiles","description":"Unikke mobiler som skaber ro og balance, i enhvers hjem.","publisher":{"@id":"https:\/\/flenstemp.awork20.dk\/#organization"},"potentialAction":[{"@type":"SearchAction","target":{"@type":"EntryPoint","urlTemplate":"https:\/\/flenstemp.awork20.dk\/?s={search_term_string}"},"query-input":"required name=search_term_string"}],"inLanguage":"da-DK"},{"@type":"Organization","@id":"https:\/\/flenstemp.awork20.dk\/#organization","name":"Flensted Mobiles","url":"https:\/\/flenstemp.awork20.dk\/","logo":{"@type":"ImageObject","inLanguage":"da-DK","@id":"https:\/\/flenstemp.awork20.dk\/#\/schema\/logo\/image\/","url":"https:\/\/flensted-mobiles.com\/wp-content\/uploads\/2022\/03\/FlenstedLogo_med_ramme_100-3.webp","contentUrl":"https:\/\/flensted-mobiles.com\/wp-content\/uploads\/2022\/03\/FlenstedLogo_med_ramme_100-3.webp","width":2118,"height":2118,"caption":"Flensted Mobiles"},"image":{"@id":"https:\/\/flenstemp.awork20.dk\/#\/schema\/logo\/image\/"},"sameAs":["https:\/\/www.facebook.com\/flenstedmobiles"]}]}},"_links":{"self":[{"href":"https:\/\/flenstemp.awork20.dk\/da\/wp-json\/wp\/v2\/product\/1493"}],"collection":[{"href":"https:\/\/flenstemp.awork20.dk\/da\/wp-json\/wp\/v2\/product"}],"about":[{"href":"https:\/\/flenstemp.awork20.dk\/da\/wp-json\/wp\/v2\/types\/product"}],"wp:featuredmedia":[{"embeddable":true,"href":"https:\/\/flenstemp.awork20.dk\/da\/wp-json\/wp\/v2\/media\/4180"}],"wp:attachment":[{"href":"https:\/\/flenstemp.awork20.dk\/da\/wp-json\/wp\/v2\/media?parent=1493"}],"wp:term":[{"taxonomy":"product_cat","embeddable":true,"href":"https:\/\/flenstemp.awork20.dk\/da\/wp-json\/wp\/v2\/product_cat?post=1493"},{"taxonomy":"product_tag","embeddable":true,"href":"https:\/\/flenstemp.awork20.dk\/da\/wp-json\/wp\/v2\/product_tag?post=1493"}],"curies":[{"name":"wp","href":"https:\/\/api.w.org\/{rel}","templated":true}]}}