{"id":1491,"date":"2000-05-27T18:05:04","date_gmt":"2000-05-27T16:05:04","guid":{"rendered":"https:\/\/flenstedmobiles.com\/?post_type=product&#038;p=1491"},"modified":"2023-08-16T12:00:34","modified_gmt":"2023-08-16T10:00:34","slug":"flowing-rhythm-regnbue","status":"publish","type":"product","link":"https:\/\/flenstemp.awork20.dk\/da\/product\/flowing-rhythm-regnbue\/","title":{"rendered":"Flowing Rhythm, regnbue"},"content":{"rendered":"","protected":false},"excerpt":{"rendered":"<h1>Flowing Rhythm, regnbue<\/h1>\n<p><em>Designet af Christian Flensted<\/em><\/p>\n<p>&nbsp;<\/p>\n<p>Hvis de &#8216;klassiske&#8217; og &#8216;tidl\u00f8se&#8217; koncepter passer til en af mobilerne i Flensted-sortimentet, m\u00e5 det helt sikkert v\u00e6re Flowing Rhythm.<\/p>\n<p>[read_more id=&#8221;1&#8243; more=&#8221;L\u00e6s mere&#8221; less=&#8221;L\u00e6s mindre&#8221;]<\/p>\n<p>I 1955 designede Christian Flensted denne meget enkle og elegante mobile, som stadig passer perfekt til moderne interi\u00f8r.<\/p>\n<p>M\u00e5ske er det samspillet mellem grundformerne og det lyse farverige design eller den rene elegance, n\u00e5r der tilf\u00f8res luft og bev\u00e6gelser, der giver dette elegante udtryk.<\/p>\n<p>Vi tror p\u00e5, at det er en kombination af alt dette, der holder Flowing Rhythm i flow p\u00e5 tv\u00e6rs af skiftende tider og trends.<\/p>\n<p>Former, farver og elegante bev\u00e6gelser, der gang p\u00e5 gang tr\u00e6kker ens blik mod denne fantastiske mobile.<\/p>\n<p>[\/read_more]<\/p>\n","protected":false},"featured_media":4181,"template":"","meta":[],"product_cat":[960,11875,985,11878],"product_tag":[],"yoast_head":"<!-- This site is optimized with the Yoast SEO plugin v20.8 - https:\/\/yoast.com\/wordpress\/plugins\/seo\/ -->\n<title>Flowing Rhythm, regnbue - Flensted Mobiles<\/title>\n<meta name=\"robots\" content=\"index, follow, max-snippet:-1, max-image-preview:large, max-video-preview:-1\" \/>\n<link rel=\"canonical\" href=\"https:\/\/flenstemp.awork20.dk\/da\/product\/flowing-rhythm-regnbue\/\" \/>\n<meta property=\"og:locale\" content=\"da_DK\" \/>\n<meta property=\"og:type\" content=\"article\" \/>\n<meta property=\"og:title\" content=\"Flowing Rhythm, regnbue - Flensted Mobiles\" \/>\n<meta property=\"og:description\" content=\"Flowing Rhythm, regnbue Designet af Christian Flensted  &nbsp;  Hvis de &#039;klassiske&#039; og &#039;tidl\u00f8se&#039; koncepter passer til en af mobilerne i Flensted-sortimentet, m\u00e5 det helt sikkert v\u00e6re Flowing Rhythm.  [read_more id=&quot;1&quot; more=&quot;L\u00e6s mere&quot; less=&quot;L\u00e6s mindre&quot;]  I 1955 designede Christian Flensted denne meget enkle og elegante mobile, som stadig passer perfekt til moderne interi\u00f8r.  M\u00e5ske er det samspillet mellem grundformerne og det lyse farverige design eller den rene elegance, n\u00e5r der tilf\u00f8res luft og bev\u00e6gelser, der giver dette elegante udtryk.  Vi tror p\u00e5, at det er en kombination af alt dette, der holder Flowing Rhythm i flow p\u00e5 tv\u00e6rs af skiftende tider og trends.  Former, farver og elegante bev\u00e6gelser, der gang p\u00e5 gang tr\u00e6kker ens blik mod denne fantastiske mobile.  [\/read_more]\" \/>\n<meta property=\"og:url\" content=\"https:\/\/flenstemp.awork20.dk\/da\/product\/flowing-rhythm-regnbue\/\" \/>\n<meta property=\"og:site_name\" content=\"Flensted Mobiles\" \/>\n<meta property=\"article:publisher\" content=\"https:\/\/www.facebook.com\/flenstedmobiles\" \/>\n<meta property=\"article:modified_time\" content=\"2023-08-16T10:00:34+00:00\" \/>\n<meta property=\"og:image\" content=\"https:\/\/flenstemp.awork20.dk\/wp-content\/uploads\/2021\/12\/FM_005w_flowing_rhythm_rainbow-1.png\" \/>\n\t<meta property=\"og:image:width\" content=\"794\" \/>\n\t<meta property=\"og:image:height\" content=\"794\" \/>\n\t<meta property=\"og:image:type\" content=\"image\/png\" \/>\n<meta name=\"twitter:card\" content=\"summary_large_image\" \/>\n<script type=\"application\/ld+json\" class=\"yoast-schema-graph\">{\"@context\":\"https:\/\/schema.org\",\"@graph\":[{\"@type\":\"WebPage\",\"@id\":\"https:\/\/flenstemp.awork20.dk\/da\/product\/flowing-rhythm-regnbue\/\",\"url\":\"https:\/\/flenstemp.awork20.dk\/da\/product\/flowing-rhythm-regnbue\/\",\"name\":\"Flowing Rhythm, regnbue - Flensted Mobiles\",\"isPartOf\":{\"@id\":\"https:\/\/flenstemp.awork20.dk\/#website\"},\"datePublished\":\"2000-05-27T16:05:04+00:00\",\"dateModified\":\"2023-08-16T10:00:34+00:00\",\"breadcrumb\":{\"@id\":\"https:\/\/flenstemp.awork20.dk\/da\/product\/flowing-rhythm-regnbue\/#breadcrumb\"},\"inLanguage\":\"da-DK\",\"potentialAction\":[{\"@type\":\"ReadAction\",\"target\":[\"https:\/\/flenstemp.awork20.dk\/da\/product\/flowing-rhythm-regnbue\/\"]}]},{\"@type\":\"BreadcrumbList\",\"@id\":\"https:\/\/flenstemp.awork20.dk\/da\/product\/flowing-rhythm-regnbue\/#breadcrumb\",\"itemListElement\":[{\"@type\":\"ListItem\",\"position\":1,\"name\":\"Home\",\"item\":\"https:\/\/flenstemp.awork20.dk\/da\/\"},{\"@type\":\"ListItem\",\"position\":2,\"name\":\"Products\",\"item\":\"https:\/\/flenstemp.awork20.dk\/shop\/\"},{\"@type\":\"ListItem\",\"position\":3,\"name\":\"Flowing Rhythm, regnbue\"}]},{\"@type\":\"WebSite\",\"@id\":\"https:\/\/flenstemp.awork20.dk\/#website\",\"url\":\"https:\/\/flenstemp.awork20.dk\/\",\"name\":\"Flensted Mobiles\",\"description\":\"Unikke mobiler som skaber ro og balance, i enhvers hjem.\",\"publisher\":{\"@id\":\"https:\/\/flenstemp.awork20.dk\/#organization\"},\"potentialAction\":[{\"@type\":\"SearchAction\",\"target\":{\"@type\":\"EntryPoint\",\"urlTemplate\":\"https:\/\/flenstemp.awork20.dk\/?s={search_term_string}\"},\"query-input\":\"required name=search_term_string\"}],\"inLanguage\":\"da-DK\"},{\"@type\":\"Organization\",\"@id\":\"https:\/\/flenstemp.awork20.dk\/#organization\",\"name\":\"Flensted Mobiles\",\"url\":\"https:\/\/flenstemp.awork20.dk\/\",\"logo\":{\"@type\":\"ImageObject\",\"inLanguage\":\"da-DK\",\"@id\":\"https:\/\/flenstemp.awork20.dk\/#\/schema\/logo\/image\/\",\"url\":\"https:\/\/flensted-mobiles.com\/wp-content\/uploads\/2022\/03\/FlenstedLogo_med_ramme_100-3.webp\",\"contentUrl\":\"https:\/\/flensted-mobiles.com\/wp-content\/uploads\/2022\/03\/FlenstedLogo_med_ramme_100-3.webp\",\"width\":2118,\"height\":2118,\"caption\":\"Flensted Mobiles\"},\"image\":{\"@id\":\"https:\/\/flenstemp.awork20.dk\/#\/schema\/logo\/image\/\"},\"sameAs\":[\"https:\/\/www.facebook.com\/flenstedmobiles\"]}]}<\/script>\n<!-- \/ Yoast SEO plugin. -->","yoast_head_json":{"title":"Flowing Rhythm, regnbue - Flensted Mobiles","robots":{"index":"index","follow":"follow","max-snippet":"max-snippet:-1","max-image-preview":"max-image-preview:large","max-video-preview":"max-video-preview:-1"},"canonical":"https:\/\/flenstemp.awork20.dk\/da\/product\/flowing-rhythm-regnbue\/","og_locale":"da_DK","og_type":"article","og_title":"Flowing Rhythm, regnbue - Flensted Mobiles","og_description":"Flowing Rhythm, regnbue Designet af Christian Flensted  &nbsp;  Hvis de 'klassiske' og 'tidl\u00f8se' koncepter passer til en af mobilerne i Flensted-sortimentet, m\u00e5 det helt sikkert v\u00e6re Flowing Rhythm.  [read_more id=\"1\" more=\"L\u00e6s mere\" less=\"L\u00e6s mindre\"]  I 1955 designede Christian Flensted denne meget enkle og elegante mobile, som stadig passer perfekt til moderne interi\u00f8r.  M\u00e5ske er det samspillet mellem grundformerne og det lyse farverige design eller den rene elegance, n\u00e5r der tilf\u00f8res luft og bev\u00e6gelser, der giver dette elegante udtryk.  Vi tror p\u00e5, at det er en kombination af alt dette, der holder Flowing Rhythm i flow p\u00e5 tv\u00e6rs af skiftende tider og trends.  Former, farver og elegante bev\u00e6gelser, der gang p\u00e5 gang tr\u00e6kker ens blik mod denne fantastiske mobile.  [\/read_more]","og_url":"https:\/\/flenstemp.awork20.dk\/da\/product\/flowing-rhythm-regnbue\/","og_site_name":"Flensted Mobiles","article_publisher":"https:\/\/www.facebook.com\/flenstedmobiles","article_modified_time":"2023-08-16T10:00:34+00:00","og_image":[{"width":794,"height":794,"url":"https:\/\/flenstemp.awork20.dk\/wp-content\/uploads\/2021\/12\/FM_005w_flowing_rhythm_rainbow-1.png","type":"image\/png"}],"twitter_card":"summary_large_image","schema":{"@context":"https:\/\/schema.org","@graph":[{"@type":"WebPage","@id":"https:\/\/flenstemp.awork20.dk\/da\/product\/flowing-rhythm-regnbue\/","url":"https:\/\/flenstemp.awork20.dk\/da\/product\/flowing-rhythm-regnbue\/","name":"Flowing Rhythm, regnbue - Flensted Mobiles","isPartOf":{"@id":"https:\/\/flenstemp.awork20.dk\/#website"},"datePublished":"2000-05-27T16:05:04+00:00","dateModified":"2023-08-16T10:00:34+00:00","breadcrumb":{"@id":"https:\/\/flenstemp.awork20.dk\/da\/product\/flowing-rhythm-regnbue\/#breadcrumb"},"inLanguage":"da-DK","potentialAction":[{"@type":"ReadAction","target":["https:\/\/flenstemp.awork20.dk\/da\/product\/flowing-rhythm-regnbue\/"]}]},{"@type":"BreadcrumbList","@id":"https:\/\/flenstemp.awork20.dk\/da\/product\/flowing-rhythm-regnbue\/#breadcrumb","itemListElement":[{"@type":"ListItem","position":1,"name":"Home","item":"https:\/\/flenstemp.awork20.dk\/da\/"},{"@type":"ListItem","position":2,"name":"Products","item":"https:\/\/flenstemp.awork20.dk\/shop\/"},{"@type":"ListItem","position":3,"name":"Flowing Rhythm, regnbue"}]},{"@type":"WebSite","@id":"https:\/\/flenstemp.awork20.dk\/#website","url":"https:\/\/flenstemp.awork20.dk\/","name":"Flensted Mobiles","description":"Unikke mobiler som skaber ro og balance, i enhvers hjem.","publisher":{"@id":"https:\/\/flenstemp.awork20.dk\/#organization"},"potentialAction":[{"@type":"SearchAction","target":{"@type":"EntryPoint","urlTemplate":"https:\/\/flenstemp.awork20.dk\/?s={search_term_string}"},"query-input":"required name=search_term_string"}],"inLanguage":"da-DK"},{"@type":"Organization","@id":"https:\/\/flenstemp.awork20.dk\/#organization","name":"Flensted Mobiles","url":"https:\/\/flenstemp.awork20.dk\/","logo":{"@type":"ImageObject","inLanguage":"da-DK","@id":"https:\/\/flenstemp.awork20.dk\/#\/schema\/logo\/image\/","url":"https:\/\/flensted-mobiles.com\/wp-content\/uploads\/2022\/03\/FlenstedLogo_med_ramme_100-3.webp","contentUrl":"https:\/\/flensted-mobiles.com\/wp-content\/uploads\/2022\/03\/FlenstedLogo_med_ramme_100-3.webp","width":2118,"height":2118,"caption":"Flensted Mobiles"},"image":{"@id":"https:\/\/flenstemp.awork20.dk\/#\/schema\/logo\/image\/"},"sameAs":["https:\/\/www.facebook.com\/flenstedmobiles"]}]}},"_links":{"self":[{"href":"https:\/\/flenstemp.awork20.dk\/da\/wp-json\/wp\/v2\/product\/1491"}],"collection":[{"href":"https:\/\/flenstemp.awork20.dk\/da\/wp-json\/wp\/v2\/product"}],"about":[{"href":"https:\/\/flenstemp.awork20.dk\/da\/wp-json\/wp\/v2\/types\/product"}],"wp:featuredmedia":[{"embeddable":true,"href":"https:\/\/flenstemp.awork20.dk\/da\/wp-json\/wp\/v2\/media\/4181"}],"wp:attachment":[{"href":"https:\/\/flenstemp.awork20.dk\/da\/wp-json\/wp\/v2\/media?parent=1491"}],"wp:term":[{"taxonomy":"product_cat","embeddable":true,"href":"https:\/\/flenstemp.awork20.dk\/da\/wp-json\/wp\/v2\/product_cat?post=1491"},{"taxonomy":"product_tag","embeddable":true,"href":"https:\/\/flenstemp.awork20.dk\/da\/wp-json\/wp\/v2\/product_tag?post=1491"}],"curies":[{"name":"wp","href":"https:\/\/api.w.org\/{rel}","templated":true}]}}