{"id":1487,"date":"2000-05-27T18:10:39","date_gmt":"2000-05-27T16:10:39","guid":{"rendered":"https:\/\/flenstedmobiles.com\/?post_type=product&#038;p=1487"},"modified":"2023-08-31T09:08:13","modified_gmt":"2023-08-31T07:08:13","slug":"flowing-rhythm-gul","status":"publish","type":"product","link":"https:\/\/flenstemp.awork20.dk\/da\/product\/flowing-rhythm-gul\/","title":{"rendered":"Flowing Rhythm, gul"},"content":{"rendered":"","protected":false},"excerpt":{"rendered":"<h1>Flowing Rhythm, gul<\/h1>\n<p>Designet af Christian Flensted<\/p>\n<p>&nbsp;<\/p>\n<p>Koncepter som &#8216;klassisk&#8217; og &#8216;tidl\u00f8s&#8217; passer til Flowing Rhythm, i Flensted Mobilers perspektiv.<\/p>\n<p>Christian Flensted designede denne meget enkle og elegante mobil i 1955, og den er stadig, s\u00e5 mange \u00e5r senere, perfekt i moderne interi\u00f8r.<\/p>\n<p>M\u00e5ske er det p\u00e5 grund af samspillet mellem grundformer og de lyse klassiske farver? Eller ren og sk\u00e6r elegance, n\u00e5r luft og bev\u00e6gelse tilf\u00f8res dets elegante udtryk?<\/p>\n<p>Det skal v\u00e6re en kombination af dette, der holder Flowing Rhythm i konstant flow p\u00e5 tv\u00e6rs af skiftende trends og tider.<\/p>\n","protected":false},"featured_media":4183,"template":"","meta":[],"product_cat":[960,11875,985,11878],"product_tag":[],"yoast_head":"<!-- This site is optimized with the Yoast SEO plugin v20.8 - https:\/\/yoast.com\/wordpress\/plugins\/seo\/ -->\n<title>Flowing Rhythm, gul - Flensted Mobiles<\/title>\n<meta name=\"robots\" content=\"index, follow, max-snippet:-1, max-image-preview:large, max-video-preview:-1\" \/>\n<link rel=\"canonical\" href=\"https:\/\/flenstemp.awork20.dk\/da\/product\/flowing-rhythm-gul\/\" \/>\n<meta property=\"og:locale\" content=\"da_DK\" \/>\n<meta property=\"og:type\" content=\"article\" \/>\n<meta property=\"og:title\" content=\"Flowing Rhythm, gul - Flensted Mobiles\" \/>\n<meta property=\"og:description\" content=\"Flowing Rhythm, gul Designet af Christian Flensted  &nbsp;  Koncepter som &#039;klassisk&#039; og &#039;tidl\u00f8s&#039; passer til Flowing Rhythm, i Flensted Mobilers perspektiv.  Christian Flensted designede denne meget enkle og elegante mobil i 1955, og den er stadig, s\u00e5 mange \u00e5r senere, perfekt i moderne interi\u00f8r.  M\u00e5ske er det p\u00e5 grund af samspillet mellem grundformer og de lyse klassiske farver? Eller ren og sk\u00e6r elegance, n\u00e5r luft og bev\u00e6gelse tilf\u00f8res dets elegante udtryk?  Det skal v\u00e6re en kombination af dette, der holder Flowing Rhythm i konstant flow p\u00e5 tv\u00e6rs af skiftende trends og tider.\" \/>\n<meta property=\"og:url\" content=\"https:\/\/flenstemp.awork20.dk\/da\/product\/flowing-rhythm-gul\/\" \/>\n<meta property=\"og:site_name\" content=\"Flensted Mobiles\" \/>\n<meta property=\"article:publisher\" content=\"https:\/\/www.facebook.com\/flenstedmobiles\" \/>\n<meta property=\"article:modified_time\" content=\"2023-08-31T07:08:13+00:00\" \/>\n<meta property=\"og:image\" content=\"https:\/\/flenstemp.awork20.dk\/wp-content\/uploads\/2021\/12\/FM_005g_flowing_rhythm_yellow-1.png\" \/>\n\t<meta property=\"og:image:width\" content=\"794\" \/>\n\t<meta property=\"og:image:height\" content=\"794\" \/>\n\t<meta property=\"og:image:type\" content=\"image\/png\" \/>\n<meta name=\"twitter:card\" content=\"summary_large_image\" \/>\n<script type=\"application\/ld+json\" class=\"yoast-schema-graph\">{\"@context\":\"https:\/\/schema.org\",\"@graph\":[{\"@type\":\"WebPage\",\"@id\":\"https:\/\/flenstemp.awork20.dk\/da\/product\/flowing-rhythm-gul\/\",\"url\":\"https:\/\/flenstemp.awork20.dk\/da\/product\/flowing-rhythm-gul\/\",\"name\":\"Flowing Rhythm, gul - Flensted Mobiles\",\"isPartOf\":{\"@id\":\"https:\/\/flenstemp.awork20.dk\/#website\"},\"datePublished\":\"2000-05-27T16:10:39+00:00\",\"dateModified\":\"2023-08-31T07:08:13+00:00\",\"breadcrumb\":{\"@id\":\"https:\/\/flenstemp.awork20.dk\/da\/product\/flowing-rhythm-gul\/#breadcrumb\"},\"inLanguage\":\"da-DK\",\"potentialAction\":[{\"@type\":\"ReadAction\",\"target\":[\"https:\/\/flenstemp.awork20.dk\/da\/product\/flowing-rhythm-gul\/\"]}]},{\"@type\":\"BreadcrumbList\",\"@id\":\"https:\/\/flenstemp.awork20.dk\/da\/product\/flowing-rhythm-gul\/#breadcrumb\",\"itemListElement\":[{\"@type\":\"ListItem\",\"position\":1,\"name\":\"Home\",\"item\":\"https:\/\/flenstemp.awork20.dk\/da\/\"},{\"@type\":\"ListItem\",\"position\":2,\"name\":\"Products\",\"item\":\"https:\/\/flenstemp.awork20.dk\/shop\/\"},{\"@type\":\"ListItem\",\"position\":3,\"name\":\"Flowing Rhythm, gul\"}]},{\"@type\":\"WebSite\",\"@id\":\"https:\/\/flenstemp.awork20.dk\/#website\",\"url\":\"https:\/\/flenstemp.awork20.dk\/\",\"name\":\"Flensted Mobiles\",\"description\":\"Unikke mobiler som skaber ro og balance, i enhvers hjem.\",\"publisher\":{\"@id\":\"https:\/\/flenstemp.awork20.dk\/#organization\"},\"potentialAction\":[{\"@type\":\"SearchAction\",\"target\":{\"@type\":\"EntryPoint\",\"urlTemplate\":\"https:\/\/flenstemp.awork20.dk\/?s={search_term_string}\"},\"query-input\":\"required name=search_term_string\"}],\"inLanguage\":\"da-DK\"},{\"@type\":\"Organization\",\"@id\":\"https:\/\/flenstemp.awork20.dk\/#organization\",\"name\":\"Flensted Mobiles\",\"url\":\"https:\/\/flenstemp.awork20.dk\/\",\"logo\":{\"@type\":\"ImageObject\",\"inLanguage\":\"da-DK\",\"@id\":\"https:\/\/flenstemp.awork20.dk\/#\/schema\/logo\/image\/\",\"url\":\"https:\/\/flensted-mobiles.com\/wp-content\/uploads\/2022\/03\/FlenstedLogo_med_ramme_100-3.webp\",\"contentUrl\":\"https:\/\/flensted-mobiles.com\/wp-content\/uploads\/2022\/03\/FlenstedLogo_med_ramme_100-3.webp\",\"width\":2118,\"height\":2118,\"caption\":\"Flensted Mobiles\"},\"image\":{\"@id\":\"https:\/\/flenstemp.awork20.dk\/#\/schema\/logo\/image\/\"},\"sameAs\":[\"https:\/\/www.facebook.com\/flenstedmobiles\"]}]}<\/script>\n<!-- \/ Yoast SEO plugin. -->","yoast_head_json":{"title":"Flowing Rhythm, gul - Flensted Mobiles","robots":{"index":"index","follow":"follow","max-snippet":"max-snippet:-1","max-image-preview":"max-image-preview:large","max-video-preview":"max-video-preview:-1"},"canonical":"https:\/\/flenstemp.awork20.dk\/da\/product\/flowing-rhythm-gul\/","og_locale":"da_DK","og_type":"article","og_title":"Flowing Rhythm, gul - Flensted Mobiles","og_description":"Flowing Rhythm, gul Designet af Christian Flensted  &nbsp;  Koncepter som 'klassisk' og 'tidl\u00f8s' passer til Flowing Rhythm, i Flensted Mobilers perspektiv.  Christian Flensted designede denne meget enkle og elegante mobil i 1955, og den er stadig, s\u00e5 mange \u00e5r senere, perfekt i moderne interi\u00f8r.  M\u00e5ske er det p\u00e5 grund af samspillet mellem grundformer og de lyse klassiske farver? Eller ren og sk\u00e6r elegance, n\u00e5r luft og bev\u00e6gelse tilf\u00f8res dets elegante udtryk?  Det skal v\u00e6re en kombination af dette, der holder Flowing Rhythm i konstant flow p\u00e5 tv\u00e6rs af skiftende trends og tider.","og_url":"https:\/\/flenstemp.awork20.dk\/da\/product\/flowing-rhythm-gul\/","og_site_name":"Flensted Mobiles","article_publisher":"https:\/\/www.facebook.com\/flenstedmobiles","article_modified_time":"2023-08-31T07:08:13+00:00","og_image":[{"width":794,"height":794,"url":"https:\/\/flenstemp.awork20.dk\/wp-content\/uploads\/2021\/12\/FM_005g_flowing_rhythm_yellow-1.png","type":"image\/png"}],"twitter_card":"summary_large_image","schema":{"@context":"https:\/\/schema.org","@graph":[{"@type":"WebPage","@id":"https:\/\/flenstemp.awork20.dk\/da\/product\/flowing-rhythm-gul\/","url":"https:\/\/flenstemp.awork20.dk\/da\/product\/flowing-rhythm-gul\/","name":"Flowing Rhythm, gul - Flensted Mobiles","isPartOf":{"@id":"https:\/\/flenstemp.awork20.dk\/#website"},"datePublished":"2000-05-27T16:10:39+00:00","dateModified":"2023-08-31T07:08:13+00:00","breadcrumb":{"@id":"https:\/\/flenstemp.awork20.dk\/da\/product\/flowing-rhythm-gul\/#breadcrumb"},"inLanguage":"da-DK","potentialAction":[{"@type":"ReadAction","target":["https:\/\/flenstemp.awork20.dk\/da\/product\/flowing-rhythm-gul\/"]}]},{"@type":"BreadcrumbList","@id":"https:\/\/flenstemp.awork20.dk\/da\/product\/flowing-rhythm-gul\/#breadcrumb","itemListElement":[{"@type":"ListItem","position":1,"name":"Home","item":"https:\/\/flenstemp.awork20.dk\/da\/"},{"@type":"ListItem","position":2,"name":"Products","item":"https:\/\/flenstemp.awork20.dk\/shop\/"},{"@type":"ListItem","position":3,"name":"Flowing Rhythm, gul"}]},{"@type":"WebSite","@id":"https:\/\/flenstemp.awork20.dk\/#website","url":"https:\/\/flenstemp.awork20.dk\/","name":"Flensted Mobiles","description":"Unikke mobiler som skaber ro og balance, i enhvers hjem.","publisher":{"@id":"https:\/\/flenstemp.awork20.dk\/#organization"},"potentialAction":[{"@type":"SearchAction","target":{"@type":"EntryPoint","urlTemplate":"https:\/\/flenstemp.awork20.dk\/?s={search_term_string}"},"query-input":"required name=search_term_string"}],"inLanguage":"da-DK"},{"@type":"Organization","@id":"https:\/\/flenstemp.awork20.dk\/#organization","name":"Flensted Mobiles","url":"https:\/\/flenstemp.awork20.dk\/","logo":{"@type":"ImageObject","inLanguage":"da-DK","@id":"https:\/\/flenstemp.awork20.dk\/#\/schema\/logo\/image\/","url":"https:\/\/flensted-mobiles.com\/wp-content\/uploads\/2022\/03\/FlenstedLogo_med_ramme_100-3.webp","contentUrl":"https:\/\/flensted-mobiles.com\/wp-content\/uploads\/2022\/03\/FlenstedLogo_med_ramme_100-3.webp","width":2118,"height":2118,"caption":"Flensted Mobiles"},"image":{"@id":"https:\/\/flenstemp.awork20.dk\/#\/schema\/logo\/image\/"},"sameAs":["https:\/\/www.facebook.com\/flenstedmobiles"]}]}},"_links":{"self":[{"href":"https:\/\/flenstemp.awork20.dk\/da\/wp-json\/wp\/v2\/product\/1487"}],"collection":[{"href":"https:\/\/flenstemp.awork20.dk\/da\/wp-json\/wp\/v2\/product"}],"about":[{"href":"https:\/\/flenstemp.awork20.dk\/da\/wp-json\/wp\/v2\/types\/product"}],"wp:featuredmedia":[{"embeddable":true,"href":"https:\/\/flenstemp.awork20.dk\/da\/wp-json\/wp\/v2\/media\/4183"}],"wp:attachment":[{"href":"https:\/\/flenstemp.awork20.dk\/da\/wp-json\/wp\/v2\/media?parent=1487"}],"wp:term":[{"taxonomy":"product_cat","embeddable":true,"href":"https:\/\/flenstemp.awork20.dk\/da\/wp-json\/wp\/v2\/product_cat?post=1487"},{"taxonomy":"product_tag","embeddable":true,"href":"https:\/\/flenstemp.awork20.dk\/da\/wp-json\/wp\/v2\/product_tag?post=1487"}],"curies":[{"name":"wp","href":"https:\/\/api.w.org\/{rel}","templated":true}]}}