{"id":1484,"date":"2005-05-27T17:20:47","date_gmt":"2005-05-27T15:20:47","guid":{"rendered":"https:\/\/flenstedmobiles.com\/?post_type=product&#038;p=1484"},"modified":"2023-08-31T09:06:14","modified_gmt":"2023-08-31T07:06:14","slug":"science-fiction","status":"publish","type":"product","link":"https:\/\/flenstemp.awork20.dk\/da\/product\/science-fiction\/","title":{"rendered":"Science fiction"},"content":{"rendered":"","protected":false},"excerpt":{"rendered":"<h1>Science fiction<\/h1>\n<p><em>Designet af Christian Flensted<\/em><\/p>\n<p>&nbsp;<\/p>\n<p>Science Fiction er en Flensted-klassiker, som du aldrig bliver tr\u00e6t af at f\u00f8lge med \u00f8jnene.<\/p>\n<p>Der skabes hele tiden nye m\u00f8nstre og fort\u00e6llinger, n\u00e5r ringene danser i kredsl\u00f8b om kloden i dens centrum.<\/p>\n<p>Science Fiction laver fantastiske skygger p\u00e5 v\u00e6ggen, hvis du h\u00e6nger den rigtigt i forhold til en lyskilde.<\/p>\n<p>Begrebet Science Fiction har r\u00f8dder langt tilbage i fortiden, men det blev genindf\u00f8rt i det f\u00f8rste kvartal af det 20. \u00e5rhundrede.<\/p>\n<p>F\u00f8rst som litter\u00e6r genre, s\u00e5 ogs\u00e5 i film, i radio og tv, i tegnefilm og s\u00e5 ogs\u00e5 i mobiler!<\/p>\n<p>Et f\u00e6lles kendetegn for genren er troen p\u00e5 fremskridt, teknologi, udvikling, fremtidens samfund \u2013 og p\u00e5 hele universet, der omgiver os.<\/p>\n<p>Og netop referencer til rummet og universet er i h\u00f8js\u00e6det i vores Science Fiction-mobile, som blev skabt i 1956, men som stadig er en af de mest popul\u00e6re mobiler fra Flensted Mobiler.<\/p>\n","protected":false},"featured_media":4184,"template":"","meta":[],"product_cat":[960,11875,985,11878],"product_tag":[11881,11882],"yoast_head":"<!-- This site is optimized with the Yoast SEO plugin v20.8 - https:\/\/yoast.com\/wordpress\/plugins\/seo\/ -->\n<title>Science fiction - Flensted Mobiles<\/title>\n<meta name=\"robots\" content=\"index, follow, max-snippet:-1, max-image-preview:large, max-video-preview:-1\" \/>\n<link rel=\"canonical\" href=\"https:\/\/flenstemp.awork20.dk\/da\/product\/science-fiction\/\" \/>\n<meta property=\"og:locale\" content=\"da_DK\" \/>\n<meta property=\"og:type\" content=\"article\" \/>\n<meta property=\"og:title\" content=\"Science fiction - Flensted Mobiles\" \/>\n<meta property=\"og:description\" content=\"Science fiction Designet af Christian Flensted  &nbsp;  Science Fiction er en Flensted-klassiker, som du aldrig bliver tr\u00e6t af at f\u00f8lge med \u00f8jnene.  Der skabes hele tiden nye m\u00f8nstre og fort\u00e6llinger, n\u00e5r ringene danser i kredsl\u00f8b om kloden i dens centrum.  Science Fiction laver fantastiske skygger p\u00e5 v\u00e6ggen, hvis du h\u00e6nger den rigtigt i forhold til en lyskilde.  Begrebet Science Fiction har r\u00f8dder langt tilbage i fortiden, men det blev genindf\u00f8rt i det f\u00f8rste kvartal af det 20. \u00e5rhundrede.  F\u00f8rst som litter\u00e6r genre, s\u00e5 ogs\u00e5 i film, i radio og tv, i tegnefilm og s\u00e5 ogs\u00e5 i mobiler!  Et f\u00e6lles kendetegn for genren er troen p\u00e5 fremskridt, teknologi, udvikling, fremtidens samfund \u2013 og p\u00e5 hele universet, der omgiver os.  Og netop referencer til rummet og universet er i h\u00f8js\u00e6det i vores Science Fiction-mobile, som blev skabt i 1956, men som stadig er en af de mest popul\u00e6re mobiler fra Flensted Mobiler.\" \/>\n<meta property=\"og:url\" content=\"https:\/\/flenstemp.awork20.dk\/da\/product\/science-fiction\/\" \/>\n<meta property=\"og:site_name\" content=\"Flensted Mobiles\" \/>\n<meta property=\"article:publisher\" content=\"https:\/\/www.facebook.com\/flenstedmobiles\" \/>\n<meta property=\"article:modified_time\" content=\"2023-08-31T07:06:14+00:00\" \/>\n<meta property=\"og:image\" content=\"https:\/\/flenstemp.awork20.dk\/wp-content\/uploads\/2021\/12\/FM_008_science_fiction_red-1.png\" \/>\n\t<meta property=\"og:image:width\" content=\"794\" \/>\n\t<meta property=\"og:image:height\" content=\"794\" \/>\n\t<meta property=\"og:image:type\" content=\"image\/png\" \/>\n<meta name=\"twitter:card\" content=\"summary_large_image\" \/>\n<script type=\"application\/ld+json\" class=\"yoast-schema-graph\">{\"@context\":\"https:\/\/schema.org\",\"@graph\":[{\"@type\":\"WebPage\",\"@id\":\"https:\/\/flenstemp.awork20.dk\/da\/product\/science-fiction\/\",\"url\":\"https:\/\/flenstemp.awork20.dk\/da\/product\/science-fiction\/\",\"name\":\"Science fiction - Flensted Mobiles\",\"isPartOf\":{\"@id\":\"https:\/\/flenstemp.awork20.dk\/#website\"},\"datePublished\":\"2005-05-27T15:20:47+00:00\",\"dateModified\":\"2023-08-31T07:06:14+00:00\",\"breadcrumb\":{\"@id\":\"https:\/\/flenstemp.awork20.dk\/da\/product\/science-fiction\/#breadcrumb\"},\"inLanguage\":\"da-DK\",\"potentialAction\":[{\"@type\":\"ReadAction\",\"target\":[\"https:\/\/flenstemp.awork20.dk\/da\/product\/science-fiction\/\"]}]},{\"@type\":\"BreadcrumbList\",\"@id\":\"https:\/\/flenstemp.awork20.dk\/da\/product\/science-fiction\/#breadcrumb\",\"itemListElement\":[{\"@type\":\"ListItem\",\"position\":1,\"name\":\"Home\",\"item\":\"https:\/\/flenstemp.awork20.dk\/da\/\"},{\"@type\":\"ListItem\",\"position\":2,\"name\":\"Products\",\"item\":\"https:\/\/flenstemp.awork20.dk\/shop\/\"},{\"@type\":\"ListItem\",\"position\":3,\"name\":\"Science fiction\"}]},{\"@type\":\"WebSite\",\"@id\":\"https:\/\/flenstemp.awork20.dk\/#website\",\"url\":\"https:\/\/flenstemp.awork20.dk\/\",\"name\":\"Flensted Mobiles\",\"description\":\"Unikke mobiler som skaber ro og balance, i enhvers hjem.\",\"publisher\":{\"@id\":\"https:\/\/flenstemp.awork20.dk\/#organization\"},\"potentialAction\":[{\"@type\":\"SearchAction\",\"target\":{\"@type\":\"EntryPoint\",\"urlTemplate\":\"https:\/\/flenstemp.awork20.dk\/?s={search_term_string}\"},\"query-input\":\"required name=search_term_string\"}],\"inLanguage\":\"da-DK\"},{\"@type\":\"Organization\",\"@id\":\"https:\/\/flenstemp.awork20.dk\/#organization\",\"name\":\"Flensted Mobiles\",\"url\":\"https:\/\/flenstemp.awork20.dk\/\",\"logo\":{\"@type\":\"ImageObject\",\"inLanguage\":\"da-DK\",\"@id\":\"https:\/\/flenstemp.awork20.dk\/#\/schema\/logo\/image\/\",\"url\":\"https:\/\/flensted-mobiles.com\/wp-content\/uploads\/2022\/03\/FlenstedLogo_med_ramme_100-3.webp\",\"contentUrl\":\"https:\/\/flensted-mobiles.com\/wp-content\/uploads\/2022\/03\/FlenstedLogo_med_ramme_100-3.webp\",\"width\":2118,\"height\":2118,\"caption\":\"Flensted Mobiles\"},\"image\":{\"@id\":\"https:\/\/flenstemp.awork20.dk\/#\/schema\/logo\/image\/\"},\"sameAs\":[\"https:\/\/www.facebook.com\/flenstedmobiles\"]}]}<\/script>\n<!-- \/ Yoast SEO plugin. -->","yoast_head_json":{"title":"Science fiction - Flensted Mobiles","robots":{"index":"index","follow":"follow","max-snippet":"max-snippet:-1","max-image-preview":"max-image-preview:large","max-video-preview":"max-video-preview:-1"},"canonical":"https:\/\/flenstemp.awork20.dk\/da\/product\/science-fiction\/","og_locale":"da_DK","og_type":"article","og_title":"Science fiction - Flensted Mobiles","og_description":"Science fiction Designet af Christian Flensted  &nbsp;  Science Fiction er en Flensted-klassiker, som du aldrig bliver tr\u00e6t af at f\u00f8lge med \u00f8jnene.  Der skabes hele tiden nye m\u00f8nstre og fort\u00e6llinger, n\u00e5r ringene danser i kredsl\u00f8b om kloden i dens centrum.  Science Fiction laver fantastiske skygger p\u00e5 v\u00e6ggen, hvis du h\u00e6nger den rigtigt i forhold til en lyskilde.  Begrebet Science Fiction har r\u00f8dder langt tilbage i fortiden, men det blev genindf\u00f8rt i det f\u00f8rste kvartal af det 20. \u00e5rhundrede.  F\u00f8rst som litter\u00e6r genre, s\u00e5 ogs\u00e5 i film, i radio og tv, i tegnefilm og s\u00e5 ogs\u00e5 i mobiler!  Et f\u00e6lles kendetegn for genren er troen p\u00e5 fremskridt, teknologi, udvikling, fremtidens samfund \u2013 og p\u00e5 hele universet, der omgiver os.  Og netop referencer til rummet og universet er i h\u00f8js\u00e6det i vores Science Fiction-mobile, som blev skabt i 1956, men som stadig er en af de mest popul\u00e6re mobiler fra Flensted Mobiler.","og_url":"https:\/\/flenstemp.awork20.dk\/da\/product\/science-fiction\/","og_site_name":"Flensted Mobiles","article_publisher":"https:\/\/www.facebook.com\/flenstedmobiles","article_modified_time":"2023-08-31T07:06:14+00:00","og_image":[{"width":794,"height":794,"url":"https:\/\/flenstemp.awork20.dk\/wp-content\/uploads\/2021\/12\/FM_008_science_fiction_red-1.png","type":"image\/png"}],"twitter_card":"summary_large_image","schema":{"@context":"https:\/\/schema.org","@graph":[{"@type":"WebPage","@id":"https:\/\/flenstemp.awork20.dk\/da\/product\/science-fiction\/","url":"https:\/\/flenstemp.awork20.dk\/da\/product\/science-fiction\/","name":"Science fiction - Flensted Mobiles","isPartOf":{"@id":"https:\/\/flenstemp.awork20.dk\/#website"},"datePublished":"2005-05-27T15:20:47+00:00","dateModified":"2023-08-31T07:06:14+00:00","breadcrumb":{"@id":"https:\/\/flenstemp.awork20.dk\/da\/product\/science-fiction\/#breadcrumb"},"inLanguage":"da-DK","potentialAction":[{"@type":"ReadAction","target":["https:\/\/flenstemp.awork20.dk\/da\/product\/science-fiction\/"]}]},{"@type":"BreadcrumbList","@id":"https:\/\/flenstemp.awork20.dk\/da\/product\/science-fiction\/#breadcrumb","itemListElement":[{"@type":"ListItem","position":1,"name":"Home","item":"https:\/\/flenstemp.awork20.dk\/da\/"},{"@type":"ListItem","position":2,"name":"Products","item":"https:\/\/flenstemp.awork20.dk\/shop\/"},{"@type":"ListItem","position":3,"name":"Science fiction"}]},{"@type":"WebSite","@id":"https:\/\/flenstemp.awork20.dk\/#website","url":"https:\/\/flenstemp.awork20.dk\/","name":"Flensted Mobiles","description":"Unikke mobiler som skaber ro og balance, i enhvers hjem.","publisher":{"@id":"https:\/\/flenstemp.awork20.dk\/#organization"},"potentialAction":[{"@type":"SearchAction","target":{"@type":"EntryPoint","urlTemplate":"https:\/\/flenstemp.awork20.dk\/?s={search_term_string}"},"query-input":"required name=search_term_string"}],"inLanguage":"da-DK"},{"@type":"Organization","@id":"https:\/\/flenstemp.awork20.dk\/#organization","name":"Flensted Mobiles","url":"https:\/\/flenstemp.awork20.dk\/","logo":{"@type":"ImageObject","inLanguage":"da-DK","@id":"https:\/\/flenstemp.awork20.dk\/#\/schema\/logo\/image\/","url":"https:\/\/flensted-mobiles.com\/wp-content\/uploads\/2022\/03\/FlenstedLogo_med_ramme_100-3.webp","contentUrl":"https:\/\/flensted-mobiles.com\/wp-content\/uploads\/2022\/03\/FlenstedLogo_med_ramme_100-3.webp","width":2118,"height":2118,"caption":"Flensted Mobiles"},"image":{"@id":"https:\/\/flenstemp.awork20.dk\/#\/schema\/logo\/image\/"},"sameAs":["https:\/\/www.facebook.com\/flenstedmobiles"]}]}},"_links":{"self":[{"href":"https:\/\/flenstemp.awork20.dk\/da\/wp-json\/wp\/v2\/product\/1484"}],"collection":[{"href":"https:\/\/flenstemp.awork20.dk\/da\/wp-json\/wp\/v2\/product"}],"about":[{"href":"https:\/\/flenstemp.awork20.dk\/da\/wp-json\/wp\/v2\/types\/product"}],"wp:featuredmedia":[{"embeddable":true,"href":"https:\/\/flenstemp.awork20.dk\/da\/wp-json\/wp\/v2\/media\/4184"}],"wp:attachment":[{"href":"https:\/\/flenstemp.awork20.dk\/da\/wp-json\/wp\/v2\/media?parent=1484"}],"wp:term":[{"taxonomy":"product_cat","embeddable":true,"href":"https:\/\/flenstemp.awork20.dk\/da\/wp-json\/wp\/v2\/product_cat?post=1484"},{"taxonomy":"product_tag","embeddable":true,"href":"https:\/\/flenstemp.awork20.dk\/da\/wp-json\/wp\/v2\/product_tag?post=1484"}],"curies":[{"name":"wp","href":"https:\/\/api.w.org\/{rel}","templated":true}]}}