{"id":1468,"date":"1960-05-27T16:40:24","date_gmt":"1960-05-27T15:40:24","guid":{"rendered":"https:\/\/flenstedmobiles.com\/?post_type=product&#038;p=1468"},"modified":"2023-08-16T13:02:09","modified_gmt":"2023-08-16T11:02:09","slug":"viking-3","status":"publish","type":"product","link":"https:\/\/flenstemp.awork20.dk\/da\/product\/viking-3\/","title":{"rendered":"Viking 3"},"content":{"rendered":"","protected":false},"excerpt":{"rendered":"<h1>Viking 3<\/h1>\n<p><em>Designet af Christian Flensted<\/em><\/p>\n<p>&nbsp;<\/p>\n<p>Dristighed og eventyrlyst. Opdagelsen af nye verdener i alle kompassets retninger. H\u00e5ndv\u00e6rk og skibsbygning i h\u00f8j klasse.<\/p>\n<p>[read_more id=&#8221;1&#8243; more=&#8221;L\u00e6s mere&#8221; less=&#8221;L\u00e6s mindre&#8221;]<\/p>\n<p>Da vikingerne rejste vidt og bredt ud i verden, var det kun muligt, fordi deres klassiske vikingeskibe var bygningsm\u00e6ssige mesterv\u00e6rker.<\/p>\n<p>Mange \u00e5rhundreder senere hentede Christian Flensted inspiration fra disse uforf\u00e6rdede forf\u00e6dre og deres elegante, yndefulde fart\u00f8jer, da han designede denne mobile, Viking 3 \u2013 med de tre sm\u00e5 skibe sk\u00e5ret ud i teaktr\u00e6 og alle sejl sat.<\/p>\n<p>Tag med p\u00e5 rejsen med en mobile, der virkelig bringer dig vidt omkring.<\/p>\n<p>Der er nye verdener, der skal opdages. Nye vinde f\u00f8lger sammen med nogle meget us\u00e6dvanlige rejsekammerater.<\/p>\n<p>[\/read_more]<\/p>\n","protected":false},"featured_media":4189,"template":"","meta":[],"product_cat":[960,11875,11899,976],"product_tag":[],"yoast_head":"<!-- This site is optimized with the Yoast SEO plugin v20.8 - https:\/\/yoast.com\/wordpress\/plugins\/seo\/ -->\n<title>Viking 3 - Flensted Mobiles<\/title>\n<meta name=\"robots\" content=\"index, follow, max-snippet:-1, max-image-preview:large, max-video-preview:-1\" \/>\n<link rel=\"canonical\" href=\"https:\/\/flenstemp.awork20.dk\/da\/product\/viking-3\/\" \/>\n<meta property=\"og:locale\" content=\"da_DK\" \/>\n<meta property=\"og:type\" content=\"article\" \/>\n<meta property=\"og:title\" content=\"Viking 3 - Flensted Mobiles\" \/>\n<meta property=\"og:description\" content=\"Viking 3 Designet af Christian Flensted  &nbsp;  Dristighed og eventyrlyst. Opdagelsen af nye verdener i alle kompassets retninger. H\u00e5ndv\u00e6rk og skibsbygning i h\u00f8j klasse.  [read_more id=&quot;1&quot; more=&quot;L\u00e6s mere&quot; less=&quot;L\u00e6s mindre&quot;]  Da vikingerne rejste vidt og bredt ud i verden, var det kun muligt, fordi deres klassiske vikingeskibe var bygningsm\u00e6ssige mesterv\u00e6rker.  Mange \u00e5rhundreder senere hentede Christian Flensted inspiration fra disse uforf\u00e6rdede forf\u00e6dre og deres elegante, yndefulde fart\u00f8jer, da han designede denne mobile, Viking 3 \u2013 med de tre sm\u00e5 skibe sk\u00e5ret ud i teaktr\u00e6 og alle sejl sat.  Tag med p\u00e5 rejsen med en mobile, der virkelig bringer dig vidt omkring.  Der er nye verdener, der skal opdages. Nye vinde f\u00f8lger sammen med nogle meget us\u00e6dvanlige rejsekammerater.  [\/read_more]\" \/>\n<meta property=\"og:url\" content=\"https:\/\/flenstemp.awork20.dk\/da\/product\/viking-3\/\" \/>\n<meta property=\"og:site_name\" content=\"Flensted Mobiles\" \/>\n<meta property=\"article:publisher\" content=\"https:\/\/www.facebook.com\/flenstedmobiles\" \/>\n<meta property=\"article:modified_time\" content=\"2023-08-16T11:02:09+00:00\" \/>\n<meta property=\"og:image\" content=\"https:\/\/flenstemp.awork20.dk\/wp-content\/uploads\/2021\/12\/FM_017_viking3-1.png\" \/>\n\t<meta property=\"og:image:width\" content=\"794\" \/>\n\t<meta property=\"og:image:height\" content=\"794\" \/>\n\t<meta property=\"og:image:type\" content=\"image\/png\" \/>\n<meta name=\"twitter:card\" content=\"summary_large_image\" \/>\n<script type=\"application\/ld+json\" class=\"yoast-schema-graph\">{\"@context\":\"https:\/\/schema.org\",\"@graph\":[{\"@type\":\"WebPage\",\"@id\":\"https:\/\/flenstemp.awork20.dk\/da\/product\/viking-3\/\",\"url\":\"https:\/\/flenstemp.awork20.dk\/da\/product\/viking-3\/\",\"name\":\"Viking 3 - Flensted Mobiles\",\"isPartOf\":{\"@id\":\"https:\/\/flenstemp.awork20.dk\/#website\"},\"datePublished\":\"1960-05-27T15:40:24+00:00\",\"dateModified\":\"2023-08-16T11:02:09+00:00\",\"breadcrumb\":{\"@id\":\"https:\/\/flenstemp.awork20.dk\/da\/product\/viking-3\/#breadcrumb\"},\"inLanguage\":\"da-DK\",\"potentialAction\":[{\"@type\":\"ReadAction\",\"target\":[\"https:\/\/flenstemp.awork20.dk\/da\/product\/viking-3\/\"]}]},{\"@type\":\"BreadcrumbList\",\"@id\":\"https:\/\/flenstemp.awork20.dk\/da\/product\/viking-3\/#breadcrumb\",\"itemListElement\":[{\"@type\":\"ListItem\",\"position\":1,\"name\":\"Home\",\"item\":\"https:\/\/flenstemp.awork20.dk\/da\/\"},{\"@type\":\"ListItem\",\"position\":2,\"name\":\"Products\",\"item\":\"https:\/\/flenstemp.awork20.dk\/shop\/\"},{\"@type\":\"ListItem\",\"position\":3,\"name\":\"Viking 3\"}]},{\"@type\":\"WebSite\",\"@id\":\"https:\/\/flenstemp.awork20.dk\/#website\",\"url\":\"https:\/\/flenstemp.awork20.dk\/\",\"name\":\"Flensted Mobiles\",\"description\":\"Unikke mobiler som skaber ro og balance, i enhvers hjem.\",\"publisher\":{\"@id\":\"https:\/\/flenstemp.awork20.dk\/#organization\"},\"potentialAction\":[{\"@type\":\"SearchAction\",\"target\":{\"@type\":\"EntryPoint\",\"urlTemplate\":\"https:\/\/flenstemp.awork20.dk\/?s={search_term_string}\"},\"query-input\":\"required name=search_term_string\"}],\"inLanguage\":\"da-DK\"},{\"@type\":\"Organization\",\"@id\":\"https:\/\/flenstemp.awork20.dk\/#organization\",\"name\":\"Flensted Mobiles\",\"url\":\"https:\/\/flenstemp.awork20.dk\/\",\"logo\":{\"@type\":\"ImageObject\",\"inLanguage\":\"da-DK\",\"@id\":\"https:\/\/flenstemp.awork20.dk\/#\/schema\/logo\/image\/\",\"url\":\"https:\/\/flensted-mobiles.com\/wp-content\/uploads\/2022\/03\/FlenstedLogo_med_ramme_100-3.webp\",\"contentUrl\":\"https:\/\/flensted-mobiles.com\/wp-content\/uploads\/2022\/03\/FlenstedLogo_med_ramme_100-3.webp\",\"width\":2118,\"height\":2118,\"caption\":\"Flensted Mobiles\"},\"image\":{\"@id\":\"https:\/\/flenstemp.awork20.dk\/#\/schema\/logo\/image\/\"},\"sameAs\":[\"https:\/\/www.facebook.com\/flenstedmobiles\"]}]}<\/script>\n<!-- \/ Yoast SEO plugin. -->","yoast_head_json":{"title":"Viking 3 - Flensted Mobiles","robots":{"index":"index","follow":"follow","max-snippet":"max-snippet:-1","max-image-preview":"max-image-preview:large","max-video-preview":"max-video-preview:-1"},"canonical":"https:\/\/flenstemp.awork20.dk\/da\/product\/viking-3\/","og_locale":"da_DK","og_type":"article","og_title":"Viking 3 - Flensted Mobiles","og_description":"Viking 3 Designet af Christian Flensted  &nbsp;  Dristighed og eventyrlyst. Opdagelsen af nye verdener i alle kompassets retninger. H\u00e5ndv\u00e6rk og skibsbygning i h\u00f8j klasse.  [read_more id=\"1\" more=\"L\u00e6s mere\" less=\"L\u00e6s mindre\"]  Da vikingerne rejste vidt og bredt ud i verden, var det kun muligt, fordi deres klassiske vikingeskibe var bygningsm\u00e6ssige mesterv\u00e6rker.  Mange \u00e5rhundreder senere hentede Christian Flensted inspiration fra disse uforf\u00e6rdede forf\u00e6dre og deres elegante, yndefulde fart\u00f8jer, da han designede denne mobile, Viking 3 \u2013 med de tre sm\u00e5 skibe sk\u00e5ret ud i teaktr\u00e6 og alle sejl sat.  Tag med p\u00e5 rejsen med en mobile, der virkelig bringer dig vidt omkring.  Der er nye verdener, der skal opdages. Nye vinde f\u00f8lger sammen med nogle meget us\u00e6dvanlige rejsekammerater.  [\/read_more]","og_url":"https:\/\/flenstemp.awork20.dk\/da\/product\/viking-3\/","og_site_name":"Flensted Mobiles","article_publisher":"https:\/\/www.facebook.com\/flenstedmobiles","article_modified_time":"2023-08-16T11:02:09+00:00","og_image":[{"width":794,"height":794,"url":"https:\/\/flenstemp.awork20.dk\/wp-content\/uploads\/2021\/12\/FM_017_viking3-1.png","type":"image\/png"}],"twitter_card":"summary_large_image","schema":{"@context":"https:\/\/schema.org","@graph":[{"@type":"WebPage","@id":"https:\/\/flenstemp.awork20.dk\/da\/product\/viking-3\/","url":"https:\/\/flenstemp.awork20.dk\/da\/product\/viking-3\/","name":"Viking 3 - Flensted Mobiles","isPartOf":{"@id":"https:\/\/flenstemp.awork20.dk\/#website"},"datePublished":"1960-05-27T15:40:24+00:00","dateModified":"2023-08-16T11:02:09+00:00","breadcrumb":{"@id":"https:\/\/flenstemp.awork20.dk\/da\/product\/viking-3\/#breadcrumb"},"inLanguage":"da-DK","potentialAction":[{"@type":"ReadAction","target":["https:\/\/flenstemp.awork20.dk\/da\/product\/viking-3\/"]}]},{"@type":"BreadcrumbList","@id":"https:\/\/flenstemp.awork20.dk\/da\/product\/viking-3\/#breadcrumb","itemListElement":[{"@type":"ListItem","position":1,"name":"Home","item":"https:\/\/flenstemp.awork20.dk\/da\/"},{"@type":"ListItem","position":2,"name":"Products","item":"https:\/\/flenstemp.awork20.dk\/shop\/"},{"@type":"ListItem","position":3,"name":"Viking 3"}]},{"@type":"WebSite","@id":"https:\/\/flenstemp.awork20.dk\/#website","url":"https:\/\/flenstemp.awork20.dk\/","name":"Flensted Mobiles","description":"Unikke mobiler som skaber ro og balance, i enhvers hjem.","publisher":{"@id":"https:\/\/flenstemp.awork20.dk\/#organization"},"potentialAction":[{"@type":"SearchAction","target":{"@type":"EntryPoint","urlTemplate":"https:\/\/flenstemp.awork20.dk\/?s={search_term_string}"},"query-input":"required name=search_term_string"}],"inLanguage":"da-DK"},{"@type":"Organization","@id":"https:\/\/flenstemp.awork20.dk\/#organization","name":"Flensted Mobiles","url":"https:\/\/flenstemp.awork20.dk\/","logo":{"@type":"ImageObject","inLanguage":"da-DK","@id":"https:\/\/flenstemp.awork20.dk\/#\/schema\/logo\/image\/","url":"https:\/\/flensted-mobiles.com\/wp-content\/uploads\/2022\/03\/FlenstedLogo_med_ramme_100-3.webp","contentUrl":"https:\/\/flensted-mobiles.com\/wp-content\/uploads\/2022\/03\/FlenstedLogo_med_ramme_100-3.webp","width":2118,"height":2118,"caption":"Flensted Mobiles"},"image":{"@id":"https:\/\/flenstemp.awork20.dk\/#\/schema\/logo\/image\/"},"sameAs":["https:\/\/www.facebook.com\/flenstedmobiles"]}]}},"_links":{"self":[{"href":"https:\/\/flenstemp.awork20.dk\/da\/wp-json\/wp\/v2\/product\/1468"}],"collection":[{"href":"https:\/\/flenstemp.awork20.dk\/da\/wp-json\/wp\/v2\/product"}],"about":[{"href":"https:\/\/flenstemp.awork20.dk\/da\/wp-json\/wp\/v2\/types\/product"}],"wp:featuredmedia":[{"embeddable":true,"href":"https:\/\/flenstemp.awork20.dk\/da\/wp-json\/wp\/v2\/media\/4189"}],"wp:attachment":[{"href":"https:\/\/flenstemp.awork20.dk\/da\/wp-json\/wp\/v2\/media?parent=1468"}],"wp:term":[{"taxonomy":"product_cat","embeddable":true,"href":"https:\/\/flenstemp.awork20.dk\/da\/wp-json\/wp\/v2\/product_cat?post=1468"},{"taxonomy":"product_tag","embeddable":true,"href":"https:\/\/flenstemp.awork20.dk\/da\/wp-json\/wp\/v2\/product_tag?post=1468"}],"curies":[{"name":"wp","href":"https:\/\/api.w.org\/{rel}","templated":true}]}}