{"id":1458,"date":"2010-05-27T16:10:18","date_gmt":"2010-05-27T14:10:18","guid":{"rendered":"https:\/\/flenstedmobiles.com\/?post_type=product&#038;p=1458"},"modified":"2023-08-16T13:20:56","modified_gmt":"2023-08-16T11:20:56","slug":"dinghy-regatta-5","status":"publish","type":"product","link":"https:\/\/flenstemp.awork20.dk\/da\/product\/dinghy-regatta-5\/","title":{"rendered":"Dinghy Regatta 5"},"content":{"rendered":"","protected":false},"excerpt":{"rendered":"<h1>Dinghy Regatta 5<\/h1>\n<p><em>Designet af Christian Flensted<\/em><\/p>\n<p>&nbsp;<\/p>\n<p>En b\u00e5d er et charmerende lille fart\u00f8j, n\u00e5r vinden fanger sejlet, og den glider gennem vandet.<\/p>\n<p>Ser let og elegant ud \u2013 ogs\u00e5 n\u00e5r der er flere b\u00e5de i vandet, der konkurrerer mod hinanden.<\/p>\n<p>[read_more id=&#8221;1&#8243; more=&#8221;L\u00e6s mere&#8221; less=&#8221;L\u00e6s mindre&#8221;]<\/p>\n<p>Christian Flensted hoppede ogs\u00e5 ombord og hentede inspiration til denne lige s\u00e5 charmerende mobile.<\/p>\n<p>Her konkurrerer de tre forskelligfarvede tr\u00e6skibe i deres helt egen regatta, der glider lige s\u00e5 let gennem luften, som de g\u00f8r i vandet.<\/p>\n<p>Slut dig til b\u00e5dene ved at se dem cirkle rundt i rummet &#8211; drevet af vinden, der fanger de hvide sejl. Nyd de rene linjer og lyse farver.<\/p>\n<p>Dinghy Regatta er en perfekt og popul\u00e6r gave til lystsejlerentusiaster i alle aldre. Mobilen bringer minder om masser af dejlige timer brugt p\u00e5 vandet!<\/p>\n<p>[\/read_more]<\/p>\n","protected":false},"featured_media":4194,"template":"","meta":[],"product_cat":[960,11875,11899,976],"product_tag":[11923],"yoast_head":"<!-- This site is optimized with the Yoast SEO plugin v20.8 - https:\/\/yoast.com\/wordpress\/plugins\/seo\/ -->\n<title>Dinghy Regatta 5 - Flensted Mobiles<\/title>\n<meta name=\"robots\" content=\"index, follow, max-snippet:-1, max-image-preview:large, max-video-preview:-1\" \/>\n<link rel=\"canonical\" href=\"https:\/\/flenstemp.awork20.dk\/da\/product\/dinghy-regatta-5\/\" \/>\n<meta property=\"og:locale\" content=\"da_DK\" \/>\n<meta property=\"og:type\" content=\"article\" \/>\n<meta property=\"og:title\" content=\"Dinghy Regatta 5 - Flensted Mobiles\" \/>\n<meta property=\"og:description\" content=\"Dinghy Regatta 5 Designet af Christian Flensted  &nbsp;  En b\u00e5d er et charmerende lille fart\u00f8j, n\u00e5r vinden fanger sejlet, og den glider gennem vandet.  Ser let og elegant ud \u2013 ogs\u00e5 n\u00e5r der er flere b\u00e5de i vandet, der konkurrerer mod hinanden.  [read_more id=&quot;1&quot; more=&quot;L\u00e6s mere&quot; less=&quot;L\u00e6s mindre&quot;]  Christian Flensted hoppede ogs\u00e5 ombord og hentede inspiration til denne lige s\u00e5 charmerende mobile.  Her konkurrerer de tre forskelligfarvede tr\u00e6skibe i deres helt egen regatta, der glider lige s\u00e5 let gennem luften, som de g\u00f8r i vandet.  Slut dig til b\u00e5dene ved at se dem cirkle rundt i rummet - drevet af vinden, der fanger de hvide sejl. Nyd de rene linjer og lyse farver.  Dinghy Regatta er en perfekt og popul\u00e6r gave til lystsejlerentusiaster i alle aldre. Mobilen bringer minder om masser af dejlige timer brugt p\u00e5 vandet!  [\/read_more]\" \/>\n<meta property=\"og:url\" content=\"https:\/\/flenstemp.awork20.dk\/da\/product\/dinghy-regatta-5\/\" \/>\n<meta property=\"og:site_name\" content=\"Flensted Mobiles\" \/>\n<meta property=\"article:publisher\" content=\"https:\/\/www.facebook.com\/flenstedmobiles\" \/>\n<meta property=\"article:modified_time\" content=\"2023-08-16T11:20:56+00:00\" \/>\n<meta property=\"og:image\" content=\"https:\/\/flenstemp.awork20.dk\/wp-content\/uploads\/2021\/12\/FM_027_dinghy_ragetta_5-1.png\" \/>\n\t<meta property=\"og:image:width\" content=\"794\" \/>\n\t<meta property=\"og:image:height\" content=\"794\" \/>\n\t<meta property=\"og:image:type\" content=\"image\/png\" \/>\n<meta name=\"twitter:card\" content=\"summary_large_image\" \/>\n<script type=\"application\/ld+json\" class=\"yoast-schema-graph\">{\"@context\":\"https:\/\/schema.org\",\"@graph\":[{\"@type\":\"WebPage\",\"@id\":\"https:\/\/flenstemp.awork20.dk\/da\/product\/dinghy-regatta-5\/\",\"url\":\"https:\/\/flenstemp.awork20.dk\/da\/product\/dinghy-regatta-5\/\",\"name\":\"Dinghy Regatta 5 - Flensted Mobiles\",\"isPartOf\":{\"@id\":\"https:\/\/flenstemp.awork20.dk\/#website\"},\"datePublished\":\"2010-05-27T14:10:18+00:00\",\"dateModified\":\"2023-08-16T11:20:56+00:00\",\"breadcrumb\":{\"@id\":\"https:\/\/flenstemp.awork20.dk\/da\/product\/dinghy-regatta-5\/#breadcrumb\"},\"inLanguage\":\"da-DK\",\"potentialAction\":[{\"@type\":\"ReadAction\",\"target\":[\"https:\/\/flenstemp.awork20.dk\/da\/product\/dinghy-regatta-5\/\"]}]},{\"@type\":\"BreadcrumbList\",\"@id\":\"https:\/\/flenstemp.awork20.dk\/da\/product\/dinghy-regatta-5\/#breadcrumb\",\"itemListElement\":[{\"@type\":\"ListItem\",\"position\":1,\"name\":\"Home\",\"item\":\"https:\/\/flenstemp.awork20.dk\/da\/\"},{\"@type\":\"ListItem\",\"position\":2,\"name\":\"Products\",\"item\":\"https:\/\/flenstemp.awork20.dk\/shop\/\"},{\"@type\":\"ListItem\",\"position\":3,\"name\":\"Dinghy Regatta 5\"}]},{\"@type\":\"WebSite\",\"@id\":\"https:\/\/flenstemp.awork20.dk\/#website\",\"url\":\"https:\/\/flenstemp.awork20.dk\/\",\"name\":\"Flensted Mobiles\",\"description\":\"Unikke mobiler som skaber ro og balance, i enhvers hjem.\",\"publisher\":{\"@id\":\"https:\/\/flenstemp.awork20.dk\/#organization\"},\"potentialAction\":[{\"@type\":\"SearchAction\",\"target\":{\"@type\":\"EntryPoint\",\"urlTemplate\":\"https:\/\/flenstemp.awork20.dk\/?s={search_term_string}\"},\"query-input\":\"required name=search_term_string\"}],\"inLanguage\":\"da-DK\"},{\"@type\":\"Organization\",\"@id\":\"https:\/\/flenstemp.awork20.dk\/#organization\",\"name\":\"Flensted Mobiles\",\"url\":\"https:\/\/flenstemp.awork20.dk\/\",\"logo\":{\"@type\":\"ImageObject\",\"inLanguage\":\"da-DK\",\"@id\":\"https:\/\/flenstemp.awork20.dk\/#\/schema\/logo\/image\/\",\"url\":\"https:\/\/flensted-mobiles.com\/wp-content\/uploads\/2022\/03\/FlenstedLogo_med_ramme_100-3.webp\",\"contentUrl\":\"https:\/\/flensted-mobiles.com\/wp-content\/uploads\/2022\/03\/FlenstedLogo_med_ramme_100-3.webp\",\"width\":2118,\"height\":2118,\"caption\":\"Flensted Mobiles\"},\"image\":{\"@id\":\"https:\/\/flenstemp.awork20.dk\/#\/schema\/logo\/image\/\"},\"sameAs\":[\"https:\/\/www.facebook.com\/flenstedmobiles\"]}]}<\/script>\n<!-- \/ Yoast SEO plugin. -->","yoast_head_json":{"title":"Dinghy Regatta 5 - Flensted Mobiles","robots":{"index":"index","follow":"follow","max-snippet":"max-snippet:-1","max-image-preview":"max-image-preview:large","max-video-preview":"max-video-preview:-1"},"canonical":"https:\/\/flenstemp.awork20.dk\/da\/product\/dinghy-regatta-5\/","og_locale":"da_DK","og_type":"article","og_title":"Dinghy Regatta 5 - Flensted Mobiles","og_description":"Dinghy Regatta 5 Designet af Christian Flensted  &nbsp;  En b\u00e5d er et charmerende lille fart\u00f8j, n\u00e5r vinden fanger sejlet, og den glider gennem vandet.  Ser let og elegant ud \u2013 ogs\u00e5 n\u00e5r der er flere b\u00e5de i vandet, der konkurrerer mod hinanden.  [read_more id=\"1\" more=\"L\u00e6s mere\" less=\"L\u00e6s mindre\"]  Christian Flensted hoppede ogs\u00e5 ombord og hentede inspiration til denne lige s\u00e5 charmerende mobile.  Her konkurrerer de tre forskelligfarvede tr\u00e6skibe i deres helt egen regatta, der glider lige s\u00e5 let gennem luften, som de g\u00f8r i vandet.  Slut dig til b\u00e5dene ved at se dem cirkle rundt i rummet - drevet af vinden, der fanger de hvide sejl. Nyd de rene linjer og lyse farver.  Dinghy Regatta er en perfekt og popul\u00e6r gave til lystsejlerentusiaster i alle aldre. Mobilen bringer minder om masser af dejlige timer brugt p\u00e5 vandet!  [\/read_more]","og_url":"https:\/\/flenstemp.awork20.dk\/da\/product\/dinghy-regatta-5\/","og_site_name":"Flensted Mobiles","article_publisher":"https:\/\/www.facebook.com\/flenstedmobiles","article_modified_time":"2023-08-16T11:20:56+00:00","og_image":[{"width":794,"height":794,"url":"https:\/\/flenstemp.awork20.dk\/wp-content\/uploads\/2021\/12\/FM_027_dinghy_ragetta_5-1.png","type":"image\/png"}],"twitter_card":"summary_large_image","schema":{"@context":"https:\/\/schema.org","@graph":[{"@type":"WebPage","@id":"https:\/\/flenstemp.awork20.dk\/da\/product\/dinghy-regatta-5\/","url":"https:\/\/flenstemp.awork20.dk\/da\/product\/dinghy-regatta-5\/","name":"Dinghy Regatta 5 - Flensted Mobiles","isPartOf":{"@id":"https:\/\/flenstemp.awork20.dk\/#website"},"datePublished":"2010-05-27T14:10:18+00:00","dateModified":"2023-08-16T11:20:56+00:00","breadcrumb":{"@id":"https:\/\/flenstemp.awork20.dk\/da\/product\/dinghy-regatta-5\/#breadcrumb"},"inLanguage":"da-DK","potentialAction":[{"@type":"ReadAction","target":["https:\/\/flenstemp.awork20.dk\/da\/product\/dinghy-regatta-5\/"]}]},{"@type":"BreadcrumbList","@id":"https:\/\/flenstemp.awork20.dk\/da\/product\/dinghy-regatta-5\/#breadcrumb","itemListElement":[{"@type":"ListItem","position":1,"name":"Home","item":"https:\/\/flenstemp.awork20.dk\/da\/"},{"@type":"ListItem","position":2,"name":"Products","item":"https:\/\/flenstemp.awork20.dk\/shop\/"},{"@type":"ListItem","position":3,"name":"Dinghy Regatta 5"}]},{"@type":"WebSite","@id":"https:\/\/flenstemp.awork20.dk\/#website","url":"https:\/\/flenstemp.awork20.dk\/","name":"Flensted Mobiles","description":"Unikke mobiler som skaber ro og balance, i enhvers hjem.","publisher":{"@id":"https:\/\/flenstemp.awork20.dk\/#organization"},"potentialAction":[{"@type":"SearchAction","target":{"@type":"EntryPoint","urlTemplate":"https:\/\/flenstemp.awork20.dk\/?s={search_term_string}"},"query-input":"required name=search_term_string"}],"inLanguage":"da-DK"},{"@type":"Organization","@id":"https:\/\/flenstemp.awork20.dk\/#organization","name":"Flensted Mobiles","url":"https:\/\/flenstemp.awork20.dk\/","logo":{"@type":"ImageObject","inLanguage":"da-DK","@id":"https:\/\/flenstemp.awork20.dk\/#\/schema\/logo\/image\/","url":"https:\/\/flensted-mobiles.com\/wp-content\/uploads\/2022\/03\/FlenstedLogo_med_ramme_100-3.webp","contentUrl":"https:\/\/flensted-mobiles.com\/wp-content\/uploads\/2022\/03\/FlenstedLogo_med_ramme_100-3.webp","width":2118,"height":2118,"caption":"Flensted Mobiles"},"image":{"@id":"https:\/\/flenstemp.awork20.dk\/#\/schema\/logo\/image\/"},"sameAs":["https:\/\/www.facebook.com\/flenstedmobiles"]}]}},"_links":{"self":[{"href":"https:\/\/flenstemp.awork20.dk\/da\/wp-json\/wp\/v2\/product\/1458"}],"collection":[{"href":"https:\/\/flenstemp.awork20.dk\/da\/wp-json\/wp\/v2\/product"}],"about":[{"href":"https:\/\/flenstemp.awork20.dk\/da\/wp-json\/wp\/v2\/types\/product"}],"wp:featuredmedia":[{"embeddable":true,"href":"https:\/\/flenstemp.awork20.dk\/da\/wp-json\/wp\/v2\/media\/4194"}],"wp:attachment":[{"href":"https:\/\/flenstemp.awork20.dk\/da\/wp-json\/wp\/v2\/media?parent=1458"}],"wp:term":[{"taxonomy":"product_cat","embeddable":true,"href":"https:\/\/flenstemp.awork20.dk\/da\/wp-json\/wp\/v2\/product_cat?post=1458"},{"taxonomy":"product_tag","embeddable":true,"href":"https:\/\/flenstemp.awork20.dk\/da\/wp-json\/wp\/v2\/product_tag?post=1458"}],"curies":[{"name":"wp","href":"https:\/\/api.w.org\/{rel}","templated":true}]}}