{"id":1424,"date":"2010-05-27T13:20:53","date_gmt":"2010-05-27T11:20:53","guid":{"rendered":"https:\/\/flenstedmobiles.com\/?post_type=product&#038;p=1424"},"modified":"2023-08-16T14:57:56","modified_gmt":"2023-08-16T12:57:56","slug":"symfoni-i-3-satser-natur","status":"publish","type":"product","link":"https:\/\/flenstemp.awork20.dk\/da\/product\/symfoni-i-3-satser-natur\/","title":{"rendered":"Symfoni i 3 satser, natur"},"content":{"rendered":"","protected":false},"excerpt":{"rendered":"<h1>Symfoni i 3 satser, natur<\/h1>\n<p><em>Designet af Ole Flensted<\/em><\/p>\n<p>&nbsp;<\/p>\n<p>Mangler du ny musik i din boligindretning? Der er masser af musikalsk inspiration gemt i Symfoni i 3 satser-mobilen fra Flensted Mobiler.<\/p>\n<p>[read_more id=&#8221;1&#8243; more=&#8221;L\u00e6s mere&#8221; less=&#8221;L\u00e6s mindre&#8221;]<\/p>\n<p>Det er fra en verden af musik, som Ole Flensted hentede sin inspiration, da han designede denne klassiske mobile i 1972.<\/p>\n<p>Denne mobile ser fantastisk ud, n\u00e5r den h\u00e6nger over et klaver eller i dit eget specielle rum. Det var med Mozart i baggrunden, Symfoni i 3 satser-mobilen blev skabt.<\/p>\n<p>Man kan nemt se noderne danse hen over siderne, n\u00e5r man ser mobilen.<\/p>\n<p>Ordet &#8216;symfoni&#8217; best\u00e5r af de gr\u00e6ske ord &#8216;syn&#8217; (sammen) og &#8216;foni&#8217; (lyd). Mobilens fjerlette materialer spiller sammen med luften som leder.<\/p>\n<p>F\u00e5s ogs\u00e5 i original og klassisk sort udgave. Begge f\u00e5s i store udgaver, der er ideelle til kultur- og koncertsteder.<\/p>\n<p>[\/read_more]<\/p>\n","protected":false},"featured_media":4211,"template":"","meta":[],"product_cat":[960,11875,985,11878],"product_tag":[],"yoast_head":"<!-- This site is optimized with the Yoast SEO plugin v20.8 - https:\/\/yoast.com\/wordpress\/plugins\/seo\/ -->\n<title>Symfoni i 3 satser, natur - Flensted Mobiles<\/title>\n<meta name=\"robots\" content=\"index, follow, max-snippet:-1, max-image-preview:large, max-video-preview:-1\" \/>\n<link rel=\"canonical\" href=\"https:\/\/flenstemp.awork20.dk\/da\/product\/symfoni-i-3-satser-natur\/\" \/>\n<meta property=\"og:locale\" content=\"da_DK\" \/>\n<meta property=\"og:type\" content=\"article\" \/>\n<meta property=\"og:title\" content=\"Symfoni i 3 satser, natur - Flensted Mobiles\" \/>\n<meta property=\"og:description\" content=\"Symfoni i 3 satser, natur Designet af Ole Flensted  &nbsp;  Mangler du ny musik i din boligindretning? Der er masser af musikalsk inspiration gemt i Symfoni i 3 satser-mobilen fra Flensted Mobiler.  [read_more id=&quot;1&quot; more=&quot;L\u00e6s mere&quot; less=&quot;L\u00e6s mindre&quot;]  Det er fra en verden af musik, som Ole Flensted hentede sin inspiration, da han designede denne klassiske mobile i 1972.  Denne mobile ser fantastisk ud, n\u00e5r den h\u00e6nger over et klaver eller i dit eget specielle rum. Det var med Mozart i baggrunden, Symfoni i 3 satser-mobilen blev skabt.  Man kan nemt se noderne danse hen over siderne, n\u00e5r man ser mobilen.  Ordet &#039;symfoni&#039; best\u00e5r af de gr\u00e6ske ord &#039;syn&#039; (sammen) og &#039;foni&#039; (lyd). Mobilens fjerlette materialer spiller sammen med luften som leder.  F\u00e5s ogs\u00e5 i original og klassisk sort udgave. Begge f\u00e5s i store udgaver, der er ideelle til kultur- og koncertsteder.  [\/read_more]\" \/>\n<meta property=\"og:url\" content=\"https:\/\/flenstemp.awork20.dk\/da\/product\/symfoni-i-3-satser-natur\/\" \/>\n<meta property=\"og:site_name\" content=\"Flensted Mobiles\" \/>\n<meta property=\"article:publisher\" content=\"https:\/\/www.facebook.com\/flenstedmobiles\" \/>\n<meta property=\"article:modified_time\" content=\"2023-08-16T12:57:56+00:00\" \/>\n<meta property=\"og:image\" content=\"https:\/\/flenstemp.awork20.dk\/wp-content\/uploads\/2021\/12\/FM_062ban_symphony_nature-1.png\" \/>\n\t<meta property=\"og:image:width\" content=\"794\" \/>\n\t<meta property=\"og:image:height\" content=\"794\" \/>\n\t<meta property=\"og:image:type\" content=\"image\/png\" \/>\n<meta name=\"twitter:card\" content=\"summary_large_image\" \/>\n<script type=\"application\/ld+json\" class=\"yoast-schema-graph\">{\"@context\":\"https:\/\/schema.org\",\"@graph\":[{\"@type\":\"WebPage\",\"@id\":\"https:\/\/flenstemp.awork20.dk\/da\/product\/symfoni-i-3-satser-natur\/\",\"url\":\"https:\/\/flenstemp.awork20.dk\/da\/product\/symfoni-i-3-satser-natur\/\",\"name\":\"Symfoni i 3 satser, natur - Flensted Mobiles\",\"isPartOf\":{\"@id\":\"https:\/\/flenstemp.awork20.dk\/#website\"},\"datePublished\":\"2010-05-27T11:20:53+00:00\",\"dateModified\":\"2023-08-16T12:57:56+00:00\",\"breadcrumb\":{\"@id\":\"https:\/\/flenstemp.awork20.dk\/da\/product\/symfoni-i-3-satser-natur\/#breadcrumb\"},\"inLanguage\":\"da-DK\",\"potentialAction\":[{\"@type\":\"ReadAction\",\"target\":[\"https:\/\/flenstemp.awork20.dk\/da\/product\/symfoni-i-3-satser-natur\/\"]}]},{\"@type\":\"BreadcrumbList\",\"@id\":\"https:\/\/flenstemp.awork20.dk\/da\/product\/symfoni-i-3-satser-natur\/#breadcrumb\",\"itemListElement\":[{\"@type\":\"ListItem\",\"position\":1,\"name\":\"Home\",\"item\":\"https:\/\/flenstemp.awork20.dk\/da\/\"},{\"@type\":\"ListItem\",\"position\":2,\"name\":\"Products\",\"item\":\"https:\/\/flenstemp.awork20.dk\/shop\/\"},{\"@type\":\"ListItem\",\"position\":3,\"name\":\"Symfoni i 3 satser, natur\"}]},{\"@type\":\"WebSite\",\"@id\":\"https:\/\/flenstemp.awork20.dk\/#website\",\"url\":\"https:\/\/flenstemp.awork20.dk\/\",\"name\":\"Flensted Mobiles\",\"description\":\"Unikke mobiler som skaber ro og balance, i enhvers hjem.\",\"publisher\":{\"@id\":\"https:\/\/flenstemp.awork20.dk\/#organization\"},\"potentialAction\":[{\"@type\":\"SearchAction\",\"target\":{\"@type\":\"EntryPoint\",\"urlTemplate\":\"https:\/\/flenstemp.awork20.dk\/?s={search_term_string}\"},\"query-input\":\"required name=search_term_string\"}],\"inLanguage\":\"da-DK\"},{\"@type\":\"Organization\",\"@id\":\"https:\/\/flenstemp.awork20.dk\/#organization\",\"name\":\"Flensted Mobiles\",\"url\":\"https:\/\/flenstemp.awork20.dk\/\",\"logo\":{\"@type\":\"ImageObject\",\"inLanguage\":\"da-DK\",\"@id\":\"https:\/\/flenstemp.awork20.dk\/#\/schema\/logo\/image\/\",\"url\":\"https:\/\/flensted-mobiles.com\/wp-content\/uploads\/2022\/03\/FlenstedLogo_med_ramme_100-3.webp\",\"contentUrl\":\"https:\/\/flensted-mobiles.com\/wp-content\/uploads\/2022\/03\/FlenstedLogo_med_ramme_100-3.webp\",\"width\":2118,\"height\":2118,\"caption\":\"Flensted Mobiles\"},\"image\":{\"@id\":\"https:\/\/flenstemp.awork20.dk\/#\/schema\/logo\/image\/\"},\"sameAs\":[\"https:\/\/www.facebook.com\/flenstedmobiles\"]}]}<\/script>\n<!-- \/ Yoast SEO plugin. -->","yoast_head_json":{"title":"Symfoni i 3 satser, natur - Flensted Mobiles","robots":{"index":"index","follow":"follow","max-snippet":"max-snippet:-1","max-image-preview":"max-image-preview:large","max-video-preview":"max-video-preview:-1"},"canonical":"https:\/\/flenstemp.awork20.dk\/da\/product\/symfoni-i-3-satser-natur\/","og_locale":"da_DK","og_type":"article","og_title":"Symfoni i 3 satser, natur - Flensted Mobiles","og_description":"Symfoni i 3 satser, natur Designet af Ole Flensted  &nbsp;  Mangler du ny musik i din boligindretning? Der er masser af musikalsk inspiration gemt i Symfoni i 3 satser-mobilen fra Flensted Mobiler.  [read_more id=\"1\" more=\"L\u00e6s mere\" less=\"L\u00e6s mindre\"]  Det er fra en verden af musik, som Ole Flensted hentede sin inspiration, da han designede denne klassiske mobile i 1972.  Denne mobile ser fantastisk ud, n\u00e5r den h\u00e6nger over et klaver eller i dit eget specielle rum. Det var med Mozart i baggrunden, Symfoni i 3 satser-mobilen blev skabt.  Man kan nemt se noderne danse hen over siderne, n\u00e5r man ser mobilen.  Ordet 'symfoni' best\u00e5r af de gr\u00e6ske ord 'syn' (sammen) og 'foni' (lyd). Mobilens fjerlette materialer spiller sammen med luften som leder.  F\u00e5s ogs\u00e5 i original og klassisk sort udgave. Begge f\u00e5s i store udgaver, der er ideelle til kultur- og koncertsteder.  [\/read_more]","og_url":"https:\/\/flenstemp.awork20.dk\/da\/product\/symfoni-i-3-satser-natur\/","og_site_name":"Flensted Mobiles","article_publisher":"https:\/\/www.facebook.com\/flenstedmobiles","article_modified_time":"2023-08-16T12:57:56+00:00","og_image":[{"width":794,"height":794,"url":"https:\/\/flenstemp.awork20.dk\/wp-content\/uploads\/2021\/12\/FM_062ban_symphony_nature-1.png","type":"image\/png"}],"twitter_card":"summary_large_image","schema":{"@context":"https:\/\/schema.org","@graph":[{"@type":"WebPage","@id":"https:\/\/flenstemp.awork20.dk\/da\/product\/symfoni-i-3-satser-natur\/","url":"https:\/\/flenstemp.awork20.dk\/da\/product\/symfoni-i-3-satser-natur\/","name":"Symfoni i 3 satser, natur - Flensted Mobiles","isPartOf":{"@id":"https:\/\/flenstemp.awork20.dk\/#website"},"datePublished":"2010-05-27T11:20:53+00:00","dateModified":"2023-08-16T12:57:56+00:00","breadcrumb":{"@id":"https:\/\/flenstemp.awork20.dk\/da\/product\/symfoni-i-3-satser-natur\/#breadcrumb"},"inLanguage":"da-DK","potentialAction":[{"@type":"ReadAction","target":["https:\/\/flenstemp.awork20.dk\/da\/product\/symfoni-i-3-satser-natur\/"]}]},{"@type":"BreadcrumbList","@id":"https:\/\/flenstemp.awork20.dk\/da\/product\/symfoni-i-3-satser-natur\/#breadcrumb","itemListElement":[{"@type":"ListItem","position":1,"name":"Home","item":"https:\/\/flenstemp.awork20.dk\/da\/"},{"@type":"ListItem","position":2,"name":"Products","item":"https:\/\/flenstemp.awork20.dk\/shop\/"},{"@type":"ListItem","position":3,"name":"Symfoni i 3 satser, natur"}]},{"@type":"WebSite","@id":"https:\/\/flenstemp.awork20.dk\/#website","url":"https:\/\/flenstemp.awork20.dk\/","name":"Flensted Mobiles","description":"Unikke mobiler som skaber ro og balance, i enhvers hjem.","publisher":{"@id":"https:\/\/flenstemp.awork20.dk\/#organization"},"potentialAction":[{"@type":"SearchAction","target":{"@type":"EntryPoint","urlTemplate":"https:\/\/flenstemp.awork20.dk\/?s={search_term_string}"},"query-input":"required name=search_term_string"}],"inLanguage":"da-DK"},{"@type":"Organization","@id":"https:\/\/flenstemp.awork20.dk\/#organization","name":"Flensted Mobiles","url":"https:\/\/flenstemp.awork20.dk\/","logo":{"@type":"ImageObject","inLanguage":"da-DK","@id":"https:\/\/flenstemp.awork20.dk\/#\/schema\/logo\/image\/","url":"https:\/\/flensted-mobiles.com\/wp-content\/uploads\/2022\/03\/FlenstedLogo_med_ramme_100-3.webp","contentUrl":"https:\/\/flensted-mobiles.com\/wp-content\/uploads\/2022\/03\/FlenstedLogo_med_ramme_100-3.webp","width":2118,"height":2118,"caption":"Flensted Mobiles"},"image":{"@id":"https:\/\/flenstemp.awork20.dk\/#\/schema\/logo\/image\/"},"sameAs":["https:\/\/www.facebook.com\/flenstedmobiles"]}]}},"_links":{"self":[{"href":"https:\/\/flenstemp.awork20.dk\/da\/wp-json\/wp\/v2\/product\/1424"}],"collection":[{"href":"https:\/\/flenstemp.awork20.dk\/da\/wp-json\/wp\/v2\/product"}],"about":[{"href":"https:\/\/flenstemp.awork20.dk\/da\/wp-json\/wp\/v2\/types\/product"}],"wp:featuredmedia":[{"embeddable":true,"href":"https:\/\/flenstemp.awork20.dk\/da\/wp-json\/wp\/v2\/media\/4211"}],"wp:attachment":[{"href":"https:\/\/flenstemp.awork20.dk\/da\/wp-json\/wp\/v2\/media?parent=1424"}],"wp:term":[{"taxonomy":"product_cat","embeddable":true,"href":"https:\/\/flenstemp.awork20.dk\/da\/wp-json\/wp\/v2\/product_cat?post=1424"},{"taxonomy":"product_tag","embeddable":true,"href":"https:\/\/flenstemp.awork20.dk\/da\/wp-json\/wp\/v2\/product_tag?post=1424"}],"curies":[{"name":"wp","href":"https:\/\/api.w.org\/{rel}","templated":true}]}}