{"id":1422,"date":"1966-05-27T13:15:11","date_gmt":"1966-05-27T12:15:11","guid":{"rendered":"https:\/\/flenstedmobiles.com\/?post_type=product&#038;p=1422"},"modified":"2023-08-16T15:00:38","modified_gmt":"2023-08-16T13:00:38","slug":"symfoni-i-3-satser-natur-large-scale","status":"publish","type":"product","link":"https:\/\/flenstemp.awork20.dk\/da\/product\/symfoni-i-3-satser-natur-large-scale\/","title":{"rendered":"Symfoni i 3 satser, natur \u2013 large scale"},"content":{"rendered":"","protected":false},"excerpt":{"rendered":"<h1>Symfoni i 3 satser, natur \u2013 large scale<\/h1>\n<p><em>Designet af Ole Flensted<\/em><\/p>\n<p>&nbsp;<\/p>\n<p>Denne k\u00e6mpestore Symfoni i 3 satser-mobile i ny naturudgave er ideel i store lokaler, m\u00e5ske som koncert- eller kultursteder.<\/p>\n<p>Ordet &#8216;symfoni&#8217; best\u00e5r af de gr\u00e6ske ord &#8216;syn&#8217; (sammen) og &#8216;foni&#8217; (lyd).<\/p>\n<p>Mobilens fjerlette materialer spiller sammen med luften som leder.<\/p>\n<p>**Husk: Ikke mindre end 4 meter til loftet og det er mere end 2 meter &#8220;vingefang&#8221;**<\/p>\n","protected":false},"featured_media":4212,"template":"","meta":[],"product_cat":[960,11875,11876,1007],"product_tag":[11999,11931,12008],"yoast_head":"<!-- This site is optimized with the Yoast SEO plugin v20.8 - https:\/\/yoast.com\/wordpress\/plugins\/seo\/ -->\n<title>Symfoni i 3 satser, natur \u2013 large scale - Flensted Mobiles<\/title>\n<meta name=\"robots\" content=\"index, follow, max-snippet:-1, max-image-preview:large, max-video-preview:-1\" \/>\n<link rel=\"canonical\" href=\"https:\/\/flenstemp.awork20.dk\/da\/product\/symfoni-i-3-satser-natur-large-scale\/\" \/>\n<meta property=\"og:locale\" content=\"da_DK\" \/>\n<meta property=\"og:type\" content=\"article\" \/>\n<meta property=\"og:title\" content=\"Symfoni i 3 satser, natur \u2013 large scale - Flensted Mobiles\" \/>\n<meta property=\"og:description\" content=\"Symfoni i 3 satser, natur \u2013 large scale Designet af Ole Flensted  &nbsp;  Denne k\u00e6mpestore Symfoni i 3 satser-mobile i ny naturudgave er ideel i store lokaler, m\u00e5ske som koncert- eller kultursteder.  Ordet &#039;symfoni&#039; best\u00e5r af de gr\u00e6ske ord &#039;syn&#039; (sammen) og &#039;foni&#039; (lyd).  Mobilens fjerlette materialer spiller sammen med luften som leder.  **Husk: Ikke mindre end 4 meter til loftet og det er mere end 2 meter &quot;vingefang&quot;**\" \/>\n<meta property=\"og:url\" content=\"https:\/\/flenstemp.awork20.dk\/da\/product\/symfoni-i-3-satser-natur-large-scale\/\" \/>\n<meta property=\"og:site_name\" content=\"Flensted Mobiles\" \/>\n<meta property=\"article:publisher\" content=\"https:\/\/www.facebook.com\/flenstedmobiles\" \/>\n<meta property=\"article:modified_time\" content=\"2023-08-16T13:00:38+00:00\" \/>\n<meta property=\"og:image\" content=\"https:\/\/flenstemp.awork20.dk\/wp-content\/uploads\/2021\/12\/FM_062dan_symphony_nature_200cm-1.png\" \/>\n\t<meta property=\"og:image:width\" content=\"794\" \/>\n\t<meta property=\"og:image:height\" content=\"794\" \/>\n\t<meta property=\"og:image:type\" content=\"image\/png\" \/>\n<meta name=\"twitter:card\" content=\"summary_large_image\" \/>\n<script type=\"application\/ld+json\" class=\"yoast-schema-graph\">{\"@context\":\"https:\/\/schema.org\",\"@graph\":[{\"@type\":\"WebPage\",\"@id\":\"https:\/\/flenstemp.awork20.dk\/da\/product\/symfoni-i-3-satser-natur-large-scale\/\",\"url\":\"https:\/\/flenstemp.awork20.dk\/da\/product\/symfoni-i-3-satser-natur-large-scale\/\",\"name\":\"Symfoni i 3 satser, natur \u2013 large scale - Flensted Mobiles\",\"isPartOf\":{\"@id\":\"https:\/\/flenstemp.awork20.dk\/#website\"},\"datePublished\":\"1966-05-27T12:15:11+00:00\",\"dateModified\":\"2023-08-16T13:00:38+00:00\",\"breadcrumb\":{\"@id\":\"https:\/\/flenstemp.awork20.dk\/da\/product\/symfoni-i-3-satser-natur-large-scale\/#breadcrumb\"},\"inLanguage\":\"da-DK\",\"potentialAction\":[{\"@type\":\"ReadAction\",\"target\":[\"https:\/\/flenstemp.awork20.dk\/da\/product\/symfoni-i-3-satser-natur-large-scale\/\"]}]},{\"@type\":\"BreadcrumbList\",\"@id\":\"https:\/\/flenstemp.awork20.dk\/da\/product\/symfoni-i-3-satser-natur-large-scale\/#breadcrumb\",\"itemListElement\":[{\"@type\":\"ListItem\",\"position\":1,\"name\":\"Home\",\"item\":\"https:\/\/flenstemp.awork20.dk\/da\/\"},{\"@type\":\"ListItem\",\"position\":2,\"name\":\"Products\",\"item\":\"https:\/\/flenstemp.awork20.dk\/shop\/\"},{\"@type\":\"ListItem\",\"position\":3,\"name\":\"Symfoni i 3 satser, natur \u2013 large scale\"}]},{\"@type\":\"WebSite\",\"@id\":\"https:\/\/flenstemp.awork20.dk\/#website\",\"url\":\"https:\/\/flenstemp.awork20.dk\/\",\"name\":\"Flensted Mobiles\",\"description\":\"Unikke mobiler som skaber ro og balance, i enhvers hjem.\",\"publisher\":{\"@id\":\"https:\/\/flenstemp.awork20.dk\/#organization\"},\"potentialAction\":[{\"@type\":\"SearchAction\",\"target\":{\"@type\":\"EntryPoint\",\"urlTemplate\":\"https:\/\/flenstemp.awork20.dk\/?s={search_term_string}\"},\"query-input\":\"required name=search_term_string\"}],\"inLanguage\":\"da-DK\"},{\"@type\":\"Organization\",\"@id\":\"https:\/\/flenstemp.awork20.dk\/#organization\",\"name\":\"Flensted Mobiles\",\"url\":\"https:\/\/flenstemp.awork20.dk\/\",\"logo\":{\"@type\":\"ImageObject\",\"inLanguage\":\"da-DK\",\"@id\":\"https:\/\/flenstemp.awork20.dk\/#\/schema\/logo\/image\/\",\"url\":\"https:\/\/flensted-mobiles.com\/wp-content\/uploads\/2022\/03\/FlenstedLogo_med_ramme_100-3.webp\",\"contentUrl\":\"https:\/\/flensted-mobiles.com\/wp-content\/uploads\/2022\/03\/FlenstedLogo_med_ramme_100-3.webp\",\"width\":2118,\"height\":2118,\"caption\":\"Flensted Mobiles\"},\"image\":{\"@id\":\"https:\/\/flenstemp.awork20.dk\/#\/schema\/logo\/image\/\"},\"sameAs\":[\"https:\/\/www.facebook.com\/flenstedmobiles\"]}]}<\/script>\n<!-- \/ Yoast SEO plugin. -->","yoast_head_json":{"title":"Symfoni i 3 satser, natur \u2013 large scale - Flensted Mobiles","robots":{"index":"index","follow":"follow","max-snippet":"max-snippet:-1","max-image-preview":"max-image-preview:large","max-video-preview":"max-video-preview:-1"},"canonical":"https:\/\/flenstemp.awork20.dk\/da\/product\/symfoni-i-3-satser-natur-large-scale\/","og_locale":"da_DK","og_type":"article","og_title":"Symfoni i 3 satser, natur \u2013 large scale - Flensted Mobiles","og_description":"Symfoni i 3 satser, natur \u2013 large scale Designet af Ole Flensted  &nbsp;  Denne k\u00e6mpestore Symfoni i 3 satser-mobile i ny naturudgave er ideel i store lokaler, m\u00e5ske som koncert- eller kultursteder.  Ordet 'symfoni' best\u00e5r af de gr\u00e6ske ord 'syn' (sammen) og 'foni' (lyd).  Mobilens fjerlette materialer spiller sammen med luften som leder.  **Husk: Ikke mindre end 4 meter til loftet og det er mere end 2 meter \"vingefang\"**","og_url":"https:\/\/flenstemp.awork20.dk\/da\/product\/symfoni-i-3-satser-natur-large-scale\/","og_site_name":"Flensted Mobiles","article_publisher":"https:\/\/www.facebook.com\/flenstedmobiles","article_modified_time":"2023-08-16T13:00:38+00:00","og_image":[{"width":794,"height":794,"url":"https:\/\/flenstemp.awork20.dk\/wp-content\/uploads\/2021\/12\/FM_062dan_symphony_nature_200cm-1.png","type":"image\/png"}],"twitter_card":"summary_large_image","schema":{"@context":"https:\/\/schema.org","@graph":[{"@type":"WebPage","@id":"https:\/\/flenstemp.awork20.dk\/da\/product\/symfoni-i-3-satser-natur-large-scale\/","url":"https:\/\/flenstemp.awork20.dk\/da\/product\/symfoni-i-3-satser-natur-large-scale\/","name":"Symfoni i 3 satser, natur \u2013 large scale - Flensted Mobiles","isPartOf":{"@id":"https:\/\/flenstemp.awork20.dk\/#website"},"datePublished":"1966-05-27T12:15:11+00:00","dateModified":"2023-08-16T13:00:38+00:00","breadcrumb":{"@id":"https:\/\/flenstemp.awork20.dk\/da\/product\/symfoni-i-3-satser-natur-large-scale\/#breadcrumb"},"inLanguage":"da-DK","potentialAction":[{"@type":"ReadAction","target":["https:\/\/flenstemp.awork20.dk\/da\/product\/symfoni-i-3-satser-natur-large-scale\/"]}]},{"@type":"BreadcrumbList","@id":"https:\/\/flenstemp.awork20.dk\/da\/product\/symfoni-i-3-satser-natur-large-scale\/#breadcrumb","itemListElement":[{"@type":"ListItem","position":1,"name":"Home","item":"https:\/\/flenstemp.awork20.dk\/da\/"},{"@type":"ListItem","position":2,"name":"Products","item":"https:\/\/flenstemp.awork20.dk\/shop\/"},{"@type":"ListItem","position":3,"name":"Symfoni i 3 satser, natur \u2013 large scale"}]},{"@type":"WebSite","@id":"https:\/\/flenstemp.awork20.dk\/#website","url":"https:\/\/flenstemp.awork20.dk\/","name":"Flensted Mobiles","description":"Unikke mobiler som skaber ro og balance, i enhvers hjem.","publisher":{"@id":"https:\/\/flenstemp.awork20.dk\/#organization"},"potentialAction":[{"@type":"SearchAction","target":{"@type":"EntryPoint","urlTemplate":"https:\/\/flenstemp.awork20.dk\/?s={search_term_string}"},"query-input":"required name=search_term_string"}],"inLanguage":"da-DK"},{"@type":"Organization","@id":"https:\/\/flenstemp.awork20.dk\/#organization","name":"Flensted Mobiles","url":"https:\/\/flenstemp.awork20.dk\/","logo":{"@type":"ImageObject","inLanguage":"da-DK","@id":"https:\/\/flenstemp.awork20.dk\/#\/schema\/logo\/image\/","url":"https:\/\/flensted-mobiles.com\/wp-content\/uploads\/2022\/03\/FlenstedLogo_med_ramme_100-3.webp","contentUrl":"https:\/\/flensted-mobiles.com\/wp-content\/uploads\/2022\/03\/FlenstedLogo_med_ramme_100-3.webp","width":2118,"height":2118,"caption":"Flensted Mobiles"},"image":{"@id":"https:\/\/flenstemp.awork20.dk\/#\/schema\/logo\/image\/"},"sameAs":["https:\/\/www.facebook.com\/flenstedmobiles"]}]}},"_links":{"self":[{"href":"https:\/\/flenstemp.awork20.dk\/da\/wp-json\/wp\/v2\/product\/1422"}],"collection":[{"href":"https:\/\/flenstemp.awork20.dk\/da\/wp-json\/wp\/v2\/product"}],"about":[{"href":"https:\/\/flenstemp.awork20.dk\/da\/wp-json\/wp\/v2\/types\/product"}],"wp:featuredmedia":[{"embeddable":true,"href":"https:\/\/flenstemp.awork20.dk\/da\/wp-json\/wp\/v2\/media\/4212"}],"wp:attachment":[{"href":"https:\/\/flenstemp.awork20.dk\/da\/wp-json\/wp\/v2\/media?parent=1422"}],"wp:term":[{"taxonomy":"product_cat","embeddable":true,"href":"https:\/\/flenstemp.awork20.dk\/da\/wp-json\/wp\/v2\/product_cat?post=1422"},{"taxonomy":"product_tag","embeddable":true,"href":"https:\/\/flenstemp.awork20.dk\/da\/wp-json\/wp\/v2\/product_tag?post=1422"}],"curies":[{"name":"wp","href":"https:\/\/api.w.org\/{rel}","templated":true}]}}