{"id":1414,"date":"2000-05-27T12:35:07","date_gmt":"2000-05-27T10:35:07","guid":{"rendered":"https:\/\/flenstedmobiles.com\/?post_type=product&#038;p=1414"},"modified":"2023-09-04T08:50:14","modified_gmt":"2023-09-04T06:50:14","slug":"elefantkomsammen-roed-gul-blaa","status":"publish","type":"product","link":"https:\/\/flenstemp.awork20.dk\/da\/product\/elefantkomsammen-roed-gul-blaa\/","title":{"rendered":"Elefantkomsammen, r\u00f8d\/gul\/bl\u00e5"},"content":{"rendered":"","protected":false},"excerpt":{"rendered":"<h1>Elefantkomsammen, r\u00f8d\/gul\/bl\u00e5<\/h1>\n<p>Designet af Ole Flensted<\/p>\n<p>Denne ikoniske mobile er designet af Ole Flensted i 1976. Siden har den givet gl\u00e6de og f\u00e5et folk til at smile over hele verden, p\u00e5 b\u00f8rnev\u00e6relser og over puslebordet. I stuer og skoler. I ventev\u00e6relser og offentlige rum.<\/p>\n<p>Den r\u00f8de, gule og bl\u00e5 elefant, der vandrer af sted sammen, er en yderst attraktiv trio.<\/p>\n<p>Samtidig er der noget n\u00e6rmest selvmodsigende ved mobilen, der f\u00e5r os til at holde pause et \u00f8jeblik, for de ellers ekstremt tunge dyr danser s\u00e5 let her i luften. Mobilens magi g\u00f8r dette muligt!<\/p>\n<p>Elefantkomsammen er den perfekte gave til et barn og et sikkert hit hos nybagte for\u00e6ldre.<\/p>\n<p>Med mobilen f\u00e5r du ogs\u00e5 tre babyelefanter (ikke til at h\u00e6nge op), de egner sig rigtig godt til bogm\u00e6rker mm.<\/p>\n<p>Flokken af elefanter i Flensted Mobile-sortimentet er vokset en del gennem \u00e5rene. Nye og sp\u00e6ndende varianter er tilf\u00f8jet til vores klassiske version. Der er en elegant udgave i gr\u00e5\/sort, en i teak og s\u00e5 de fine, sm\u00e5 babyelefanter i tr\u00e6.<\/p>\n","protected":false},"featured_media":4216,"template":"","meta":[],"product_cat":[960,11875,976,11899],"product_tag":[],"yoast_head":"<!-- This site is optimized with the Yoast SEO plugin v20.8 - https:\/\/yoast.com\/wordpress\/plugins\/seo\/ -->\n<title>Elefantkomsammen, r\u00f8d\/gul\/bl\u00e5 - Flensted Mobiles<\/title>\n<meta name=\"robots\" content=\"index, follow, max-snippet:-1, max-image-preview:large, max-video-preview:-1\" \/>\n<link rel=\"canonical\" href=\"https:\/\/flenstemp.awork20.dk\/da\/product\/elefantkomsammen-roed-gul-blaa\/\" \/>\n<meta property=\"og:locale\" content=\"da_DK\" \/>\n<meta property=\"og:type\" content=\"article\" \/>\n<meta property=\"og:title\" content=\"Elefantkomsammen, r\u00f8d\/gul\/bl\u00e5 - Flensted Mobiles\" \/>\n<meta property=\"og:description\" content=\"Elefantkomsammen, r\u00f8d\/gul\/bl\u00e5 Designet af Ole Flensted  Denne ikoniske mobile er designet af Ole Flensted i 1976. Siden har den givet gl\u00e6de og f\u00e5et folk til at smile over hele verden, p\u00e5 b\u00f8rnev\u00e6relser og over puslebordet. I stuer og skoler. I ventev\u00e6relser og offentlige rum.  Den r\u00f8de, gule og bl\u00e5 elefant, der vandrer af sted sammen, er en yderst attraktiv trio.  Samtidig er der noget n\u00e6rmest selvmodsigende ved mobilen, der f\u00e5r os til at holde pause et \u00f8jeblik, for de ellers ekstremt tunge dyr danser s\u00e5 let her i luften. Mobilens magi g\u00f8r dette muligt!  Elefantkomsammen er den perfekte gave til et barn og et sikkert hit hos nybagte for\u00e6ldre.  Med mobilen f\u00e5r du ogs\u00e5 tre babyelefanter (ikke til at h\u00e6nge op), de egner sig rigtig godt til bogm\u00e6rker mm.  Flokken af elefanter i Flensted Mobile-sortimentet er vokset en del gennem \u00e5rene. Nye og sp\u00e6ndende varianter er tilf\u00f8jet til vores klassiske version. Der er en elegant udgave i gr\u00e5\/sort, en i teak og s\u00e5 de fine, sm\u00e5 babyelefanter i tr\u00e6.\" \/>\n<meta property=\"og:url\" content=\"https:\/\/flenstemp.awork20.dk\/da\/product\/elefantkomsammen-roed-gul-blaa\/\" \/>\n<meta property=\"og:site_name\" content=\"Flensted Mobiles\" \/>\n<meta property=\"article:publisher\" content=\"https:\/\/www.facebook.com\/flenstedmobiles\" \/>\n<meta property=\"article:modified_time\" content=\"2023-09-04T06:50:14+00:00\" \/>\n<meta property=\"og:image\" content=\"https:\/\/flenstemp.awork20.dk\/wp-content\/uploads\/2021\/12\/FM_071_elephant_party-1.png\" \/>\n\t<meta property=\"og:image:width\" content=\"794\" \/>\n\t<meta property=\"og:image:height\" content=\"794\" \/>\n\t<meta property=\"og:image:type\" content=\"image\/png\" \/>\n<meta name=\"twitter:card\" content=\"summary_large_image\" \/>\n<script type=\"application\/ld+json\" class=\"yoast-schema-graph\">{\"@context\":\"https:\/\/schema.org\",\"@graph\":[{\"@type\":\"WebPage\",\"@id\":\"https:\/\/flenstemp.awork20.dk\/da\/product\/elefantkomsammen-roed-gul-blaa\/\",\"url\":\"https:\/\/flenstemp.awork20.dk\/da\/product\/elefantkomsammen-roed-gul-blaa\/\",\"name\":\"Elefantkomsammen, r\u00f8d\/gul\/bl\u00e5 - Flensted Mobiles\",\"isPartOf\":{\"@id\":\"https:\/\/flenstemp.awork20.dk\/#website\"},\"datePublished\":\"2000-05-27T10:35:07+00:00\",\"dateModified\":\"2023-09-04T06:50:14+00:00\",\"breadcrumb\":{\"@id\":\"https:\/\/flenstemp.awork20.dk\/da\/product\/elefantkomsammen-roed-gul-blaa\/#breadcrumb\"},\"inLanguage\":\"da-DK\",\"potentialAction\":[{\"@type\":\"ReadAction\",\"target\":[\"https:\/\/flenstemp.awork20.dk\/da\/product\/elefantkomsammen-roed-gul-blaa\/\"]}]},{\"@type\":\"BreadcrumbList\",\"@id\":\"https:\/\/flenstemp.awork20.dk\/da\/product\/elefantkomsammen-roed-gul-blaa\/#breadcrumb\",\"itemListElement\":[{\"@type\":\"ListItem\",\"position\":1,\"name\":\"Home\",\"item\":\"https:\/\/flenstemp.awork20.dk\/da\/\"},{\"@type\":\"ListItem\",\"position\":2,\"name\":\"Products\",\"item\":\"https:\/\/flenstemp.awork20.dk\/shop\/\"},{\"@type\":\"ListItem\",\"position\":3,\"name\":\"Elefantkomsammen, r\u00f8d\/gul\/bl\u00e5\"}]},{\"@type\":\"WebSite\",\"@id\":\"https:\/\/flenstemp.awork20.dk\/#website\",\"url\":\"https:\/\/flenstemp.awork20.dk\/\",\"name\":\"Flensted Mobiles\",\"description\":\"Unikke mobiler som skaber ro og balance, i enhvers hjem.\",\"publisher\":{\"@id\":\"https:\/\/flenstemp.awork20.dk\/#organization\"},\"potentialAction\":[{\"@type\":\"SearchAction\",\"target\":{\"@type\":\"EntryPoint\",\"urlTemplate\":\"https:\/\/flenstemp.awork20.dk\/?s={search_term_string}\"},\"query-input\":\"required name=search_term_string\"}],\"inLanguage\":\"da-DK\"},{\"@type\":\"Organization\",\"@id\":\"https:\/\/flenstemp.awork20.dk\/#organization\",\"name\":\"Flensted Mobiles\",\"url\":\"https:\/\/flenstemp.awork20.dk\/\",\"logo\":{\"@type\":\"ImageObject\",\"inLanguage\":\"da-DK\",\"@id\":\"https:\/\/flenstemp.awork20.dk\/#\/schema\/logo\/image\/\",\"url\":\"https:\/\/flensted-mobiles.com\/wp-content\/uploads\/2022\/03\/FlenstedLogo_med_ramme_100-3.webp\",\"contentUrl\":\"https:\/\/flensted-mobiles.com\/wp-content\/uploads\/2022\/03\/FlenstedLogo_med_ramme_100-3.webp\",\"width\":2118,\"height\":2118,\"caption\":\"Flensted Mobiles\"},\"image\":{\"@id\":\"https:\/\/flenstemp.awork20.dk\/#\/schema\/logo\/image\/\"},\"sameAs\":[\"https:\/\/www.facebook.com\/flenstedmobiles\"]}]}<\/script>\n<!-- \/ Yoast SEO plugin. -->","yoast_head_json":{"title":"Elefantkomsammen, r\u00f8d\/gul\/bl\u00e5 - Flensted Mobiles","robots":{"index":"index","follow":"follow","max-snippet":"max-snippet:-1","max-image-preview":"max-image-preview:large","max-video-preview":"max-video-preview:-1"},"canonical":"https:\/\/flenstemp.awork20.dk\/da\/product\/elefantkomsammen-roed-gul-blaa\/","og_locale":"da_DK","og_type":"article","og_title":"Elefantkomsammen, r\u00f8d\/gul\/bl\u00e5 - Flensted Mobiles","og_description":"Elefantkomsammen, r\u00f8d\/gul\/bl\u00e5 Designet af Ole Flensted  Denne ikoniske mobile er designet af Ole Flensted i 1976. Siden har den givet gl\u00e6de og f\u00e5et folk til at smile over hele verden, p\u00e5 b\u00f8rnev\u00e6relser og over puslebordet. I stuer og skoler. I ventev\u00e6relser og offentlige rum.  Den r\u00f8de, gule og bl\u00e5 elefant, der vandrer af sted sammen, er en yderst attraktiv trio.  Samtidig er der noget n\u00e6rmest selvmodsigende ved mobilen, der f\u00e5r os til at holde pause et \u00f8jeblik, for de ellers ekstremt tunge dyr danser s\u00e5 let her i luften. Mobilens magi g\u00f8r dette muligt!  Elefantkomsammen er den perfekte gave til et barn og et sikkert hit hos nybagte for\u00e6ldre.  Med mobilen f\u00e5r du ogs\u00e5 tre babyelefanter (ikke til at h\u00e6nge op), de egner sig rigtig godt til bogm\u00e6rker mm.  Flokken af elefanter i Flensted Mobile-sortimentet er vokset en del gennem \u00e5rene. Nye og sp\u00e6ndende varianter er tilf\u00f8jet til vores klassiske version. Der er en elegant udgave i gr\u00e5\/sort, en i teak og s\u00e5 de fine, sm\u00e5 babyelefanter i tr\u00e6.","og_url":"https:\/\/flenstemp.awork20.dk\/da\/product\/elefantkomsammen-roed-gul-blaa\/","og_site_name":"Flensted Mobiles","article_publisher":"https:\/\/www.facebook.com\/flenstedmobiles","article_modified_time":"2023-09-04T06:50:14+00:00","og_image":[{"width":794,"height":794,"url":"https:\/\/flenstemp.awork20.dk\/wp-content\/uploads\/2021\/12\/FM_071_elephant_party-1.png","type":"image\/png"}],"twitter_card":"summary_large_image","schema":{"@context":"https:\/\/schema.org","@graph":[{"@type":"WebPage","@id":"https:\/\/flenstemp.awork20.dk\/da\/product\/elefantkomsammen-roed-gul-blaa\/","url":"https:\/\/flenstemp.awork20.dk\/da\/product\/elefantkomsammen-roed-gul-blaa\/","name":"Elefantkomsammen, r\u00f8d\/gul\/bl\u00e5 - Flensted Mobiles","isPartOf":{"@id":"https:\/\/flenstemp.awork20.dk\/#website"},"datePublished":"2000-05-27T10:35:07+00:00","dateModified":"2023-09-04T06:50:14+00:00","breadcrumb":{"@id":"https:\/\/flenstemp.awork20.dk\/da\/product\/elefantkomsammen-roed-gul-blaa\/#breadcrumb"},"inLanguage":"da-DK","potentialAction":[{"@type":"ReadAction","target":["https:\/\/flenstemp.awork20.dk\/da\/product\/elefantkomsammen-roed-gul-blaa\/"]}]},{"@type":"BreadcrumbList","@id":"https:\/\/flenstemp.awork20.dk\/da\/product\/elefantkomsammen-roed-gul-blaa\/#breadcrumb","itemListElement":[{"@type":"ListItem","position":1,"name":"Home","item":"https:\/\/flenstemp.awork20.dk\/da\/"},{"@type":"ListItem","position":2,"name":"Products","item":"https:\/\/flenstemp.awork20.dk\/shop\/"},{"@type":"ListItem","position":3,"name":"Elefantkomsammen, r\u00f8d\/gul\/bl\u00e5"}]},{"@type":"WebSite","@id":"https:\/\/flenstemp.awork20.dk\/#website","url":"https:\/\/flenstemp.awork20.dk\/","name":"Flensted Mobiles","description":"Unikke mobiler som skaber ro og balance, i enhvers hjem.","publisher":{"@id":"https:\/\/flenstemp.awork20.dk\/#organization"},"potentialAction":[{"@type":"SearchAction","target":{"@type":"EntryPoint","urlTemplate":"https:\/\/flenstemp.awork20.dk\/?s={search_term_string}"},"query-input":"required name=search_term_string"}],"inLanguage":"da-DK"},{"@type":"Organization","@id":"https:\/\/flenstemp.awork20.dk\/#organization","name":"Flensted Mobiles","url":"https:\/\/flenstemp.awork20.dk\/","logo":{"@type":"ImageObject","inLanguage":"da-DK","@id":"https:\/\/flenstemp.awork20.dk\/#\/schema\/logo\/image\/","url":"https:\/\/flensted-mobiles.com\/wp-content\/uploads\/2022\/03\/FlenstedLogo_med_ramme_100-3.webp","contentUrl":"https:\/\/flensted-mobiles.com\/wp-content\/uploads\/2022\/03\/FlenstedLogo_med_ramme_100-3.webp","width":2118,"height":2118,"caption":"Flensted Mobiles"},"image":{"@id":"https:\/\/flenstemp.awork20.dk\/#\/schema\/logo\/image\/"},"sameAs":["https:\/\/www.facebook.com\/flenstedmobiles"]}]}},"_links":{"self":[{"href":"https:\/\/flenstemp.awork20.dk\/da\/wp-json\/wp\/v2\/product\/1414"}],"collection":[{"href":"https:\/\/flenstemp.awork20.dk\/da\/wp-json\/wp\/v2\/product"}],"about":[{"href":"https:\/\/flenstemp.awork20.dk\/da\/wp-json\/wp\/v2\/types\/product"}],"wp:featuredmedia":[{"embeddable":true,"href":"https:\/\/flenstemp.awork20.dk\/da\/wp-json\/wp\/v2\/media\/4216"}],"wp:attachment":[{"href":"https:\/\/flenstemp.awork20.dk\/da\/wp-json\/wp\/v2\/media?parent=1414"}],"wp:term":[{"taxonomy":"product_cat","embeddable":true,"href":"https:\/\/flenstemp.awork20.dk\/da\/wp-json\/wp\/v2\/product_cat?post=1414"},{"taxonomy":"product_tag","embeddable":true,"href":"https:\/\/flenstemp.awork20.dk\/da\/wp-json\/wp\/v2\/product_tag?post=1414"}],"curies":[{"name":"wp","href":"https:\/\/api.w.org\/{rel}","templated":true}]}}