{"id":1412,"date":"2000-05-27T12:30:26","date_gmt":"2000-05-27T10:30:26","guid":{"rendered":"https:\/\/flenstedmobiles.com\/?post_type=product&#038;p=1412"},"modified":"2023-09-04T08:46:39","modified_gmt":"2023-09-04T06:46:39","slug":"elefantkomsammen-sort-graa-hvid","status":"publish","type":"product","link":"https:\/\/flenstemp.awork20.dk\/da\/product\/elefantkomsammen-sort-graa-hvid\/","title":{"rendered":"Elefantkomsammen, sort\/gr\u00e5\/hvid"},"content":{"rendered":"","protected":false},"excerpt":{"rendered":"<h1>Elefantkomsammen, sort\/gr\u00e5\/hvid<\/h1>\n<p>Designet af Ole Flensted<\/p>\n<p>I 1976 designede Ole Flensted denne ikoniske mobile. Siden har den f\u00e5et folk til at smile over hele verden h\u00e6ngende p\u00e5 b\u00f8rnev\u00e6relset eller over puslebordet.<\/p>\n<p>Gr\u00e5skalamobilen er en yderst attraktiv trio.<\/p>\n<p>Lad denne mobile f\u00e5 dig til at holde pause et \u00f8jeblik, n\u00e5r disse ekstremt tunge dyr danser let i luften. Mobilens magi g\u00f8r dette muligt!<\/p>\n","protected":false},"featured_media":4217,"template":"","meta":[],"product_cat":[960,11875,976,11899],"product_tag":[],"yoast_head":"<!-- This site is optimized with the Yoast SEO plugin v20.8 - https:\/\/yoast.com\/wordpress\/plugins\/seo\/ -->\n<title>Elefantkomsammen, sort\/gr\u00e5\/hvid - Flensted Mobiles<\/title>\n<meta name=\"robots\" content=\"index, follow, max-snippet:-1, max-image-preview:large, max-video-preview:-1\" \/>\n<link rel=\"canonical\" href=\"https:\/\/flenstemp.awork20.dk\/da\/product\/elefantkomsammen-sort-graa-hvid\/\" \/>\n<meta property=\"og:locale\" content=\"da_DK\" \/>\n<meta property=\"og:type\" content=\"article\" \/>\n<meta property=\"og:title\" content=\"Elefantkomsammen, sort\/gr\u00e5\/hvid - Flensted Mobiles\" \/>\n<meta property=\"og:description\" content=\"Elefantkomsammen, sort\/gr\u00e5\/hvid Designet af Ole Flensted  I 1976 designede Ole Flensted denne ikoniske mobile. Siden har den f\u00e5et folk til at smile over hele verden h\u00e6ngende p\u00e5 b\u00f8rnev\u00e6relset eller over puslebordet.  Gr\u00e5skalamobilen er en yderst attraktiv trio.  Lad denne mobile f\u00e5 dig til at holde pause et \u00f8jeblik, n\u00e5r disse ekstremt tunge dyr danser let i luften. Mobilens magi g\u00f8r dette muligt!\" \/>\n<meta property=\"og:url\" content=\"https:\/\/flenstemp.awork20.dk\/da\/product\/elefantkomsammen-sort-graa-hvid\/\" \/>\n<meta property=\"og:site_name\" content=\"Flensted Mobiles\" \/>\n<meta property=\"article:publisher\" content=\"https:\/\/www.facebook.com\/flenstedmobiles\" \/>\n<meta property=\"article:modified_time\" content=\"2023-09-04T06:46:39+00:00\" \/>\n<meta property=\"og:image\" content=\"https:\/\/flenstemp.awork20.dk\/wp-content\/uploads\/2021\/12\/FM_071s_elephant_party_greyscale-1.png\" \/>\n\t<meta property=\"og:image:width\" content=\"794\" \/>\n\t<meta property=\"og:image:height\" content=\"794\" \/>\n\t<meta property=\"og:image:type\" content=\"image\/png\" \/>\n<meta name=\"twitter:card\" content=\"summary_large_image\" \/>\n<script type=\"application\/ld+json\" class=\"yoast-schema-graph\">{\"@context\":\"https:\/\/schema.org\",\"@graph\":[{\"@type\":\"WebPage\",\"@id\":\"https:\/\/flenstemp.awork20.dk\/da\/product\/elefantkomsammen-sort-graa-hvid\/\",\"url\":\"https:\/\/flenstemp.awork20.dk\/da\/product\/elefantkomsammen-sort-graa-hvid\/\",\"name\":\"Elefantkomsammen, sort\/gr\u00e5\/hvid - Flensted Mobiles\",\"isPartOf\":{\"@id\":\"https:\/\/flenstemp.awork20.dk\/#website\"},\"datePublished\":\"2000-05-27T10:30:26+00:00\",\"dateModified\":\"2023-09-04T06:46:39+00:00\",\"breadcrumb\":{\"@id\":\"https:\/\/flenstemp.awork20.dk\/da\/product\/elefantkomsammen-sort-graa-hvid\/#breadcrumb\"},\"inLanguage\":\"da-DK\",\"potentialAction\":[{\"@type\":\"ReadAction\",\"target\":[\"https:\/\/flenstemp.awork20.dk\/da\/product\/elefantkomsammen-sort-graa-hvid\/\"]}]},{\"@type\":\"BreadcrumbList\",\"@id\":\"https:\/\/flenstemp.awork20.dk\/da\/product\/elefantkomsammen-sort-graa-hvid\/#breadcrumb\",\"itemListElement\":[{\"@type\":\"ListItem\",\"position\":1,\"name\":\"Home\",\"item\":\"https:\/\/flenstemp.awork20.dk\/da\/\"},{\"@type\":\"ListItem\",\"position\":2,\"name\":\"Products\",\"item\":\"https:\/\/flenstemp.awork20.dk\/shop\/\"},{\"@type\":\"ListItem\",\"position\":3,\"name\":\"Elefantkomsammen, sort\/gr\u00e5\/hvid\"}]},{\"@type\":\"WebSite\",\"@id\":\"https:\/\/flenstemp.awork20.dk\/#website\",\"url\":\"https:\/\/flenstemp.awork20.dk\/\",\"name\":\"Flensted Mobiles\",\"description\":\"Unikke mobiler som skaber ro og balance, i enhvers hjem.\",\"publisher\":{\"@id\":\"https:\/\/flenstemp.awork20.dk\/#organization\"},\"potentialAction\":[{\"@type\":\"SearchAction\",\"target\":{\"@type\":\"EntryPoint\",\"urlTemplate\":\"https:\/\/flenstemp.awork20.dk\/?s={search_term_string}\"},\"query-input\":\"required name=search_term_string\"}],\"inLanguage\":\"da-DK\"},{\"@type\":\"Organization\",\"@id\":\"https:\/\/flenstemp.awork20.dk\/#organization\",\"name\":\"Flensted Mobiles\",\"url\":\"https:\/\/flenstemp.awork20.dk\/\",\"logo\":{\"@type\":\"ImageObject\",\"inLanguage\":\"da-DK\",\"@id\":\"https:\/\/flenstemp.awork20.dk\/#\/schema\/logo\/image\/\",\"url\":\"https:\/\/flensted-mobiles.com\/wp-content\/uploads\/2022\/03\/FlenstedLogo_med_ramme_100-3.webp\",\"contentUrl\":\"https:\/\/flensted-mobiles.com\/wp-content\/uploads\/2022\/03\/FlenstedLogo_med_ramme_100-3.webp\",\"width\":2118,\"height\":2118,\"caption\":\"Flensted Mobiles\"},\"image\":{\"@id\":\"https:\/\/flenstemp.awork20.dk\/#\/schema\/logo\/image\/\"},\"sameAs\":[\"https:\/\/www.facebook.com\/flenstedmobiles\"]}]}<\/script>\n<!-- \/ Yoast SEO plugin. -->","yoast_head_json":{"title":"Elefantkomsammen, sort\/gr\u00e5\/hvid - Flensted Mobiles","robots":{"index":"index","follow":"follow","max-snippet":"max-snippet:-1","max-image-preview":"max-image-preview:large","max-video-preview":"max-video-preview:-1"},"canonical":"https:\/\/flenstemp.awork20.dk\/da\/product\/elefantkomsammen-sort-graa-hvid\/","og_locale":"da_DK","og_type":"article","og_title":"Elefantkomsammen, sort\/gr\u00e5\/hvid - Flensted Mobiles","og_description":"Elefantkomsammen, sort\/gr\u00e5\/hvid Designet af Ole Flensted  I 1976 designede Ole Flensted denne ikoniske mobile. Siden har den f\u00e5et folk til at smile over hele verden h\u00e6ngende p\u00e5 b\u00f8rnev\u00e6relset eller over puslebordet.  Gr\u00e5skalamobilen er en yderst attraktiv trio.  Lad denne mobile f\u00e5 dig til at holde pause et \u00f8jeblik, n\u00e5r disse ekstremt tunge dyr danser let i luften. Mobilens magi g\u00f8r dette muligt!","og_url":"https:\/\/flenstemp.awork20.dk\/da\/product\/elefantkomsammen-sort-graa-hvid\/","og_site_name":"Flensted Mobiles","article_publisher":"https:\/\/www.facebook.com\/flenstedmobiles","article_modified_time":"2023-09-04T06:46:39+00:00","og_image":[{"width":794,"height":794,"url":"https:\/\/flenstemp.awork20.dk\/wp-content\/uploads\/2021\/12\/FM_071s_elephant_party_greyscale-1.png","type":"image\/png"}],"twitter_card":"summary_large_image","schema":{"@context":"https:\/\/schema.org","@graph":[{"@type":"WebPage","@id":"https:\/\/flenstemp.awork20.dk\/da\/product\/elefantkomsammen-sort-graa-hvid\/","url":"https:\/\/flenstemp.awork20.dk\/da\/product\/elefantkomsammen-sort-graa-hvid\/","name":"Elefantkomsammen, sort\/gr\u00e5\/hvid - Flensted Mobiles","isPartOf":{"@id":"https:\/\/flenstemp.awork20.dk\/#website"},"datePublished":"2000-05-27T10:30:26+00:00","dateModified":"2023-09-04T06:46:39+00:00","breadcrumb":{"@id":"https:\/\/flenstemp.awork20.dk\/da\/product\/elefantkomsammen-sort-graa-hvid\/#breadcrumb"},"inLanguage":"da-DK","potentialAction":[{"@type":"ReadAction","target":["https:\/\/flenstemp.awork20.dk\/da\/product\/elefantkomsammen-sort-graa-hvid\/"]}]},{"@type":"BreadcrumbList","@id":"https:\/\/flenstemp.awork20.dk\/da\/product\/elefantkomsammen-sort-graa-hvid\/#breadcrumb","itemListElement":[{"@type":"ListItem","position":1,"name":"Home","item":"https:\/\/flenstemp.awork20.dk\/da\/"},{"@type":"ListItem","position":2,"name":"Products","item":"https:\/\/flenstemp.awork20.dk\/shop\/"},{"@type":"ListItem","position":3,"name":"Elefantkomsammen, sort\/gr\u00e5\/hvid"}]},{"@type":"WebSite","@id":"https:\/\/flenstemp.awork20.dk\/#website","url":"https:\/\/flenstemp.awork20.dk\/","name":"Flensted Mobiles","description":"Unikke mobiler som skaber ro og balance, i enhvers hjem.","publisher":{"@id":"https:\/\/flenstemp.awork20.dk\/#organization"},"potentialAction":[{"@type":"SearchAction","target":{"@type":"EntryPoint","urlTemplate":"https:\/\/flenstemp.awork20.dk\/?s={search_term_string}"},"query-input":"required name=search_term_string"}],"inLanguage":"da-DK"},{"@type":"Organization","@id":"https:\/\/flenstemp.awork20.dk\/#organization","name":"Flensted Mobiles","url":"https:\/\/flenstemp.awork20.dk\/","logo":{"@type":"ImageObject","inLanguage":"da-DK","@id":"https:\/\/flenstemp.awork20.dk\/#\/schema\/logo\/image\/","url":"https:\/\/flensted-mobiles.com\/wp-content\/uploads\/2022\/03\/FlenstedLogo_med_ramme_100-3.webp","contentUrl":"https:\/\/flensted-mobiles.com\/wp-content\/uploads\/2022\/03\/FlenstedLogo_med_ramme_100-3.webp","width":2118,"height":2118,"caption":"Flensted Mobiles"},"image":{"@id":"https:\/\/flenstemp.awork20.dk\/#\/schema\/logo\/image\/"},"sameAs":["https:\/\/www.facebook.com\/flenstedmobiles"]}]}},"_links":{"self":[{"href":"https:\/\/flenstemp.awork20.dk\/da\/wp-json\/wp\/v2\/product\/1412"}],"collection":[{"href":"https:\/\/flenstemp.awork20.dk\/da\/wp-json\/wp\/v2\/product"}],"about":[{"href":"https:\/\/flenstemp.awork20.dk\/da\/wp-json\/wp\/v2\/types\/product"}],"wp:featuredmedia":[{"embeddable":true,"href":"https:\/\/flenstemp.awork20.dk\/da\/wp-json\/wp\/v2\/media\/4217"}],"wp:attachment":[{"href":"https:\/\/flenstemp.awork20.dk\/da\/wp-json\/wp\/v2\/media?parent=1412"}],"wp:term":[{"taxonomy":"product_cat","embeddable":true,"href":"https:\/\/flenstemp.awork20.dk\/da\/wp-json\/wp\/v2\/product_cat?post=1412"},{"taxonomy":"product_tag","embeddable":true,"href":"https:\/\/flenstemp.awork20.dk\/da\/wp-json\/wp\/v2\/product_tag?post=1412"}],"curies":[{"name":"wp","href":"https:\/\/api.w.org\/{rel}","templated":true}]}}