{"id":1333,"date":"2005-05-26T13:32:45","date_gmt":"2005-05-26T11:32:45","guid":{"rendered":"https:\/\/flenstedmobiles.com\/?post_type=product&#038;p=1333"},"modified":"2023-01-17T12:16:13","modified_gmt":"2023-01-17T11:16:13","slug":"fatamorgana","status":"publish","type":"product","link":"https:\/\/flenstemp.awork20.dk\/da\/product\/fatamorgana\/","title":{"rendered":"Fatamorgana"},"content":{"rendered":"","protected":false},"excerpt":{"rendered":"<h1><strong>Fatamorgana<\/strong><\/h1>\n<p>Designet af Ole Flensted<\/p>\n<p>&nbsp;<\/p>\n<p>Mirage er en form for illusion\u00e6rt udseende, som har et italiensk navn, fordi det opstod i Messina-str\u00e6det, men ogs\u00e5 ses i arktiske omr\u00e5der.<\/p>\n<p>&nbsp;<\/p>\n<p>[read_more id=&#8221;1&#8243; more=&#8221;Read more&#8221; less=&#8221;Close&#8221;]<\/p>\n<p>Det er en overlegen fatamorgana med mere end 3 forvr\u00e6ngede eller oprejste og omvendte billeder.<\/p>\n<p>&nbsp;<\/p>\n<p>P\u00e5 grund af atmosf\u00e6rens konstant skiftende forhold kan et fatamorgana \u00e6ndre sig p\u00e5 forskellige m\u00e5der inden for blot et par sekunder i tid, p\u00e5 samme m\u00e5de som elementerne i denne mobil.<\/p>\n<p>&nbsp;<\/p>\n<p>Vi har vedlagt en ekstra bl\u00e5 fl\u00f8j, hvis du \u00f8nsker at skifte en af farverne.<\/p>\n<p>&nbsp;<\/p>\n<p>[\/read_more]<\/p>\n","protected":false},"featured_media":4256,"template":"","meta":[],"product_cat":[960,11875,985,11878],"product_tag":[11931],"yoast_head":"<!-- This site is optimized with the Yoast SEO plugin v20.8 - https:\/\/yoast.com\/wordpress\/plugins\/seo\/ -->\n<title>Fatamorgana - Flensted Mobiles<\/title>\n<meta name=\"robots\" content=\"index, follow, max-snippet:-1, max-image-preview:large, max-video-preview:-1\" \/>\n<link rel=\"canonical\" href=\"https:\/\/flenstemp.awork20.dk\/da\/product\/fatamorgana\/\" \/>\n<meta property=\"og:locale\" content=\"da_DK\" \/>\n<meta property=\"og:type\" content=\"article\" \/>\n<meta property=\"og:title\" content=\"Fatamorgana - Flensted Mobiles\" \/>\n<meta property=\"og:description\" content=\"Fatamorgana Designet af Ole Flensted  &nbsp;  Mirage er en form for illusion\u00e6rt udseende, som har et italiensk navn, fordi det opstod i Messina-str\u00e6det, men ogs\u00e5 ses i arktiske omr\u00e5der.  &nbsp;  [read_more id=&quot;1&quot; more=&quot;Read more&quot; less=&quot;Close&quot;]  Det er en overlegen fatamorgana med mere end 3 forvr\u00e6ngede eller oprejste og omvendte billeder.  &nbsp;  P\u00e5 grund af atmosf\u00e6rens konstant skiftende forhold kan et fatamorgana \u00e6ndre sig p\u00e5 forskellige m\u00e5der inden for blot et par sekunder i tid, p\u00e5 samme m\u00e5de som elementerne i denne mobil.  &nbsp;  Vi har vedlagt en ekstra bl\u00e5 fl\u00f8j, hvis du \u00f8nsker at skifte en af farverne.  &nbsp;  [\/read_more]\" \/>\n<meta property=\"og:url\" content=\"https:\/\/flenstemp.awork20.dk\/da\/product\/fatamorgana\/\" \/>\n<meta property=\"og:site_name\" content=\"Flensted Mobiles\" \/>\n<meta property=\"article:publisher\" content=\"https:\/\/www.facebook.com\/flenstedmobiles\" \/>\n<meta property=\"article:modified_time\" content=\"2023-01-17T11:16:13+00:00\" \/>\n<meta property=\"og:image\" content=\"https:\/\/flenstemp.awork20.dk\/wp-content\/uploads\/2021\/12\/FM_113_fatamorgana_otk2019-e1572271590168-1.png\" \/>\n\t<meta property=\"og:image:width\" content=\"850\" \/>\n\t<meta property=\"og:image:height\" content=\"850\" \/>\n\t<meta property=\"og:image:type\" content=\"image\/png\" \/>\n<meta name=\"twitter:card\" content=\"summary_large_image\" \/>\n<script type=\"application\/ld+json\" class=\"yoast-schema-graph\">{\"@context\":\"https:\/\/schema.org\",\"@graph\":[{\"@type\":\"WebPage\",\"@id\":\"https:\/\/flenstemp.awork20.dk\/da\/product\/fatamorgana\/\",\"url\":\"https:\/\/flenstemp.awork20.dk\/da\/product\/fatamorgana\/\",\"name\":\"Fatamorgana - Flensted Mobiles\",\"isPartOf\":{\"@id\":\"https:\/\/flenstemp.awork20.dk\/#website\"},\"datePublished\":\"2005-05-26T11:32:45+00:00\",\"dateModified\":\"2023-01-17T11:16:13+00:00\",\"breadcrumb\":{\"@id\":\"https:\/\/flenstemp.awork20.dk\/da\/product\/fatamorgana\/#breadcrumb\"},\"inLanguage\":\"da-DK\",\"potentialAction\":[{\"@type\":\"ReadAction\",\"target\":[\"https:\/\/flenstemp.awork20.dk\/da\/product\/fatamorgana\/\"]}]},{\"@type\":\"BreadcrumbList\",\"@id\":\"https:\/\/flenstemp.awork20.dk\/da\/product\/fatamorgana\/#breadcrumb\",\"itemListElement\":[{\"@type\":\"ListItem\",\"position\":1,\"name\":\"Home\",\"item\":\"https:\/\/flenstemp.awork20.dk\/da\/\"},{\"@type\":\"ListItem\",\"position\":2,\"name\":\"Products\",\"item\":\"https:\/\/flenstemp.awork20.dk\/shop\/\"},{\"@type\":\"ListItem\",\"position\":3,\"name\":\"Fatamorgana\"}]},{\"@type\":\"WebSite\",\"@id\":\"https:\/\/flenstemp.awork20.dk\/#website\",\"url\":\"https:\/\/flenstemp.awork20.dk\/\",\"name\":\"Flensted Mobiles\",\"description\":\"Unikke mobiler som skaber ro og balance, i enhvers hjem.\",\"publisher\":{\"@id\":\"https:\/\/flenstemp.awork20.dk\/#organization\"},\"potentialAction\":[{\"@type\":\"SearchAction\",\"target\":{\"@type\":\"EntryPoint\",\"urlTemplate\":\"https:\/\/flenstemp.awork20.dk\/?s={search_term_string}\"},\"query-input\":\"required name=search_term_string\"}],\"inLanguage\":\"da-DK\"},{\"@type\":\"Organization\",\"@id\":\"https:\/\/flenstemp.awork20.dk\/#organization\",\"name\":\"Flensted Mobiles\",\"url\":\"https:\/\/flenstemp.awork20.dk\/\",\"logo\":{\"@type\":\"ImageObject\",\"inLanguage\":\"da-DK\",\"@id\":\"https:\/\/flenstemp.awork20.dk\/#\/schema\/logo\/image\/\",\"url\":\"https:\/\/flensted-mobiles.com\/wp-content\/uploads\/2022\/03\/FlenstedLogo_med_ramme_100-3.webp\",\"contentUrl\":\"https:\/\/flensted-mobiles.com\/wp-content\/uploads\/2022\/03\/FlenstedLogo_med_ramme_100-3.webp\",\"width\":2118,\"height\":2118,\"caption\":\"Flensted Mobiles\"},\"image\":{\"@id\":\"https:\/\/flenstemp.awork20.dk\/#\/schema\/logo\/image\/\"},\"sameAs\":[\"https:\/\/www.facebook.com\/flenstedmobiles\"]}]}<\/script>\n<!-- \/ Yoast SEO plugin. -->","yoast_head_json":{"title":"Fatamorgana - Flensted Mobiles","robots":{"index":"index","follow":"follow","max-snippet":"max-snippet:-1","max-image-preview":"max-image-preview:large","max-video-preview":"max-video-preview:-1"},"canonical":"https:\/\/flenstemp.awork20.dk\/da\/product\/fatamorgana\/","og_locale":"da_DK","og_type":"article","og_title":"Fatamorgana - Flensted Mobiles","og_description":"Fatamorgana Designet af Ole Flensted  &nbsp;  Mirage er en form for illusion\u00e6rt udseende, som har et italiensk navn, fordi det opstod i Messina-str\u00e6det, men ogs\u00e5 ses i arktiske omr\u00e5der.  &nbsp;  [read_more id=\"1\" more=\"Read more\" less=\"Close\"]  Det er en overlegen fatamorgana med mere end 3 forvr\u00e6ngede eller oprejste og omvendte billeder.  &nbsp;  P\u00e5 grund af atmosf\u00e6rens konstant skiftende forhold kan et fatamorgana \u00e6ndre sig p\u00e5 forskellige m\u00e5der inden for blot et par sekunder i tid, p\u00e5 samme m\u00e5de som elementerne i denne mobil.  &nbsp;  Vi har vedlagt en ekstra bl\u00e5 fl\u00f8j, hvis du \u00f8nsker at skifte en af farverne.  &nbsp;  [\/read_more]","og_url":"https:\/\/flenstemp.awork20.dk\/da\/product\/fatamorgana\/","og_site_name":"Flensted Mobiles","article_publisher":"https:\/\/www.facebook.com\/flenstedmobiles","article_modified_time":"2023-01-17T11:16:13+00:00","og_image":[{"width":850,"height":850,"url":"https:\/\/flenstemp.awork20.dk\/wp-content\/uploads\/2021\/12\/FM_113_fatamorgana_otk2019-e1572271590168-1.png","type":"image\/png"}],"twitter_card":"summary_large_image","schema":{"@context":"https:\/\/schema.org","@graph":[{"@type":"WebPage","@id":"https:\/\/flenstemp.awork20.dk\/da\/product\/fatamorgana\/","url":"https:\/\/flenstemp.awork20.dk\/da\/product\/fatamorgana\/","name":"Fatamorgana - Flensted Mobiles","isPartOf":{"@id":"https:\/\/flenstemp.awork20.dk\/#website"},"datePublished":"2005-05-26T11:32:45+00:00","dateModified":"2023-01-17T11:16:13+00:00","breadcrumb":{"@id":"https:\/\/flenstemp.awork20.dk\/da\/product\/fatamorgana\/#breadcrumb"},"inLanguage":"da-DK","potentialAction":[{"@type":"ReadAction","target":["https:\/\/flenstemp.awork20.dk\/da\/product\/fatamorgana\/"]}]},{"@type":"BreadcrumbList","@id":"https:\/\/flenstemp.awork20.dk\/da\/product\/fatamorgana\/#breadcrumb","itemListElement":[{"@type":"ListItem","position":1,"name":"Home","item":"https:\/\/flenstemp.awork20.dk\/da\/"},{"@type":"ListItem","position":2,"name":"Products","item":"https:\/\/flenstemp.awork20.dk\/shop\/"},{"@type":"ListItem","position":3,"name":"Fatamorgana"}]},{"@type":"WebSite","@id":"https:\/\/flenstemp.awork20.dk\/#website","url":"https:\/\/flenstemp.awork20.dk\/","name":"Flensted Mobiles","description":"Unikke mobiler som skaber ro og balance, i enhvers hjem.","publisher":{"@id":"https:\/\/flenstemp.awork20.dk\/#organization"},"potentialAction":[{"@type":"SearchAction","target":{"@type":"EntryPoint","urlTemplate":"https:\/\/flenstemp.awork20.dk\/?s={search_term_string}"},"query-input":"required name=search_term_string"}],"inLanguage":"da-DK"},{"@type":"Organization","@id":"https:\/\/flenstemp.awork20.dk\/#organization","name":"Flensted Mobiles","url":"https:\/\/flenstemp.awork20.dk\/","logo":{"@type":"ImageObject","inLanguage":"da-DK","@id":"https:\/\/flenstemp.awork20.dk\/#\/schema\/logo\/image\/","url":"https:\/\/flensted-mobiles.com\/wp-content\/uploads\/2022\/03\/FlenstedLogo_med_ramme_100-3.webp","contentUrl":"https:\/\/flensted-mobiles.com\/wp-content\/uploads\/2022\/03\/FlenstedLogo_med_ramme_100-3.webp","width":2118,"height":2118,"caption":"Flensted Mobiles"},"image":{"@id":"https:\/\/flenstemp.awork20.dk\/#\/schema\/logo\/image\/"},"sameAs":["https:\/\/www.facebook.com\/flenstedmobiles"]}]}},"_links":{"self":[{"href":"https:\/\/flenstemp.awork20.dk\/da\/wp-json\/wp\/v2\/product\/1333"}],"collection":[{"href":"https:\/\/flenstemp.awork20.dk\/da\/wp-json\/wp\/v2\/product"}],"about":[{"href":"https:\/\/flenstemp.awork20.dk\/da\/wp-json\/wp\/v2\/types\/product"}],"wp:featuredmedia":[{"embeddable":true,"href":"https:\/\/flenstemp.awork20.dk\/da\/wp-json\/wp\/v2\/media\/4256"}],"wp:attachment":[{"href":"https:\/\/flenstemp.awork20.dk\/da\/wp-json\/wp\/v2\/media?parent=1333"}],"wp:term":[{"taxonomy":"product_cat","embeddable":true,"href":"https:\/\/flenstemp.awork20.dk\/da\/wp-json\/wp\/v2\/product_cat?post=1333"},{"taxonomy":"product_tag","embeddable":true,"href":"https:\/\/flenstemp.awork20.dk\/da\/wp-json\/wp\/v2\/product_tag?post=1333"}],"curies":[{"name":"wp","href":"https:\/\/api.w.org\/{rel}","templated":true}]}}