{"id":1329,"date":"1950-05-26T13:30:15","date_gmt":"1950-05-26T12:30:15","guid":{"rendered":"https:\/\/flenstedmobiles.com\/?post_type=product&#038;p=1329"},"modified":"2022-10-13T13:47:40","modified_gmt":"2022-10-13T11:47:40","slug":"fatamorgana-sorte-hvide-large-scale","status":"publish","type":"product","link":"https:\/\/flenstemp.awork20.dk\/da\/product\/fatamorgana-sorte-hvide-large-scale\/","title":{"rendered":"Fatamorgana, sorte\/hvide \u2013 large scale"},"content":{"rendered":"","protected":false},"excerpt":{"rendered":"<h1>Fatamorgana, sorte\/hvide \u2013 large scale<\/h1>\n<p><em>Designet af Ole Flensted<\/em><\/p>\n<p>&nbsp;<\/p>\n<p>Mirage er en dr\u00f8m om en mobil, og dr\u00f8mmene kan v\u00e6re store \u2013 Dette er en mobil, som lader dig se de dr\u00f8mme, du \u00f8nsker at realisere.<\/p>\n<p>Det minder dig om, at du skal forts\u00e6tte med at jagte dine dr\u00f8mme, uanset st\u00f8rrelsen.<\/p>\n<p>Det holder dig motiveret til at f\u00e5 disse dr\u00f8mme realiseret.<\/p>\n<p>[read_more id=&#8221;1&#8243; more=&#8221;Se mere&#8221; less=&#8221;Se mindre&#8221;]<\/p>\n<p>Den kolde og varme luft udend\u00f8rs skaber luftspejlinger, og den samme luft fanger vores Mirage-mobil og s\u00e6tter den i gang.<\/p>\n<p>Gl\u00e6d dig til din Mirage &#8211; Og lad dr\u00f8mme blive til virkelighed.<\/p>\n<p>[\/read_more]<\/p>\n","protected":false},"featured_media":4257,"template":"","meta":[],"product_cat":[960,11875,1007,11876],"product_tag":[],"yoast_head":"<!-- This site is optimized with the Yoast SEO plugin v20.8 - https:\/\/yoast.com\/wordpress\/plugins\/seo\/ -->\n<title>Fatamorgana, sorte\/hvide \u2013 large scale - Flensted Mobiles<\/title>\n<meta name=\"robots\" content=\"index, follow, max-snippet:-1, max-image-preview:large, max-video-preview:-1\" \/>\n<link rel=\"canonical\" href=\"https:\/\/flenstemp.awork20.dk\/da\/product\/fatamorgana-sorte-hvide-large-scale\/\" \/>\n<meta property=\"og:locale\" content=\"da_DK\" \/>\n<meta property=\"og:type\" content=\"article\" \/>\n<meta property=\"og:title\" content=\"Fatamorgana, sorte\/hvide \u2013 large scale - Flensted Mobiles\" \/>\n<meta property=\"og:description\" content=\"Fatamorgana, sorte\/hvide \u2013 large scale Designet af Ole Flensted  &nbsp;  Mirage er en dr\u00f8m om en mobil, og dr\u00f8mmene kan v\u00e6re store \u2013 Dette er en mobil, som lader dig se de dr\u00f8mme, du \u00f8nsker at realisere.  Det minder dig om, at du skal forts\u00e6tte med at jagte dine dr\u00f8mme, uanset st\u00f8rrelsen.  Det holder dig motiveret til at f\u00e5 disse dr\u00f8mme realiseret.  [read_more id=&quot;1&quot; more=&quot;Se mere&quot; less=&quot;Se mindre&quot;]  Den kolde og varme luft udend\u00f8rs skaber luftspejlinger, og den samme luft fanger vores Mirage-mobil og s\u00e6tter den i gang.  Gl\u00e6d dig til din Mirage - Og lad dr\u00f8mme blive til virkelighed.  [\/read_more]\" \/>\n<meta property=\"og:url\" content=\"https:\/\/flenstemp.awork20.dk\/da\/product\/fatamorgana-sorte-hvide-large-scale\/\" \/>\n<meta property=\"og:site_name\" content=\"Flensted Mobiles\" \/>\n<meta property=\"article:publisher\" content=\"https:\/\/www.facebook.com\/flenstedmobiles\" \/>\n<meta property=\"article:modified_time\" content=\"2022-10-13T11:47:40+00:00\" \/>\n<meta property=\"og:image\" content=\"https:\/\/flenstemp.awork20.dk\/wp-content\/uploads\/2021\/12\/FM_113s_fatamorgana_black_white-1.png\" \/>\n\t<meta property=\"og:image:width\" content=\"794\" \/>\n\t<meta property=\"og:image:height\" content=\"794\" \/>\n\t<meta property=\"og:image:type\" content=\"image\/png\" \/>\n<meta name=\"twitter:card\" content=\"summary_large_image\" \/>\n<script type=\"application\/ld+json\" class=\"yoast-schema-graph\">{\"@context\":\"https:\/\/schema.org\",\"@graph\":[{\"@type\":\"WebPage\",\"@id\":\"https:\/\/flenstemp.awork20.dk\/da\/product\/fatamorgana-sorte-hvide-large-scale\/\",\"url\":\"https:\/\/flenstemp.awork20.dk\/da\/product\/fatamorgana-sorte-hvide-large-scale\/\",\"name\":\"Fatamorgana, sorte\/hvide \u2013 large scale - Flensted Mobiles\",\"isPartOf\":{\"@id\":\"https:\/\/flenstemp.awork20.dk\/#website\"},\"datePublished\":\"1950-05-26T12:30:15+00:00\",\"dateModified\":\"2022-10-13T11:47:40+00:00\",\"breadcrumb\":{\"@id\":\"https:\/\/flenstemp.awork20.dk\/da\/product\/fatamorgana-sorte-hvide-large-scale\/#breadcrumb\"},\"inLanguage\":\"da-DK\",\"potentialAction\":[{\"@type\":\"ReadAction\",\"target\":[\"https:\/\/flenstemp.awork20.dk\/da\/product\/fatamorgana-sorte-hvide-large-scale\/\"]}]},{\"@type\":\"BreadcrumbList\",\"@id\":\"https:\/\/flenstemp.awork20.dk\/da\/product\/fatamorgana-sorte-hvide-large-scale\/#breadcrumb\",\"itemListElement\":[{\"@type\":\"ListItem\",\"position\":1,\"name\":\"Home\",\"item\":\"https:\/\/flenstemp.awork20.dk\/da\/\"},{\"@type\":\"ListItem\",\"position\":2,\"name\":\"Products\",\"item\":\"https:\/\/flenstemp.awork20.dk\/shop\/\"},{\"@type\":\"ListItem\",\"position\":3,\"name\":\"Fatamorgana, sorte\/hvide \u2013 large scale\"}]},{\"@type\":\"WebSite\",\"@id\":\"https:\/\/flenstemp.awork20.dk\/#website\",\"url\":\"https:\/\/flenstemp.awork20.dk\/\",\"name\":\"Flensted Mobiles\",\"description\":\"Unikke mobiler som skaber ro og balance, i enhvers hjem.\",\"publisher\":{\"@id\":\"https:\/\/flenstemp.awork20.dk\/#organization\"},\"potentialAction\":[{\"@type\":\"SearchAction\",\"target\":{\"@type\":\"EntryPoint\",\"urlTemplate\":\"https:\/\/flenstemp.awork20.dk\/?s={search_term_string}\"},\"query-input\":\"required name=search_term_string\"}],\"inLanguage\":\"da-DK\"},{\"@type\":\"Organization\",\"@id\":\"https:\/\/flenstemp.awork20.dk\/#organization\",\"name\":\"Flensted Mobiles\",\"url\":\"https:\/\/flenstemp.awork20.dk\/\",\"logo\":{\"@type\":\"ImageObject\",\"inLanguage\":\"da-DK\",\"@id\":\"https:\/\/flenstemp.awork20.dk\/#\/schema\/logo\/image\/\",\"url\":\"https:\/\/flensted-mobiles.com\/wp-content\/uploads\/2022\/03\/FlenstedLogo_med_ramme_100-3.webp\",\"contentUrl\":\"https:\/\/flensted-mobiles.com\/wp-content\/uploads\/2022\/03\/FlenstedLogo_med_ramme_100-3.webp\",\"width\":2118,\"height\":2118,\"caption\":\"Flensted Mobiles\"},\"image\":{\"@id\":\"https:\/\/flenstemp.awork20.dk\/#\/schema\/logo\/image\/\"},\"sameAs\":[\"https:\/\/www.facebook.com\/flenstedmobiles\"]}]}<\/script>\n<!-- \/ Yoast SEO plugin. -->","yoast_head_json":{"title":"Fatamorgana, sorte\/hvide \u2013 large scale - Flensted Mobiles","robots":{"index":"index","follow":"follow","max-snippet":"max-snippet:-1","max-image-preview":"max-image-preview:large","max-video-preview":"max-video-preview:-1"},"canonical":"https:\/\/flenstemp.awork20.dk\/da\/product\/fatamorgana-sorte-hvide-large-scale\/","og_locale":"da_DK","og_type":"article","og_title":"Fatamorgana, sorte\/hvide \u2013 large scale - Flensted Mobiles","og_description":"Fatamorgana, sorte\/hvide \u2013 large scale Designet af Ole Flensted  &nbsp;  Mirage er en dr\u00f8m om en mobil, og dr\u00f8mmene kan v\u00e6re store \u2013 Dette er en mobil, som lader dig se de dr\u00f8mme, du \u00f8nsker at realisere.  Det minder dig om, at du skal forts\u00e6tte med at jagte dine dr\u00f8mme, uanset st\u00f8rrelsen.  Det holder dig motiveret til at f\u00e5 disse dr\u00f8mme realiseret.  [read_more id=\"1\" more=\"Se mere\" less=\"Se mindre\"]  Den kolde og varme luft udend\u00f8rs skaber luftspejlinger, og den samme luft fanger vores Mirage-mobil og s\u00e6tter den i gang.  Gl\u00e6d dig til din Mirage - Og lad dr\u00f8mme blive til virkelighed.  [\/read_more]","og_url":"https:\/\/flenstemp.awork20.dk\/da\/product\/fatamorgana-sorte-hvide-large-scale\/","og_site_name":"Flensted Mobiles","article_publisher":"https:\/\/www.facebook.com\/flenstedmobiles","article_modified_time":"2022-10-13T11:47:40+00:00","og_image":[{"width":794,"height":794,"url":"https:\/\/flenstemp.awork20.dk\/wp-content\/uploads\/2021\/12\/FM_113s_fatamorgana_black_white-1.png","type":"image\/png"}],"twitter_card":"summary_large_image","schema":{"@context":"https:\/\/schema.org","@graph":[{"@type":"WebPage","@id":"https:\/\/flenstemp.awork20.dk\/da\/product\/fatamorgana-sorte-hvide-large-scale\/","url":"https:\/\/flenstemp.awork20.dk\/da\/product\/fatamorgana-sorte-hvide-large-scale\/","name":"Fatamorgana, sorte\/hvide \u2013 large scale - Flensted Mobiles","isPartOf":{"@id":"https:\/\/flenstemp.awork20.dk\/#website"},"datePublished":"1950-05-26T12:30:15+00:00","dateModified":"2022-10-13T11:47:40+00:00","breadcrumb":{"@id":"https:\/\/flenstemp.awork20.dk\/da\/product\/fatamorgana-sorte-hvide-large-scale\/#breadcrumb"},"inLanguage":"da-DK","potentialAction":[{"@type":"ReadAction","target":["https:\/\/flenstemp.awork20.dk\/da\/product\/fatamorgana-sorte-hvide-large-scale\/"]}]},{"@type":"BreadcrumbList","@id":"https:\/\/flenstemp.awork20.dk\/da\/product\/fatamorgana-sorte-hvide-large-scale\/#breadcrumb","itemListElement":[{"@type":"ListItem","position":1,"name":"Home","item":"https:\/\/flenstemp.awork20.dk\/da\/"},{"@type":"ListItem","position":2,"name":"Products","item":"https:\/\/flenstemp.awork20.dk\/shop\/"},{"@type":"ListItem","position":3,"name":"Fatamorgana, sorte\/hvide \u2013 large scale"}]},{"@type":"WebSite","@id":"https:\/\/flenstemp.awork20.dk\/#website","url":"https:\/\/flenstemp.awork20.dk\/","name":"Flensted Mobiles","description":"Unikke mobiler som skaber ro og balance, i enhvers hjem.","publisher":{"@id":"https:\/\/flenstemp.awork20.dk\/#organization"},"potentialAction":[{"@type":"SearchAction","target":{"@type":"EntryPoint","urlTemplate":"https:\/\/flenstemp.awork20.dk\/?s={search_term_string}"},"query-input":"required name=search_term_string"}],"inLanguage":"da-DK"},{"@type":"Organization","@id":"https:\/\/flenstemp.awork20.dk\/#organization","name":"Flensted Mobiles","url":"https:\/\/flenstemp.awork20.dk\/","logo":{"@type":"ImageObject","inLanguage":"da-DK","@id":"https:\/\/flenstemp.awork20.dk\/#\/schema\/logo\/image\/","url":"https:\/\/flensted-mobiles.com\/wp-content\/uploads\/2022\/03\/FlenstedLogo_med_ramme_100-3.webp","contentUrl":"https:\/\/flensted-mobiles.com\/wp-content\/uploads\/2022\/03\/FlenstedLogo_med_ramme_100-3.webp","width":2118,"height":2118,"caption":"Flensted Mobiles"},"image":{"@id":"https:\/\/flenstemp.awork20.dk\/#\/schema\/logo\/image\/"},"sameAs":["https:\/\/www.facebook.com\/flenstedmobiles"]}]}},"_links":{"self":[{"href":"https:\/\/flenstemp.awork20.dk\/da\/wp-json\/wp\/v2\/product\/1329"}],"collection":[{"href":"https:\/\/flenstemp.awork20.dk\/da\/wp-json\/wp\/v2\/product"}],"about":[{"href":"https:\/\/flenstemp.awork20.dk\/da\/wp-json\/wp\/v2\/types\/product"}],"wp:featuredmedia":[{"embeddable":true,"href":"https:\/\/flenstemp.awork20.dk\/da\/wp-json\/wp\/v2\/media\/4257"}],"wp:attachment":[{"href":"https:\/\/flenstemp.awork20.dk\/da\/wp-json\/wp\/v2\/media?parent=1329"}],"wp:term":[{"taxonomy":"product_cat","embeddable":true,"href":"https:\/\/flenstemp.awork20.dk\/da\/wp-json\/wp\/v2\/product_cat?post=1329"},{"taxonomy":"product_tag","embeddable":true,"href":"https:\/\/flenstemp.awork20.dk\/da\/wp-json\/wp\/v2\/product_tag?post=1329"}],"curies":[{"name":"wp","href":"https:\/\/api.w.org\/{rel}","templated":true}]}}