{"id":1327,"date":"2005-05-26T13:13:54","date_gmt":"2005-05-26T11:13:54","guid":{"rendered":"https:\/\/flenstedmobiles.com\/?post_type=product&#038;p=1327"},"modified":"2023-09-01T10:33:04","modified_gmt":"2023-09-01T08:33:04","slug":"livs-traad-farver","status":"publish","type":"product","link":"https:\/\/flenstemp.awork20.dk\/da\/product\/livs-traad-farver\/","title":{"rendered":"Liv &#038; Tr\u00e5d, farver"},"content":{"rendered":"","protected":false},"excerpt":{"rendered":"<h1>Liv &#038; Tr\u00e5d, farver<\/h1>\n<p>Designet af Ole Flensted<\/p>\n<p>Her er et bevis p\u00e5, at der ER mere i mellem himmel og jord, end man kunne dr\u00f8mme om i nogens filosofi.<\/p>\n<p>Beviset ligger i vores mobile, Liv &#038; Tr\u00e5d, hvis store vingefang kan rumme et helt univers.<\/p>\n<p>Liv &#038; Tr\u00e5d indeholder alt, n\u00e5r det inviterer dig til at f\u00f8lge dens bev\u00e6gelser.<\/p>\n<p>Undervejs kan du m\u00f8de ikke kun himmel og jord, men ogs\u00e5 nat og dag, lys og m\u00f8rke, tanke og handling eller balance og bev\u00e6gelse.<\/p>\n<p>Det bev\u00e6ger sig som en dans, rundt om hinanden, af en lille globus og de farverige &#8216;sejl&#8217;.<\/p>\n<p>Accepter invitationen. Giv dig selv tid. Dans med.<\/p>\n<p>St\u00f8rrelsen p\u00e5 Liv &#038; Tr\u00e5d g\u00f8r den ideel til at h\u00e6nge over en sofa, seng eller skrivebord, s\u00e5 du kun skal kigge opad, n\u00e5r du leder efter inspiration.<\/p>\n<p>Du kan ogs\u00e5 s\u00e6tte dit eget pr\u00e6g p\u00e5 Liv og Tr\u00e5d ved at blande andre farver, for vi leverer alternative sejl i kassen med flere farver.<\/p>\n<p>Man kan s\u00e5ledes erstatte det gr\u00e5 sejl med et r\u00f8dt, det bl\u00e5 med et lysegr\u00e5t, det gule med et hvidt, og pludselig har mobilen f\u00e5et en helt anden farvebalance og et helt nyt look.<\/p>\n<p>M\u00e5l 125 cm<\/p>\n","protected":false},"featured_media":4258,"template":"","meta":[],"product_cat":[960,11875,985,11878],"product_tag":[11999,11931],"yoast_head":"<!-- This site is optimized with the Yoast SEO plugin v20.8 - https:\/\/yoast.com\/wordpress\/plugins\/seo\/ -->\n<title>Liv &amp; Tr\u00e5d, farver - Flensted Mobiles<\/title>\n<meta name=\"robots\" content=\"index, follow, max-snippet:-1, max-image-preview:large, max-video-preview:-1\" \/>\n<link rel=\"canonical\" href=\"https:\/\/flenstemp.awork20.dk\/da\/product\/livs-traad-farver\/\" \/>\n<meta property=\"og:locale\" content=\"da_DK\" \/>\n<meta property=\"og:type\" content=\"article\" \/>\n<meta property=\"og:title\" content=\"Liv &amp; Tr\u00e5d, farver - Flensted Mobiles\" \/>\n<meta property=\"og:description\" content=\"Liv &amp; Tr\u00e5d, farver Designet af Ole Flensted  Her er et bevis p\u00e5, at der ER mere i mellem himmel og jord, end man kunne dr\u00f8mme om i nogens filosofi.  Beviset ligger i vores mobile, Liv &amp; Tr\u00e5d, hvis store vingefang kan rumme et helt univers.  Liv &amp; Tr\u00e5d indeholder alt, n\u00e5r det inviterer dig til at f\u00f8lge dens bev\u00e6gelser.  Undervejs kan du m\u00f8de ikke kun himmel og jord, men ogs\u00e5 nat og dag, lys og m\u00f8rke, tanke og handling eller balance og bev\u00e6gelse.  Det bev\u00e6ger sig som en dans, rundt om hinanden, af en lille globus og de farverige &#039;sejl&#039;.  Accepter invitationen. Giv dig selv tid. Dans med.  St\u00f8rrelsen p\u00e5 Liv &amp; Tr\u00e5d g\u00f8r den ideel til at h\u00e6nge over en sofa, seng eller skrivebord, s\u00e5 du kun skal kigge opad, n\u00e5r du leder efter inspiration.  Du kan ogs\u00e5 s\u00e6tte dit eget pr\u00e6g p\u00e5 Liv og Tr\u00e5d ved at blande andre farver, for vi leverer alternative sejl i kassen med flere farver.  Man kan s\u00e5ledes erstatte det gr\u00e5 sejl med et r\u00f8dt, det bl\u00e5 med et lysegr\u00e5t, det gule med et hvidt, og pludselig har mobilen f\u00e5et en helt anden farvebalance og et helt nyt look.  M\u00e5l 125 cm\" \/>\n<meta property=\"og:url\" content=\"https:\/\/flenstemp.awork20.dk\/da\/product\/livs-traad-farver\/\" \/>\n<meta property=\"og:site_name\" content=\"Flensted Mobiles\" \/>\n<meta property=\"article:publisher\" content=\"https:\/\/www.facebook.com\/flenstedmobiles\" \/>\n<meta property=\"article:modified_time\" content=\"2023-09-01T08:33:04+00:00\" \/>\n<meta property=\"og:image\" content=\"https:\/\/flenstemp.awork20.dk\/wp-content\/uploads\/2021\/12\/FM_124_life_and_thread-1.png\" \/>\n\t<meta property=\"og:image:width\" content=\"794\" \/>\n\t<meta property=\"og:image:height\" content=\"794\" \/>\n\t<meta property=\"og:image:type\" content=\"image\/png\" \/>\n<meta name=\"twitter:card\" content=\"summary_large_image\" \/>\n<script type=\"application\/ld+json\" class=\"yoast-schema-graph\">{\"@context\":\"https:\/\/schema.org\",\"@graph\":[{\"@type\":\"WebPage\",\"@id\":\"https:\/\/flenstemp.awork20.dk\/da\/product\/livs-traad-farver\/\",\"url\":\"https:\/\/flenstemp.awork20.dk\/da\/product\/livs-traad-farver\/\",\"name\":\"Liv & Tr\u00e5d, farver - Flensted Mobiles\",\"isPartOf\":{\"@id\":\"https:\/\/flenstemp.awork20.dk\/#website\"},\"datePublished\":\"2005-05-26T11:13:54+00:00\",\"dateModified\":\"2023-09-01T08:33:04+00:00\",\"breadcrumb\":{\"@id\":\"https:\/\/flenstemp.awork20.dk\/da\/product\/livs-traad-farver\/#breadcrumb\"},\"inLanguage\":\"da-DK\",\"potentialAction\":[{\"@type\":\"ReadAction\",\"target\":[\"https:\/\/flenstemp.awork20.dk\/da\/product\/livs-traad-farver\/\"]}]},{\"@type\":\"BreadcrumbList\",\"@id\":\"https:\/\/flenstemp.awork20.dk\/da\/product\/livs-traad-farver\/#breadcrumb\",\"itemListElement\":[{\"@type\":\"ListItem\",\"position\":1,\"name\":\"Home\",\"item\":\"https:\/\/flenstemp.awork20.dk\/da\/\"},{\"@type\":\"ListItem\",\"position\":2,\"name\":\"Products\",\"item\":\"https:\/\/flenstemp.awork20.dk\/shop\/\"},{\"@type\":\"ListItem\",\"position\":3,\"name\":\"Liv &#038; Tr\u00e5d, farver\"}]},{\"@type\":\"WebSite\",\"@id\":\"https:\/\/flenstemp.awork20.dk\/#website\",\"url\":\"https:\/\/flenstemp.awork20.dk\/\",\"name\":\"Flensted Mobiles\",\"description\":\"Unikke mobiler som skaber ro og balance, i enhvers hjem.\",\"publisher\":{\"@id\":\"https:\/\/flenstemp.awork20.dk\/#organization\"},\"potentialAction\":[{\"@type\":\"SearchAction\",\"target\":{\"@type\":\"EntryPoint\",\"urlTemplate\":\"https:\/\/flenstemp.awork20.dk\/?s={search_term_string}\"},\"query-input\":\"required name=search_term_string\"}],\"inLanguage\":\"da-DK\"},{\"@type\":\"Organization\",\"@id\":\"https:\/\/flenstemp.awork20.dk\/#organization\",\"name\":\"Flensted Mobiles\",\"url\":\"https:\/\/flenstemp.awork20.dk\/\",\"logo\":{\"@type\":\"ImageObject\",\"inLanguage\":\"da-DK\",\"@id\":\"https:\/\/flenstemp.awork20.dk\/#\/schema\/logo\/image\/\",\"url\":\"https:\/\/flensted-mobiles.com\/wp-content\/uploads\/2022\/03\/FlenstedLogo_med_ramme_100-3.webp\",\"contentUrl\":\"https:\/\/flensted-mobiles.com\/wp-content\/uploads\/2022\/03\/FlenstedLogo_med_ramme_100-3.webp\",\"width\":2118,\"height\":2118,\"caption\":\"Flensted Mobiles\"},\"image\":{\"@id\":\"https:\/\/flenstemp.awork20.dk\/#\/schema\/logo\/image\/\"},\"sameAs\":[\"https:\/\/www.facebook.com\/flenstedmobiles\"]}]}<\/script>\n<!-- \/ Yoast SEO plugin. -->","yoast_head_json":{"title":"Liv & Tr\u00e5d, farver - Flensted Mobiles","robots":{"index":"index","follow":"follow","max-snippet":"max-snippet:-1","max-image-preview":"max-image-preview:large","max-video-preview":"max-video-preview:-1"},"canonical":"https:\/\/flenstemp.awork20.dk\/da\/product\/livs-traad-farver\/","og_locale":"da_DK","og_type":"article","og_title":"Liv & Tr\u00e5d, farver - Flensted Mobiles","og_description":"Liv & Tr\u00e5d, farver Designet af Ole Flensted  Her er et bevis p\u00e5, at der ER mere i mellem himmel og jord, end man kunne dr\u00f8mme om i nogens filosofi.  Beviset ligger i vores mobile, Liv & Tr\u00e5d, hvis store vingefang kan rumme et helt univers.  Liv & Tr\u00e5d indeholder alt, n\u00e5r det inviterer dig til at f\u00f8lge dens bev\u00e6gelser.  Undervejs kan du m\u00f8de ikke kun himmel og jord, men ogs\u00e5 nat og dag, lys og m\u00f8rke, tanke og handling eller balance og bev\u00e6gelse.  Det bev\u00e6ger sig som en dans, rundt om hinanden, af en lille globus og de farverige 'sejl'.  Accepter invitationen. Giv dig selv tid. Dans med.  St\u00f8rrelsen p\u00e5 Liv & Tr\u00e5d g\u00f8r den ideel til at h\u00e6nge over en sofa, seng eller skrivebord, s\u00e5 du kun skal kigge opad, n\u00e5r du leder efter inspiration.  Du kan ogs\u00e5 s\u00e6tte dit eget pr\u00e6g p\u00e5 Liv og Tr\u00e5d ved at blande andre farver, for vi leverer alternative sejl i kassen med flere farver.  Man kan s\u00e5ledes erstatte det gr\u00e5 sejl med et r\u00f8dt, det bl\u00e5 med et lysegr\u00e5t, det gule med et hvidt, og pludselig har mobilen f\u00e5et en helt anden farvebalance og et helt nyt look.  M\u00e5l 125 cm","og_url":"https:\/\/flenstemp.awork20.dk\/da\/product\/livs-traad-farver\/","og_site_name":"Flensted Mobiles","article_publisher":"https:\/\/www.facebook.com\/flenstedmobiles","article_modified_time":"2023-09-01T08:33:04+00:00","og_image":[{"width":794,"height":794,"url":"https:\/\/flenstemp.awork20.dk\/wp-content\/uploads\/2021\/12\/FM_124_life_and_thread-1.png","type":"image\/png"}],"twitter_card":"summary_large_image","schema":{"@context":"https:\/\/schema.org","@graph":[{"@type":"WebPage","@id":"https:\/\/flenstemp.awork20.dk\/da\/product\/livs-traad-farver\/","url":"https:\/\/flenstemp.awork20.dk\/da\/product\/livs-traad-farver\/","name":"Liv & Tr\u00e5d, farver - Flensted Mobiles","isPartOf":{"@id":"https:\/\/flenstemp.awork20.dk\/#website"},"datePublished":"2005-05-26T11:13:54+00:00","dateModified":"2023-09-01T08:33:04+00:00","breadcrumb":{"@id":"https:\/\/flenstemp.awork20.dk\/da\/product\/livs-traad-farver\/#breadcrumb"},"inLanguage":"da-DK","potentialAction":[{"@type":"ReadAction","target":["https:\/\/flenstemp.awork20.dk\/da\/product\/livs-traad-farver\/"]}]},{"@type":"BreadcrumbList","@id":"https:\/\/flenstemp.awork20.dk\/da\/product\/livs-traad-farver\/#breadcrumb","itemListElement":[{"@type":"ListItem","position":1,"name":"Home","item":"https:\/\/flenstemp.awork20.dk\/da\/"},{"@type":"ListItem","position":2,"name":"Products","item":"https:\/\/flenstemp.awork20.dk\/shop\/"},{"@type":"ListItem","position":3,"name":"Liv &#038; Tr\u00e5d, farver"}]},{"@type":"WebSite","@id":"https:\/\/flenstemp.awork20.dk\/#website","url":"https:\/\/flenstemp.awork20.dk\/","name":"Flensted Mobiles","description":"Unikke mobiler som skaber ro og balance, i enhvers hjem.","publisher":{"@id":"https:\/\/flenstemp.awork20.dk\/#organization"},"potentialAction":[{"@type":"SearchAction","target":{"@type":"EntryPoint","urlTemplate":"https:\/\/flenstemp.awork20.dk\/?s={search_term_string}"},"query-input":"required name=search_term_string"}],"inLanguage":"da-DK"},{"@type":"Organization","@id":"https:\/\/flenstemp.awork20.dk\/#organization","name":"Flensted Mobiles","url":"https:\/\/flenstemp.awork20.dk\/","logo":{"@type":"ImageObject","inLanguage":"da-DK","@id":"https:\/\/flenstemp.awork20.dk\/#\/schema\/logo\/image\/","url":"https:\/\/flensted-mobiles.com\/wp-content\/uploads\/2022\/03\/FlenstedLogo_med_ramme_100-3.webp","contentUrl":"https:\/\/flensted-mobiles.com\/wp-content\/uploads\/2022\/03\/FlenstedLogo_med_ramme_100-3.webp","width":2118,"height":2118,"caption":"Flensted Mobiles"},"image":{"@id":"https:\/\/flenstemp.awork20.dk\/#\/schema\/logo\/image\/"},"sameAs":["https:\/\/www.facebook.com\/flenstedmobiles"]}]}},"_links":{"self":[{"href":"https:\/\/flenstemp.awork20.dk\/da\/wp-json\/wp\/v2\/product\/1327"}],"collection":[{"href":"https:\/\/flenstemp.awork20.dk\/da\/wp-json\/wp\/v2\/product"}],"about":[{"href":"https:\/\/flenstemp.awork20.dk\/da\/wp-json\/wp\/v2\/types\/product"}],"wp:featuredmedia":[{"embeddable":true,"href":"https:\/\/flenstemp.awork20.dk\/da\/wp-json\/wp\/v2\/media\/4258"}],"wp:attachment":[{"href":"https:\/\/flenstemp.awork20.dk\/da\/wp-json\/wp\/v2\/media?parent=1327"}],"wp:term":[{"taxonomy":"product_cat","embeddable":true,"href":"https:\/\/flenstemp.awork20.dk\/da\/wp-json\/wp\/v2\/product_cat?post=1327"},{"taxonomy":"product_tag","embeddable":true,"href":"https:\/\/flenstemp.awork20.dk\/da\/wp-json\/wp\/v2\/product_tag?post=1327"}],"curies":[{"name":"wp","href":"https:\/\/api.w.org\/{rel}","templated":true}]}}