{"id":1325,"date":"2005-05-26T13:12:14","date_gmt":"2005-05-26T11:12:14","guid":{"rendered":"https:\/\/flenstedmobiles.com\/?post_type=product&#038;p=1325"},"modified":"2023-08-31T08:55:17","modified_gmt":"2023-08-31T06:55:17","slug":"liv-og-traad-hvid-guld","status":"publish","type":"product","link":"https:\/\/flenstemp.awork20.dk\/da\/product\/liv-og-traad-hvid-guld\/","title":{"rendered":"Liv &#038; Tr\u00e5d, hvid &#038; guld"},"content":{"rendered":"","protected":false},"excerpt":{"rendered":"<h1>Liv &#038; Tr\u00e5d, hvid &#038; guld<\/h1>\n<p><em>Designet af Ole Flensted<\/em><\/p>\n<p>&nbsp;<\/p>\n<p>Vores mobil, Liv &#038; Tr\u00e5d, beviser med sit store vingefang, at den kan rumme et helt univers.<\/p>\n<p>&nbsp;<\/p>\n<p>Den indeholder hele universet, n\u00e5r den inviterer dig til at f\u00f8lge dens bev\u00e6gelser. Her m\u00f8der du ikke kun ud p\u00e5 en rejse mellem himmel og jord, nat og dag, men ogs\u00e5 lys og m\u00f8rke eller balance og bev\u00e6gelse.<\/p>\n<p>&nbsp;<\/p>\n<p>Det bev\u00e6ger sig rundt om hinanden, som en dans omkring en lille globus og de hvide sejl. Tag imod invitationen og dans med.<\/p>\n<p>&nbsp;<\/p>\n<p>St\u00f8rrelsen p\u00e5 Liv &#038; Tr\u00e5d g\u00f8r den ideel til at h\u00e6nge over en seng, et skrivebord eller en sofa, s\u00e5 kun en drejning af dit hoved giver dig svar p\u00e5 din s\u00f8gen efter inspiration.<\/p>\n<p>&nbsp;<\/p>\n<p>Med sine hvide sejl og gyldne st\u00e6nger har denne version af Liv &#038; Tr\u00e5d en bl\u00f8d \u2013 endda feminin \u2013 karakter, der interagerer med alle omgivelser.<\/p>\n<p>&nbsp;<\/p>\n<p>M\u00e5l 125 cm<\/p>\n","protected":false},"featured_media":4259,"template":"","meta":[],"product_cat":[960,11875,985,11878],"product_tag":[11918],"yoast_head":"<!-- This site is optimized with the Yoast SEO plugin v20.8 - https:\/\/yoast.com\/wordpress\/plugins\/seo\/ -->\n<title>Liv &amp; Tr\u00e5d, hvid &amp; guld - Flensted Mobiles<\/title>\n<meta name=\"robots\" content=\"index, follow, max-snippet:-1, max-image-preview:large, max-video-preview:-1\" \/>\n<link rel=\"canonical\" href=\"https:\/\/flenstemp.awork20.dk\/da\/product\/liv-og-traad-hvid-guld\/\" \/>\n<meta property=\"og:locale\" content=\"da_DK\" \/>\n<meta property=\"og:type\" content=\"article\" \/>\n<meta property=\"og:title\" content=\"Liv &amp; Tr\u00e5d, hvid &amp; guld - Flensted Mobiles\" \/>\n<meta property=\"og:description\" content=\"Liv &amp; Tr\u00e5d, hvid &amp; guld Designet af Ole Flensted  &nbsp;  Vores mobil, Liv &amp; Tr\u00e5d, beviser med sit store vingefang, at den kan rumme et helt univers.  &nbsp;  Den indeholder hele universet, n\u00e5r den inviterer dig til at f\u00f8lge dens bev\u00e6gelser. Her m\u00f8der du ikke kun ud p\u00e5 en rejse mellem himmel og jord, nat og dag, men ogs\u00e5 lys og m\u00f8rke eller balance og bev\u00e6gelse.  &nbsp;  Det bev\u00e6ger sig rundt om hinanden, som en dans omkring en lille globus og de hvide sejl. Tag imod invitationen og dans med.  &nbsp;  St\u00f8rrelsen p\u00e5 Liv &amp; Tr\u00e5d g\u00f8r den ideel til at h\u00e6nge over en seng, et skrivebord eller en sofa, s\u00e5 kun en drejning af dit hoved giver dig svar p\u00e5 din s\u00f8gen efter inspiration.  &nbsp;  Med sine hvide sejl og gyldne st\u00e6nger har denne version af Liv &amp; Tr\u00e5d en bl\u00f8d \u2013 endda feminin \u2013 karakter, der interagerer med alle omgivelser.  &nbsp;  M\u00e5l 125 cm\" \/>\n<meta property=\"og:url\" content=\"https:\/\/flenstemp.awork20.dk\/da\/product\/liv-og-traad-hvid-guld\/\" \/>\n<meta property=\"og:site_name\" content=\"Flensted Mobiles\" \/>\n<meta property=\"article:publisher\" content=\"https:\/\/www.facebook.com\/flenstedmobiles\" \/>\n<meta property=\"article:modified_time\" content=\"2023-08-31T06:55:17+00:00\" \/>\n<meta property=\"og:image\" content=\"https:\/\/flenstemp.awork20.dk\/wp-content\/uploads\/2021\/12\/FM_124BW_LifeThread_whitegold_large_HR-1.png\" \/>\n\t<meta property=\"og:image:width\" content=\"3307\" \/>\n\t<meta property=\"og:image:height\" content=\"3307\" \/>\n\t<meta property=\"og:image:type\" content=\"image\/png\" \/>\n<meta name=\"twitter:card\" content=\"summary_large_image\" \/>\n<script type=\"application\/ld+json\" class=\"yoast-schema-graph\">{\"@context\":\"https:\/\/schema.org\",\"@graph\":[{\"@type\":\"WebPage\",\"@id\":\"https:\/\/flenstemp.awork20.dk\/da\/product\/liv-og-traad-hvid-guld\/\",\"url\":\"https:\/\/flenstemp.awork20.dk\/da\/product\/liv-og-traad-hvid-guld\/\",\"name\":\"Liv & Tr\u00e5d, hvid & guld - Flensted Mobiles\",\"isPartOf\":{\"@id\":\"https:\/\/flenstemp.awork20.dk\/#website\"},\"datePublished\":\"2005-05-26T11:12:14+00:00\",\"dateModified\":\"2023-08-31T06:55:17+00:00\",\"breadcrumb\":{\"@id\":\"https:\/\/flenstemp.awork20.dk\/da\/product\/liv-og-traad-hvid-guld\/#breadcrumb\"},\"inLanguage\":\"da-DK\",\"potentialAction\":[{\"@type\":\"ReadAction\",\"target\":[\"https:\/\/flenstemp.awork20.dk\/da\/product\/liv-og-traad-hvid-guld\/\"]}]},{\"@type\":\"BreadcrumbList\",\"@id\":\"https:\/\/flenstemp.awork20.dk\/da\/product\/liv-og-traad-hvid-guld\/#breadcrumb\",\"itemListElement\":[{\"@type\":\"ListItem\",\"position\":1,\"name\":\"Home\",\"item\":\"https:\/\/flenstemp.awork20.dk\/da\/\"},{\"@type\":\"ListItem\",\"position\":2,\"name\":\"Products\",\"item\":\"https:\/\/flenstemp.awork20.dk\/shop\/\"},{\"@type\":\"ListItem\",\"position\":3,\"name\":\"Liv &#038; Tr\u00e5d, hvid &#038; guld\"}]},{\"@type\":\"WebSite\",\"@id\":\"https:\/\/flenstemp.awork20.dk\/#website\",\"url\":\"https:\/\/flenstemp.awork20.dk\/\",\"name\":\"Flensted Mobiles\",\"description\":\"Unikke mobiler som skaber ro og balance, i enhvers hjem.\",\"publisher\":{\"@id\":\"https:\/\/flenstemp.awork20.dk\/#organization\"},\"potentialAction\":[{\"@type\":\"SearchAction\",\"target\":{\"@type\":\"EntryPoint\",\"urlTemplate\":\"https:\/\/flenstemp.awork20.dk\/?s={search_term_string}\"},\"query-input\":\"required name=search_term_string\"}],\"inLanguage\":\"da-DK\"},{\"@type\":\"Organization\",\"@id\":\"https:\/\/flenstemp.awork20.dk\/#organization\",\"name\":\"Flensted Mobiles\",\"url\":\"https:\/\/flenstemp.awork20.dk\/\",\"logo\":{\"@type\":\"ImageObject\",\"inLanguage\":\"da-DK\",\"@id\":\"https:\/\/flenstemp.awork20.dk\/#\/schema\/logo\/image\/\",\"url\":\"https:\/\/flensted-mobiles.com\/wp-content\/uploads\/2022\/03\/FlenstedLogo_med_ramme_100-3.webp\",\"contentUrl\":\"https:\/\/flensted-mobiles.com\/wp-content\/uploads\/2022\/03\/FlenstedLogo_med_ramme_100-3.webp\",\"width\":2118,\"height\":2118,\"caption\":\"Flensted Mobiles\"},\"image\":{\"@id\":\"https:\/\/flenstemp.awork20.dk\/#\/schema\/logo\/image\/\"},\"sameAs\":[\"https:\/\/www.facebook.com\/flenstedmobiles\"]}]}<\/script>\n<!-- \/ Yoast SEO plugin. -->","yoast_head_json":{"title":"Liv & Tr\u00e5d, hvid & guld - Flensted Mobiles","robots":{"index":"index","follow":"follow","max-snippet":"max-snippet:-1","max-image-preview":"max-image-preview:large","max-video-preview":"max-video-preview:-1"},"canonical":"https:\/\/flenstemp.awork20.dk\/da\/product\/liv-og-traad-hvid-guld\/","og_locale":"da_DK","og_type":"article","og_title":"Liv & Tr\u00e5d, hvid & guld - Flensted Mobiles","og_description":"Liv & Tr\u00e5d, hvid & guld Designet af Ole Flensted  &nbsp;  Vores mobil, Liv & Tr\u00e5d, beviser med sit store vingefang, at den kan rumme et helt univers.  &nbsp;  Den indeholder hele universet, n\u00e5r den inviterer dig til at f\u00f8lge dens bev\u00e6gelser. Her m\u00f8der du ikke kun ud p\u00e5 en rejse mellem himmel og jord, nat og dag, men ogs\u00e5 lys og m\u00f8rke eller balance og bev\u00e6gelse.  &nbsp;  Det bev\u00e6ger sig rundt om hinanden, som en dans omkring en lille globus og de hvide sejl. Tag imod invitationen og dans med.  &nbsp;  St\u00f8rrelsen p\u00e5 Liv & Tr\u00e5d g\u00f8r den ideel til at h\u00e6nge over en seng, et skrivebord eller en sofa, s\u00e5 kun en drejning af dit hoved giver dig svar p\u00e5 din s\u00f8gen efter inspiration.  &nbsp;  Med sine hvide sejl og gyldne st\u00e6nger har denne version af Liv & Tr\u00e5d en bl\u00f8d \u2013 endda feminin \u2013 karakter, der interagerer med alle omgivelser.  &nbsp;  M\u00e5l 125 cm","og_url":"https:\/\/flenstemp.awork20.dk\/da\/product\/liv-og-traad-hvid-guld\/","og_site_name":"Flensted Mobiles","article_publisher":"https:\/\/www.facebook.com\/flenstedmobiles","article_modified_time":"2023-08-31T06:55:17+00:00","og_image":[{"width":3307,"height":3307,"url":"https:\/\/flenstemp.awork20.dk\/wp-content\/uploads\/2021\/12\/FM_124BW_LifeThread_whitegold_large_HR-1.png","type":"image\/png"}],"twitter_card":"summary_large_image","schema":{"@context":"https:\/\/schema.org","@graph":[{"@type":"WebPage","@id":"https:\/\/flenstemp.awork20.dk\/da\/product\/liv-og-traad-hvid-guld\/","url":"https:\/\/flenstemp.awork20.dk\/da\/product\/liv-og-traad-hvid-guld\/","name":"Liv & Tr\u00e5d, hvid & guld - Flensted Mobiles","isPartOf":{"@id":"https:\/\/flenstemp.awork20.dk\/#website"},"datePublished":"2005-05-26T11:12:14+00:00","dateModified":"2023-08-31T06:55:17+00:00","breadcrumb":{"@id":"https:\/\/flenstemp.awork20.dk\/da\/product\/liv-og-traad-hvid-guld\/#breadcrumb"},"inLanguage":"da-DK","potentialAction":[{"@type":"ReadAction","target":["https:\/\/flenstemp.awork20.dk\/da\/product\/liv-og-traad-hvid-guld\/"]}]},{"@type":"BreadcrumbList","@id":"https:\/\/flenstemp.awork20.dk\/da\/product\/liv-og-traad-hvid-guld\/#breadcrumb","itemListElement":[{"@type":"ListItem","position":1,"name":"Home","item":"https:\/\/flenstemp.awork20.dk\/da\/"},{"@type":"ListItem","position":2,"name":"Products","item":"https:\/\/flenstemp.awork20.dk\/shop\/"},{"@type":"ListItem","position":3,"name":"Liv &#038; Tr\u00e5d, hvid &#038; guld"}]},{"@type":"WebSite","@id":"https:\/\/flenstemp.awork20.dk\/#website","url":"https:\/\/flenstemp.awork20.dk\/","name":"Flensted Mobiles","description":"Unikke mobiler som skaber ro og balance, i enhvers hjem.","publisher":{"@id":"https:\/\/flenstemp.awork20.dk\/#organization"},"potentialAction":[{"@type":"SearchAction","target":{"@type":"EntryPoint","urlTemplate":"https:\/\/flenstemp.awork20.dk\/?s={search_term_string}"},"query-input":"required name=search_term_string"}],"inLanguage":"da-DK"},{"@type":"Organization","@id":"https:\/\/flenstemp.awork20.dk\/#organization","name":"Flensted Mobiles","url":"https:\/\/flenstemp.awork20.dk\/","logo":{"@type":"ImageObject","inLanguage":"da-DK","@id":"https:\/\/flenstemp.awork20.dk\/#\/schema\/logo\/image\/","url":"https:\/\/flensted-mobiles.com\/wp-content\/uploads\/2022\/03\/FlenstedLogo_med_ramme_100-3.webp","contentUrl":"https:\/\/flensted-mobiles.com\/wp-content\/uploads\/2022\/03\/FlenstedLogo_med_ramme_100-3.webp","width":2118,"height":2118,"caption":"Flensted Mobiles"},"image":{"@id":"https:\/\/flenstemp.awork20.dk\/#\/schema\/logo\/image\/"},"sameAs":["https:\/\/www.facebook.com\/flenstedmobiles"]}]}},"_links":{"self":[{"href":"https:\/\/flenstemp.awork20.dk\/da\/wp-json\/wp\/v2\/product\/1325"}],"collection":[{"href":"https:\/\/flenstemp.awork20.dk\/da\/wp-json\/wp\/v2\/product"}],"about":[{"href":"https:\/\/flenstemp.awork20.dk\/da\/wp-json\/wp\/v2\/types\/product"}],"wp:featuredmedia":[{"embeddable":true,"href":"https:\/\/flenstemp.awork20.dk\/da\/wp-json\/wp\/v2\/media\/4259"}],"wp:attachment":[{"href":"https:\/\/flenstemp.awork20.dk\/da\/wp-json\/wp\/v2\/media?parent=1325"}],"wp:term":[{"taxonomy":"product_cat","embeddable":true,"href":"https:\/\/flenstemp.awork20.dk\/da\/wp-json\/wp\/v2\/product_cat?post=1325"},{"taxonomy":"product_tag","embeddable":true,"href":"https:\/\/flenstemp.awork20.dk\/da\/wp-json\/wp\/v2\/product_tag?post=1325"}],"curies":[{"name":"wp","href":"https:\/\/api.w.org\/{rel}","templated":true}]}}