{"id":1321,"date":"1950-05-26T13:10:43","date_gmt":"1950-05-26T12:10:43","guid":{"rendered":"https:\/\/flenstedmobiles.com\/?post_type=product&#038;p=1321"},"modified":"2023-09-01T10:21:30","modified_gmt":"2023-09-01T08:21:30","slug":"liv-traad-xl-hvid","status":"publish","type":"product","link":"https:\/\/flenstemp.awork20.dk\/da\/product\/liv-traad-xl-hvid\/","title":{"rendered":"Liv &#038; Tr\u00e5d XL, hvid"},"content":{"rendered":"","protected":false},"excerpt":{"rendered":"<h1>Liv &#038; Tr\u00e5d XL, hvid<\/h1>\n<p>Designet af Ole Flensted<\/p>\n<p>Beviset er vores mobile, Liv &#038; Tr\u00e5d, hvis store vingefang kan rejse gennem hele universet.<\/p>\n<p>Mobilen inviterer dig til at f\u00f8lge bev\u00e6gelserne. Her m\u00f8der du forskellene mellem lys og m\u00f8rke, himmel og jord, tanke og handling, nat og dag eller bev\u00e6gelse og balance.<\/p>\n<p>Som en dans bev\u00e6ger den lille globus og de hvide sejl sig rundt om hinanden.<\/p>\n<p>Giv dig selv tid og accepter invitationen. Dans med.<\/p>\n<p>Den er ideel at h\u00e6nge over en seng, et skrivebord eller en sofa. Selv med den store version s\u00e5 er inspirationen kun et blik v\u00e6k.<\/p>\n<p>Med de hvide sejl og gyldne st\u00e6nger har den en bl\u00f8d og feminin karakter, der interagerer smukt med alle omgivelser.<\/p>\n<p>M\u00e5l 205 cm.<\/p>\n","protected":false},"featured_media":4261,"template":"","meta":[],"product_cat":[960,11875,1007,11876],"product_tag":[12622],"yoast_head":"<!-- This site is optimized with the Yoast SEO plugin v20.8 - https:\/\/yoast.com\/wordpress\/plugins\/seo\/ -->\n<title>Liv &amp; Tr\u00e5d XL, hvid - Flensted Mobiles<\/title>\n<meta name=\"robots\" content=\"index, follow, max-snippet:-1, max-image-preview:large, max-video-preview:-1\" \/>\n<link rel=\"canonical\" href=\"https:\/\/flenstemp.awork20.dk\/da\/product\/liv-traad-xl-hvid\/\" \/>\n<meta property=\"og:locale\" content=\"da_DK\" \/>\n<meta property=\"og:type\" content=\"article\" \/>\n<meta property=\"og:title\" content=\"Liv &amp; Tr\u00e5d XL, hvid - Flensted Mobiles\" \/>\n<meta property=\"og:description\" content=\"Liv &amp; Tr\u00e5d XL, hvid Designet af Ole Flensted  Beviset er vores mobile, Liv &amp; Tr\u00e5d, hvis store vingefang kan rejse gennem hele universet.  Mobilen inviterer dig til at f\u00f8lge bev\u00e6gelserne. Her m\u00f8der du forskellene mellem lys og m\u00f8rke, himmel og jord, tanke og handling, nat og dag eller bev\u00e6gelse og balance.  Som en dans bev\u00e6ger den lille globus og de hvide sejl sig rundt om hinanden.  Giv dig selv tid og accepter invitationen. Dans med.  Den er ideel at h\u00e6nge over en seng, et skrivebord eller en sofa. Selv med den store version s\u00e5 er inspirationen kun et blik v\u00e6k.  Med de hvide sejl og gyldne st\u00e6nger har den en bl\u00f8d og feminin karakter, der interagerer smukt med alle omgivelser.  M\u00e5l 205 cm.\" \/>\n<meta property=\"og:url\" content=\"https:\/\/flenstemp.awork20.dk\/da\/product\/liv-traad-xl-hvid\/\" \/>\n<meta property=\"og:site_name\" content=\"Flensted Mobiles\" \/>\n<meta property=\"article:publisher\" content=\"https:\/\/www.facebook.com\/flenstedmobiles\" \/>\n<meta property=\"article:modified_time\" content=\"2023-09-01T08:21:30+00:00\" \/>\n<meta property=\"og:image\" content=\"https:\/\/flenstemp.awork20.dk\/wp-content\/uploads\/2021\/12\/FM_124h_LifeThread_whitegold_HR-1.png\" \/>\n\t<meta property=\"og:image:width\" content=\"3307\" \/>\n\t<meta property=\"og:image:height\" content=\"3307\" \/>\n\t<meta property=\"og:image:type\" content=\"image\/png\" \/>\n<meta name=\"twitter:card\" content=\"summary_large_image\" \/>\n<script type=\"application\/ld+json\" class=\"yoast-schema-graph\">{\"@context\":\"https:\/\/schema.org\",\"@graph\":[{\"@type\":\"WebPage\",\"@id\":\"https:\/\/flenstemp.awork20.dk\/da\/product\/liv-traad-xl-hvid\/\",\"url\":\"https:\/\/flenstemp.awork20.dk\/da\/product\/liv-traad-xl-hvid\/\",\"name\":\"Liv & Tr\u00e5d XL, hvid - Flensted Mobiles\",\"isPartOf\":{\"@id\":\"https:\/\/flenstemp.awork20.dk\/#website\"},\"datePublished\":\"1950-05-26T12:10:43+00:00\",\"dateModified\":\"2023-09-01T08:21:30+00:00\",\"breadcrumb\":{\"@id\":\"https:\/\/flenstemp.awork20.dk\/da\/product\/liv-traad-xl-hvid\/#breadcrumb\"},\"inLanguage\":\"da-DK\",\"potentialAction\":[{\"@type\":\"ReadAction\",\"target\":[\"https:\/\/flenstemp.awork20.dk\/da\/product\/liv-traad-xl-hvid\/\"]}]},{\"@type\":\"BreadcrumbList\",\"@id\":\"https:\/\/flenstemp.awork20.dk\/da\/product\/liv-traad-xl-hvid\/#breadcrumb\",\"itemListElement\":[{\"@type\":\"ListItem\",\"position\":1,\"name\":\"Home\",\"item\":\"https:\/\/flenstemp.awork20.dk\/da\/\"},{\"@type\":\"ListItem\",\"position\":2,\"name\":\"Products\",\"item\":\"https:\/\/flenstemp.awork20.dk\/shop\/\"},{\"@type\":\"ListItem\",\"position\":3,\"name\":\"Liv &#038; Tr\u00e5d XL, hvid\"}]},{\"@type\":\"WebSite\",\"@id\":\"https:\/\/flenstemp.awork20.dk\/#website\",\"url\":\"https:\/\/flenstemp.awork20.dk\/\",\"name\":\"Flensted Mobiles\",\"description\":\"Unikke mobiler som skaber ro og balance, i enhvers hjem.\",\"publisher\":{\"@id\":\"https:\/\/flenstemp.awork20.dk\/#organization\"},\"potentialAction\":[{\"@type\":\"SearchAction\",\"target\":{\"@type\":\"EntryPoint\",\"urlTemplate\":\"https:\/\/flenstemp.awork20.dk\/?s={search_term_string}\"},\"query-input\":\"required name=search_term_string\"}],\"inLanguage\":\"da-DK\"},{\"@type\":\"Organization\",\"@id\":\"https:\/\/flenstemp.awork20.dk\/#organization\",\"name\":\"Flensted Mobiles\",\"url\":\"https:\/\/flenstemp.awork20.dk\/\",\"logo\":{\"@type\":\"ImageObject\",\"inLanguage\":\"da-DK\",\"@id\":\"https:\/\/flenstemp.awork20.dk\/#\/schema\/logo\/image\/\",\"url\":\"https:\/\/flensted-mobiles.com\/wp-content\/uploads\/2022\/03\/FlenstedLogo_med_ramme_100-3.webp\",\"contentUrl\":\"https:\/\/flensted-mobiles.com\/wp-content\/uploads\/2022\/03\/FlenstedLogo_med_ramme_100-3.webp\",\"width\":2118,\"height\":2118,\"caption\":\"Flensted Mobiles\"},\"image\":{\"@id\":\"https:\/\/flenstemp.awork20.dk\/#\/schema\/logo\/image\/\"},\"sameAs\":[\"https:\/\/www.facebook.com\/flenstedmobiles\"]}]}<\/script>\n<!-- \/ Yoast SEO plugin. -->","yoast_head_json":{"title":"Liv & Tr\u00e5d XL, hvid - Flensted Mobiles","robots":{"index":"index","follow":"follow","max-snippet":"max-snippet:-1","max-image-preview":"max-image-preview:large","max-video-preview":"max-video-preview:-1"},"canonical":"https:\/\/flenstemp.awork20.dk\/da\/product\/liv-traad-xl-hvid\/","og_locale":"da_DK","og_type":"article","og_title":"Liv & Tr\u00e5d XL, hvid - Flensted Mobiles","og_description":"Liv & Tr\u00e5d XL, hvid Designet af Ole Flensted  Beviset er vores mobile, Liv & Tr\u00e5d, hvis store vingefang kan rejse gennem hele universet.  Mobilen inviterer dig til at f\u00f8lge bev\u00e6gelserne. Her m\u00f8der du forskellene mellem lys og m\u00f8rke, himmel og jord, tanke og handling, nat og dag eller bev\u00e6gelse og balance.  Som en dans bev\u00e6ger den lille globus og de hvide sejl sig rundt om hinanden.  Giv dig selv tid og accepter invitationen. Dans med.  Den er ideel at h\u00e6nge over en seng, et skrivebord eller en sofa. Selv med den store version s\u00e5 er inspirationen kun et blik v\u00e6k.  Med de hvide sejl og gyldne st\u00e6nger har den en bl\u00f8d og feminin karakter, der interagerer smukt med alle omgivelser.  M\u00e5l 205 cm.","og_url":"https:\/\/flenstemp.awork20.dk\/da\/product\/liv-traad-xl-hvid\/","og_site_name":"Flensted Mobiles","article_publisher":"https:\/\/www.facebook.com\/flenstedmobiles","article_modified_time":"2023-09-01T08:21:30+00:00","og_image":[{"width":3307,"height":3307,"url":"https:\/\/flenstemp.awork20.dk\/wp-content\/uploads\/2021\/12\/FM_124h_LifeThread_whitegold_HR-1.png","type":"image\/png"}],"twitter_card":"summary_large_image","schema":{"@context":"https:\/\/schema.org","@graph":[{"@type":"WebPage","@id":"https:\/\/flenstemp.awork20.dk\/da\/product\/liv-traad-xl-hvid\/","url":"https:\/\/flenstemp.awork20.dk\/da\/product\/liv-traad-xl-hvid\/","name":"Liv & Tr\u00e5d XL, hvid - Flensted Mobiles","isPartOf":{"@id":"https:\/\/flenstemp.awork20.dk\/#website"},"datePublished":"1950-05-26T12:10:43+00:00","dateModified":"2023-09-01T08:21:30+00:00","breadcrumb":{"@id":"https:\/\/flenstemp.awork20.dk\/da\/product\/liv-traad-xl-hvid\/#breadcrumb"},"inLanguage":"da-DK","potentialAction":[{"@type":"ReadAction","target":["https:\/\/flenstemp.awork20.dk\/da\/product\/liv-traad-xl-hvid\/"]}]},{"@type":"BreadcrumbList","@id":"https:\/\/flenstemp.awork20.dk\/da\/product\/liv-traad-xl-hvid\/#breadcrumb","itemListElement":[{"@type":"ListItem","position":1,"name":"Home","item":"https:\/\/flenstemp.awork20.dk\/da\/"},{"@type":"ListItem","position":2,"name":"Products","item":"https:\/\/flenstemp.awork20.dk\/shop\/"},{"@type":"ListItem","position":3,"name":"Liv &#038; Tr\u00e5d XL, hvid"}]},{"@type":"WebSite","@id":"https:\/\/flenstemp.awork20.dk\/#website","url":"https:\/\/flenstemp.awork20.dk\/","name":"Flensted Mobiles","description":"Unikke mobiler som skaber ro og balance, i enhvers hjem.","publisher":{"@id":"https:\/\/flenstemp.awork20.dk\/#organization"},"potentialAction":[{"@type":"SearchAction","target":{"@type":"EntryPoint","urlTemplate":"https:\/\/flenstemp.awork20.dk\/?s={search_term_string}"},"query-input":"required name=search_term_string"}],"inLanguage":"da-DK"},{"@type":"Organization","@id":"https:\/\/flenstemp.awork20.dk\/#organization","name":"Flensted Mobiles","url":"https:\/\/flenstemp.awork20.dk\/","logo":{"@type":"ImageObject","inLanguage":"da-DK","@id":"https:\/\/flenstemp.awork20.dk\/#\/schema\/logo\/image\/","url":"https:\/\/flensted-mobiles.com\/wp-content\/uploads\/2022\/03\/FlenstedLogo_med_ramme_100-3.webp","contentUrl":"https:\/\/flensted-mobiles.com\/wp-content\/uploads\/2022\/03\/FlenstedLogo_med_ramme_100-3.webp","width":2118,"height":2118,"caption":"Flensted Mobiles"},"image":{"@id":"https:\/\/flenstemp.awork20.dk\/#\/schema\/logo\/image\/"},"sameAs":["https:\/\/www.facebook.com\/flenstedmobiles"]}]}},"_links":{"self":[{"href":"https:\/\/flenstemp.awork20.dk\/da\/wp-json\/wp\/v2\/product\/1321"}],"collection":[{"href":"https:\/\/flenstemp.awork20.dk\/da\/wp-json\/wp\/v2\/product"}],"about":[{"href":"https:\/\/flenstemp.awork20.dk\/da\/wp-json\/wp\/v2\/types\/product"}],"wp:featuredmedia":[{"embeddable":true,"href":"https:\/\/flenstemp.awork20.dk\/da\/wp-json\/wp\/v2\/media\/4261"}],"wp:attachment":[{"href":"https:\/\/flenstemp.awork20.dk\/da\/wp-json\/wp\/v2\/media?parent=1321"}],"wp:term":[{"taxonomy":"product_cat","embeddable":true,"href":"https:\/\/flenstemp.awork20.dk\/da\/wp-json\/wp\/v2\/product_cat?post=1321"},{"taxonomy":"product_tag","embeddable":true,"href":"https:\/\/flenstemp.awork20.dk\/da\/wp-json\/wp\/v2\/product_tag?post=1321"}],"curies":[{"name":"wp","href":"https:\/\/api.w.org\/{rel}","templated":true}]}}