{"id":1314,"date":"1998-05-25T14:40:05","date_gmt":"1998-05-25T12:40:05","guid":{"rendered":"https:\/\/flenstedmobiles.com\/?post_type=product&#038;p=1314"},"modified":"2023-09-01T10:12:18","modified_gmt":"2023-09-01T08:12:18","slug":"tango-sort","status":"publish","type":"product","link":"https:\/\/flenstemp.awork20.dk\/da\/product\/tango-sort\/","title":{"rendered":"Tango, sort"},"content":{"rendered":"","protected":false},"excerpt":{"rendered":"<h1>Tango, sort<\/h1>\n<p>Designet af Ole Flensted<\/p>\n<p>Der skal ikke kun to til tango, som man siger. Det kr\u00e6ver ogs\u00e5 en hel del balance.<\/p>\n<p>Det er netop denne perfekte balance mellem materialerne, der f\u00e5r Tango-mobilen til at sv\u00e6ve s\u00e5 elegant og ubesv\u00e6ret.<\/p>\n<p>Denne balance g\u00f8r den til den perfekte dansepartner til luften omkring den, og der er noget sensuelt over Tango \u2013 som n\u00e5r et par bev\u00e6ger sig hen over et dansegulv i en flot tango.<\/p>\n<p>Samtidig er mobilen som et \u00e6stetisk og grafisk design, hvor enkelthed, ynde og elegance understreger denne funktion.<\/p>\n<p>Dette g\u00f8r det nemt for dig at passe Tango ind i ethvert rum af en vis st\u00f8rrelse.<\/p>\n","protected":false},"featured_media":4264,"template":"","meta":[],"product_cat":[960,11875,11878,985],"product_tag":[],"yoast_head":"<!-- This site is optimized with the Yoast SEO plugin v20.8 - https:\/\/yoast.com\/wordpress\/plugins\/seo\/ -->\n<title>Tango, sort - Flensted Mobiles<\/title>\n<meta name=\"robots\" content=\"index, follow, max-snippet:-1, max-image-preview:large, max-video-preview:-1\" \/>\n<link rel=\"canonical\" href=\"https:\/\/flenstemp.awork20.dk\/da\/product\/tango-sort\/\" \/>\n<meta property=\"og:locale\" content=\"da_DK\" \/>\n<meta property=\"og:type\" content=\"article\" \/>\n<meta property=\"og:title\" content=\"Tango, sort - Flensted Mobiles\" \/>\n<meta property=\"og:description\" content=\"Tango, sort Designet af Ole Flensted  Der skal ikke kun to til tango, som man siger. Det kr\u00e6ver ogs\u00e5 en hel del balance.  Det er netop denne perfekte balance mellem materialerne, der f\u00e5r Tango-mobilen til at sv\u00e6ve s\u00e5 elegant og ubesv\u00e6ret.  Denne balance g\u00f8r den til den perfekte dansepartner til luften omkring den, og der er noget sensuelt over Tango \u2013 som n\u00e5r et par bev\u00e6ger sig hen over et dansegulv i en flot tango.  Samtidig er mobilen som et \u00e6stetisk og grafisk design, hvor enkelthed, ynde og elegance understreger denne funktion.  Dette g\u00f8r det nemt for dig at passe Tango ind i ethvert rum af en vis st\u00f8rrelse.\" \/>\n<meta property=\"og:url\" content=\"https:\/\/flenstemp.awork20.dk\/da\/product\/tango-sort\/\" \/>\n<meta property=\"og:site_name\" content=\"Flensted Mobiles\" \/>\n<meta property=\"article:publisher\" content=\"https:\/\/www.facebook.com\/flenstedmobiles\" \/>\n<meta property=\"article:modified_time\" content=\"2023-09-01T08:12:18+00:00\" \/>\n<meta property=\"og:image\" content=\"https:\/\/flenstemp.awork20.dk\/wp-content\/uploads\/2021\/12\/FM_133s_tango_black-1.png\" \/>\n\t<meta property=\"og:image:width\" content=\"794\" \/>\n\t<meta property=\"og:image:height\" content=\"794\" \/>\n\t<meta property=\"og:image:type\" content=\"image\/png\" \/>\n<meta name=\"twitter:card\" content=\"summary_large_image\" \/>\n<script type=\"application\/ld+json\" class=\"yoast-schema-graph\">{\"@context\":\"https:\/\/schema.org\",\"@graph\":[{\"@type\":\"WebPage\",\"@id\":\"https:\/\/flenstemp.awork20.dk\/da\/product\/tango-sort\/\",\"url\":\"https:\/\/flenstemp.awork20.dk\/da\/product\/tango-sort\/\",\"name\":\"Tango, sort - Flensted Mobiles\",\"isPartOf\":{\"@id\":\"https:\/\/flenstemp.awork20.dk\/#website\"},\"datePublished\":\"1998-05-25T12:40:05+00:00\",\"dateModified\":\"2023-09-01T08:12:18+00:00\",\"breadcrumb\":{\"@id\":\"https:\/\/flenstemp.awork20.dk\/da\/product\/tango-sort\/#breadcrumb\"},\"inLanguage\":\"da-DK\",\"potentialAction\":[{\"@type\":\"ReadAction\",\"target\":[\"https:\/\/flenstemp.awork20.dk\/da\/product\/tango-sort\/\"]}]},{\"@type\":\"BreadcrumbList\",\"@id\":\"https:\/\/flenstemp.awork20.dk\/da\/product\/tango-sort\/#breadcrumb\",\"itemListElement\":[{\"@type\":\"ListItem\",\"position\":1,\"name\":\"Home\",\"item\":\"https:\/\/flenstemp.awork20.dk\/da\/\"},{\"@type\":\"ListItem\",\"position\":2,\"name\":\"Products\",\"item\":\"https:\/\/flenstemp.awork20.dk\/shop\/\"},{\"@type\":\"ListItem\",\"position\":3,\"name\":\"Tango, sort\"}]},{\"@type\":\"WebSite\",\"@id\":\"https:\/\/flenstemp.awork20.dk\/#website\",\"url\":\"https:\/\/flenstemp.awork20.dk\/\",\"name\":\"Flensted Mobiles\",\"description\":\"Unikke mobiler som skaber ro og balance, i enhvers hjem.\",\"publisher\":{\"@id\":\"https:\/\/flenstemp.awork20.dk\/#organization\"},\"potentialAction\":[{\"@type\":\"SearchAction\",\"target\":{\"@type\":\"EntryPoint\",\"urlTemplate\":\"https:\/\/flenstemp.awork20.dk\/?s={search_term_string}\"},\"query-input\":\"required name=search_term_string\"}],\"inLanguage\":\"da-DK\"},{\"@type\":\"Organization\",\"@id\":\"https:\/\/flenstemp.awork20.dk\/#organization\",\"name\":\"Flensted Mobiles\",\"url\":\"https:\/\/flenstemp.awork20.dk\/\",\"logo\":{\"@type\":\"ImageObject\",\"inLanguage\":\"da-DK\",\"@id\":\"https:\/\/flenstemp.awork20.dk\/#\/schema\/logo\/image\/\",\"url\":\"https:\/\/flensted-mobiles.com\/wp-content\/uploads\/2022\/03\/FlenstedLogo_med_ramme_100-3.webp\",\"contentUrl\":\"https:\/\/flensted-mobiles.com\/wp-content\/uploads\/2022\/03\/FlenstedLogo_med_ramme_100-3.webp\",\"width\":2118,\"height\":2118,\"caption\":\"Flensted Mobiles\"},\"image\":{\"@id\":\"https:\/\/flenstemp.awork20.dk\/#\/schema\/logo\/image\/\"},\"sameAs\":[\"https:\/\/www.facebook.com\/flenstedmobiles\"]}]}<\/script>\n<!-- \/ Yoast SEO plugin. -->","yoast_head_json":{"title":"Tango, sort - Flensted Mobiles","robots":{"index":"index","follow":"follow","max-snippet":"max-snippet:-1","max-image-preview":"max-image-preview:large","max-video-preview":"max-video-preview:-1"},"canonical":"https:\/\/flenstemp.awork20.dk\/da\/product\/tango-sort\/","og_locale":"da_DK","og_type":"article","og_title":"Tango, sort - Flensted Mobiles","og_description":"Tango, sort Designet af Ole Flensted  Der skal ikke kun to til tango, som man siger. Det kr\u00e6ver ogs\u00e5 en hel del balance.  Det er netop denne perfekte balance mellem materialerne, der f\u00e5r Tango-mobilen til at sv\u00e6ve s\u00e5 elegant og ubesv\u00e6ret.  Denne balance g\u00f8r den til den perfekte dansepartner til luften omkring den, og der er noget sensuelt over Tango \u2013 som n\u00e5r et par bev\u00e6ger sig hen over et dansegulv i en flot tango.  Samtidig er mobilen som et \u00e6stetisk og grafisk design, hvor enkelthed, ynde og elegance understreger denne funktion.  Dette g\u00f8r det nemt for dig at passe Tango ind i ethvert rum af en vis st\u00f8rrelse.","og_url":"https:\/\/flenstemp.awork20.dk\/da\/product\/tango-sort\/","og_site_name":"Flensted Mobiles","article_publisher":"https:\/\/www.facebook.com\/flenstedmobiles","article_modified_time":"2023-09-01T08:12:18+00:00","og_image":[{"width":794,"height":794,"url":"https:\/\/flenstemp.awork20.dk\/wp-content\/uploads\/2021\/12\/FM_133s_tango_black-1.png","type":"image\/png"}],"twitter_card":"summary_large_image","schema":{"@context":"https:\/\/schema.org","@graph":[{"@type":"WebPage","@id":"https:\/\/flenstemp.awork20.dk\/da\/product\/tango-sort\/","url":"https:\/\/flenstemp.awork20.dk\/da\/product\/tango-sort\/","name":"Tango, sort - Flensted Mobiles","isPartOf":{"@id":"https:\/\/flenstemp.awork20.dk\/#website"},"datePublished":"1998-05-25T12:40:05+00:00","dateModified":"2023-09-01T08:12:18+00:00","breadcrumb":{"@id":"https:\/\/flenstemp.awork20.dk\/da\/product\/tango-sort\/#breadcrumb"},"inLanguage":"da-DK","potentialAction":[{"@type":"ReadAction","target":["https:\/\/flenstemp.awork20.dk\/da\/product\/tango-sort\/"]}]},{"@type":"BreadcrumbList","@id":"https:\/\/flenstemp.awork20.dk\/da\/product\/tango-sort\/#breadcrumb","itemListElement":[{"@type":"ListItem","position":1,"name":"Home","item":"https:\/\/flenstemp.awork20.dk\/da\/"},{"@type":"ListItem","position":2,"name":"Products","item":"https:\/\/flenstemp.awork20.dk\/shop\/"},{"@type":"ListItem","position":3,"name":"Tango, sort"}]},{"@type":"WebSite","@id":"https:\/\/flenstemp.awork20.dk\/#website","url":"https:\/\/flenstemp.awork20.dk\/","name":"Flensted Mobiles","description":"Unikke mobiler som skaber ro og balance, i enhvers hjem.","publisher":{"@id":"https:\/\/flenstemp.awork20.dk\/#organization"},"potentialAction":[{"@type":"SearchAction","target":{"@type":"EntryPoint","urlTemplate":"https:\/\/flenstemp.awork20.dk\/?s={search_term_string}"},"query-input":"required name=search_term_string"}],"inLanguage":"da-DK"},{"@type":"Organization","@id":"https:\/\/flenstemp.awork20.dk\/#organization","name":"Flensted Mobiles","url":"https:\/\/flenstemp.awork20.dk\/","logo":{"@type":"ImageObject","inLanguage":"da-DK","@id":"https:\/\/flenstemp.awork20.dk\/#\/schema\/logo\/image\/","url":"https:\/\/flensted-mobiles.com\/wp-content\/uploads\/2022\/03\/FlenstedLogo_med_ramme_100-3.webp","contentUrl":"https:\/\/flensted-mobiles.com\/wp-content\/uploads\/2022\/03\/FlenstedLogo_med_ramme_100-3.webp","width":2118,"height":2118,"caption":"Flensted Mobiles"},"image":{"@id":"https:\/\/flenstemp.awork20.dk\/#\/schema\/logo\/image\/"},"sameAs":["https:\/\/www.facebook.com\/flenstedmobiles"]}]}},"_links":{"self":[{"href":"https:\/\/flenstemp.awork20.dk\/da\/wp-json\/wp\/v2\/product\/1314"}],"collection":[{"href":"https:\/\/flenstemp.awork20.dk\/da\/wp-json\/wp\/v2\/product"}],"about":[{"href":"https:\/\/flenstemp.awork20.dk\/da\/wp-json\/wp\/v2\/types\/product"}],"wp:featuredmedia":[{"embeddable":true,"href":"https:\/\/flenstemp.awork20.dk\/da\/wp-json\/wp\/v2\/media\/4264"}],"wp:attachment":[{"href":"https:\/\/flenstemp.awork20.dk\/da\/wp-json\/wp\/v2\/media?parent=1314"}],"wp:term":[{"taxonomy":"product_cat","embeddable":true,"href":"https:\/\/flenstemp.awork20.dk\/da\/wp-json\/wp\/v2\/product_cat?post=1314"},{"taxonomy":"product_tag","embeddable":true,"href":"https:\/\/flenstemp.awork20.dk\/da\/wp-json\/wp\/v2\/product_tag?post=1314"}],"curies":[{"name":"wp","href":"https:\/\/api.w.org\/{rel}","templated":true}]}}