{"id":1264,"date":"2016-05-24T08:34:33","date_gmt":"2016-05-24T06:34:33","guid":{"rendered":"https:\/\/flenstedmobiles.com\/?post_type=product&#038;p=1264"},"modified":"2022-12-09T15:45:16","modified_gmt":"2022-12-09T14:45:16","slug":"drivende-skyer-sort","status":"publish","type":"product","link":"https:\/\/flenstemp.awork20.dk\/da\/product\/drivende-skyer-sort\/","title":{"rendered":"Drivende skyer, sort"},"content":{"rendered":"","protected":false},"excerpt":{"rendered":"<h1>Drivende skyer, sort<\/h1>\n<p>Designet af Ole Flensted<\/p>\n<p>&nbsp;<\/p>\n<p>Hvis du forestiller dig at kigge op i himlen.<br \/>\nHer ser du Drifting Clouds-mobilen i sine elegante bev\u00e6gelser, som h\u00e6ngende over dig.<\/p>\n<p>&nbsp;<\/p>\n<p>[read_more id=&#8221;1&#8243; more=&#8221;Read more&#8221; less=&#8221;Close&#8221;]<\/p>\n<p>Luk \u00f8jnene og f\u00f8lg dine tanker, hvor end de m\u00e5tte g\u00e5.<\/p>\n<p>&nbsp;<\/p>\n<p>M\u00e5ske tager den dig med p\u00e5 en indre rejse, hvor du ser ned gennem skovens s\u00f8er med deres stenede bund gennem sp\u00e6ndingen i overfladen, der flyder rundt efter \u00e6teren.<\/p>\n<p>&nbsp;<\/p>\n<p>Det er den slags ting, som Drifting Clouds kan g\u00f8re \u2013 tage dig med ud p\u00e5 en let, dejlig rejse.<\/p>\n<p>&nbsp;<\/p>\n<p>Bladene p\u00e5 Drifting Clouds er lavet af finsk sortbejdset h\u00f8jkvalitets krydsfiner, som skaber sit eget univers med de gyldne st\u00e6nger.<\/p>\n<p>&nbsp;<\/p>\n<p>Hvis du kunne t\u00e6nke dig at skabe dit hjem i nordisk stil derhjemme, s\u00e5 er Drifting Clouds i naturfarver m\u00e5ske din favorit.<\/p>\n<p>&nbsp;<\/p>\n<p>Naturens farver skaber en illusion af at ligge p\u00e5 en eng p\u00e5 en varm sommerdag og se p\u00e5 skyerne, der passerer forbi.<\/p>\n<p>&nbsp;<\/p>\n<p>Bem\u00e6rk venligst at denne mobil er ret stor, velegnet til st\u00f8rre rum &#8211; se m\u00e5l<\/p>\n<p>&nbsp;<\/p>\n<p>[\/read_more]<\/p>\n","protected":false},"featured_media":4289,"template":"","meta":[],"product_cat":[960,11875,985,11878],"product_tag":[],"yoast_head":"<!-- This site is optimized with the Yoast SEO plugin v20.8 - https:\/\/yoast.com\/wordpress\/plugins\/seo\/ -->\n<title>Drivende skyer, sort - Flensted Mobiles<\/title>\n<meta name=\"robots\" content=\"index, follow, max-snippet:-1, max-image-preview:large, max-video-preview:-1\" \/>\n<link rel=\"canonical\" href=\"https:\/\/flenstemp.awork20.dk\/da\/product\/drivende-skyer-sort\/\" \/>\n<meta property=\"og:locale\" content=\"da_DK\" \/>\n<meta property=\"og:type\" content=\"article\" \/>\n<meta property=\"og:title\" content=\"Drivende skyer, sort - Flensted Mobiles\" \/>\n<meta property=\"og:description\" content=\"Drivende skyer, sort Designet af Ole Flensted &nbsp; Hvis du forestiller dig at kigge op i himlen. Her ser du Drifting Clouds-mobilen i sine elegante bev\u00e6gelser, som h\u00e6ngende over dig. &nbsp; [read_more id=&quot;1&quot; more=&quot;Read more&quot; less=&quot;Close&quot;] Luk \u00f8jnene og f\u00f8lg dine tanker, hvor end de m\u00e5tte g\u00e5. &nbsp; M\u00e5ske tager den dig med p\u00e5 en indre rejse, hvor du ser ned gennem skovens s\u00f8er med deres stenede bund gennem sp\u00e6ndingen i overfladen, der flyder rundt efter \u00e6teren. &nbsp; Det er den slags ting, som Drifting Clouds kan g\u00f8re \u2013 tage dig med ud p\u00e5 en let, dejlig rejse. &nbsp; Bladene p\u00e5 Drifting Clouds er lavet af finsk sortbejdset h\u00f8jkvalitets krydsfiner, som skaber sit eget univers med de gyldne st\u00e6nger. &nbsp; Hvis du kunne t\u00e6nke dig at skabe dit hjem i nordisk stil derhjemme, s\u00e5 er Drifting Clouds i naturfarver m\u00e5ske din favorit. &nbsp; Naturens farver skaber en illusion af at ligge p\u00e5 en eng p\u00e5 en varm sommerdag og se p\u00e5 skyerne, der passerer forbi. &nbsp; Bem\u00e6rk venligst at denne mobil er ret stor, velegnet til st\u00f8rre rum - se m\u00e5l &nbsp; [\/read_more]\" \/>\n<meta property=\"og:url\" content=\"https:\/\/flenstemp.awork20.dk\/da\/product\/drivende-skyer-sort\/\" \/>\n<meta property=\"og:site_name\" content=\"Flensted Mobiles\" \/>\n<meta property=\"article:publisher\" content=\"https:\/\/www.facebook.com\/flenstedmobiles\" \/>\n<meta property=\"article:modified_time\" content=\"2022-12-09T14:45:16+00:00\" \/>\n<meta property=\"og:image\" content=\"https:\/\/flenstemp.awork20.dk\/wp-content\/uploads\/2021\/12\/FM_158s_drifting_clouds_black-1.png\" \/>\n\t<meta property=\"og:image:width\" content=\"794\" \/>\n\t<meta property=\"og:image:height\" content=\"794\" \/>\n\t<meta property=\"og:image:type\" content=\"image\/png\" \/>\n<meta name=\"twitter:card\" content=\"summary_large_image\" \/>\n<script type=\"application\/ld+json\" class=\"yoast-schema-graph\">{\"@context\":\"https:\/\/schema.org\",\"@graph\":[{\"@type\":\"WebPage\",\"@id\":\"https:\/\/flenstemp.awork20.dk\/da\/product\/drivende-skyer-sort\/\",\"url\":\"https:\/\/flenstemp.awork20.dk\/da\/product\/drivende-skyer-sort\/\",\"name\":\"Drivende skyer, sort - Flensted Mobiles\",\"isPartOf\":{\"@id\":\"https:\/\/flenstemp.awork20.dk\/#website\"},\"datePublished\":\"2016-05-24T06:34:33+00:00\",\"dateModified\":\"2022-12-09T14:45:16+00:00\",\"breadcrumb\":{\"@id\":\"https:\/\/flenstemp.awork20.dk\/da\/product\/drivende-skyer-sort\/#breadcrumb\"},\"inLanguage\":\"da-DK\",\"potentialAction\":[{\"@type\":\"ReadAction\",\"target\":[\"https:\/\/flenstemp.awork20.dk\/da\/product\/drivende-skyer-sort\/\"]}]},{\"@type\":\"BreadcrumbList\",\"@id\":\"https:\/\/flenstemp.awork20.dk\/da\/product\/drivende-skyer-sort\/#breadcrumb\",\"itemListElement\":[{\"@type\":\"ListItem\",\"position\":1,\"name\":\"Home\",\"item\":\"https:\/\/flenstemp.awork20.dk\/da\/\"},{\"@type\":\"ListItem\",\"position\":2,\"name\":\"Products\",\"item\":\"https:\/\/flenstemp.awork20.dk\/shop\/\"},{\"@type\":\"ListItem\",\"position\":3,\"name\":\"Drivende skyer, sort\"}]},{\"@type\":\"WebSite\",\"@id\":\"https:\/\/flenstemp.awork20.dk\/#website\",\"url\":\"https:\/\/flenstemp.awork20.dk\/\",\"name\":\"Flensted Mobiles\",\"description\":\"Unikke mobiler som skaber ro og balance, i enhvers hjem.\",\"publisher\":{\"@id\":\"https:\/\/flenstemp.awork20.dk\/#organization\"},\"potentialAction\":[{\"@type\":\"SearchAction\",\"target\":{\"@type\":\"EntryPoint\",\"urlTemplate\":\"https:\/\/flenstemp.awork20.dk\/?s={search_term_string}\"},\"query-input\":\"required name=search_term_string\"}],\"inLanguage\":\"da-DK\"},{\"@type\":\"Organization\",\"@id\":\"https:\/\/flenstemp.awork20.dk\/#organization\",\"name\":\"Flensted Mobiles\",\"url\":\"https:\/\/flenstemp.awork20.dk\/\",\"logo\":{\"@type\":\"ImageObject\",\"inLanguage\":\"da-DK\",\"@id\":\"https:\/\/flenstemp.awork20.dk\/#\/schema\/logo\/image\/\",\"url\":\"https:\/\/flensted-mobiles.com\/wp-content\/uploads\/2022\/03\/FlenstedLogo_med_ramme_100-3.webp\",\"contentUrl\":\"https:\/\/flensted-mobiles.com\/wp-content\/uploads\/2022\/03\/FlenstedLogo_med_ramme_100-3.webp\",\"width\":2118,\"height\":2118,\"caption\":\"Flensted Mobiles\"},\"image\":{\"@id\":\"https:\/\/flenstemp.awork20.dk\/#\/schema\/logo\/image\/\"},\"sameAs\":[\"https:\/\/www.facebook.com\/flenstedmobiles\"]}]}<\/script>\n<!-- \/ Yoast SEO plugin. -->","yoast_head_json":{"title":"Drivende skyer, sort - Flensted Mobiles","robots":{"index":"index","follow":"follow","max-snippet":"max-snippet:-1","max-image-preview":"max-image-preview:large","max-video-preview":"max-video-preview:-1"},"canonical":"https:\/\/flenstemp.awork20.dk\/da\/product\/drivende-skyer-sort\/","og_locale":"da_DK","og_type":"article","og_title":"Drivende skyer, sort - Flensted Mobiles","og_description":"Drivende skyer, sort Designet af Ole Flensted &nbsp; Hvis du forestiller dig at kigge op i himlen. Her ser du Drifting Clouds-mobilen i sine elegante bev\u00e6gelser, som h\u00e6ngende over dig. &nbsp; [read_more id=\"1\" more=\"Read more\" less=\"Close\"] Luk \u00f8jnene og f\u00f8lg dine tanker, hvor end de m\u00e5tte g\u00e5. &nbsp; M\u00e5ske tager den dig med p\u00e5 en indre rejse, hvor du ser ned gennem skovens s\u00f8er med deres stenede bund gennem sp\u00e6ndingen i overfladen, der flyder rundt efter \u00e6teren. &nbsp; Det er den slags ting, som Drifting Clouds kan g\u00f8re \u2013 tage dig med ud p\u00e5 en let, dejlig rejse. &nbsp; Bladene p\u00e5 Drifting Clouds er lavet af finsk sortbejdset h\u00f8jkvalitets krydsfiner, som skaber sit eget univers med de gyldne st\u00e6nger. &nbsp; Hvis du kunne t\u00e6nke dig at skabe dit hjem i nordisk stil derhjemme, s\u00e5 er Drifting Clouds i naturfarver m\u00e5ske din favorit. &nbsp; Naturens farver skaber en illusion af at ligge p\u00e5 en eng p\u00e5 en varm sommerdag og se p\u00e5 skyerne, der passerer forbi. &nbsp; Bem\u00e6rk venligst at denne mobil er ret stor, velegnet til st\u00f8rre rum - se m\u00e5l &nbsp; [\/read_more]","og_url":"https:\/\/flenstemp.awork20.dk\/da\/product\/drivende-skyer-sort\/","og_site_name":"Flensted Mobiles","article_publisher":"https:\/\/www.facebook.com\/flenstedmobiles","article_modified_time":"2022-12-09T14:45:16+00:00","og_image":[{"width":794,"height":794,"url":"https:\/\/flenstemp.awork20.dk\/wp-content\/uploads\/2021\/12\/FM_158s_drifting_clouds_black-1.png","type":"image\/png"}],"twitter_card":"summary_large_image","schema":{"@context":"https:\/\/schema.org","@graph":[{"@type":"WebPage","@id":"https:\/\/flenstemp.awork20.dk\/da\/product\/drivende-skyer-sort\/","url":"https:\/\/flenstemp.awork20.dk\/da\/product\/drivende-skyer-sort\/","name":"Drivende skyer, sort - Flensted Mobiles","isPartOf":{"@id":"https:\/\/flenstemp.awork20.dk\/#website"},"datePublished":"2016-05-24T06:34:33+00:00","dateModified":"2022-12-09T14:45:16+00:00","breadcrumb":{"@id":"https:\/\/flenstemp.awork20.dk\/da\/product\/drivende-skyer-sort\/#breadcrumb"},"inLanguage":"da-DK","potentialAction":[{"@type":"ReadAction","target":["https:\/\/flenstemp.awork20.dk\/da\/product\/drivende-skyer-sort\/"]}]},{"@type":"BreadcrumbList","@id":"https:\/\/flenstemp.awork20.dk\/da\/product\/drivende-skyer-sort\/#breadcrumb","itemListElement":[{"@type":"ListItem","position":1,"name":"Home","item":"https:\/\/flenstemp.awork20.dk\/da\/"},{"@type":"ListItem","position":2,"name":"Products","item":"https:\/\/flenstemp.awork20.dk\/shop\/"},{"@type":"ListItem","position":3,"name":"Drivende skyer, sort"}]},{"@type":"WebSite","@id":"https:\/\/flenstemp.awork20.dk\/#website","url":"https:\/\/flenstemp.awork20.dk\/","name":"Flensted Mobiles","description":"Unikke mobiler som skaber ro og balance, i enhvers hjem.","publisher":{"@id":"https:\/\/flenstemp.awork20.dk\/#organization"},"potentialAction":[{"@type":"SearchAction","target":{"@type":"EntryPoint","urlTemplate":"https:\/\/flenstemp.awork20.dk\/?s={search_term_string}"},"query-input":"required name=search_term_string"}],"inLanguage":"da-DK"},{"@type":"Organization","@id":"https:\/\/flenstemp.awork20.dk\/#organization","name":"Flensted Mobiles","url":"https:\/\/flenstemp.awork20.dk\/","logo":{"@type":"ImageObject","inLanguage":"da-DK","@id":"https:\/\/flenstemp.awork20.dk\/#\/schema\/logo\/image\/","url":"https:\/\/flensted-mobiles.com\/wp-content\/uploads\/2022\/03\/FlenstedLogo_med_ramme_100-3.webp","contentUrl":"https:\/\/flensted-mobiles.com\/wp-content\/uploads\/2022\/03\/FlenstedLogo_med_ramme_100-3.webp","width":2118,"height":2118,"caption":"Flensted Mobiles"},"image":{"@id":"https:\/\/flenstemp.awork20.dk\/#\/schema\/logo\/image\/"},"sameAs":["https:\/\/www.facebook.com\/flenstedmobiles"]}]}},"_links":{"self":[{"href":"https:\/\/flenstemp.awork20.dk\/da\/wp-json\/wp\/v2\/product\/1264"}],"collection":[{"href":"https:\/\/flenstemp.awork20.dk\/da\/wp-json\/wp\/v2\/product"}],"about":[{"href":"https:\/\/flenstemp.awork20.dk\/da\/wp-json\/wp\/v2\/types\/product"}],"wp:featuredmedia":[{"embeddable":true,"href":"https:\/\/flenstemp.awork20.dk\/da\/wp-json\/wp\/v2\/media\/4289"}],"wp:attachment":[{"href":"https:\/\/flenstemp.awork20.dk\/da\/wp-json\/wp\/v2\/media?parent=1264"}],"wp:term":[{"taxonomy":"product_cat","embeddable":true,"href":"https:\/\/flenstemp.awork20.dk\/da\/wp-json\/wp\/v2\/product_cat?post=1264"},{"taxonomy":"product_tag","embeddable":true,"href":"https:\/\/flenstemp.awork20.dk\/da\/wp-json\/wp\/v2\/product_tag?post=1264"}],"curies":[{"name":"wp","href":"https:\/\/api.w.org\/{rel}","templated":true}]}}