{"id":1262,"date":"2016-05-24T08:35:24","date_gmt":"2016-05-24T06:35:24","guid":{"rendered":"https:\/\/flenstedmobiles.com\/?post_type=product&#038;p=1262"},"modified":"2023-08-31T09:11:27","modified_gmt":"2023-08-31T07:11:27","slug":"drifting-clouds-natur","status":"publish","type":"product","link":"https:\/\/flenstemp.awork20.dk\/da\/product\/drifting-clouds-natur\/","title":{"rendered":"Drifting Clouds, natur"},"content":{"rendered":"","protected":false},"excerpt":{"rendered":"<h1><strong>Drifting Clouds, nature<\/strong><\/h1>\n<p>Designet af Ole Flensted<\/p>\n<p>Forestil dig, at du kigger op i himlen. Kigger p\u00e5 drivende skyer, der h\u00e6nger over dig.<\/p>\n<p>F\u00f8lg dens elegante bev\u00e6gelser. Luk derefter \u00f8jnene et \u00f8jeblik og se, hvor dine tanker f\u00f8rer dig hen.<\/p>\n<p>M\u00e5ske ligger du pludselig p\u00e5 en gr\u00e6smark p\u00e5 en varm sommerdag og ser skyerne passere forbi p\u00e5 en bl\u00e5 himmel?<\/p>\n<p>Det er lige netop det som Drifting Clouds kan \u2013 tage dig med ud p\u00e5 en let, dejlig rejse.<\/p>\n<p>Bladene p\u00e5 Drifting Clouds er lavet af finsk krydsfiner af h\u00f8j kvalitet, hvilket f\u00e5r mobilen til at passe godt sammen med moderne interi\u00f8r i skandinavisk stil.<\/p>\n<p>Hvis du gerne vil have en lidt mere markant &#8216;flyvende skulptur&#8217;, en der g\u00f8r mere det modsatte og skiller sig ud mod omgivelserne, s\u00e5 er Drifting Clouds i den &#8216;sorte&#8217; udgave noget for dig.<\/p>\n<p>Her er de finske krydsfinerblade blevet sortfarvet, s\u00e5 de skiller sig ud mod mobilens gyldne b\u00f8jler.<\/p>\n<p>Bem\u00e6rk venligst at denne mobil er ret stor, velegnet til st\u00f8rre rum &#8211; Se m\u00e5l.<\/p>\n","protected":false},"featured_media":4290,"template":"","meta":[],"product_cat":[960,11875,985,11878],"product_tag":[12623,12622],"yoast_head":"<!-- This site is optimized with the Yoast SEO plugin v20.8 - https:\/\/yoast.com\/wordpress\/plugins\/seo\/ -->\n<title>Drifting Clouds, natur - Flensted Mobiles<\/title>\n<meta name=\"robots\" content=\"index, follow, max-snippet:-1, max-image-preview:large, max-video-preview:-1\" \/>\n<link rel=\"canonical\" href=\"https:\/\/flenstemp.awork20.dk\/da\/product\/drifting-clouds-natur\/\" \/>\n<meta property=\"og:locale\" content=\"da_DK\" \/>\n<meta property=\"og:type\" content=\"article\" \/>\n<meta property=\"og:title\" content=\"Drifting Clouds, natur - Flensted Mobiles\" \/>\n<meta property=\"og:description\" content=\"Drifting Clouds, nature Designet af Ole Flensted  Forestil dig, at du kigger op i himlen. Kigger p\u00e5 drivende skyer, der h\u00e6nger over dig.  F\u00f8lg dens elegante bev\u00e6gelser. Luk derefter \u00f8jnene et \u00f8jeblik og se, hvor dine tanker f\u00f8rer dig hen.  M\u00e5ske ligger du pludselig p\u00e5 en gr\u00e6smark p\u00e5 en varm sommerdag og ser skyerne passere forbi p\u00e5 en bl\u00e5 himmel?  Det er lige netop det som Drifting Clouds kan \u2013 tage dig med ud p\u00e5 en let, dejlig rejse.  Bladene p\u00e5 Drifting Clouds er lavet af finsk krydsfiner af h\u00f8j kvalitet, hvilket f\u00e5r mobilen til at passe godt sammen med moderne interi\u00f8r i skandinavisk stil.  Hvis du gerne vil have en lidt mere markant &#039;flyvende skulptur&#039;, en der g\u00f8r mere det modsatte og skiller sig ud mod omgivelserne, s\u00e5 er Drifting Clouds i den &#039;sorte&#039; udgave noget for dig.  Her er de finske krydsfinerblade blevet sortfarvet, s\u00e5 de skiller sig ud mod mobilens gyldne b\u00f8jler.  Bem\u00e6rk venligst at denne mobil er ret stor, velegnet til st\u00f8rre rum - Se m\u00e5l.\" \/>\n<meta property=\"og:url\" content=\"https:\/\/flenstemp.awork20.dk\/da\/product\/drifting-clouds-natur\/\" \/>\n<meta property=\"og:site_name\" content=\"Flensted Mobiles\" \/>\n<meta property=\"article:publisher\" content=\"https:\/\/www.facebook.com\/flenstedmobiles\" \/>\n<meta property=\"article:modified_time\" content=\"2023-08-31T07:11:27+00:00\" \/>\n<meta property=\"og:image\" content=\"https:\/\/flenstemp.awork20.dk\/wp-content\/uploads\/2021\/12\/FM_158_drifting_clouds-1.png\" \/>\n\t<meta property=\"og:image:width\" content=\"794\" \/>\n\t<meta property=\"og:image:height\" content=\"794\" \/>\n\t<meta property=\"og:image:type\" content=\"image\/png\" \/>\n<meta name=\"twitter:card\" content=\"summary_large_image\" \/>\n<script type=\"application\/ld+json\" class=\"yoast-schema-graph\">{\"@context\":\"https:\/\/schema.org\",\"@graph\":[{\"@type\":\"WebPage\",\"@id\":\"https:\/\/flenstemp.awork20.dk\/da\/product\/drifting-clouds-natur\/\",\"url\":\"https:\/\/flenstemp.awork20.dk\/da\/product\/drifting-clouds-natur\/\",\"name\":\"Drifting Clouds, natur - Flensted Mobiles\",\"isPartOf\":{\"@id\":\"https:\/\/flenstemp.awork20.dk\/#website\"},\"datePublished\":\"2016-05-24T06:35:24+00:00\",\"dateModified\":\"2023-08-31T07:11:27+00:00\",\"breadcrumb\":{\"@id\":\"https:\/\/flenstemp.awork20.dk\/da\/product\/drifting-clouds-natur\/#breadcrumb\"},\"inLanguage\":\"da-DK\",\"potentialAction\":[{\"@type\":\"ReadAction\",\"target\":[\"https:\/\/flenstemp.awork20.dk\/da\/product\/drifting-clouds-natur\/\"]}]},{\"@type\":\"BreadcrumbList\",\"@id\":\"https:\/\/flenstemp.awork20.dk\/da\/product\/drifting-clouds-natur\/#breadcrumb\",\"itemListElement\":[{\"@type\":\"ListItem\",\"position\":1,\"name\":\"Home\",\"item\":\"https:\/\/flenstemp.awork20.dk\/da\/\"},{\"@type\":\"ListItem\",\"position\":2,\"name\":\"Products\",\"item\":\"https:\/\/flenstemp.awork20.dk\/shop\/\"},{\"@type\":\"ListItem\",\"position\":3,\"name\":\"Drifting Clouds, natur\"}]},{\"@type\":\"WebSite\",\"@id\":\"https:\/\/flenstemp.awork20.dk\/#website\",\"url\":\"https:\/\/flenstemp.awork20.dk\/\",\"name\":\"Flensted Mobiles\",\"description\":\"Unikke mobiler som skaber ro og balance, i enhvers hjem.\",\"publisher\":{\"@id\":\"https:\/\/flenstemp.awork20.dk\/#organization\"},\"potentialAction\":[{\"@type\":\"SearchAction\",\"target\":{\"@type\":\"EntryPoint\",\"urlTemplate\":\"https:\/\/flenstemp.awork20.dk\/?s={search_term_string}\"},\"query-input\":\"required name=search_term_string\"}],\"inLanguage\":\"da-DK\"},{\"@type\":\"Organization\",\"@id\":\"https:\/\/flenstemp.awork20.dk\/#organization\",\"name\":\"Flensted Mobiles\",\"url\":\"https:\/\/flenstemp.awork20.dk\/\",\"logo\":{\"@type\":\"ImageObject\",\"inLanguage\":\"da-DK\",\"@id\":\"https:\/\/flenstemp.awork20.dk\/#\/schema\/logo\/image\/\",\"url\":\"https:\/\/flensted-mobiles.com\/wp-content\/uploads\/2022\/03\/FlenstedLogo_med_ramme_100-3.webp\",\"contentUrl\":\"https:\/\/flensted-mobiles.com\/wp-content\/uploads\/2022\/03\/FlenstedLogo_med_ramme_100-3.webp\",\"width\":2118,\"height\":2118,\"caption\":\"Flensted Mobiles\"},\"image\":{\"@id\":\"https:\/\/flenstemp.awork20.dk\/#\/schema\/logo\/image\/\"},\"sameAs\":[\"https:\/\/www.facebook.com\/flenstedmobiles\"]}]}<\/script>\n<!-- \/ Yoast SEO plugin. -->","yoast_head_json":{"title":"Drifting Clouds, natur - Flensted Mobiles","robots":{"index":"index","follow":"follow","max-snippet":"max-snippet:-1","max-image-preview":"max-image-preview:large","max-video-preview":"max-video-preview:-1"},"canonical":"https:\/\/flenstemp.awork20.dk\/da\/product\/drifting-clouds-natur\/","og_locale":"da_DK","og_type":"article","og_title":"Drifting Clouds, natur - Flensted Mobiles","og_description":"Drifting Clouds, nature Designet af Ole Flensted  Forestil dig, at du kigger op i himlen. Kigger p\u00e5 drivende skyer, der h\u00e6nger over dig.  F\u00f8lg dens elegante bev\u00e6gelser. Luk derefter \u00f8jnene et \u00f8jeblik og se, hvor dine tanker f\u00f8rer dig hen.  M\u00e5ske ligger du pludselig p\u00e5 en gr\u00e6smark p\u00e5 en varm sommerdag og ser skyerne passere forbi p\u00e5 en bl\u00e5 himmel?  Det er lige netop det som Drifting Clouds kan \u2013 tage dig med ud p\u00e5 en let, dejlig rejse.  Bladene p\u00e5 Drifting Clouds er lavet af finsk krydsfiner af h\u00f8j kvalitet, hvilket f\u00e5r mobilen til at passe godt sammen med moderne interi\u00f8r i skandinavisk stil.  Hvis du gerne vil have en lidt mere markant 'flyvende skulptur', en der g\u00f8r mere det modsatte og skiller sig ud mod omgivelserne, s\u00e5 er Drifting Clouds i den 'sorte' udgave noget for dig.  Her er de finske krydsfinerblade blevet sortfarvet, s\u00e5 de skiller sig ud mod mobilens gyldne b\u00f8jler.  Bem\u00e6rk venligst at denne mobil er ret stor, velegnet til st\u00f8rre rum - Se m\u00e5l.","og_url":"https:\/\/flenstemp.awork20.dk\/da\/product\/drifting-clouds-natur\/","og_site_name":"Flensted Mobiles","article_publisher":"https:\/\/www.facebook.com\/flenstedmobiles","article_modified_time":"2023-08-31T07:11:27+00:00","og_image":[{"width":794,"height":794,"url":"https:\/\/flenstemp.awork20.dk\/wp-content\/uploads\/2021\/12\/FM_158_drifting_clouds-1.png","type":"image\/png"}],"twitter_card":"summary_large_image","schema":{"@context":"https:\/\/schema.org","@graph":[{"@type":"WebPage","@id":"https:\/\/flenstemp.awork20.dk\/da\/product\/drifting-clouds-natur\/","url":"https:\/\/flenstemp.awork20.dk\/da\/product\/drifting-clouds-natur\/","name":"Drifting Clouds, natur - Flensted Mobiles","isPartOf":{"@id":"https:\/\/flenstemp.awork20.dk\/#website"},"datePublished":"2016-05-24T06:35:24+00:00","dateModified":"2023-08-31T07:11:27+00:00","breadcrumb":{"@id":"https:\/\/flenstemp.awork20.dk\/da\/product\/drifting-clouds-natur\/#breadcrumb"},"inLanguage":"da-DK","potentialAction":[{"@type":"ReadAction","target":["https:\/\/flenstemp.awork20.dk\/da\/product\/drifting-clouds-natur\/"]}]},{"@type":"BreadcrumbList","@id":"https:\/\/flenstemp.awork20.dk\/da\/product\/drifting-clouds-natur\/#breadcrumb","itemListElement":[{"@type":"ListItem","position":1,"name":"Home","item":"https:\/\/flenstemp.awork20.dk\/da\/"},{"@type":"ListItem","position":2,"name":"Products","item":"https:\/\/flenstemp.awork20.dk\/shop\/"},{"@type":"ListItem","position":3,"name":"Drifting Clouds, natur"}]},{"@type":"WebSite","@id":"https:\/\/flenstemp.awork20.dk\/#website","url":"https:\/\/flenstemp.awork20.dk\/","name":"Flensted Mobiles","description":"Unikke mobiler som skaber ro og balance, i enhvers hjem.","publisher":{"@id":"https:\/\/flenstemp.awork20.dk\/#organization"},"potentialAction":[{"@type":"SearchAction","target":{"@type":"EntryPoint","urlTemplate":"https:\/\/flenstemp.awork20.dk\/?s={search_term_string}"},"query-input":"required name=search_term_string"}],"inLanguage":"da-DK"},{"@type":"Organization","@id":"https:\/\/flenstemp.awork20.dk\/#organization","name":"Flensted Mobiles","url":"https:\/\/flenstemp.awork20.dk\/","logo":{"@type":"ImageObject","inLanguage":"da-DK","@id":"https:\/\/flenstemp.awork20.dk\/#\/schema\/logo\/image\/","url":"https:\/\/flensted-mobiles.com\/wp-content\/uploads\/2022\/03\/FlenstedLogo_med_ramme_100-3.webp","contentUrl":"https:\/\/flensted-mobiles.com\/wp-content\/uploads\/2022\/03\/FlenstedLogo_med_ramme_100-3.webp","width":2118,"height":2118,"caption":"Flensted Mobiles"},"image":{"@id":"https:\/\/flenstemp.awork20.dk\/#\/schema\/logo\/image\/"},"sameAs":["https:\/\/www.facebook.com\/flenstedmobiles"]}]}},"_links":{"self":[{"href":"https:\/\/flenstemp.awork20.dk\/da\/wp-json\/wp\/v2\/product\/1262"}],"collection":[{"href":"https:\/\/flenstemp.awork20.dk\/da\/wp-json\/wp\/v2\/product"}],"about":[{"href":"https:\/\/flenstemp.awork20.dk\/da\/wp-json\/wp\/v2\/types\/product"}],"wp:featuredmedia":[{"embeddable":true,"href":"https:\/\/flenstemp.awork20.dk\/da\/wp-json\/wp\/v2\/media\/4290"}],"wp:attachment":[{"href":"https:\/\/flenstemp.awork20.dk\/da\/wp-json\/wp\/v2\/media?parent=1262"}],"wp:term":[{"taxonomy":"product_cat","embeddable":true,"href":"https:\/\/flenstemp.awork20.dk\/da\/wp-json\/wp\/v2\/product_cat?post=1262"},{"taxonomy":"product_tag","embeddable":true,"href":"https:\/\/flenstemp.awork20.dk\/da\/wp-json\/wp\/v2\/product_tag?post=1262"}],"curies":[{"name":"wp","href":"https:\/\/api.w.org\/{rel}","templated":true}]}}