{"id":1228,"date":"2010-12-20T16:13:21","date_gmt":"2010-12-20T15:13:21","guid":{"rendered":"https:\/\/flenstedmobiles.com\/?post_type=product&#038;p=1228"},"modified":"2023-01-17T11:27:50","modified_gmt":"2023-01-17T10:27:50","slug":"starry-night-7","status":"publish","type":"product","link":"https:\/\/flenstemp.awork20.dk\/da\/product\/starry-night-7\/","title":{"rendered":"Starry Night 7"},"content":{"rendered":"","protected":false},"excerpt":{"rendered":"<h1>Starry Night 7<\/h1>\n<p><em>Designet af Carina Caia &amp; Ole Flensted<\/em><\/p>\n<p>&nbsp;<\/p>\n<p>En ny Flensted-mobil, &#8220;Starry Night 7&#8221;, en st\u00f8rre version af sidste \u00e5rs nyeste &#8220;Starry Night 4&#8243;.<\/p>\n<p>Mobilen er i lette materialer, der nemt kan reng\u00f8res med en klud.<\/p>\n<p>Stjernerne adskiller sig i st\u00f8rrelser i tredimensionelle former. Inde i stjernerne er der en anden stjerneform og fuldender Stjernenat.<\/p>\n<p>[read_more id=&#8221;1&#8243; more=&#8221;Se mere&#8221; less=&#8221;Se mindre&#8221;]<\/p>\n<p>Dette giver den smukkeste skyggeeffekt p\u00e5 v\u00e6ggene. Denne mobil tager dine \u00f8jne og sind med p\u00e5 et eventyr blandt stjerner.<\/p>\n<p>Det roterende center i messing ender med gyldne kugler.<\/p>\n<p>Ole Flensted siger om \u201dStjernenat\u201d:<\/p>\n<p>\u201dHvem har ikke en smuk stjerneklar nat dr\u00f8mt sig v\u00e6k p\u00e5 et eventyr blandt stjernerne? Den id\u00e9 og de f\u00f8lelser er, hvad vi fors\u00f8gte at beholde i skabelsen. De lette materialer, kendte former i nye kombinationer og samspillet mellem lys og skygge, bev\u00e6gelse og balance \u2013 det er det, der definerer Flensted Mobiles\u201d<\/p>\n<p>[\/read_more]<\/p>\n","protected":false},"featured_media":4309,"template":"","meta":[],"product_cat":[960,11875,11914,990,983,11892],"product_tag":[],"yoast_head":"<!-- This site is optimized with the Yoast SEO plugin v20.8 - https:\/\/yoast.com\/wordpress\/plugins\/seo\/ -->\n<title>Starry Night 7 - Flensted Mobiles<\/title>\n<meta name=\"robots\" content=\"index, follow, max-snippet:-1, max-image-preview:large, max-video-preview:-1\" \/>\n<link rel=\"canonical\" href=\"https:\/\/flenstemp.awork20.dk\/da\/product\/starry-night-7\/\" \/>\n<meta property=\"og:locale\" content=\"da_DK\" \/>\n<meta property=\"og:type\" content=\"article\" \/>\n<meta property=\"og:title\" content=\"Starry Night 7 - Flensted Mobiles\" \/>\n<meta property=\"og:description\" content=\"Starry Night 7 Designet af Carina Caia &amp; Ole Flensted  &nbsp;  En ny Flensted-mobil, &quot;Starry Night 7&quot;, en st\u00f8rre version af sidste \u00e5rs nyeste &quot;Starry Night 4&quot;.  Mobilen er i lette materialer, der nemt kan reng\u00f8res med en klud.  Stjernerne adskiller sig i st\u00f8rrelser i tredimensionelle former. Inde i stjernerne er der en anden stjerneform og fuldender Stjernenat.  [read_more id=&quot;1&quot; more=&quot;Se mere&quot; less=&quot;Se mindre&quot;]  Dette giver den smukkeste skyggeeffekt p\u00e5 v\u00e6ggene. Denne mobil tager dine \u00f8jne og sind med p\u00e5 et eventyr blandt stjerner.  Det roterende center i messing ender med gyldne kugler.  Ole Flensted siger om \u201dStjernenat\u201d:  \u201dHvem har ikke en smuk stjerneklar nat dr\u00f8mt sig v\u00e6k p\u00e5 et eventyr blandt stjernerne? Den id\u00e9 og de f\u00f8lelser er, hvad vi fors\u00f8gte at beholde i skabelsen. De lette materialer, kendte former i nye kombinationer og samspillet mellem lys og skygge, bev\u00e6gelse og balance \u2013 det er det, der definerer Flensted Mobiles\u201d  [\/read_more]\" \/>\n<meta property=\"og:url\" content=\"https:\/\/flenstemp.awork20.dk\/da\/product\/starry-night-7\/\" \/>\n<meta property=\"og:site_name\" content=\"Flensted Mobiles\" \/>\n<meta property=\"article:publisher\" content=\"https:\/\/www.facebook.com\/flenstedmobiles\" \/>\n<meta property=\"article:modified_time\" content=\"2023-01-17T10:27:50+00:00\" \/>\n<meta property=\"og:image\" content=\"https:\/\/flenstemp.awork20.dk\/wp-content\/uploads\/2021\/12\/FM-163B_OL_0001-1-1024x1024.png\" \/>\n\t<meta property=\"og:image:width\" content=\"1024\" \/>\n\t<meta property=\"og:image:height\" content=\"1024\" \/>\n\t<meta property=\"og:image:type\" content=\"image\/png\" \/>\n<meta name=\"twitter:card\" content=\"summary_large_image\" \/>\n<script type=\"application\/ld+json\" class=\"yoast-schema-graph\">{\"@context\":\"https:\/\/schema.org\",\"@graph\":[{\"@type\":\"WebPage\",\"@id\":\"https:\/\/flenstemp.awork20.dk\/da\/product\/starry-night-7\/\",\"url\":\"https:\/\/flenstemp.awork20.dk\/da\/product\/starry-night-7\/\",\"name\":\"Starry Night 7 - Flensted Mobiles\",\"isPartOf\":{\"@id\":\"https:\/\/flenstemp.awork20.dk\/#website\"},\"datePublished\":\"2010-12-20T15:13:21+00:00\",\"dateModified\":\"2023-01-17T10:27:50+00:00\",\"breadcrumb\":{\"@id\":\"https:\/\/flenstemp.awork20.dk\/da\/product\/starry-night-7\/#breadcrumb\"},\"inLanguage\":\"da-DK\",\"potentialAction\":[{\"@type\":\"ReadAction\",\"target\":[\"https:\/\/flenstemp.awork20.dk\/da\/product\/starry-night-7\/\"]}]},{\"@type\":\"BreadcrumbList\",\"@id\":\"https:\/\/flenstemp.awork20.dk\/da\/product\/starry-night-7\/#breadcrumb\",\"itemListElement\":[{\"@type\":\"ListItem\",\"position\":1,\"name\":\"Home\",\"item\":\"https:\/\/flenstemp.awork20.dk\/da\/\"},{\"@type\":\"ListItem\",\"position\":2,\"name\":\"Products\",\"item\":\"https:\/\/flenstemp.awork20.dk\/shop\/\"},{\"@type\":\"ListItem\",\"position\":3,\"name\":\"Starry Night 7\"}]},{\"@type\":\"WebSite\",\"@id\":\"https:\/\/flenstemp.awork20.dk\/#website\",\"url\":\"https:\/\/flenstemp.awork20.dk\/\",\"name\":\"Flensted Mobiles\",\"description\":\"Unikke mobiler som skaber ro og balance, i enhvers hjem.\",\"publisher\":{\"@id\":\"https:\/\/flenstemp.awork20.dk\/#organization\"},\"potentialAction\":[{\"@type\":\"SearchAction\",\"target\":{\"@type\":\"EntryPoint\",\"urlTemplate\":\"https:\/\/flenstemp.awork20.dk\/?s={search_term_string}\"},\"query-input\":\"required name=search_term_string\"}],\"inLanguage\":\"da-DK\"},{\"@type\":\"Organization\",\"@id\":\"https:\/\/flenstemp.awork20.dk\/#organization\",\"name\":\"Flensted Mobiles\",\"url\":\"https:\/\/flenstemp.awork20.dk\/\",\"logo\":{\"@type\":\"ImageObject\",\"inLanguage\":\"da-DK\",\"@id\":\"https:\/\/flenstemp.awork20.dk\/#\/schema\/logo\/image\/\",\"url\":\"https:\/\/flensted-mobiles.com\/wp-content\/uploads\/2022\/03\/FlenstedLogo_med_ramme_100-3.webp\",\"contentUrl\":\"https:\/\/flensted-mobiles.com\/wp-content\/uploads\/2022\/03\/FlenstedLogo_med_ramme_100-3.webp\",\"width\":2118,\"height\":2118,\"caption\":\"Flensted Mobiles\"},\"image\":{\"@id\":\"https:\/\/flenstemp.awork20.dk\/#\/schema\/logo\/image\/\"},\"sameAs\":[\"https:\/\/www.facebook.com\/flenstedmobiles\"]}]}<\/script>\n<!-- \/ Yoast SEO plugin. -->","yoast_head_json":{"title":"Starry Night 7 - Flensted Mobiles","robots":{"index":"index","follow":"follow","max-snippet":"max-snippet:-1","max-image-preview":"max-image-preview:large","max-video-preview":"max-video-preview:-1"},"canonical":"https:\/\/flenstemp.awork20.dk\/da\/product\/starry-night-7\/","og_locale":"da_DK","og_type":"article","og_title":"Starry Night 7 - Flensted Mobiles","og_description":"Starry Night 7 Designet af Carina Caia &amp; Ole Flensted  &nbsp;  En ny Flensted-mobil, \"Starry Night 7\", en st\u00f8rre version af sidste \u00e5rs nyeste \"Starry Night 4\".  Mobilen er i lette materialer, der nemt kan reng\u00f8res med en klud.  Stjernerne adskiller sig i st\u00f8rrelser i tredimensionelle former. Inde i stjernerne er der en anden stjerneform og fuldender Stjernenat.  [read_more id=\"1\" more=\"Se mere\" less=\"Se mindre\"]  Dette giver den smukkeste skyggeeffekt p\u00e5 v\u00e6ggene. Denne mobil tager dine \u00f8jne og sind med p\u00e5 et eventyr blandt stjerner.  Det roterende center i messing ender med gyldne kugler.  Ole Flensted siger om \u201dStjernenat\u201d:  \u201dHvem har ikke en smuk stjerneklar nat dr\u00f8mt sig v\u00e6k p\u00e5 et eventyr blandt stjernerne? Den id\u00e9 og de f\u00f8lelser er, hvad vi fors\u00f8gte at beholde i skabelsen. De lette materialer, kendte former i nye kombinationer og samspillet mellem lys og skygge, bev\u00e6gelse og balance \u2013 det er det, der definerer Flensted Mobiles\u201d  [\/read_more]","og_url":"https:\/\/flenstemp.awork20.dk\/da\/product\/starry-night-7\/","og_site_name":"Flensted Mobiles","article_publisher":"https:\/\/www.facebook.com\/flenstedmobiles","article_modified_time":"2023-01-17T10:27:50+00:00","og_image":[{"width":1024,"height":1024,"url":"https:\/\/flenstemp.awork20.dk\/wp-content\/uploads\/2021\/12\/FM-163B_OL_0001-1-1024x1024.png","type":"image\/png"}],"twitter_card":"summary_large_image","schema":{"@context":"https:\/\/schema.org","@graph":[{"@type":"WebPage","@id":"https:\/\/flenstemp.awork20.dk\/da\/product\/starry-night-7\/","url":"https:\/\/flenstemp.awork20.dk\/da\/product\/starry-night-7\/","name":"Starry Night 7 - Flensted Mobiles","isPartOf":{"@id":"https:\/\/flenstemp.awork20.dk\/#website"},"datePublished":"2010-12-20T15:13:21+00:00","dateModified":"2023-01-17T10:27:50+00:00","breadcrumb":{"@id":"https:\/\/flenstemp.awork20.dk\/da\/product\/starry-night-7\/#breadcrumb"},"inLanguage":"da-DK","potentialAction":[{"@type":"ReadAction","target":["https:\/\/flenstemp.awork20.dk\/da\/product\/starry-night-7\/"]}]},{"@type":"BreadcrumbList","@id":"https:\/\/flenstemp.awork20.dk\/da\/product\/starry-night-7\/#breadcrumb","itemListElement":[{"@type":"ListItem","position":1,"name":"Home","item":"https:\/\/flenstemp.awork20.dk\/da\/"},{"@type":"ListItem","position":2,"name":"Products","item":"https:\/\/flenstemp.awork20.dk\/shop\/"},{"@type":"ListItem","position":3,"name":"Starry Night 7"}]},{"@type":"WebSite","@id":"https:\/\/flenstemp.awork20.dk\/#website","url":"https:\/\/flenstemp.awork20.dk\/","name":"Flensted Mobiles","description":"Unikke mobiler som skaber ro og balance, i enhvers hjem.","publisher":{"@id":"https:\/\/flenstemp.awork20.dk\/#organization"},"potentialAction":[{"@type":"SearchAction","target":{"@type":"EntryPoint","urlTemplate":"https:\/\/flenstemp.awork20.dk\/?s={search_term_string}"},"query-input":"required name=search_term_string"}],"inLanguage":"da-DK"},{"@type":"Organization","@id":"https:\/\/flenstemp.awork20.dk\/#organization","name":"Flensted Mobiles","url":"https:\/\/flenstemp.awork20.dk\/","logo":{"@type":"ImageObject","inLanguage":"da-DK","@id":"https:\/\/flenstemp.awork20.dk\/#\/schema\/logo\/image\/","url":"https:\/\/flensted-mobiles.com\/wp-content\/uploads\/2022\/03\/FlenstedLogo_med_ramme_100-3.webp","contentUrl":"https:\/\/flensted-mobiles.com\/wp-content\/uploads\/2022\/03\/FlenstedLogo_med_ramme_100-3.webp","width":2118,"height":2118,"caption":"Flensted Mobiles"},"image":{"@id":"https:\/\/flenstemp.awork20.dk\/#\/schema\/logo\/image\/"},"sameAs":["https:\/\/www.facebook.com\/flenstedmobiles"]}]}},"_links":{"self":[{"href":"https:\/\/flenstemp.awork20.dk\/da\/wp-json\/wp\/v2\/product\/1228"}],"collection":[{"href":"https:\/\/flenstemp.awork20.dk\/da\/wp-json\/wp\/v2\/product"}],"about":[{"href":"https:\/\/flenstemp.awork20.dk\/da\/wp-json\/wp\/v2\/types\/product"}],"wp:featuredmedia":[{"embeddable":true,"href":"https:\/\/flenstemp.awork20.dk\/da\/wp-json\/wp\/v2\/media\/4309"}],"wp:attachment":[{"href":"https:\/\/flenstemp.awork20.dk\/da\/wp-json\/wp\/v2\/media?parent=1228"}],"wp:term":[{"taxonomy":"product_cat","embeddable":true,"href":"https:\/\/flenstemp.awork20.dk\/da\/wp-json\/wp\/v2\/product_cat?post=1228"},{"taxonomy":"product_tag","embeddable":true,"href":"https:\/\/flenstemp.awork20.dk\/da\/wp-json\/wp\/v2\/product_tag?post=1228"}],"curies":[{"name":"wp","href":"https:\/\/api.w.org\/{rel}","templated":true}]}}