{"id":8866,"date":"2021-12-03T12:03:45","date_gmt":"2021-12-03T11:03:45","guid":{"rendered":"https:\/\/flensted-mobiles.com\/?page_id=8866"},"modified":"2022-09-02T09:38:07","modified_gmt":"2022-09-02T07:38:07","slug":"handelsbetingelser","status":"publish","type":"page","link":"https:\/\/flenstemp.awork20.dk\/da\/handelsbetingelser\/","title":{"rendered":"Handelsbetingelser"},"content":{"rendered":"\t\t<div data-elementor-type=\"wp-page\" data-elementor-id=\"8866\" class=\"elementor elementor-8866\">\n\t\t\t\t\t\t<div class=\"elementor-inner\">\n\t\t\t\t<div class=\"elementor-section-wrap\">\n\t\t\t\t\t\t\t\t\t<section class=\"elementor-section elementor-top-section elementor-element elementor-element-6b8dc66b elementor-section-boxed elementor-section-height-default elementor-section-height-default wpr-particle-no wpr-jarallax-no wpr-parallax-no wpr-sticky-section-no\" data-id=\"6b8dc66b\" data-element_type=\"section\">\n\t\t\t\t\t\t<div class=\"elementor-container elementor-column-gap-default\">\n\t\t\t\t\t\t\t<div class=\"elementor-row\">\n\t\t\t\t\t<div class=\"elementor-column elementor-col-100 elementor-top-column elementor-element elementor-element-77742d0\" data-id=\"77742d0\" data-element_type=\"column\" data-settings=\"{&quot;background_background&quot;:&quot;classic&quot;}\">\n\t\t\t<div class=\"elementor-column-wrap elementor-element-populated\">\n\t\t\t\t\t\t\t<div class=\"elementor-widget-wrap\">\n\t\t\t\t\t\t<div class=\"elementor-element elementor-element-475df2a3 elementor-widget elementor-widget-text-editor\" data-id=\"475df2a3\" data-element_type=\"widget\" data-widget_type=\"text-editor.default\">\n\t\t\t\t<div class=\"elementor-widget-container\">\n\t\t\t\t\t\t\t\t<div class=\"elementor-text-editor elementor-clearfix\">\n\t\t\t\t<div class=\"col-12 story-headline\">\n<h1>Handelsbetingelser<\/h1>\n<\/div>\t\t\t\t\t<\/div>\n\t\t\t\t\t\t<\/div>\n\t\t\t\t<\/div>\n\t\t\t\t<section class=\"elementor-section elementor-inner-section elementor-element elementor-element-2ddb6d20 elementor-section-boxed elementor-section-height-default elementor-section-height-default wpr-particle-no wpr-jarallax-no wpr-parallax-no wpr-sticky-section-no\" data-id=\"2ddb6d20\" data-element_type=\"section\">\n\t\t\t\t\t\t<div class=\"elementor-container elementor-column-gap-default\">\n\t\t\t\t\t\t\t<div class=\"elementor-row\">\n\t\t\t\t\t<div class=\"elementor-column elementor-col-50 elementor-inner-column elementor-element elementor-element-51572175\" data-id=\"51572175\" data-element_type=\"column\">\n\t\t\t<div class=\"elementor-column-wrap elementor-element-populated\">\n\t\t\t\t\t\t\t<div class=\"elementor-widget-wrap\">\n\t\t\t\t\t\t<div class=\"elementor-element elementor-element-7de138bf elementor-widget elementor-widget-text-editor\" data-id=\"7de138bf\" data-element_type=\"widget\" data-widget_type=\"text-editor.default\">\n\t\t\t\t<div class=\"elementor-widget-container\">\n\t\t\t\t\t\t\t\t<div class=\"elementor-text-editor elementor-clearfix\">\n\t\t\t\t<p><strong>Handelsbetingelser for Web Shop ordre ved Flensted Mobiler aps<\/strong><\/p><p>\u00a0<\/p><p>\u00a0<\/p><h2>Betaling<\/h2><p>Flensted Mobiler aps modtager betaling med Dankort\/VISA-Dankort og Mastercard. Betaling vil f\u00f8rst blive trukket, n\u00e5r varen afsendes.<\/p><p>\u00a0<\/p><p>Alle bel\u00f8b er i danske kroner incl. moms.<\/p><p>\u00a0<\/p><p>Flensted Mobiler aps bruger en godkendt betalingsserver, der krypterer alle dine kortoplysninger med SSL (Secure Socket Layer) protokol. Det betyder, at man ikke kan afl\u00e6se dine informationer.<\/p><p>\u00a0<\/p><p>\u00a0<\/p><h3>Levering<\/h3><p>Flensted Mobiler aps leverer p\u00e5 alle hverdage, enten med PostNord eller GLS. Levering kun til GLS-shops og PostNord shops.<\/p><p>\u00a0<\/p><p>Bestillinger afsendes f\u00f8rste hverdag efter bestilling. Derefter tager transporttiden typisk 1-2 hverdage.<\/p><p>\u00a0<\/p><p>Flensted Mobiler aps leverer kun inden for Danmarks gr\u00e6nser, ekskl. Gr\u00f8nland og F\u00e6r\u00f8erne, samt til Sverige.<\/p><p>\u00a0<\/p><p>\u00a0<\/p><h4>Reklamationsret<\/h4><p>Der gives 2 \u00e5rs reklamationsret i henhold til k\u00f8beloven. Vores reklamationsret g\u00e6lder for fejl i materiale og\/eller fabrikation.<\/p><p>\u00a0<\/p><p>Reklamationen g\u00e6lder ikke fejl eller skader beg\u00e5et ved forkert betjening af mobilen.<\/p><p>\u00a0<\/p><p>\u00a0<\/p><p><strong>Ved evt. returnering<\/strong><br \/>Inden returnering skal du rette henvendelse til customerservice@flensted-mobiles.com og f\u00f8rst derefter skal mobilen sendes til:<\/p><p>\u00a0<\/p><p>Flensted Mobiler<br \/>Brovej 6<br \/>5464 Brenderup<\/p><p>\u00a0<\/p><p>Der modtages ikke pakker sendt pr. efterkrav.<\/p><p>\u00a0<\/p><p><strong>Refusion<\/strong><\/p><p>Hvis der er aftalt refusion, s\u00e5 bedes du sende dine bankoplysninger, s\u00e5 vi kan overf\u00f8re det aftalte bel\u00f8b. Mobilen pris refunderes fuldt ud (se under fortrydelsesret), men du skal selv betale porto for returneringen.<\/p><h5>Persondata<\/h5><p>Flensted Mobiler aps, Brovej 6, 5464 Brenderup, CVR. 70637618, er ansvarlig for de oplysninger du afgiver til Flensted Mobiler aps.<\/p><p>\u00a0<\/p><p>Vi har brug for f\u00f8lgende oplysninger, n\u00e5r du handler hos os: Navn, adresse, tlf.nr. mailadresse, transaktionsbel\u00f8b og dato. Vi registrerer og videregiver de personoplysninger til PostNord, GLS eller anden transport\u00f8r, som er n\u00f8dvendige for at kunne levere varen til dig. Personoplysningerne registreres hos Flensted Mobiles og opbevares fem \u00e5r i.h.t. regnskabsloven, hvorefter oplysningerne slettes.<\/p><p>\u00a0<\/p><p>Dine oplysninger er derudover kun tilg\u00e6ngelige for ansatte hos Flensted Mobiler aps i det omfang det er n\u00f8dvendigt for at kunne ekspedere din ordre og yde den n\u00f8dvendige service.<\/p><p>\u00a0<\/p><p>For at kunne betjene dig bedst muligt, samarbejder vi herudover med en r\u00e6kke andre virksomheder, som opbevarer og behandler vores data og dine oplysninger. Virksomhederne behandler udelukkende oplysninger p\u00e5 vores vegne og m\u00e5 ikke bruge dem til egne form\u00e5l. Vi samarbejder kun med databehandlere i EU, der kan give dine oplysninger en tilstr\u00e6kkelig beskyttelse.<\/p><p>\u00a0<\/p><p>Den dataansvarlige hos Flensted-mobiles.com er Flensted Mobiler aps. Du har ret til at f\u00e5 oplyst, hvilke oplysninger vi behandler om dig. I nogle tilf\u00e6lde har vi pligt til at slette dine persondata, hvis du beder om det. Det kan f.eks. v\u00e6re, hvis dine data ikke l\u00e6ngere er n\u00f8dvendige i forhold til det form\u00e5l, som vi skulle bruge dem til.<\/p>\t\t\t\t\t<\/div>\n\t\t\t\t\t\t<\/div>\n\t\t\t\t<\/div>\n\t\t\t\t\t\t<\/div>\n\t\t\t\t\t<\/div>\n\t\t<\/div>\n\t\t\t\t<div class=\"elementor-column elementor-col-50 elementor-inner-column elementor-element elementor-element-33a23080\" data-id=\"33a23080\" data-element_type=\"column\">\n\t\t\t<div class=\"elementor-column-wrap elementor-element-populated\">\n\t\t\t\t\t\t\t<div class=\"elementor-widget-wrap\">\n\t\t\t\t\t\t<div class=\"elementor-element elementor-element-4b8e6801 elementor-widget elementor-widget-text-editor\" data-id=\"4b8e6801\" data-element_type=\"widget\" data-widget_type=\"text-editor.default\">\n\t\t\t\t<div class=\"elementor-widget-container\">\n\t\t\t\t\t\t\t\t<div class=\"elementor-text-editor elementor-clearfix\">\n\t\t\t\t<p>Du kan kontakte os p\u00e5 customerservice@flensted-mobiles.com, hvis du mener dine persondata bliver behandlet i strid med lovgivningen.<\/p><p>\u00a0<\/p><p>Du har mulighed for at tilmelde dig nyhedsbrev p\u00e5 vor hjemmeside. Ved din tilmelding registrerer vi din e-mail adresse, samt de oplysninger du har givet i den forbindelse. Disse oplysninger bliver kun brugt af Flensted Mobiler aps til udsendelse af nyhedsbreve. Du kan framelde dig nyhedsbrev direkte i nyhedsbrevet eller p\u00e5 vor hjemmeside.<\/p><p>\u00a0<\/p><p>\u00a0<\/p><h2>Slet cookie:<\/h2><p>N\u00e5r du bes\u00f8ger Flensted-mobiler.dk gemmes informationer \u2013 s\u00e5kaldte cookies \u2013 om at du har bes\u00f8gt websitet. Som f\u00f8lge af dette f\u00e5r Flensted Mobiler information om, hvor mange bes\u00f8gende vi har, og hvilke sider, som er mest bes\u00f8gt.<\/p><p>\u00a0<\/p><p>Du har ved foresp\u00f8rgsel ret til at f\u00e5 indsigt i, hvilke personlige oplysninger vi har registreret om dig, og du kan g\u00f8re indsigelse mod en registrering i henhold til reglerne i persondataloven.<\/p><p>\u00a0<\/p><p>\u00a0<\/p><h4>Fortrydelsesret<\/h4><p>Vi giver 14 dages returret p\u00e5 mobiler k\u00f8bt i vores Webshop. Perioden regnes fra den dag, hvor du modtager ordren.<\/p><p>\u00a0<\/p><p>Fortrydelse skal anmeldes til os senest 14 dage efter k\u00f8bet og fra fortrydelsen skal du senest 14 dage efter returnere forsendelsen.<\/p><p>\u00a0<\/p><p>Meddelelsen skal gives pr. mail til customerservice@flensted-mobiles.com.<\/p><p>Du kan ikke fortryde ved blot at n\u00e6gte modtagelse uden samtidig at have aftalt dette med os.<\/p><p>\u00a0<\/p><p><strong>Varens stand, n\u00e5r du sender den retur<\/strong><br \/>Du h\u00e6fter kun for eventuel forringelse af varens v\u00e6rdi, som skyldes anden h\u00e5ndtering, end hvad der er n\u00f8dvendigt for at fastsl\u00e5 om mobilen er som \u00f8nsket p\u00e5 samme m\u00e5de, som hvis du s\u00e5 den i en fysisk butik.<\/p><p>For at mobilen ikke g\u00e5r i filter eller p\u00e5 anden m\u00e5de bliver \u00f8delagt under returneringen, er det vigtigt at den bliver pakket ned p\u00e5 samme \u2013 eller n\u00e6sten samme \u2013 m\u00e5de som den blev modtaget. Vi kan anbefale dig at tage foto under udpakningen af mobilen.<\/p><p>\u00a0<\/p><p>Hvis mobilen er h\u00e5ndteret udover, hvad der er beskrevet ovenfor, betragter vi den som brugt, hvilket betyder, at du ved fortrydelse af k\u00f8bet kun f\u00e5r en del eller intet af k\u00f8bsbel\u00f8bet retur, afh\u00e6ngig af mobilens handelsm\u00e6ssige v\u00e6rdi.<\/p><p>\u00a0<\/p><p>For at modtage hele k\u00f8bsbel\u00f8bet retur m\u00e5 du alts\u00e5 kun g\u00f8re det samme, som man kan i en fysisk butik. Du m\u00e5 se p\u00e5 varen, men ikke tage den i egentlig brug.<\/p><p>\u00a0<\/p><p>\u00a0<\/p><h5>Klagemuligheder \u2013 oversigt og links:<\/h5><p>Har du en klage over et produkt, k\u00f8bt i vores Webshop, kan der sendes en klage til:<\/p><p>\u00a0<\/p><p>Konkurrence- og Forbrugerstyrelsens Center for Klagel\u00f8sning<br \/>Carl Jacobsens Vej 35<br \/>2500 Valby<br \/><a href=\"http:\/\/www.forbrug.dk\/\" target=\"_blank\" rel=\"noopener\">www.forbrug.dk<\/a><\/p><p>\u00a0<\/p><p>Hvis du er forbruger med bop\u00e6l i et andet EU-land, kan du angive din klage i EU Kommissionens online klageplatform.<\/p><p>\u00a0<\/p><p>Platformen findes\u00a0<a href=\"http:\/\/ec.europa.eu\/consumers\/odr\/\" target=\"_blank\" rel=\"noopener\">her<\/a><br \/>Angiver du en klage her, skal du oplyse vores E-mail adresse: webordre@flensted-mobiles.com<\/p>\t\t\t\t\t<\/div>\n\t\t\t\t\t\t<\/div>\n\t\t\t\t<\/div>\n\t\t\t\t\t\t<\/div>\n\t\t\t\t\t<\/div>\n\t\t<\/div>\n\t\t\t\t\t\t\t\t<\/div>\n\t\t\t\t\t<\/div>\n\t\t<\/section>\n\t\t\t\t\t\t<\/div>\n\t\t\t\t\t<\/div>\n\t\t<\/div>\n\t\t\t\t\t\t\t\t<\/div>\n\t\t\t\t\t<\/div>\n\t\t<\/section>\n\t\t\t\t\t\t\t\t\t<\/div>\n\t\t\t<\/div>\n\t\t\t\t\t<\/div>\n\t\t","protected":false},"excerpt":{"rendered":"<p>Handelsbetingelser Handelsbetingelser for Web Shop ordre ved Flensted Mobiler aps Betaling Flensted Mobiler aps modtager betaling med Dankort\/VISA-Dankort og Mastercard. Betaling vil f\u00f8rst blive trukket, n\u00e5r varen afsendes. Alle bel\u00f8b er i danske kroner incl. moms. Flensted Mobiler aps bruger en godkendt betalingsserver, der krypterer alle dine kortoplysninger med SSL (Secure Socket Layer) protokol. Det [&hellip;]<\/p>\n","protected":false},"author":1,"featured_media":0,"parent":0,"menu_order":0,"comment_status":"closed","ping_status":"closed","template":"elementor_header_footer","meta":[],"yoast_head":"<!-- This site is optimized with the Yoast SEO plugin v20.8 - https:\/\/yoast.com\/wordpress\/plugins\/seo\/ -->\n<title>Handelsbetingelser - Flensted Mobiles<\/title>\n<meta name=\"description\" content=\"Hos Flensted Mobiles giver vi 14 dages returret p\u00e5 uroer og mobiler, der er k\u00f8bt i vores webshop. L\u00e6s mere i vores handelsbetingelser her.\" \/>\n<meta name=\"robots\" content=\"index, follow, max-snippet:-1, max-image-preview:large, max-video-preview:-1\" \/>\n<link rel=\"canonical\" href=\"https:\/\/flenstemp.awork20.dk\/da\/handelsbetingelser\/\" \/>\n<meta property=\"og:locale\" content=\"da_DK\" \/>\n<meta property=\"og:type\" content=\"article\" \/>\n<meta property=\"og:title\" content=\"Handelsbetingelser - Flensted Mobiles\" \/>\n<meta property=\"og:description\" content=\"Hos Flensted Mobiles giver vi 14 dages returret p\u00e5 uroer og mobiler, der er k\u00f8bt i vores webshop. L\u00e6s mere i vores handelsbetingelser her.\" \/>\n<meta property=\"og:url\" content=\"https:\/\/flenstemp.awork20.dk\/da\/handelsbetingelser\/\" \/>\n<meta property=\"og:site_name\" content=\"Flensted Mobiles\" \/>\n<meta property=\"article:publisher\" content=\"https:\/\/www.facebook.com\/flenstedmobiles\" \/>\n<meta property=\"article:modified_time\" content=\"2022-09-02T07:38:07+00:00\" \/>\n<meta name=\"twitter:card\" content=\"summary_large_image\" \/>\n<meta name=\"twitter:label1\" content=\"Estimeret l\u00e6setid\" \/>\n\t<meta name=\"twitter:data1\" content=\"5 minutter\" \/>\n<script type=\"application\/ld+json\" class=\"yoast-schema-graph\">{\"@context\":\"https:\/\/schema.org\",\"@graph\":[{\"@type\":\"WebPage\",\"@id\":\"https:\/\/flenstemp.awork20.dk\/da\/handelsbetingelser\/\",\"url\":\"https:\/\/flenstemp.awork20.dk\/da\/handelsbetingelser\/\",\"name\":\"Handelsbetingelser - Flensted Mobiles\",\"isPartOf\":{\"@id\":\"https:\/\/flenstemp.awork20.dk\/#website\"},\"datePublished\":\"2021-12-03T11:03:45+00:00\",\"dateModified\":\"2022-09-02T07:38:07+00:00\",\"description\":\"Hos Flensted Mobiles giver vi 14 dages returret p\u00e5 uroer og mobiler, der er k\u00f8bt i vores webshop. L\u00e6s mere i vores handelsbetingelser her.\",\"breadcrumb\":{\"@id\":\"https:\/\/flenstemp.awork20.dk\/da\/handelsbetingelser\/#breadcrumb\"},\"inLanguage\":\"da-DK\",\"potentialAction\":[{\"@type\":\"ReadAction\",\"target\":[\"https:\/\/flenstemp.awork20.dk\/da\/handelsbetingelser\/\"]}]},{\"@type\":\"BreadcrumbList\",\"@id\":\"https:\/\/flenstemp.awork20.dk\/da\/handelsbetingelser\/#breadcrumb\",\"itemListElement\":[{\"@type\":\"ListItem\",\"position\":1,\"name\":\"Home\",\"item\":\"https:\/\/flenstemp.awork20.dk\/da\/\"},{\"@type\":\"ListItem\",\"position\":2,\"name\":\"Handelsbetingelser\"}]},{\"@type\":\"WebSite\",\"@id\":\"https:\/\/flenstemp.awork20.dk\/#website\",\"url\":\"https:\/\/flenstemp.awork20.dk\/\",\"name\":\"Flensted Mobiles\",\"description\":\"Unikke mobiler som skaber ro og balance, i enhvers hjem.\",\"publisher\":{\"@id\":\"https:\/\/flenstemp.awork20.dk\/#organization\"},\"potentialAction\":[{\"@type\":\"SearchAction\",\"target\":{\"@type\":\"EntryPoint\",\"urlTemplate\":\"https:\/\/flenstemp.awork20.dk\/?s={search_term_string}\"},\"query-input\":\"required name=search_term_string\"}],\"inLanguage\":\"da-DK\"},{\"@type\":\"Organization\",\"@id\":\"https:\/\/flenstemp.awork20.dk\/#organization\",\"name\":\"Flensted Mobiles\",\"url\":\"https:\/\/flenstemp.awork20.dk\/\",\"logo\":{\"@type\":\"ImageObject\",\"inLanguage\":\"da-DK\",\"@id\":\"https:\/\/flenstemp.awork20.dk\/#\/schema\/logo\/image\/\",\"url\":\"https:\/\/flensted-mobiles.com\/wp-content\/uploads\/2022\/03\/FlenstedLogo_med_ramme_100-3.webp\",\"contentUrl\":\"https:\/\/flensted-mobiles.com\/wp-content\/uploads\/2022\/03\/FlenstedLogo_med_ramme_100-3.webp\",\"width\":2118,\"height\":2118,\"caption\":\"Flensted Mobiles\"},\"image\":{\"@id\":\"https:\/\/flenstemp.awork20.dk\/#\/schema\/logo\/image\/\"},\"sameAs\":[\"https:\/\/www.facebook.com\/flenstedmobiles\"]}]}<\/script>\n<!-- \/ Yoast SEO plugin. -->","yoast_head_json":{"title":"Handelsbetingelser - Flensted Mobiles","description":"Hos Flensted Mobiles giver vi 14 dages returret p\u00e5 uroer og mobiler, der er k\u00f8bt i vores webshop. L\u00e6s mere i vores handelsbetingelser her.","robots":{"index":"index","follow":"follow","max-snippet":"max-snippet:-1","max-image-preview":"max-image-preview:large","max-video-preview":"max-video-preview:-1"},"canonical":"https:\/\/flenstemp.awork20.dk\/da\/handelsbetingelser\/","og_locale":"da_DK","og_type":"article","og_title":"Handelsbetingelser - Flensted Mobiles","og_description":"Hos Flensted Mobiles giver vi 14 dages returret p\u00e5 uroer og mobiler, der er k\u00f8bt i vores webshop. L\u00e6s mere i vores handelsbetingelser her.","og_url":"https:\/\/flenstemp.awork20.dk\/da\/handelsbetingelser\/","og_site_name":"Flensted Mobiles","article_publisher":"https:\/\/www.facebook.com\/flenstedmobiles","article_modified_time":"2022-09-02T07:38:07+00:00","twitter_card":"summary_large_image","twitter_misc":{"Estimeret l\u00e6setid":"5 minutter"},"schema":{"@context":"https:\/\/schema.org","@graph":[{"@type":"WebPage","@id":"https:\/\/flenstemp.awork20.dk\/da\/handelsbetingelser\/","url":"https:\/\/flenstemp.awork20.dk\/da\/handelsbetingelser\/","name":"Handelsbetingelser - Flensted Mobiles","isPartOf":{"@id":"https:\/\/flenstemp.awork20.dk\/#website"},"datePublished":"2021-12-03T11:03:45+00:00","dateModified":"2022-09-02T07:38:07+00:00","description":"Hos Flensted Mobiles giver vi 14 dages returret p\u00e5 uroer og mobiler, der er k\u00f8bt i vores webshop. L\u00e6s mere i vores handelsbetingelser her.","breadcrumb":{"@id":"https:\/\/flenstemp.awork20.dk\/da\/handelsbetingelser\/#breadcrumb"},"inLanguage":"da-DK","potentialAction":[{"@type":"ReadAction","target":["https:\/\/flenstemp.awork20.dk\/da\/handelsbetingelser\/"]}]},{"@type":"BreadcrumbList","@id":"https:\/\/flenstemp.awork20.dk\/da\/handelsbetingelser\/#breadcrumb","itemListElement":[{"@type":"ListItem","position":1,"name":"Home","item":"https:\/\/flenstemp.awork20.dk\/da\/"},{"@type":"ListItem","position":2,"name":"Handelsbetingelser"}]},{"@type":"WebSite","@id":"https:\/\/flenstemp.awork20.dk\/#website","url":"https:\/\/flenstemp.awork20.dk\/","name":"Flensted Mobiles","description":"Unikke mobiler som skaber ro og balance, i enhvers hjem.","publisher":{"@id":"https:\/\/flenstemp.awork20.dk\/#organization"},"potentialAction":[{"@type":"SearchAction","target":{"@type":"EntryPoint","urlTemplate":"https:\/\/flenstemp.awork20.dk\/?s={search_term_string}"},"query-input":"required name=search_term_string"}],"inLanguage":"da-DK"},{"@type":"Organization","@id":"https:\/\/flenstemp.awork20.dk\/#organization","name":"Flensted Mobiles","url":"https:\/\/flenstemp.awork20.dk\/","logo":{"@type":"ImageObject","inLanguage":"da-DK","@id":"https:\/\/flenstemp.awork20.dk\/#\/schema\/logo\/image\/","url":"https:\/\/flensted-mobiles.com\/wp-content\/uploads\/2022\/03\/FlenstedLogo_med_ramme_100-3.webp","contentUrl":"https:\/\/flensted-mobiles.com\/wp-content\/uploads\/2022\/03\/FlenstedLogo_med_ramme_100-3.webp","width":2118,"height":2118,"caption":"Flensted Mobiles"},"image":{"@id":"https:\/\/flenstemp.awork20.dk\/#\/schema\/logo\/image\/"},"sameAs":["https:\/\/www.facebook.com\/flenstedmobiles"]}]}},"_links":{"self":[{"href":"https:\/\/flenstemp.awork20.dk\/da\/wp-json\/wp\/v2\/pages\/8866"}],"collection":[{"href":"https:\/\/flenstemp.awork20.dk\/da\/wp-json\/wp\/v2\/pages"}],"about":[{"href":"https:\/\/flenstemp.awork20.dk\/da\/wp-json\/wp\/v2\/types\/page"}],"author":[{"embeddable":true,"href":"https:\/\/flenstemp.awork20.dk\/da\/wp-json\/wp\/v2\/users\/1"}],"replies":[{"embeddable":true,"href":"https:\/\/flenstemp.awork20.dk\/da\/wp-json\/wp\/v2\/comments?post=8866"}],"version-history":[{"count":15,"href":"https:\/\/flenstemp.awork20.dk\/da\/wp-json\/wp\/v2\/pages\/8866\/revisions"}],"predecessor-version":[{"id":52999,"href":"https:\/\/flenstemp.awork20.dk\/da\/wp-json\/wp\/v2\/pages\/8866\/revisions\/52999"}],"wp:attachment":[{"href":"https:\/\/flenstemp.awork20.dk\/da\/wp-json\/wp\/v2\/media?parent=8866"}],"curies":[{"name":"wp","href":"https:\/\/api.w.org\/{rel}","templated":true}]}}