{"id":1102,"date":"2021-12-03T13:30:35","date_gmt":"2021-12-03T12:30:35","guid":{"rendered":"https:\/\/flenstedmobiles.com\/?page_id=1102"},"modified":"2022-10-06T13:59:51","modified_gmt":"2022-10-06T11:59:51","slug":"hvad-er-en-mobile","status":"publish","type":"page","link":"https:\/\/flenstemp.awork20.dk\/da\/faq-3\/hvad-er-en-mobile\/","title":{"rendered":"Hvad er en mobile?"},"content":{"rendered":"\t\t<div data-elementor-type=\"wp-page\" data-elementor-id=\"1102\" class=\"elementor elementor-1102 elementor-288\">\n\t\t\t\t\t\t<div class=\"elementor-inner\">\n\t\t\t\t<div class=\"elementor-section-wrap\">\n\t\t\t\t\t\t\t\t\t<section class=\"elementor-section elementor-top-section elementor-element elementor-element-6f723c00 elementor-section-boxed elementor-section-height-default elementor-section-height-default wpr-particle-no wpr-jarallax-no wpr-parallax-no wpr-sticky-section-no\" data-id=\"6f723c00\" data-element_type=\"section\" data-settings=\"{&quot;background_background&quot;:&quot;classic&quot;}\">\n\t\t\t\t\t\t<div class=\"elementor-container elementor-column-gap-default\">\n\t\t\t\t\t\t\t<div class=\"elementor-row\">\n\t\t\t\t\t<div class=\"elementor-column elementor-col-33 elementor-top-column elementor-element elementor-element-3ebb19fd\" data-id=\"3ebb19fd\" data-element_type=\"column\" data-settings=\"{&quot;background_background&quot;:&quot;classic&quot;}\">\n\t\t\t<div class=\"elementor-column-wrap elementor-element-populated\">\n\t\t\t\t\t\t\t<div class=\"elementor-widget-wrap\">\n\t\t\t\t\t\t<div class=\"elementor-element elementor-element-1ba1acd1 elementor-widget elementor-widget-heading\" data-id=\"1ba1acd1\" data-element_type=\"widget\" data-widget_type=\"heading.default\">\n\t\t\t\t<div class=\"elementor-widget-container\">\n\t\t\t<h2 class=\"elementor-heading-title elementor-size-default\">FAQ<\/h2>\t\t<\/div>\n\t\t\t\t<\/div>\n\t\t\t\t<div class=\"elementor-element elementor-element-7014cb4e elementor-widget elementor-widget-accordion\" data-id=\"7014cb4e\" data-element_type=\"widget\" data-widget_type=\"accordion.default\">\n\t\t\t\t<div class=\"elementor-widget-container\">\n\t\t\t\t\t<div class=\"elementor-accordion\" role=\"tablist\">\n\t\t\t\t\t\t\t<div class=\"elementor-accordion-item\">\n\t\t\t\t\t<div id=\"elementor-tab-title-1881\" class=\"elementor-tab-title\" data-tab=\"1\" role=\"tab\" aria-controls=\"elementor-tab-content-1881\" aria-expanded=\"false\">\n\t\t\t\t\t\t\t\t\t\t\t\t\t<span class=\"elementor-accordion-icon elementor-accordion-icon-right\" aria-hidden=\"true\">\n\t\t\t\t\t\t\t\t\t\t\t\t\t\t\t<span class=\"elementor-accordion-icon-closed\"><i class=\"fas fa-plus\"><\/i><\/span>\n\t\t\t\t\t\t\t\t<span class=\"elementor-accordion-icon-opened\"><i class=\"fas fa-minus\"><\/i><\/span>\n\t\t\t\t\t\t\t\t\t\t\t\t\t\t<\/span>\n\t\t\t\t\t\t\t\t\t\t\t\t<a class=\"elementor-accordion-title\" href=\"\">L\u00e6s mere<\/a>\n\t\t\t\t\t<\/div>\n\t\t\t\t\t<div id=\"elementor-tab-content-1881\" class=\"elementor-tab-content elementor-clearfix\" data-tab=\"1\" role=\"tabpanel\" aria-labelledby=\"elementor-tab-title-1881\"><p><strong>Hvad er en mobile?<\/strong><\/p><p><a style=\"color: #9ea2a6 !important; font-weight: 500;\" href=\"\/da\/faq-3\/mobilehospitalet\/\">Mobilehospitalet<\/a><\/p><\/div>\n\t\t\t\t<\/div>\n\t\t\t\t\t\t\t\t<\/div>\n\t\t\t\t<\/div>\n\t\t\t\t<\/div>\n\t\t\t\t\t\t<\/div>\n\t\t\t\t\t<\/div>\n\t\t<\/div>\n\t\t\t\t<div class=\"elementor-column elementor-col-66 elementor-top-column elementor-element elementor-element-570e98bb\" data-id=\"570e98bb\" data-element_type=\"column\">\n\t\t\t<div class=\"elementor-column-wrap elementor-element-populated\">\n\t\t\t\t\t\t\t<div class=\"elementor-widget-wrap\">\n\t\t\t\t\t\t<div class=\"elementor-element elementor-element-20b43d58 elementor-widget elementor-widget-image\" data-id=\"20b43d58\" data-element_type=\"widget\" data-widget_type=\"image.default\">\n\t\t\t\t<div class=\"elementor-widget-container\">\n\t\t\t\t\t\t\t\t<div class=\"elementor-image\">\n\t\t\t\t\t\t\t\t\t\t\t\t<img decoding=\"async\" width=\"1240\" height=\"596\" src=\"https:\/\/flenstemp.awork20.dk\/wp-content\/uploads\/2021\/12\/1_mobilevaeg_omos_landingpage_flensted-mobiles-1-1.jpg\" class=\"attachment-full size-full wp-image-293\" alt=\"Flensted Mobiles har et stort udvalg af mobiler og uroer, der er den perfekte barselsgave til mor, v\u00e6rtindegave eller andet\" srcset=\"https:\/\/flenstemp.awork20.dk\/wp-content\/uploads\/2021\/12\/1_mobilevaeg_omos_landingpage_flensted-mobiles-1-1.jpg 1240w, https:\/\/flenstemp.awork20.dk\/wp-content\/uploads\/2021\/12\/1_mobilevaeg_omos_landingpage_flensted-mobiles-1-1-300x144.jpg 300w, https:\/\/flenstemp.awork20.dk\/wp-content\/uploads\/2021\/12\/1_mobilevaeg_omos_landingpage_flensted-mobiles-1-1-1024x492.jpg 1024w, https:\/\/flenstemp.awork20.dk\/wp-content\/uploads\/2021\/12\/1_mobilevaeg_omos_landingpage_flensted-mobiles-1-1-768x369.jpg 768w, https:\/\/flenstemp.awork20.dk\/wp-content\/uploads\/2021\/12\/1_mobilevaeg_omos_landingpage_flensted-mobiles-1-1-416x200.jpg 416w\" sizes=\"(max-width: 1240px) 100vw, 1240px\" \/>\t\t\t\t\t\t\t\t\t\t\t\t\t\t<\/div>\n\t\t\t\t\t\t<\/div>\n\t\t\t\t<\/div>\n\t\t\t\t\t\t<\/div>\n\t\t\t\t\t<\/div>\n\t\t<\/div>\n\t\t\t\t\t\t\t\t<\/div>\n\t\t\t\t\t<\/div>\n\t\t<\/section>\n\t\t\t\t<section class=\"elementor-section elementor-top-section elementor-element elementor-element-2aa0a510 elementor-section-boxed elementor-section-height-default elementor-section-height-default wpr-particle-no wpr-jarallax-no wpr-parallax-no wpr-sticky-section-no\" data-id=\"2aa0a510\" data-element_type=\"section\" data-settings=\"{&quot;background_background&quot;:&quot;classic&quot;}\">\n\t\t\t\t\t\t<div class=\"elementor-container elementor-column-gap-default\">\n\t\t\t\t\t\t\t<div class=\"elementor-row\">\n\t\t\t\t\t<div class=\"elementor-column elementor-col-100 elementor-top-column elementor-element elementor-element-78d8e89c\" data-id=\"78d8e89c\" data-element_type=\"column\" data-settings=\"{&quot;background_background&quot;:&quot;classic&quot;}\">\n\t\t\t<div class=\"elementor-column-wrap elementor-element-populated\">\n\t\t\t\t\t\t\t<div class=\"elementor-widget-wrap\">\n\t\t\t\t\t\t<section class=\"elementor-section elementor-inner-section elementor-element elementor-element-77e14902 elementor-section-boxed elementor-section-height-default elementor-section-height-default wpr-particle-no wpr-jarallax-no wpr-parallax-no wpr-sticky-section-no\" data-id=\"77e14902\" data-element_type=\"section\">\n\t\t\t\t\t\t<div class=\"elementor-container elementor-column-gap-default\">\n\t\t\t\t\t\t\t<div class=\"elementor-row\">\n\t\t\t\t\t<div class=\"elementor-column elementor-col-100 elementor-inner-column elementor-element elementor-element-43ae616\" data-id=\"43ae616\" data-element_type=\"column\">\n\t\t\t<div class=\"elementor-column-wrap elementor-element-populated\">\n\t\t\t\t\t\t\t<div class=\"elementor-widget-wrap\">\n\t\t\t\t\t\t<div class=\"elementor-element elementor-element-42cc0094 elementor-widget elementor-widget-heading\" data-id=\"42cc0094\" data-element_type=\"widget\" data-widget_type=\"heading.default\">\n\t\t\t\t<div class=\"elementor-widget-container\">\n\t\t\t<h2 class=\"elementor-heading-title elementor-size-default\">En mobile \u2013 en livagtig skabning<\/h2>\t\t<\/div>\n\t\t\t\t<\/div>\n\t\t\t\t\t\t<\/div>\n\t\t\t\t\t<\/div>\n\t\t<\/div>\n\t\t\t\t\t\t\t\t<\/div>\n\t\t\t\t\t<\/div>\n\t\t<\/section>\n\t\t\t\t<section class=\"elementor-section elementor-inner-section elementor-element elementor-element-739acf26 elementor-section-boxed elementor-section-height-default elementor-section-height-default wpr-particle-no wpr-jarallax-no wpr-parallax-no wpr-sticky-section-no\" data-id=\"739acf26\" data-element_type=\"section\">\n\t\t\t\t\t\t<div class=\"elementor-container elementor-column-gap-default\">\n\t\t\t\t\t\t\t<div class=\"elementor-row\">\n\t\t\t\t\t<div class=\"elementor-column elementor-col-50 elementor-inner-column elementor-element elementor-element-51eb1199\" data-id=\"51eb1199\" data-element_type=\"column\">\n\t\t\t<div class=\"elementor-column-wrap elementor-element-populated\">\n\t\t\t\t\t\t\t<div class=\"elementor-widget-wrap\">\n\t\t\t\t\t\t<div class=\"elementor-element elementor-element-64217c26 elementor-widget elementor-widget-image\" data-id=\"64217c26\" data-element_type=\"widget\" data-widget_type=\"image.default\">\n\t\t\t\t<div class=\"elementor-widget-container\">\n\t\t\t\t\t\t\t\t<div class=\"elementor-image\">\n\t\t\t\t\t\t\t\t\t\t\t\t<img decoding=\"async\" width=\"398\" height=\"398\" src=\"https:\/\/flenstemp.awork20.dk\/wp-content\/uploads\/2021\/12\/4_christian_flensted_standing_flensted-mobiles-1.jpg\" class=\"attachment-large size-large wp-image-294\" alt=\"Grundl\u00e6gger bag uroer og mobiler hos Flensted Mobiles\" srcset=\"https:\/\/flenstemp.awork20.dk\/wp-content\/uploads\/2021\/12\/4_christian_flensted_standing_flensted-mobiles-1.jpg 398w, https:\/\/flenstemp.awork20.dk\/wp-content\/uploads\/2021\/12\/4_christian_flensted_standing_flensted-mobiles-1-300x300.jpg 300w, https:\/\/flenstemp.awork20.dk\/wp-content\/uploads\/2021\/12\/4_christian_flensted_standing_flensted-mobiles-1-150x150.jpg 150w, https:\/\/flenstemp.awork20.dk\/wp-content\/uploads\/2021\/12\/4_christian_flensted_standing_flensted-mobiles-1-324x324.jpg 324w, https:\/\/flenstemp.awork20.dk\/wp-content\/uploads\/2021\/12\/4_christian_flensted_standing_flensted-mobiles-1-100x100.jpg 100w\" sizes=\"(max-width: 398px) 100vw, 398px\" \/>\t\t\t\t\t\t\t\t\t\t\t\t\t\t<\/div>\n\t\t\t\t\t\t<\/div>\n\t\t\t\t<\/div>\n\t\t\t\t<div class=\"elementor-element elementor-element-8931d24 elementor-widget elementor-widget-text-editor\" data-id=\"8931d24\" data-element_type=\"widget\" data-widget_type=\"text-editor.default\">\n\t\t\t\t<div class=\"elementor-widget-container\">\n\t\t\t\t\t\t\t\t<div class=\"elementor-text-editor elementor-clearfix\">\n\t\t\t\t<h3 style=\"font-size: 18px;margin-bottom:25px;\"><b>Fra leksikonet<\/b><\/h3>\n<em>\u201dEn mobile er et dekorativt, ofte humoristisk design med kunstnerisk aspekt. H\u00e6ngende fra et punkt, holdt sv\u00e6vende af metaltr\u00e5de og tr\u00e5de leger mobilens forskellige former og materialer uafh\u00e6ngigt, men harmonisk, med hinanden. Kun drevet af de svageste vindstr\u00f8mninger i rummet.<\/em>\n\n<em>Balance er essensen af b\u00e5de bev\u00e6gelsen og det st\u00e6rke visuelle indtryk, som en mobile giver. Balancen tillader at hver individuel form i mobilen tilsammen danner et tredimensionelt hele med uendelige variationer, der danser i lyset gennem rummet.\u201d<\/em>\t\t\t\t\t<\/div>\n\t\t\t\t\t\t<\/div>\n\t\t\t\t<\/div>\n\t\t\t\t<div class=\"elementor-element elementor-element-7ee1eed elementor-widget elementor-widget-text-editor\" data-id=\"7ee1eed\" data-element_type=\"widget\" data-widget_type=\"text-editor.default\">\n\t\t\t\t<div class=\"elementor-widget-container\">\n\t\t\t\t\t\t\t\t<div class=\"elementor-text-editor elementor-clearfix\">\n\t\t\t\t<h3 style=\"font-size: 18px; margin-bottom: 25px;\"><b>En mobile \u2013 en livagtig skabning<\/b><\/h3><p>En <a href=\"https:\/\/flenstemp.awork20.dk\/da\/mobiler\/\">mobile<\/a> fanger og fastholder \u00f8jets opm\u00e6rksomhed, n\u00e6sten som et akvarium. At betragte de rolige og stilfulde bev\u00e6gelser spreder sindsro og opmuntrer tankerne til kreativitet. I et rum hvor der tilsyneladende ingen vind er, vil de usynlige lufstr\u00f8mninger bringe mobilen til live og aldrig helt slippe sit tag. Som uromageren Christian Flensted s\u00e5 rammende udtrykte det: \u201cEn god mobile er stadig i bev\u00e6gelse ti minutter efter, at katten har sl\u00e5et en vind\u201d.<\/p>\t\t\t\t\t<\/div>\n\t\t\t\t\t\t<\/div>\n\t\t\t\t<\/div>\n\t\t\t\t\t\t<\/div>\n\t\t\t\t\t<\/div>\n\t\t<\/div>\n\t\t\t\t<div class=\"elementor-column elementor-col-50 elementor-inner-column elementor-element elementor-element-2f954725\" data-id=\"2f954725\" data-element_type=\"column\">\n\t\t\t<div class=\"elementor-column-wrap elementor-element-populated\">\n\t\t\t\t\t\t\t<div class=\"elementor-widget-wrap\">\n\t\t\t\t\t\t<div class=\"elementor-element elementor-element-16fdfe2e elementor-widget elementor-widget-text-editor\" data-id=\"16fdfe2e\" data-element_type=\"widget\" data-widget_type=\"text-editor.default\">\n\t\t\t\t<div class=\"elementor-widget-container\">\n\t\t\t\t\t\t\t\t<div class=\"elementor-text-editor elementor-clearfix\">\n\t\t\t\t<h3 style=\"font-size: 18px; margin-bottom: 25px;\"><b>Traditioner og overtro<\/b><\/h3><p>Gennem \u00e5rhundreder har <a href=\"https:\/\/flenstemp.awork20.dk\/da\/mobiler\/\">mobiler<\/a> v\u00e6ret en folketradition i Skandinavien og omkring \u00d8sters\u00f8en. Mobilerne blev dengang lavet som tidsfordriv eller som hobby, og blev hovedsageligt lavet af halm, sm\u00e5 stykker tr\u00e5d og papir. I gamle dage var der en god portion overtro forbundet med mobilerne. Det l\u00f8d sig blandt andet, at hvis en person med onde hensigter tr\u00e5dte ind et rum, hvor der hang en <a href=\"https:\/\/flenstemp.awork20.dk\/da\/mobiler\/\">mobile<\/a>, ville mobilen straks falde til ro og blive ubev\u00e6gelig. S\u00e5, at sige at en uro aldrig st\u00e5r helt stille, er kun delvist sandt. Mobilen fungerede ogs\u00e5 som en slags skytsengel der holdt tyvekn\u00e6gte og ubehagelige \u00e5nder v\u00e6k fra hjemmet. De blev ligeledes brugt af landsbykvinder, til at h\u00e6nge over b\u00f8rnenes krybber for at berolige dem og for at beskytte dem mod ondskab. Vi er i dag mere end overbevist, om at <a href=\"https:\/\/flenstemp.awork20.dk\/da\/mobiler\/\">mobiler<\/a> hj\u00e6lper til med at sprede ro og gl\u00e6de omkring sig.<\/p><p>Mobilerne fra dengang var i balance og blev ligeledes skabt af folk i balance. Som en tilf\u00f8jelse til denne smukke tradition, supplerer Flensted Mobiler med den kvalitet, stil, originalitet og modernitet, som vi kender s\u00e5 godt fra Dansk Design.<\/p><p>Flensted Mobiler har skabt deres <a href=\"https:\/\/flenstemp.awork20.dk\/da\/mobiler\/\">mobiler<\/a> s\u00e5ledes, at de er i endel\u00f8s bev\u00e6gelse og i evig harmonisk balance. Flensted Mobiler er designet til at skabe et hyggeligt hjem hos kunstneriske mennesker af idag.<\/p>\t\t\t\t\t<\/div>\n\t\t\t\t\t\t<\/div>\n\t\t\t\t<\/div>\n\t\t\t\t<div class=\"elementor-element elementor-element-c9f97c7 elementor-widget elementor-widget-text-editor\" data-id=\"c9f97c7\" data-element_type=\"widget\" data-widget_type=\"text-editor.default\">\n\t\t\t\t<div class=\"elementor-widget-container\">\n\t\t\t\t\t\t\t\t<div class=\"elementor-text-editor elementor-clearfix\">\n\t\t\t\t<h3 style=\"font-size: 18px;margin-bottom:25px;\"><b>Alexander Calder<\/b><\/h3>\nOphavsmanden til mobiler i moderne tid inden for kunst, var den amerikanske kunstner og billedhugger Alexander Calder (1898 \u2013 1976). L\u00e6s meget mere om \u201dSandy\u201d, hans mobiler, hans stabiler, hans tr\u00e5dfigurer og hans tr\u00e5dcirkus p\u00e5 <a href=\"http:\/\/www.calder.org\">www.calder.org<\/a>\t\t\t\t\t<\/div>\n\t\t\t\t\t\t<\/div>\n\t\t\t\t<\/div>\n\t\t\t\t\t\t<\/div>\n\t\t\t\t\t<\/div>\n\t\t<\/div>\n\t\t\t\t\t\t\t\t<\/div>\n\t\t\t\t\t<\/div>\n\t\t<\/section>\n\t\t\t\t\t\t<\/div>\n\t\t\t\t\t<\/div>\n\t\t<\/div>\n\t\t\t\t\t\t\t\t<\/div>\n\t\t\t\t\t<\/div>\n\t\t<\/section>\n\t\t\t\t\t\t\t\t\t<\/div>\n\t\t\t<\/div>\n\t\t\t\t\t<\/div>\n\t\t","protected":false},"excerpt":{"rendered":"<p>FAQ L\u00e6s mere Hvad er en mobile? Mobilehospitalet En mobile \u2013 en livagtig skabning Fra leksikonet \u201dEn mobile er et dekorativt, ofte humoristisk design med kunstnerisk aspekt. H\u00e6ngende fra et punkt, holdt sv\u00e6vende af metaltr\u00e5de og tr\u00e5de leger mobilens forskellige former og materialer uafh\u00e6ngigt, men harmonisk, med hinanden. Kun drevet af de svageste vindstr\u00f8mninger i [&hellip;]<\/p>\n","protected":false},"author":1,"featured_media":0,"parent":1080,"menu_order":0,"comment_status":"closed","ping_status":"closed","template":"elementor_header_footer","meta":[],"yoast_head":"<!-- This site is optimized with the Yoast SEO plugin v20.8 - https:\/\/yoast.com\/wordpress\/plugins\/seo\/ -->\n<title>Hvad er en mobile? - Flensted Mobiles<\/title>\n<meta name=\"description\" content=\"En mobile er en folketradition i Skandinavien og omkring \u00d8sters\u00f8en. Hos Flensted Mobiles forhandler vi dekorative mobiler i dansk design.\" \/>\n<meta name=\"robots\" content=\"index, follow, max-snippet:-1, max-image-preview:large, max-video-preview:-1\" \/>\n<link rel=\"canonical\" href=\"https:\/\/flenstemp.awork20.dk\/da\/faq-3\/hvad-er-en-mobile\/\" \/>\n<meta property=\"og:locale\" content=\"da_DK\" \/>\n<meta property=\"og:type\" content=\"article\" \/>\n<meta property=\"og:title\" content=\"Hvad er en mobile? - Flensted Mobiles\" \/>\n<meta property=\"og:description\" content=\"En mobile er en folketradition i Skandinavien og omkring \u00d8sters\u00f8en. Hos Flensted Mobiles forhandler vi dekorative mobiler i dansk design.\" \/>\n<meta property=\"og:url\" content=\"https:\/\/flenstemp.awork20.dk\/da\/faq-3\/hvad-er-en-mobile\/\" \/>\n<meta property=\"og:site_name\" content=\"Flensted Mobiles\" \/>\n<meta property=\"article:publisher\" content=\"https:\/\/www.facebook.com\/flenstedmobiles\" \/>\n<meta property=\"article:modified_time\" content=\"2022-10-06T11:59:51+00:00\" \/>\n<meta property=\"og:image\" content=\"https:\/\/flensted-mobiles.com\/wp-content\/uploads\/2021\/12\/1_mobilevaeg_omos_landingpage_flensted-mobiles-1-1.jpg\" \/>\n<meta name=\"twitter:card\" content=\"summary_large_image\" \/>\n<meta name=\"twitter:label1\" content=\"Estimeret l\u00e6setid\" \/>\n\t<meta name=\"twitter:data1\" content=\"3 minutter\" \/>\n<script type=\"application\/ld+json\" class=\"yoast-schema-graph\">{\"@context\":\"https:\/\/schema.org\",\"@graph\":[{\"@type\":\"WebPage\",\"@id\":\"https:\/\/flenstemp.awork20.dk\/da\/faq-3\/hvad-er-en-mobile\/\",\"url\":\"https:\/\/flenstemp.awork20.dk\/da\/faq-3\/hvad-er-en-mobile\/\",\"name\":\"Hvad er en mobile? - Flensted Mobiles\",\"isPartOf\":{\"@id\":\"https:\/\/flenstemp.awork20.dk\/#website\"},\"datePublished\":\"2021-12-03T12:30:35+00:00\",\"dateModified\":\"2022-10-06T11:59:51+00:00\",\"description\":\"En mobile er en folketradition i Skandinavien og omkring \u00d8sters\u00f8en. Hos Flensted Mobiles forhandler vi dekorative mobiler i dansk design.\",\"breadcrumb\":{\"@id\":\"https:\/\/flenstemp.awork20.dk\/da\/faq-3\/hvad-er-en-mobile\/#breadcrumb\"},\"inLanguage\":\"da-DK\",\"potentialAction\":[{\"@type\":\"ReadAction\",\"target\":[\"https:\/\/flenstemp.awork20.dk\/da\/faq-3\/hvad-er-en-mobile\/\"]}]},{\"@type\":\"BreadcrumbList\",\"@id\":\"https:\/\/flenstemp.awork20.dk\/da\/faq-3\/hvad-er-en-mobile\/#breadcrumb\",\"itemListElement\":[{\"@type\":\"ListItem\",\"position\":1,\"name\":\"Home\",\"item\":\"https:\/\/flenstemp.awork20.dk\/da\/\"},{\"@type\":\"ListItem\",\"position\":2,\"name\":\"FAQ\",\"item\":\"https:\/\/flenstemp.awork20.dk\/da\/faq-3\/\"},{\"@type\":\"ListItem\",\"position\":3,\"name\":\"Hvad er en mobile?\"}]},{\"@type\":\"WebSite\",\"@id\":\"https:\/\/flenstemp.awork20.dk\/#website\",\"url\":\"https:\/\/flenstemp.awork20.dk\/\",\"name\":\"Flensted Mobiles\",\"description\":\"Unikke mobiler som skaber ro og balance, i enhvers hjem.\",\"publisher\":{\"@id\":\"https:\/\/flenstemp.awork20.dk\/#organization\"},\"potentialAction\":[{\"@type\":\"SearchAction\",\"target\":{\"@type\":\"EntryPoint\",\"urlTemplate\":\"https:\/\/flenstemp.awork20.dk\/?s={search_term_string}\"},\"query-input\":\"required name=search_term_string\"}],\"inLanguage\":\"da-DK\"},{\"@type\":\"Organization\",\"@id\":\"https:\/\/flenstemp.awork20.dk\/#organization\",\"name\":\"Flensted Mobiles\",\"url\":\"https:\/\/flenstemp.awork20.dk\/\",\"logo\":{\"@type\":\"ImageObject\",\"inLanguage\":\"da-DK\",\"@id\":\"https:\/\/flenstemp.awork20.dk\/#\/schema\/logo\/image\/\",\"url\":\"https:\/\/flensted-mobiles.com\/wp-content\/uploads\/2022\/03\/FlenstedLogo_med_ramme_100-3.webp\",\"contentUrl\":\"https:\/\/flensted-mobiles.com\/wp-content\/uploads\/2022\/03\/FlenstedLogo_med_ramme_100-3.webp\",\"width\":2118,\"height\":2118,\"caption\":\"Flensted Mobiles\"},\"image\":{\"@id\":\"https:\/\/flenstemp.awork20.dk\/#\/schema\/logo\/image\/\"},\"sameAs\":[\"https:\/\/www.facebook.com\/flenstedmobiles\"]}]}<\/script>\n<!-- \/ Yoast SEO plugin. -->","yoast_head_json":{"title":"Hvad er en mobile? - Flensted Mobiles","description":"En mobile er en folketradition i Skandinavien og omkring \u00d8sters\u00f8en. Hos Flensted Mobiles forhandler vi dekorative mobiler i dansk design.","robots":{"index":"index","follow":"follow","max-snippet":"max-snippet:-1","max-image-preview":"max-image-preview:large","max-video-preview":"max-video-preview:-1"},"canonical":"https:\/\/flenstemp.awork20.dk\/da\/faq-3\/hvad-er-en-mobile\/","og_locale":"da_DK","og_type":"article","og_title":"Hvad er en mobile? - Flensted Mobiles","og_description":"En mobile er en folketradition i Skandinavien og omkring \u00d8sters\u00f8en. Hos Flensted Mobiles forhandler vi dekorative mobiler i dansk design.","og_url":"https:\/\/flenstemp.awork20.dk\/da\/faq-3\/hvad-er-en-mobile\/","og_site_name":"Flensted Mobiles","article_publisher":"https:\/\/www.facebook.com\/flenstedmobiles","article_modified_time":"2022-10-06T11:59:51+00:00","og_image":[{"url":"https:\/\/flensted-mobiles.com\/wp-content\/uploads\/2021\/12\/1_mobilevaeg_omos_landingpage_flensted-mobiles-1-1.jpg"}],"twitter_card":"summary_large_image","twitter_misc":{"Estimeret l\u00e6setid":"3 minutter"},"schema":{"@context":"https:\/\/schema.org","@graph":[{"@type":"WebPage","@id":"https:\/\/flenstemp.awork20.dk\/da\/faq-3\/hvad-er-en-mobile\/","url":"https:\/\/flenstemp.awork20.dk\/da\/faq-3\/hvad-er-en-mobile\/","name":"Hvad er en mobile? - Flensted Mobiles","isPartOf":{"@id":"https:\/\/flenstemp.awork20.dk\/#website"},"datePublished":"2021-12-03T12:30:35+00:00","dateModified":"2022-10-06T11:59:51+00:00","description":"En mobile er en folketradition i Skandinavien og omkring \u00d8sters\u00f8en. Hos Flensted Mobiles forhandler vi dekorative mobiler i dansk design.","breadcrumb":{"@id":"https:\/\/flenstemp.awork20.dk\/da\/faq-3\/hvad-er-en-mobile\/#breadcrumb"},"inLanguage":"da-DK","potentialAction":[{"@type":"ReadAction","target":["https:\/\/flenstemp.awork20.dk\/da\/faq-3\/hvad-er-en-mobile\/"]}]},{"@type":"BreadcrumbList","@id":"https:\/\/flenstemp.awork20.dk\/da\/faq-3\/hvad-er-en-mobile\/#breadcrumb","itemListElement":[{"@type":"ListItem","position":1,"name":"Home","item":"https:\/\/flenstemp.awork20.dk\/da\/"},{"@type":"ListItem","position":2,"name":"FAQ","item":"https:\/\/flenstemp.awork20.dk\/da\/faq-3\/"},{"@type":"ListItem","position":3,"name":"Hvad er en mobile?"}]},{"@type":"WebSite","@id":"https:\/\/flenstemp.awork20.dk\/#website","url":"https:\/\/flenstemp.awork20.dk\/","name":"Flensted Mobiles","description":"Unikke mobiler som skaber ro og balance, i enhvers hjem.","publisher":{"@id":"https:\/\/flenstemp.awork20.dk\/#organization"},"potentialAction":[{"@type":"SearchAction","target":{"@type":"EntryPoint","urlTemplate":"https:\/\/flenstemp.awork20.dk\/?s={search_term_string}"},"query-input":"required name=search_term_string"}],"inLanguage":"da-DK"},{"@type":"Organization","@id":"https:\/\/flenstemp.awork20.dk\/#organization","name":"Flensted Mobiles","url":"https:\/\/flenstemp.awork20.dk\/","logo":{"@type":"ImageObject","inLanguage":"da-DK","@id":"https:\/\/flenstemp.awork20.dk\/#\/schema\/logo\/image\/","url":"https:\/\/flensted-mobiles.com\/wp-content\/uploads\/2022\/03\/FlenstedLogo_med_ramme_100-3.webp","contentUrl":"https:\/\/flensted-mobiles.com\/wp-content\/uploads\/2022\/03\/FlenstedLogo_med_ramme_100-3.webp","width":2118,"height":2118,"caption":"Flensted Mobiles"},"image":{"@id":"https:\/\/flenstemp.awork20.dk\/#\/schema\/logo\/image\/"},"sameAs":["https:\/\/www.facebook.com\/flenstedmobiles"]}]}},"_links":{"self":[{"href":"https:\/\/flenstemp.awork20.dk\/da\/wp-json\/wp\/v2\/pages\/1102"}],"collection":[{"href":"https:\/\/flenstemp.awork20.dk\/da\/wp-json\/wp\/v2\/pages"}],"about":[{"href":"https:\/\/flenstemp.awork20.dk\/da\/wp-json\/wp\/v2\/types\/page"}],"author":[{"embeddable":true,"href":"https:\/\/flenstemp.awork20.dk\/da\/wp-json\/wp\/v2\/users\/1"}],"replies":[{"embeddable":true,"href":"https:\/\/flenstemp.awork20.dk\/da\/wp-json\/wp\/v2\/comments?post=1102"}],"version-history":[{"count":22,"href":"https:\/\/flenstemp.awork20.dk\/da\/wp-json\/wp\/v2\/pages\/1102\/revisions"}],"predecessor-version":[{"id":53223,"href":"https:\/\/flenstemp.awork20.dk\/da\/wp-json\/wp\/v2\/pages\/1102\/revisions\/53223"}],"up":[{"embeddable":true,"href":"https:\/\/flenstemp.awork20.dk\/da\/wp-json\/wp\/v2\/pages\/1080"}],"wp:attachment":[{"href":"https:\/\/flenstemp.awork20.dk\/da\/wp-json\/wp\/v2\/media?parent=1102"}],"curies":[{"name":"wp","href":"https:\/\/api.w.org\/{rel}","templated":true}]}}