{"id":1094,"date":"2021-12-03T13:36:35","date_gmt":"2021-12-03T12:36:35","guid":{"rendered":"https:\/\/flenstedmobiles.com\/?page_id=1094"},"modified":"2023-01-31T13:30:16","modified_gmt":"2023-01-31T12:30:16","slug":"mobilehospitalet","status":"publish","type":"page","link":"https:\/\/flenstemp.awork20.dk\/da\/faq-3\/mobilehospitalet\/","title":{"rendered":"Mobilehospitalet"},"content":{"rendered":"\t\t<div data-elementor-type=\"wp-page\" data-elementor-id=\"1094\" class=\"elementor elementor-1094 elementor-303\">\n\t\t\t\t\t\t<div class=\"elementor-inner\">\n\t\t\t\t<div class=\"elementor-section-wrap\">\n\t\t\t\t\t\t\t\t\t<section class=\"elementor-section elementor-top-section elementor-element elementor-element-10140df2 elementor-section-boxed elementor-section-height-default elementor-section-height-default wpr-particle-no wpr-jarallax-no wpr-parallax-no wpr-sticky-section-no\" data-id=\"10140df2\" data-element_type=\"section\" data-settings=\"{&quot;background_background&quot;:&quot;classic&quot;}\">\n\t\t\t\t\t\t<div class=\"elementor-container elementor-column-gap-default\">\n\t\t\t\t\t\t\t<div class=\"elementor-row\">\n\t\t\t\t\t<div class=\"elementor-column elementor-col-33 elementor-top-column elementor-element elementor-element-1a0f485\" data-id=\"1a0f485\" data-element_type=\"column\" data-settings=\"{&quot;background_background&quot;:&quot;classic&quot;}\">\n\t\t\t<div class=\"elementor-column-wrap elementor-element-populated\">\n\t\t\t\t\t\t\t<div class=\"elementor-widget-wrap\">\n\t\t\t\t\t\t<div class=\"elementor-element elementor-element-1645b3e7 elementor-widget elementor-widget-heading\" data-id=\"1645b3e7\" data-element_type=\"widget\" data-widget_type=\"heading.default\">\n\t\t\t\t<div class=\"elementor-widget-container\">\n\t\t\t<h2 class=\"elementor-heading-title elementor-size-default\">FAQ<\/h2>\t\t<\/div>\n\t\t\t\t<\/div>\n\t\t\t\t<div class=\"elementor-element elementor-element-762ee3d1 elementor-widget elementor-widget-accordion\" data-id=\"762ee3d1\" data-element_type=\"widget\" data-widget_type=\"accordion.default\">\n\t\t\t\t<div class=\"elementor-widget-container\">\n\t\t\t\t\t<div class=\"elementor-accordion\" role=\"tablist\">\n\t\t\t\t\t\t\t<div class=\"elementor-accordion-item\">\n\t\t\t\t\t<div id=\"elementor-tab-title-1981\" class=\"elementor-tab-title\" data-tab=\"1\" role=\"tab\" aria-controls=\"elementor-tab-content-1981\" aria-expanded=\"false\">\n\t\t\t\t\t\t\t\t\t\t\t\t\t<span class=\"elementor-accordion-icon elementor-accordion-icon-right\" aria-hidden=\"true\">\n\t\t\t\t\t\t\t\t\t\t\t\t\t\t\t<span class=\"elementor-accordion-icon-closed\"><i class=\"fas fa-plus\"><\/i><\/span>\n\t\t\t\t\t\t\t\t<span class=\"elementor-accordion-icon-opened\"><i class=\"fas fa-minus\"><\/i><\/span>\n\t\t\t\t\t\t\t\t\t\t\t\t\t\t<\/span>\n\t\t\t\t\t\t\t\t\t\t\t\t<a class=\"elementor-accordion-title\" href=\"\">L\u00e6s mere<\/a>\n\t\t\t\t\t<\/div>\n\t\t\t\t\t<div id=\"elementor-tab-content-1981\" class=\"elementor-tab-content elementor-clearfix\" data-tab=\"1\" role=\"tabpanel\" aria-labelledby=\"elementor-tab-title-1981\"><p><a style=\"color: rgba(153,153,153,1.0);\" href=\"https:\/\/flenstemp.awork20.dk\/da\/faq-3\/hvad-er-en-mobile\/\"><strong>Hvad er en mobile?<\/strong><\/a><\/p><p><strong>Mobilehospitalet<\/strong><\/p><\/div>\n\t\t\t\t<\/div>\n\t\t\t\t\t\t\t\t<\/div>\n\t\t\t\t<\/div>\n\t\t\t\t<\/div>\n\t\t\t\t\t\t<\/div>\n\t\t\t\t\t<\/div>\n\t\t<\/div>\n\t\t\t\t<div class=\"elementor-column elementor-col-66 elementor-top-column elementor-element elementor-element-7fed08c8\" data-id=\"7fed08c8\" data-element_type=\"column\">\n\t\t\t<div class=\"elementor-column-wrap elementor-element-populated\">\n\t\t\t\t\t\t\t<div class=\"elementor-widget-wrap\">\n\t\t\t\t\t\t<div class=\"elementor-element elementor-element-7c010dfc elementor-widget elementor-widget-image\" data-id=\"7c010dfc\" data-element_type=\"widget\" data-widget_type=\"image.default\">\n\t\t\t\t<div class=\"elementor-widget-container\">\n\t\t\t\t\t\t\t\t<div class=\"elementor-image\">\n\t\t\t\t\t\t\t\t\t\t\t\t<img decoding=\"async\" width=\"927\" height=\"596\" src=\"https:\/\/flenstemp.awork20.dk\/wp-content\/uploads\/2021\/12\/3_062_symphony_nature_modern_header_flensted-mobiles.jpg\" class=\"attachment-full size-full wp-image-309\" alt=\"Reparation af uroer og mobiler\" srcset=\"https:\/\/flenstemp.awork20.dk\/wp-content\/uploads\/2021\/12\/3_062_symphony_nature_modern_header_flensted-mobiles.jpg 927w, https:\/\/flenstemp.awork20.dk\/wp-content\/uploads\/2021\/12\/3_062_symphony_nature_modern_header_flensted-mobiles-300x193.jpg 300w, https:\/\/flenstemp.awork20.dk\/wp-content\/uploads\/2021\/12\/3_062_symphony_nature_modern_header_flensted-mobiles-768x494.jpg 768w, https:\/\/flenstemp.awork20.dk\/wp-content\/uploads\/2021\/12\/3_062_symphony_nature_modern_header_flensted-mobiles-416x267.jpg 416w\" sizes=\"(max-width: 927px) 100vw, 927px\" \/>\t\t\t\t\t\t\t\t\t\t\t\t\t\t<\/div>\n\t\t\t\t\t\t<\/div>\n\t\t\t\t<\/div>\n\t\t\t\t\t\t<\/div>\n\t\t\t\t\t<\/div>\n\t\t<\/div>\n\t\t\t\t\t\t\t\t<\/div>\n\t\t\t\t\t<\/div>\n\t\t<\/section>\n\t\t\t\t<section class=\"elementor-section elementor-top-section elementor-element elementor-element-7fc3dc35 elementor-section-boxed elementor-section-height-default elementor-section-height-default wpr-particle-no wpr-jarallax-no wpr-parallax-no wpr-sticky-section-no\" data-id=\"7fc3dc35\" data-element_type=\"section\" data-settings=\"{&quot;background_background&quot;:&quot;classic&quot;}\">\n\t\t\t\t\t\t<div class=\"elementor-container elementor-column-gap-default\">\n\t\t\t\t\t\t\t<div class=\"elementor-row\">\n\t\t\t\t\t<div class=\"elementor-column elementor-col-100 elementor-top-column elementor-element elementor-element-687ce3c\" data-id=\"687ce3c\" data-element_type=\"column\" data-settings=\"{&quot;background_background&quot;:&quot;classic&quot;}\">\n\t\t\t<div class=\"elementor-column-wrap elementor-element-populated\">\n\t\t\t\t\t\t\t<div class=\"elementor-widget-wrap\">\n\t\t\t\t\t\t<section class=\"elementor-section elementor-inner-section elementor-element elementor-element-bba31f0 elementor-section-boxed elementor-section-height-default elementor-section-height-default wpr-particle-no wpr-jarallax-no wpr-parallax-no wpr-sticky-section-no\" data-id=\"bba31f0\" data-element_type=\"section\">\n\t\t\t\t\t\t<div class=\"elementor-container elementor-column-gap-default\">\n\t\t\t\t\t\t\t<div class=\"elementor-row\">\n\t\t\t\t\t<div class=\"elementor-column elementor-col-100 elementor-inner-column elementor-element elementor-element-515cc4f4\" data-id=\"515cc4f4\" data-element_type=\"column\">\n\t\t\t<div class=\"elementor-column-wrap elementor-element-populated\">\n\t\t\t\t\t\t\t<div class=\"elementor-widget-wrap\">\n\t\t\t\t\t\t<div class=\"elementor-element elementor-element-55a396cb elementor-widget elementor-widget-heading\" data-id=\"55a396cb\" data-element_type=\"widget\" data-widget_type=\"heading.default\">\n\t\t\t\t<div class=\"elementor-widget-container\">\n\t\t\t<h2 class=\"elementor-heading-title elementor-size-default\">Hvordan fikser jeg min Mobile?<\/h2>\t\t<\/div>\n\t\t\t\t<\/div>\n\t\t\t\t\t\t<\/div>\n\t\t\t\t\t<\/div>\n\t\t<\/div>\n\t\t\t\t\t\t\t\t<\/div>\n\t\t\t\t\t<\/div>\n\t\t<\/section>\n\t\t\t\t<section class=\"elementor-section elementor-inner-section elementor-element elementor-element-72b68afc elementor-section-boxed elementor-section-height-default elementor-section-height-default wpr-particle-no wpr-jarallax-no wpr-parallax-no wpr-sticky-section-no\" data-id=\"72b68afc\" data-element_type=\"section\">\n\t\t\t\t\t\t<div class=\"elementor-container elementor-column-gap-default\">\n\t\t\t\t\t\t\t<div class=\"elementor-row\">\n\t\t\t\t\t<div class=\"elementor-column elementor-col-50 elementor-inner-column elementor-element elementor-element-34d16814\" data-id=\"34d16814\" data-element_type=\"column\">\n\t\t\t<div class=\"elementor-column-wrap elementor-element-populated\">\n\t\t\t\t\t\t\t<div class=\"elementor-widget-wrap\">\n\t\t\t\t\t\t<div class=\"elementor-element elementor-element-9c9ea64 elementor-widget elementor-widget-text-editor\" data-id=\"9c9ea64\" data-element_type=\"widget\" data-widget_type=\"text-editor.default\">\n\t\t\t\t<div class=\"elementor-widget-container\">\n\t\t\t\t\t\t\t\t<div class=\"elementor-text-editor elementor-clearfix\">\n\t\t\t\t<p>Vore <a href=\"https:\/\/flenstemp.awork20.dk\/da\/mobiler\/\">mobiler<\/a> er kendt for at holde i mange \u00e5r, og til tider gives de videre fra generation til generation.<\/p><p>Det kan ske, at man har en uheldig dag og at mobilen bliver viklet ind i noget eller falder ned, f.eks. hvis den har h\u00e6ngt for t\u00e6t p\u00e5 et \u00e5bent vindue eller en \u00e5ben d\u00f8r.<\/p>\t\t\t\t\t<\/div>\n\t\t\t\t\t\t<\/div>\n\t\t\t\t<\/div>\n\t\t\t\t<div class=\"elementor-element elementor-element-3b7bd2b3 elementor-widget elementor-widget-image\" data-id=\"3b7bd2b3\" data-element_type=\"widget\" data-widget_type=\"image.default\">\n\t\t\t\t<div class=\"elementor-widget-container\">\n\t\t\t\t\t\t\t\t<div class=\"elementor-image\">\n\t\t\t\t\t\t\t\t\t\t\t\t<img decoding=\"async\" width=\"796\" height=\"620\" src=\"https:\/\/flenstemp.awork20.dk\/wp-content\/uploads\/2021\/12\/4_storkemobile_ole_flensted-mobiles-1-1.jpg\" class=\"attachment-large size-large wp-image-310\" alt=\"Udarbejdelse mobiler og uro\" srcset=\"https:\/\/flenstemp.awork20.dk\/wp-content\/uploads\/2021\/12\/4_storkemobile_ole_flensted-mobiles-1-1.jpg 796w, https:\/\/flenstemp.awork20.dk\/wp-content\/uploads\/2021\/12\/4_storkemobile_ole_flensted-mobiles-1-1-300x234.jpg 300w, https:\/\/flenstemp.awork20.dk\/wp-content\/uploads\/2021\/12\/4_storkemobile_ole_flensted-mobiles-1-1-768x598.jpg 768w, https:\/\/flenstemp.awork20.dk\/wp-content\/uploads\/2021\/12\/4_storkemobile_ole_flensted-mobiles-1-1-416x324.jpg 416w\" sizes=\"(max-width: 796px) 100vw, 796px\" \/>\t\t\t\t\t\t\t\t\t\t\t\t\t\t<\/div>\n\t\t\t\t\t\t<\/div>\n\t\t\t\t<\/div>\n\t\t\t\t\t\t<\/div>\n\t\t\t\t\t<\/div>\n\t\t<\/div>\n\t\t\t\t<div class=\"elementor-column elementor-col-50 elementor-inner-column elementor-element elementor-element-3ee3827d\" data-id=\"3ee3827d\" data-element_type=\"column\">\n\t\t\t<div class=\"elementor-column-wrap elementor-element-populated\">\n\t\t\t\t\t\t\t<div class=\"elementor-widget-wrap\">\n\t\t\t\t\t\t<div class=\"elementor-element elementor-element-20ff6d41 elementor-widget elementor-widget-text-editor\" data-id=\"20ff6d41\" data-element_type=\"widget\" data-widget_type=\"text-editor.default\">\n\t\t\t\t<div class=\"elementor-widget-container\">\n\t\t\t\t\t\t\t\t<div class=\"elementor-text-editor elementor-clearfix\">\n\t\t\t\t<h3 style=\"font-size: 18px; margin-bottom:25px;\"><b>Hvordan reparerer man\neller vikler sin mobile ud?<\/b><\/h3>\nDet vigtigste er at tage sig god tid og at have t\u00e5lmodighed.\n<ul>\n \t<li>V\u00e6lg et roligt tidspunkt p\u00e5 dagen \u2013 F.eks. sent p\u00e5 aftenen eller n\u00e5r b\u00f8rnene er i skole.<\/li>\n \t<li>L\u00e6g mobilen fladt p\u00e5 bordet. Brug en lille skruetr\u00e6kker eller en strikkepind.<\/li>\n \t<li>Hvis der er ubalance i mobilen, s\u00e5 brug en n\u00e5l eller et lille s\u00f8m til at h\u00e6nge mobilen fladt mod en v\u00e6g. L\u00f8sn derefter tr\u00e5den p\u00e5 metalst\u00e6ngerne og just\u00e9r indtil der atter er balance i mobilen. S\u00e6t tr\u00e5den fast igen med en lille klat (hvid) lim.<\/li>\n \t<li>Har du brug for reservedele\/l\u00f8sdele kan vi sikkert hj\u00e6lpe.<\/li>\n<\/ul>\nSend en <a href=\"mailto: customerservice@flensted-mobiles.com\">e-mail<\/a> til Mobilehospitalet med mobilens navn, hvad der er h\u00e6ndt, s\u00e5 ser vi hvad vi kan g\u00f8re.\t\t\t\t\t<\/div>\n\t\t\t\t\t\t<\/div>\n\t\t\t\t<\/div>\n\t\t\t\t\t\t<\/div>\n\t\t\t\t\t<\/div>\n\t\t<\/div>\n\t\t\t\t\t\t\t\t<\/div>\n\t\t\t\t\t<\/div>\n\t\t<\/section>\n\t\t\t\t\t\t<\/div>\n\t\t\t\t\t<\/div>\n\t\t<\/div>\n\t\t\t\t\t\t\t\t<\/div>\n\t\t\t\t\t<\/div>\n\t\t<\/section>\n\t\t\t\t\t\t\t\t\t<\/div>\n\t\t\t<\/div>\n\t\t\t\t\t<\/div>\n\t\t","protected":false},"excerpt":{"rendered":"<p>FAQ L\u00e6s mere Hvad er en mobile? Mobilehospitalet Hvordan fikser jeg min Mobile? Vore mobiler er kendt for at holde i mange \u00e5r, og til tider gives de videre fra generation til generation. Det kan ske, at man har en uheldig dag og at mobilen bliver viklet ind i noget eller falder ned, f.eks. hvis [&hellip;]<\/p>\n","protected":false},"author":1,"featured_media":0,"parent":1080,"menu_order":0,"comment_status":"closed","ping_status":"closed","template":"elementor_header_footer","meta":[],"yoast_head":"<!-- This site is optimized with the Yoast SEO plugin v20.8 - https:\/\/yoast.com\/wordpress\/plugins\/seo\/ -->\n<title>Mobilehospitalet - Reparation af dine mobiler uro<\/title>\n<meta name=\"description\" content=\"Selvom vores mobiler uro er kendt for at holde i mange \u00e5r, kan en uheldet v\u00e6re ude. Find guide til, hvordan du reparerer dine uroer og mobiler\" \/>\n<meta name=\"robots\" content=\"index, follow, max-snippet:-1, max-image-preview:large, max-video-preview:-1\" \/>\n<link rel=\"canonical\" href=\"https:\/\/flenstemp.awork20.dk\/da\/faq-3\/mobilehospitalet\/\" \/>\n<meta property=\"og:locale\" content=\"da_DK\" \/>\n<meta property=\"og:type\" content=\"article\" \/>\n<meta property=\"og:title\" content=\"Mobilehospitalet - Reparation af dine mobiler uro\" \/>\n<meta property=\"og:description\" content=\"Selvom vores mobiler uro er kendt for at holde i mange \u00e5r, kan en uheldet v\u00e6re ude. Find guide til, hvordan du reparerer dine uroer og mobiler\" \/>\n<meta property=\"og:url\" content=\"https:\/\/flenstemp.awork20.dk\/da\/faq-3\/mobilehospitalet\/\" \/>\n<meta property=\"og:site_name\" content=\"Flensted Mobiles\" \/>\n<meta property=\"article:publisher\" content=\"https:\/\/www.facebook.com\/flenstedmobiles\" \/>\n<meta property=\"article:modified_time\" content=\"2023-01-31T12:30:16+00:00\" \/>\n<meta property=\"og:image\" content=\"https:\/\/flensted-mobiles.com\/wp-content\/uploads\/2021\/12\/3_062_symphony_nature_modern_header_flensted-mobiles.jpg\" \/>\n<meta name=\"twitter:card\" content=\"summary_large_image\" \/>\n<meta name=\"twitter:label1\" content=\"Estimeret l\u00e6setid\" \/>\n\t<meta name=\"twitter:data1\" content=\"2 minutter\" \/>\n<script type=\"application\/ld+json\" class=\"yoast-schema-graph\">{\"@context\":\"https:\/\/schema.org\",\"@graph\":[{\"@type\":\"WebPage\",\"@id\":\"https:\/\/flenstemp.awork20.dk\/da\/faq-3\/mobilehospitalet\/\",\"url\":\"https:\/\/flenstemp.awork20.dk\/da\/faq-3\/mobilehospitalet\/\",\"name\":\"Mobilehospitalet - Reparation af dine mobiler uro\",\"isPartOf\":{\"@id\":\"https:\/\/flenstemp.awork20.dk\/#website\"},\"datePublished\":\"2021-12-03T12:36:35+00:00\",\"dateModified\":\"2023-01-31T12:30:16+00:00\",\"description\":\"Selvom vores mobiler uro er kendt for at holde i mange \u00e5r, kan en uheldet v\u00e6re ude. Find guide til, hvordan du reparerer dine uroer og mobiler\",\"breadcrumb\":{\"@id\":\"https:\/\/flenstemp.awork20.dk\/da\/faq-3\/mobilehospitalet\/#breadcrumb\"},\"inLanguage\":\"da-DK\",\"potentialAction\":[{\"@type\":\"ReadAction\",\"target\":[\"https:\/\/flenstemp.awork20.dk\/da\/faq-3\/mobilehospitalet\/\"]}]},{\"@type\":\"BreadcrumbList\",\"@id\":\"https:\/\/flenstemp.awork20.dk\/da\/faq-3\/mobilehospitalet\/#breadcrumb\",\"itemListElement\":[{\"@type\":\"ListItem\",\"position\":1,\"name\":\"Home\",\"item\":\"https:\/\/flenstemp.awork20.dk\/da\/\"},{\"@type\":\"ListItem\",\"position\":2,\"name\":\"FAQ\",\"item\":\"https:\/\/flenstemp.awork20.dk\/da\/faq-3\/\"},{\"@type\":\"ListItem\",\"position\":3,\"name\":\"Mobilehospitalet\"}]},{\"@type\":\"WebSite\",\"@id\":\"https:\/\/flenstemp.awork20.dk\/#website\",\"url\":\"https:\/\/flenstemp.awork20.dk\/\",\"name\":\"Flensted Mobiles\",\"description\":\"Unikke mobiler som skaber ro og balance, i enhvers hjem.\",\"publisher\":{\"@id\":\"https:\/\/flenstemp.awork20.dk\/#organization\"},\"potentialAction\":[{\"@type\":\"SearchAction\",\"target\":{\"@type\":\"EntryPoint\",\"urlTemplate\":\"https:\/\/flenstemp.awork20.dk\/?s={search_term_string}\"},\"query-input\":\"required name=search_term_string\"}],\"inLanguage\":\"da-DK\"},{\"@type\":\"Organization\",\"@id\":\"https:\/\/flenstemp.awork20.dk\/#organization\",\"name\":\"Flensted Mobiles\",\"url\":\"https:\/\/flenstemp.awork20.dk\/\",\"logo\":{\"@type\":\"ImageObject\",\"inLanguage\":\"da-DK\",\"@id\":\"https:\/\/flenstemp.awork20.dk\/#\/schema\/logo\/image\/\",\"url\":\"https:\/\/flensted-mobiles.com\/wp-content\/uploads\/2022\/03\/FlenstedLogo_med_ramme_100-3.webp\",\"contentUrl\":\"https:\/\/flensted-mobiles.com\/wp-content\/uploads\/2022\/03\/FlenstedLogo_med_ramme_100-3.webp\",\"width\":2118,\"height\":2118,\"caption\":\"Flensted Mobiles\"},\"image\":{\"@id\":\"https:\/\/flenstemp.awork20.dk\/#\/schema\/logo\/image\/\"},\"sameAs\":[\"https:\/\/www.facebook.com\/flenstedmobiles\"]}]}<\/script>\n<!-- \/ Yoast SEO plugin. -->","yoast_head_json":{"title":"Mobilehospitalet - Reparation af dine mobiler uro","description":"Selvom vores mobiler uro er kendt for at holde i mange \u00e5r, kan en uheldet v\u00e6re ude. Find guide til, hvordan du reparerer dine uroer og mobiler","robots":{"index":"index","follow":"follow","max-snippet":"max-snippet:-1","max-image-preview":"max-image-preview:large","max-video-preview":"max-video-preview:-1"},"canonical":"https:\/\/flenstemp.awork20.dk\/da\/faq-3\/mobilehospitalet\/","og_locale":"da_DK","og_type":"article","og_title":"Mobilehospitalet - Reparation af dine mobiler uro","og_description":"Selvom vores mobiler uro er kendt for at holde i mange \u00e5r, kan en uheldet v\u00e6re ude. Find guide til, hvordan du reparerer dine uroer og mobiler","og_url":"https:\/\/flenstemp.awork20.dk\/da\/faq-3\/mobilehospitalet\/","og_site_name":"Flensted Mobiles","article_publisher":"https:\/\/www.facebook.com\/flenstedmobiles","article_modified_time":"2023-01-31T12:30:16+00:00","og_image":[{"url":"https:\/\/flensted-mobiles.com\/wp-content\/uploads\/2021\/12\/3_062_symphony_nature_modern_header_flensted-mobiles.jpg"}],"twitter_card":"summary_large_image","twitter_misc":{"Estimeret l\u00e6setid":"2 minutter"},"schema":{"@context":"https:\/\/schema.org","@graph":[{"@type":"WebPage","@id":"https:\/\/flenstemp.awork20.dk\/da\/faq-3\/mobilehospitalet\/","url":"https:\/\/flenstemp.awork20.dk\/da\/faq-3\/mobilehospitalet\/","name":"Mobilehospitalet - Reparation af dine mobiler uro","isPartOf":{"@id":"https:\/\/flenstemp.awork20.dk\/#website"},"datePublished":"2021-12-03T12:36:35+00:00","dateModified":"2023-01-31T12:30:16+00:00","description":"Selvom vores mobiler uro er kendt for at holde i mange \u00e5r, kan en uheldet v\u00e6re ude. Find guide til, hvordan du reparerer dine uroer og mobiler","breadcrumb":{"@id":"https:\/\/flenstemp.awork20.dk\/da\/faq-3\/mobilehospitalet\/#breadcrumb"},"inLanguage":"da-DK","potentialAction":[{"@type":"ReadAction","target":["https:\/\/flenstemp.awork20.dk\/da\/faq-3\/mobilehospitalet\/"]}]},{"@type":"BreadcrumbList","@id":"https:\/\/flenstemp.awork20.dk\/da\/faq-3\/mobilehospitalet\/#breadcrumb","itemListElement":[{"@type":"ListItem","position":1,"name":"Home","item":"https:\/\/flenstemp.awork20.dk\/da\/"},{"@type":"ListItem","position":2,"name":"FAQ","item":"https:\/\/flenstemp.awork20.dk\/da\/faq-3\/"},{"@type":"ListItem","position":3,"name":"Mobilehospitalet"}]},{"@type":"WebSite","@id":"https:\/\/flenstemp.awork20.dk\/#website","url":"https:\/\/flenstemp.awork20.dk\/","name":"Flensted Mobiles","description":"Unikke mobiler som skaber ro og balance, i enhvers hjem.","publisher":{"@id":"https:\/\/flenstemp.awork20.dk\/#organization"},"potentialAction":[{"@type":"SearchAction","target":{"@type":"EntryPoint","urlTemplate":"https:\/\/flenstemp.awork20.dk\/?s={search_term_string}"},"query-input":"required name=search_term_string"}],"inLanguage":"da-DK"},{"@type":"Organization","@id":"https:\/\/flenstemp.awork20.dk\/#organization","name":"Flensted Mobiles","url":"https:\/\/flenstemp.awork20.dk\/","logo":{"@type":"ImageObject","inLanguage":"da-DK","@id":"https:\/\/flenstemp.awork20.dk\/#\/schema\/logo\/image\/","url":"https:\/\/flensted-mobiles.com\/wp-content\/uploads\/2022\/03\/FlenstedLogo_med_ramme_100-3.webp","contentUrl":"https:\/\/flensted-mobiles.com\/wp-content\/uploads\/2022\/03\/FlenstedLogo_med_ramme_100-3.webp","width":2118,"height":2118,"caption":"Flensted Mobiles"},"image":{"@id":"https:\/\/flenstemp.awork20.dk\/#\/schema\/logo\/image\/"},"sameAs":["https:\/\/www.facebook.com\/flenstedmobiles"]}]}},"_links":{"self":[{"href":"https:\/\/flenstemp.awork20.dk\/da\/wp-json\/wp\/v2\/pages\/1094"}],"collection":[{"href":"https:\/\/flenstemp.awork20.dk\/da\/wp-json\/wp\/v2\/pages"}],"about":[{"href":"https:\/\/flenstemp.awork20.dk\/da\/wp-json\/wp\/v2\/types\/page"}],"author":[{"embeddable":true,"href":"https:\/\/flenstemp.awork20.dk\/da\/wp-json\/wp\/v2\/users\/1"}],"replies":[{"embeddable":true,"href":"https:\/\/flenstemp.awork20.dk\/da\/wp-json\/wp\/v2\/comments?post=1094"}],"version-history":[{"count":20,"href":"https:\/\/flenstemp.awork20.dk\/da\/wp-json\/wp\/v2\/pages\/1094\/revisions"}],"predecessor-version":[{"id":54433,"href":"https:\/\/flenstemp.awork20.dk\/da\/wp-json\/wp\/v2\/pages\/1094\/revisions\/54433"}],"up":[{"embeddable":true,"href":"https:\/\/flenstemp.awork20.dk\/da\/wp-json\/wp\/v2\/pages\/1080"}],"wp:attachment":[{"href":"https:\/\/flenstemp.awork20.dk\/da\/wp-json\/wp\/v2\/media?parent=1094"}],"curies":[{"name":"wp","href":"https:\/\/api.w.org\/{rel}","templated":true}]}}