{"id":1080,"date":"2021-12-03T13:21:28","date_gmt":"2021-12-03T12:21:28","guid":{"rendered":"https:\/\/flenstedmobiles.com\/?page_id=1080"},"modified":"2022-10-06T13:48:04","modified_gmt":"2022-10-06T11:48:04","slug":"faq-3","status":"publish","type":"page","link":"https:\/\/flenstemp.awork20.dk\/da\/faq-3\/","title":{"rendered":"FAQ"},"content":{"rendered":"\t\t<div data-elementor-type=\"wp-page\" data-elementor-id=\"1080\" class=\"elementor elementor-1080 elementor-276\">\n\t\t\t\t\t\t<div class=\"elementor-inner\">\n\t\t\t\t<div class=\"elementor-section-wrap\">\n\t\t\t\t\t\t\t\t\t<section class=\"elementor-section elementor-top-section elementor-element elementor-element-60756069 elementor-section-boxed elementor-section-height-default elementor-section-height-default wpr-particle-no wpr-jarallax-no wpr-parallax-no wpr-sticky-section-no\" data-id=\"60756069\" data-element_type=\"section\" data-settings=\"{&quot;background_background&quot;:&quot;classic&quot;}\">\n\t\t\t\t\t\t<div class=\"elementor-container elementor-column-gap-default\">\n\t\t\t\t\t\t\t<div class=\"elementor-row\">\n\t\t\t\t\t<div class=\"elementor-column elementor-col-33 elementor-top-column elementor-element elementor-element-1b01cfef\" data-id=\"1b01cfef\" data-element_type=\"column\" data-settings=\"{&quot;background_background&quot;:&quot;classic&quot;}\">\n\t\t\t<div class=\"elementor-column-wrap elementor-element-populated\">\n\t\t\t\t\t\t\t<div class=\"elementor-widget-wrap\">\n\t\t\t\t\t\t<div class=\"elementor-element elementor-element-3cac0115 elementor-widget elementor-widget-heading\" data-id=\"3cac0115\" data-element_type=\"widget\" data-widget_type=\"heading.default\">\n\t\t\t\t<div class=\"elementor-widget-container\">\n\t\t\t<h2 class=\"elementor-heading-title elementor-size-default\">FAQ<\/h2>\t\t<\/div>\n\t\t\t\t<\/div>\n\t\t\t\t<div class=\"elementor-element elementor-element-78df9ed2 elementor-widget elementor-widget-accordion\" data-id=\"78df9ed2\" data-element_type=\"widget\" data-widget_type=\"accordion.default\">\n\t\t\t\t<div class=\"elementor-widget-container\">\n\t\t\t\t\t<div class=\"elementor-accordion\" role=\"tablist\">\n\t\t\t\t\t\t\t<div class=\"elementor-accordion-item\">\n\t\t\t\t\t<div id=\"elementor-tab-title-2021\" class=\"elementor-tab-title\" data-tab=\"1\" role=\"tab\" aria-controls=\"elementor-tab-content-2021\" aria-expanded=\"false\">\n\t\t\t\t\t\t\t\t\t\t\t\t\t<span class=\"elementor-accordion-icon elementor-accordion-icon-right\" aria-hidden=\"true\">\n\t\t\t\t\t\t\t\t\t\t\t\t\t\t\t<span class=\"elementor-accordion-icon-closed\"><i class=\"fas fa-plus\"><\/i><\/span>\n\t\t\t\t\t\t\t\t<span class=\"elementor-accordion-icon-opened\"><i class=\"fas fa-minus\"><\/i><\/span>\n\t\t\t\t\t\t\t\t\t\t\t\t\t\t<\/span>\n\t\t\t\t\t\t\t\t\t\t\t\t<a class=\"elementor-accordion-title\" href=\"\">L\u00e6s mere<\/a>\n\t\t\t\t\t<\/div>\n\t\t\t\t\t<div id=\"elementor-tab-content-2021\" class=\"elementor-tab-content elementor-clearfix\" data-tab=\"1\" role=\"tabpanel\" aria-labelledby=\"elementor-tab-title-2021\"><p><a style=\"color: rgba(153,153,153,1.0);\" href=\"\/da\/faq-3\/hvad-er-en-mobile\/\"><b>Hvad er en mobile?<\/b><\/a><\/p><p><strong><a style=\"color: rgba(153,153,153,1.0);\" href=\"\/da\/faq-3\/mobilehospitalet\/\">Mobile hospitalet<\/a><\/strong><\/p><\/div>\n\t\t\t\t<\/div>\n\t\t\t\t\t\t\t\t<\/div>\n\t\t\t\t<\/div>\n\t\t\t\t<\/div>\n\t\t\t\t\t\t<\/div>\n\t\t\t\t\t<\/div>\n\t\t<\/div>\n\t\t\t\t<div class=\"elementor-column elementor-col-66 elementor-top-column elementor-element elementor-element-29972080\" data-id=\"29972080\" data-element_type=\"column\">\n\t\t\t<div class=\"elementor-column-wrap elementor-element-populated\">\n\t\t\t\t\t\t\t<div class=\"elementor-widget-wrap\">\n\t\t\t\t\t\t<div class=\"elementor-element elementor-element-35530aac elementor-widget elementor-widget-image\" data-id=\"35530aac\" data-element_type=\"widget\" data-widget_type=\"image.default\">\n\t\t\t\t<div class=\"elementor-widget-container\">\n\t\t\t\t\t\t\t\t<div class=\"elementor-image\">\n\t\t\t\t\t\t\t\t\t\t\t\t<img decoding=\"async\" width=\"927\" height=\"596\" src=\"https:\/\/flenstemp.awork20.dk\/wp-content\/uploads\/2021\/12\/3_futura_XL_largescale_header_flensted-mobiles-1.jpg\" class=\"attachment-full size-full wp-image-281\" alt=\"Julegaveideer til hende, barselsgave til mor eller anden form for gave\" srcset=\"https:\/\/flenstemp.awork20.dk\/wp-content\/uploads\/2021\/12\/3_futura_XL_largescale_header_flensted-mobiles-1.jpg 927w, https:\/\/flenstemp.awork20.dk\/wp-content\/uploads\/2021\/12\/3_futura_XL_largescale_header_flensted-mobiles-1-300x193.jpg 300w, https:\/\/flenstemp.awork20.dk\/wp-content\/uploads\/2021\/12\/3_futura_XL_largescale_header_flensted-mobiles-1-768x494.jpg 768w, https:\/\/flenstemp.awork20.dk\/wp-content\/uploads\/2021\/12\/3_futura_XL_largescale_header_flensted-mobiles-1-416x267.jpg 416w\" sizes=\"(max-width: 927px) 100vw, 927px\" \/>\t\t\t\t\t\t\t\t\t\t\t\t\t\t<\/div>\n\t\t\t\t\t\t<\/div>\n\t\t\t\t<\/div>\n\t\t\t\t\t\t<\/div>\n\t\t\t\t\t<\/div>\n\t\t<\/div>\n\t\t\t\t\t\t\t\t<\/div>\n\t\t\t\t\t<\/div>\n\t\t<\/section>\n\t\t\t\t<section class=\"elementor-section elementor-top-section elementor-element elementor-element-7d394b49 elementor-section-boxed elementor-section-height-default elementor-section-height-default wpr-particle-no wpr-jarallax-no wpr-parallax-no wpr-sticky-section-no\" data-id=\"7d394b49\" data-element_type=\"section\" data-settings=\"{&quot;background_background&quot;:&quot;classic&quot;}\">\n\t\t\t\t\t\t<div class=\"elementor-container elementor-column-gap-default\">\n\t\t\t\t\t\t\t<div class=\"elementor-row\">\n\t\t\t\t\t<div class=\"elementor-column elementor-col-100 elementor-top-column elementor-element elementor-element-41aae88b\" data-id=\"41aae88b\" data-element_type=\"column\" data-settings=\"{&quot;background_background&quot;:&quot;classic&quot;}\">\n\t\t\t<div class=\"elementor-column-wrap elementor-element-populated\">\n\t\t\t\t\t\t\t<div class=\"elementor-widget-wrap\">\n\t\t\t\t\t\t<section class=\"elementor-section elementor-inner-section elementor-element elementor-element-2531b66b elementor-section-boxed elementor-section-height-default elementor-section-height-default wpr-particle-no wpr-jarallax-no wpr-parallax-no wpr-sticky-section-no\" data-id=\"2531b66b\" data-element_type=\"section\">\n\t\t\t\t\t\t<div class=\"elementor-container elementor-column-gap-default\">\n\t\t\t\t\t\t\t<div class=\"elementor-row\">\n\t\t\t\t\t<div class=\"elementor-column elementor-col-100 elementor-inner-column elementor-element elementor-element-44ec01d3\" data-id=\"44ec01d3\" data-element_type=\"column\">\n\t\t\t<div class=\"elementor-column-wrap elementor-element-populated\">\n\t\t\t\t\t\t\t<div class=\"elementor-widget-wrap\">\n\t\t\t\t\t\t<div class=\"elementor-element elementor-element-1ae8fa20 elementor-widget elementor-widget-heading\" data-id=\"1ae8fa20\" data-element_type=\"widget\" data-widget_type=\"heading.default\">\n\t\t\t\t<div class=\"elementor-widget-container\">\n\t\t\t<h2 class=\"elementor-heading-title elementor-size-default\">Ofte stillede sp\u00f8rgsm\u00e5l<\/h2>\t\t<\/div>\n\t\t\t\t<\/div>\n\t\t\t\t\t\t<\/div>\n\t\t\t\t\t<\/div>\n\t\t<\/div>\n\t\t\t\t\t\t\t\t<\/div>\n\t\t\t\t\t<\/div>\n\t\t<\/section>\n\t\t\t\t<section class=\"elementor-section elementor-inner-section elementor-element elementor-element-593616ce elementor-section-boxed elementor-section-height-default elementor-section-height-default wpr-particle-no wpr-jarallax-no wpr-parallax-no wpr-sticky-section-no\" data-id=\"593616ce\" data-element_type=\"section\">\n\t\t\t\t\t\t<div class=\"elementor-container elementor-column-gap-default\">\n\t\t\t\t\t\t\t<div class=\"elementor-row\">\n\t\t\t\t\t<div class=\"elementor-column elementor-col-50 elementor-inner-column elementor-element elementor-element-2bfdee94\" data-id=\"2bfdee94\" data-element_type=\"column\">\n\t\t\t<div class=\"elementor-column-wrap elementor-element-populated\">\n\t\t\t\t\t\t\t<div class=\"elementor-widget-wrap\">\n\t\t\t\t\t\t<div class=\"elementor-element elementor-element-118ec15e elementor-widget elementor-widget-text-editor\" data-id=\"118ec15e\" data-element_type=\"widget\" data-widget_type=\"text-editor.default\">\n\t\t\t\t<div class=\"elementor-widget-container\">\n\t\t\t\t\t\t\t\t<div class=\"elementor-text-editor elementor-clearfix\">\n\t\t\t\t<h3 style=\"font-size: 18px; margin-bottom: 25px;\"><b>Hvor l\u00e6nge holder en Flensted mobile?<\/b><\/h3><p>Vi h\u00f8rer ofte at vores <a href=\"https:\/\/flenstemp.awork20.dk\/da\/mobiler\/\">mobiler<\/a> g\u00e5r i arv. Et eksempel p\u00e5 vores mobilers holdbarhed er godt fortalt, af en kvinde som havde arvet en Science Fiction mobile efter sin bedstemor, og bedstemoderen havde vel og m\u00e6rke haft mobilen i 30 \u00e5r!<\/p><p>Vi har testet mobilerne (og tester til stadighed) i vores eget hjem, og vi har haft den samme mobile h\u00e6ngende i mere end 20 \u00e5r, s\u00e5 mobilerne kan bestemt holde en del \u00e5r.<\/p><h3 style=\"font-size: 18px; margin-bottom: 25px;\"><b>Hvordan reng\u00f8r jeg min mobile?<\/b><\/h3><p><a href=\"https:\/\/flenstemp.awork20.dk\/da\/mobiler\/\">Mobiler<\/a> fremstillet i karton b\u00f8r kun b\u00f8rstes forsigtigt med en bl\u00f8d b\u00f8rste.<\/p><p><a href=\"https:\/\/flenstemp.awork20.dk\/da\/mobiler\/\">Mobiler af tr\u00e6, aluminium eller plastic<\/a> kan desuden t\u00f8rres forsigtig over med en h\u00e5rdt opvredet klud med en let opl\u00f8sning af opvaskes\u00e6be.<\/p><h3 style=\"font-size: 18px; margin-bottom: 25px;\"><b>Kan jeres mobiler h\u00e6nge udend\u00f8rs?<\/b><\/h3><p>Desv\u00e6rre ikke: da vore <a href=\"https:\/\/flenstemp.awork20.dk\/da\/mobiler\/\">mobiler<\/a> er designet til indvendig udsmykning, er de f\u00f8lsomme overfor selv den mindste vind og egner sig ikke til udend\u00f8rs oph\u00e6ng.<\/p><h3 style=\"font-size: 18px; margin-bottom: 25px;\"><b>Falmer mobilerne?<\/b><\/h3><p>Til mange af mobilerne er der brugt plastfolie, et materiale der er let at reng\u00f8re og som p\u00e5 grund af lyst\u00e6theden falmer meget lidt. Mange af vores <a href=\"https:\/\/flenstemp.awork20.dk\/da\/mobiler\/\">mobiler<\/a> er ogs\u00e5 lavet af karton og selvom vi bruger karton af en meget h\u00f8j kvalitet, falmer dette materiale en smule gennem \u00e5rerne. Karton er ikke lyst\u00e6t. En lille tommelfingerregel er, at de r\u00f8de farver har mere tendens til at falme end de bl\u00e5 farver.<\/p><p>Du kan forsinke mobilernes falmetid ved at undg\u00e5 at uds\u00e6tte dem for direkte sollys.<\/p>\t\t\t\t\t<\/div>\n\t\t\t\t\t\t<\/div>\n\t\t\t\t<\/div>\n\t\t\t\t\t\t<\/div>\n\t\t\t\t\t<\/div>\n\t\t<\/div>\n\t\t\t\t<div class=\"elementor-column elementor-col-50 elementor-inner-column elementor-element elementor-element-5d038b49\" data-id=\"5d038b49\" data-element_type=\"column\">\n\t\t\t<div class=\"elementor-column-wrap elementor-element-populated\">\n\t\t\t\t\t\t\t<div class=\"elementor-widget-wrap\">\n\t\t\t\t\t\t<div class=\"elementor-element elementor-element-28c67132 elementor-widget elementor-widget-text-editor\" data-id=\"28c67132\" data-element_type=\"widget\" data-widget_type=\"text-editor.default\">\n\t\t\t\t<div class=\"elementor-widget-container\">\n\t\t\t\t\t\t\t\t<div class=\"elementor-text-editor elementor-clearfix\">\n\t\t\t\t<h3 style=\"font-size: 18px; margin-bottom: 25px;\"><b>Hvor og hvordan h\u00e6nger jeg min mobile op?<\/b><\/h3><p>Hvis din <a href=\"https:\/\/flenstemp.awork20.dk\/da\/mobiler\/\">mobile<\/a> bliver h\u00e6ngt korrekt op, kan du nyde dens skiftende farver og former igennem mange mange \u00e5r.<\/p><p>N\u00e5r du skal finde det helt rigtige sted til din <a href=\"https:\/\/flenstemp.awork20.dk\/da\/om-os\/\">Flensted mobile<\/a>, s\u00e5 tag dig god tid og hav f\u00f8lgende overvejelser in mente:<\/p><ul><li>Mobilen er designet til at sprede ro og forundring, det er ikke et leget\u00f8j, s\u00e5 h\u00e6ng mobilen udenfor b\u00f8rns r\u00e6kkevidde.<\/li><li>Undg\u00e5 at h\u00e6nge den i direkte sollys. P\u00e5 den m\u00e5de holder farverne og formerne l\u00e6ngere.<\/li><li>Langsomme og rolige bev\u00e6gelser er en del af mobilens inderste v\u00e6sen, s\u00e5 h\u00e6ng gerne mobilen et sted hvor der er lidt bev\u00e6gelse i luften, men ikke i direkte vind.<\/li><li>H\u00e6ng mobilen et sted, hvor der er en diskret og ensartet baggrund. Vi foresl\u00e5r at h\u00e6nge den i et hj\u00f8rne med en lys baggrund. P\u00e5 den m\u00e5de kommer mobilen til sin fulde ret.<\/li><li>Hvis det er muligt, s\u00e5 pr\u00f8v at h\u00e6nge mobilen i sk\u00e6ret fra en lampe. Lampens lys p\u00e5 mobilen vil kaste skygger, der danner illusionen om endnu en dimension.<\/li><li>Pr\u00f8v at h\u00e6nge mobilen et sted, hvor du kan betragte den, mens du lytter til musik. Legen mellem musikkens rytmer og mobilens bev\u00e6gelser er noget helt s\u00e6rligt.<\/li><li>Oph\u00e6ngning af mobilen: Hvis du ikke har mulighed for at s\u00e6tte mobilen fast i loftet med en n\u00e5l eller en krog (hvis du f.eks. har betonloft e.l.), s\u00e5 anvend Tesa Powerstrip eller \u2013 for de lette mobiler \u2013 dobbeltkl\u00e6bende kl\u00e6bepuder.<\/li><\/ul><p><strong>Vidste du?<\/strong><\/p><p>\u2013 at n\u00e6sten alle vore <a href=\"https:\/\/flenstemp.awork20.dk\/da\/mobiler\/\">mobiler<\/a> sagtens kan h\u00e6nge i et ganske lille s\u00f8m, eller endda en n\u00e5l.<\/p><p><strong>Over din seng<\/strong><\/p><p>Over fodenden er der et fantastisk rum for selv de st\u00f8rre af vore <a href=\"https:\/\/flenstemp.awork20.dk\/da\/mobiler\/\">mobiler<\/a>. Se mobilen dreje forsigtigt rundt, og se hvorledes de enkelte elementer skifter form undervejs.<\/p>\t\t\t\t\t<\/div>\n\t\t\t\t\t\t<\/div>\n\t\t\t\t<\/div>\n\t\t\t\t\t\t<\/div>\n\t\t\t\t\t<\/div>\n\t\t<\/div>\n\t\t\t\t\t\t\t\t<\/div>\n\t\t\t\t\t<\/div>\n\t\t<\/section>\n\t\t\t\t\t\t<\/div>\n\t\t\t\t\t<\/div>\n\t\t<\/div>\n\t\t\t\t\t\t\t\t<\/div>\n\t\t\t\t\t<\/div>\n\t\t<\/section>\n\t\t\t\t\t\t\t\t\t<\/div>\n\t\t\t<\/div>\n\t\t\t\t\t<\/div>\n\t\t","protected":false},"excerpt":{"rendered":"<p>FAQ L\u00e6s mere Hvad er en mobile? Mobile hospitalet Ofte stillede sp\u00f8rgsm\u00e5l Hvor l\u00e6nge holder en Flensted mobile? Vi h\u00f8rer ofte at vores mobiler g\u00e5r i arv. Et eksempel p\u00e5 vores mobilers holdbarhed er godt fortalt, af en kvinde som havde arvet en Science Fiction mobile efter sin bedstemor, og bedstemoderen havde vel og m\u00e6rke [&hellip;]<\/p>\n","protected":false},"author":1,"featured_media":0,"parent":0,"menu_order":0,"comment_status":"closed","ping_status":"closed","template":"elementor_header_footer","meta":[],"yoast_head":"<!-- This site is optimized with the Yoast SEO plugin v20.8 - https:\/\/yoast.com\/wordpress\/plugins\/seo\/ -->\n<title>FAQ om uroer og mobiler - Flensted Mobiles<\/title>\n<meta name=\"description\" content=\"Hos Flensted Mobiles forhandler vi mobiler uro i dansk design, og her p\u00e5 siden svarer vi p\u00e5 de mest hyppigste sp\u00f8rgsm\u00e5l og uroer og mobiler.\" \/>\n<meta name=\"robots\" content=\"index, follow, max-snippet:-1, max-image-preview:large, max-video-preview:-1\" \/>\n<link rel=\"canonical\" href=\"https:\/\/flenstemp.awork20.dk\/da\/faq-3\/\" \/>\n<meta property=\"og:locale\" content=\"da_DK\" \/>\n<meta property=\"og:type\" content=\"article\" \/>\n<meta property=\"og:title\" content=\"FAQ om uroer og mobiler - Flensted Mobiles\" \/>\n<meta property=\"og:description\" content=\"Hos Flensted Mobiles forhandler vi mobiler uro i dansk design, og her p\u00e5 siden svarer vi p\u00e5 de mest hyppigste sp\u00f8rgsm\u00e5l og uroer og mobiler.\" \/>\n<meta property=\"og:url\" content=\"https:\/\/flenstemp.awork20.dk\/da\/faq-3\/\" \/>\n<meta property=\"og:site_name\" content=\"Flensted Mobiles\" \/>\n<meta property=\"article:publisher\" content=\"https:\/\/www.facebook.com\/flenstedmobiles\" \/>\n<meta property=\"article:modified_time\" content=\"2022-10-06T11:48:04+00:00\" \/>\n<meta property=\"og:image\" content=\"https:\/\/flensted-mobiles.com\/wp-content\/uploads\/2021\/12\/3_futura_XL_largescale_header_flensted-mobiles-1.jpg\" \/>\n<meta name=\"twitter:card\" content=\"summary_large_image\" \/>\n<meta name=\"twitter:label1\" content=\"Estimeret l\u00e6setid\" \/>\n\t<meta name=\"twitter:data1\" content=\"4 minutter\" \/>\n<script type=\"application\/ld+json\" class=\"yoast-schema-graph\">{\"@context\":\"https:\/\/schema.org\",\"@graph\":[{\"@type\":\"WebPage\",\"@id\":\"https:\/\/flenstemp.awork20.dk\/da\/faq-3\/\",\"url\":\"https:\/\/flenstemp.awork20.dk\/da\/faq-3\/\",\"name\":\"FAQ om uroer og mobiler - Flensted Mobiles\",\"isPartOf\":{\"@id\":\"https:\/\/flenstemp.awork20.dk\/#website\"},\"datePublished\":\"2021-12-03T12:21:28+00:00\",\"dateModified\":\"2022-10-06T11:48:04+00:00\",\"description\":\"Hos Flensted Mobiles forhandler vi mobiler uro i dansk design, og her p\u00e5 siden svarer vi p\u00e5 de mest hyppigste sp\u00f8rgsm\u00e5l og uroer og mobiler.\",\"breadcrumb\":{\"@id\":\"https:\/\/flenstemp.awork20.dk\/da\/faq-3\/#breadcrumb\"},\"inLanguage\":\"da-DK\",\"potentialAction\":[{\"@type\":\"ReadAction\",\"target\":[\"https:\/\/flenstemp.awork20.dk\/da\/faq-3\/\"]}]},{\"@type\":\"BreadcrumbList\",\"@id\":\"https:\/\/flenstemp.awork20.dk\/da\/faq-3\/#breadcrumb\",\"itemListElement\":[{\"@type\":\"ListItem\",\"position\":1,\"name\":\"Home\",\"item\":\"https:\/\/flenstemp.awork20.dk\/da\/\"},{\"@type\":\"ListItem\",\"position\":2,\"name\":\"FAQ\"}]},{\"@type\":\"WebSite\",\"@id\":\"https:\/\/flenstemp.awork20.dk\/#website\",\"url\":\"https:\/\/flenstemp.awork20.dk\/\",\"name\":\"Flensted Mobiles\",\"description\":\"Unikke mobiler som skaber ro og balance, i enhvers hjem.\",\"publisher\":{\"@id\":\"https:\/\/flenstemp.awork20.dk\/#organization\"},\"potentialAction\":[{\"@type\":\"SearchAction\",\"target\":{\"@type\":\"EntryPoint\",\"urlTemplate\":\"https:\/\/flenstemp.awork20.dk\/?s={search_term_string}\"},\"query-input\":\"required name=search_term_string\"}],\"inLanguage\":\"da-DK\"},{\"@type\":\"Organization\",\"@id\":\"https:\/\/flenstemp.awork20.dk\/#organization\",\"name\":\"Flensted Mobiles\",\"url\":\"https:\/\/flenstemp.awork20.dk\/\",\"logo\":{\"@type\":\"ImageObject\",\"inLanguage\":\"da-DK\",\"@id\":\"https:\/\/flenstemp.awork20.dk\/#\/schema\/logo\/image\/\",\"url\":\"https:\/\/flensted-mobiles.com\/wp-content\/uploads\/2022\/03\/FlenstedLogo_med_ramme_100-3.webp\",\"contentUrl\":\"https:\/\/flensted-mobiles.com\/wp-content\/uploads\/2022\/03\/FlenstedLogo_med_ramme_100-3.webp\",\"width\":2118,\"height\":2118,\"caption\":\"Flensted Mobiles\"},\"image\":{\"@id\":\"https:\/\/flenstemp.awork20.dk\/#\/schema\/logo\/image\/\"},\"sameAs\":[\"https:\/\/www.facebook.com\/flenstedmobiles\"]}]}<\/script>\n<!-- \/ Yoast SEO plugin. -->","yoast_head_json":{"title":"FAQ om uroer og mobiler - Flensted Mobiles","description":"Hos Flensted Mobiles forhandler vi mobiler uro i dansk design, og her p\u00e5 siden svarer vi p\u00e5 de mest hyppigste sp\u00f8rgsm\u00e5l og uroer og mobiler.","robots":{"index":"index","follow":"follow","max-snippet":"max-snippet:-1","max-image-preview":"max-image-preview:large","max-video-preview":"max-video-preview:-1"},"canonical":"https:\/\/flenstemp.awork20.dk\/da\/faq-3\/","og_locale":"da_DK","og_type":"article","og_title":"FAQ om uroer og mobiler - Flensted Mobiles","og_description":"Hos Flensted Mobiles forhandler vi mobiler uro i dansk design, og her p\u00e5 siden svarer vi p\u00e5 de mest hyppigste sp\u00f8rgsm\u00e5l og uroer og mobiler.","og_url":"https:\/\/flenstemp.awork20.dk\/da\/faq-3\/","og_site_name":"Flensted Mobiles","article_publisher":"https:\/\/www.facebook.com\/flenstedmobiles","article_modified_time":"2022-10-06T11:48:04+00:00","og_image":[{"url":"https:\/\/flensted-mobiles.com\/wp-content\/uploads\/2021\/12\/3_futura_XL_largescale_header_flensted-mobiles-1.jpg"}],"twitter_card":"summary_large_image","twitter_misc":{"Estimeret l\u00e6setid":"4 minutter"},"schema":{"@context":"https:\/\/schema.org","@graph":[{"@type":"WebPage","@id":"https:\/\/flenstemp.awork20.dk\/da\/faq-3\/","url":"https:\/\/flenstemp.awork20.dk\/da\/faq-3\/","name":"FAQ om uroer og mobiler - Flensted Mobiles","isPartOf":{"@id":"https:\/\/flenstemp.awork20.dk\/#website"},"datePublished":"2021-12-03T12:21:28+00:00","dateModified":"2022-10-06T11:48:04+00:00","description":"Hos Flensted Mobiles forhandler vi mobiler uro i dansk design, og her p\u00e5 siden svarer vi p\u00e5 de mest hyppigste sp\u00f8rgsm\u00e5l og uroer og mobiler.","breadcrumb":{"@id":"https:\/\/flenstemp.awork20.dk\/da\/faq-3\/#breadcrumb"},"inLanguage":"da-DK","potentialAction":[{"@type":"ReadAction","target":["https:\/\/flenstemp.awork20.dk\/da\/faq-3\/"]}]},{"@type":"BreadcrumbList","@id":"https:\/\/flenstemp.awork20.dk\/da\/faq-3\/#breadcrumb","itemListElement":[{"@type":"ListItem","position":1,"name":"Home","item":"https:\/\/flenstemp.awork20.dk\/da\/"},{"@type":"ListItem","position":2,"name":"FAQ"}]},{"@type":"WebSite","@id":"https:\/\/flenstemp.awork20.dk\/#website","url":"https:\/\/flenstemp.awork20.dk\/","name":"Flensted Mobiles","description":"Unikke mobiler som skaber ro og balance, i enhvers hjem.","publisher":{"@id":"https:\/\/flenstemp.awork20.dk\/#organization"},"potentialAction":[{"@type":"SearchAction","target":{"@type":"EntryPoint","urlTemplate":"https:\/\/flenstemp.awork20.dk\/?s={search_term_string}"},"query-input":"required name=search_term_string"}],"inLanguage":"da-DK"},{"@type":"Organization","@id":"https:\/\/flenstemp.awork20.dk\/#organization","name":"Flensted Mobiles","url":"https:\/\/flenstemp.awork20.dk\/","logo":{"@type":"ImageObject","inLanguage":"da-DK","@id":"https:\/\/flenstemp.awork20.dk\/#\/schema\/logo\/image\/","url":"https:\/\/flensted-mobiles.com\/wp-content\/uploads\/2022\/03\/FlenstedLogo_med_ramme_100-3.webp","contentUrl":"https:\/\/flensted-mobiles.com\/wp-content\/uploads\/2022\/03\/FlenstedLogo_med_ramme_100-3.webp","width":2118,"height":2118,"caption":"Flensted Mobiles"},"image":{"@id":"https:\/\/flenstemp.awork20.dk\/#\/schema\/logo\/image\/"},"sameAs":["https:\/\/www.facebook.com\/flenstedmobiles"]}]}},"_links":{"self":[{"href":"https:\/\/flenstemp.awork20.dk\/da\/wp-json\/wp\/v2\/pages\/1080"}],"collection":[{"href":"https:\/\/flenstemp.awork20.dk\/da\/wp-json\/wp\/v2\/pages"}],"about":[{"href":"https:\/\/flenstemp.awork20.dk\/da\/wp-json\/wp\/v2\/types\/page"}],"author":[{"embeddable":true,"href":"https:\/\/flenstemp.awork20.dk\/da\/wp-json\/wp\/v2\/users\/1"}],"replies":[{"embeddable":true,"href":"https:\/\/flenstemp.awork20.dk\/da\/wp-json\/wp\/v2\/comments?post=1080"}],"version-history":[{"count":37,"href":"https:\/\/flenstemp.awork20.dk\/da\/wp-json\/wp\/v2\/pages\/1080\/revisions"}],"predecessor-version":[{"id":53219,"href":"https:\/\/flenstemp.awork20.dk\/da\/wp-json\/wp\/v2\/pages\/1080\/revisions\/53219"}],"wp:attachment":[{"href":"https:\/\/flenstemp.awork20.dk\/da\/wp-json\/wp\/v2\/media?parent=1080"}],"curies":[{"name":"wp","href":"https:\/\/api.w.org\/{rel}","templated":true}]}}