{"id":1029,"date":"2021-12-03T12:57:12","date_gmt":"2021-12-03T11:57:12","guid":{"rendered":"https:\/\/flenstedmobiles.com\/?page_id=1029"},"modified":"2023-03-07T14:03:50","modified_gmt":"2023-03-07T13:03:50","slug":"mobilecentret","status":"publish","type":"page","link":"https:\/\/flenstemp.awork20.dk\/da\/om-os\/mobilecentret\/","title":{"rendered":"Mobilecentret"},"content":{"rendered":"\t\t<div data-elementor-type=\"wp-page\" data-elementor-id=\"1029\" class=\"elementor elementor-1029 elementor-232\">\n\t\t\t\t\t\t<div class=\"elementor-inner\">\n\t\t\t\t<div class=\"elementor-section-wrap\">\n\t\t\t\t\t\t\t\t\t<section class=\"elementor-section elementor-top-section elementor-element elementor-element-7ad5b8ac elementor-section-boxed elementor-section-height-default elementor-section-height-default wpr-particle-no wpr-jarallax-no wpr-parallax-no wpr-sticky-section-no\" data-id=\"7ad5b8ac\" data-element_type=\"section\" data-settings=\"{&quot;background_background&quot;:&quot;classic&quot;}\">\n\t\t\t\t\t\t<div class=\"elementor-container elementor-column-gap-default\">\n\t\t\t\t\t\t\t<div class=\"elementor-row\">\n\t\t\t\t\t<div class=\"elementor-column elementor-col-33 elementor-top-column elementor-element elementor-element-5a6af912\" data-id=\"5a6af912\" data-element_type=\"column\" data-settings=\"{&quot;background_background&quot;:&quot;classic&quot;}\">\n\t\t\t<div class=\"elementor-column-wrap elementor-element-populated\">\n\t\t\t\t\t\t\t<div class=\"elementor-widget-wrap\">\n\t\t\t\t\t\t<div class=\"elementor-element elementor-element-32f9485c elementor-widget elementor-widget-heading\" data-id=\"32f9485c\" data-element_type=\"widget\" data-widget_type=\"heading.default\">\n\t\t\t\t<div class=\"elementor-widget-container\">\n\t\t\t<h2 class=\"elementor-heading-title elementor-size-default\">Om os<\/h2>\t\t<\/div>\n\t\t\t\t<\/div>\n\t\t\t\t<div class=\"elementor-element elementor-element-7a20579e elementor-widget elementor-widget-accordion\" data-id=\"7a20579e\" data-element_type=\"widget\" data-widget_type=\"accordion.default\">\n\t\t\t\t<div class=\"elementor-widget-container\">\n\t\t\t\t\t<div class=\"elementor-accordion\" role=\"tablist\">\n\t\t\t\t\t\t\t<div class=\"elementor-accordion-item\">\n\t\t\t\t\t<div id=\"elementor-tab-title-2041\" class=\"elementor-tab-title\" data-tab=\"1\" role=\"tab\" aria-controls=\"elementor-tab-content-2041\" aria-expanded=\"false\">\n\t\t\t\t\t\t\t\t\t\t\t\t\t<span class=\"elementor-accordion-icon elementor-accordion-icon-right\" aria-hidden=\"true\">\n\t\t\t\t\t\t\t\t\t\t\t\t\t\t\t<span class=\"elementor-accordion-icon-closed\"><i class=\"fas fa-plus\"><\/i><\/span>\n\t\t\t\t\t\t\t\t<span class=\"elementor-accordion-icon-opened\"><i class=\"fas fa-minus\"><\/i><\/span>\n\t\t\t\t\t\t\t\t\t\t\t\t\t\t<\/span>\n\t\t\t\t\t\t\t\t\t\t\t\t<a class=\"elementor-accordion-title\" href=\"\">L\u00e6s mere<\/a>\n\t\t\t\t\t<\/div>\n\t\t\t\t\t<div id=\"elementor-tab-content-2041\" class=\"elementor-tab-content elementor-clearfix\" data-tab=\"1\" role=\"tabpanel\" aria-labelledby=\"elementor-tab-title-2041\"><p><a style=\"color: #9ea2a6 !important; font-weight: 500;\" href=\"\/da\/om-os\/flensted-teamet\/\">Flensted teamet<\/a><\/p><p><strong>The Mobile Centre<\/strong><\/p><p><a style=\"color: #9ea2a6 !important; font-weight: 500;\" href=\"\/da\/om-os\/brenderupkloden\/\">Brenderup kloden<\/a><\/p><p><a style=\"color: #9ea2a6 !important; font-weight: 500;\" href=\"\/da\/om-os\/flensted-mobiles-video\/\">Flensted Mobiles video<\/a><\/p><\/div>\n\t\t\t\t<\/div>\n\t\t\t\t\t\t\t\t<\/div>\n\t\t\t\t<\/div>\n\t\t\t\t<\/div>\n\t\t\t\t\t\t<\/div>\n\t\t\t\t\t<\/div>\n\t\t<\/div>\n\t\t\t\t<div class=\"elementor-column elementor-col-66 elementor-top-column elementor-element elementor-element-7f57bd4c\" data-id=\"7f57bd4c\" data-element_type=\"column\">\n\t\t\t<div class=\"elementor-column-wrap elementor-element-populated\">\n\t\t\t\t\t\t\t<div class=\"elementor-widget-wrap\">\n\t\t\t\t\t\t<div class=\"elementor-element elementor-element-11613ef7 elementor-widget elementor-widget-image\" data-id=\"11613ef7\" data-element_type=\"widget\" data-widget_type=\"image.default\">\n\t\t\t\t<div class=\"elementor-widget-container\">\n\t\t\t\t\t\t\t\t<div class=\"elementor-image\">\n\t\t\t\t\t\t\t\t\t\t\t\t<img decoding=\"async\" width=\"980\" height=\"735\" src=\"https:\/\/flenstemp.awork20.dk\/wp-content\/uploads\/2022\/08\/billede-frederiksminde-1024x768.jpg\" class=\"attachment-large size-large wp-image-52209\" alt=\"K\u00f8b uroer og mobiler hos Flensted Mobiles. Mobiler og uro er den perfekte gave til barned\u00e5b, julegaver til ansatte, barselsgave til mor m.m. S\u00f8ger du efter julegaveideer til hende eller fars dag ideer, s\u00e5 se vores udvalg\" srcset=\"https:\/\/flenstemp.awork20.dk\/wp-content\/uploads\/2022\/08\/billede-frederiksminde-1024x768.jpg 1024w, https:\/\/flenstemp.awork20.dk\/wp-content\/uploads\/2022\/08\/billede-frederiksminde-300x225.jpg 300w, https:\/\/flenstemp.awork20.dk\/wp-content\/uploads\/2022\/08\/billede-frederiksminde-768x576.jpg 768w, https:\/\/flenstemp.awork20.dk\/wp-content\/uploads\/2022\/08\/billede-frederiksminde-1536x1152.jpg 1536w, https:\/\/flenstemp.awork20.dk\/wp-content\/uploads\/2022\/08\/billede-frederiksminde-2048x1536.jpg 2048w, https:\/\/flenstemp.awork20.dk\/wp-content\/uploads\/2022\/08\/billede-frederiksminde-416x312.jpg 416w\" sizes=\"(max-width: 980px) 100vw, 980px\" \/>\t\t\t\t\t\t\t\t\t\t\t\t\t\t<\/div>\n\t\t\t\t\t\t<\/div>\n\t\t\t\t<\/div>\n\t\t\t\t\t\t<\/div>\n\t\t\t\t\t<\/div>\n\t\t<\/div>\n\t\t\t\t\t\t\t\t<\/div>\n\t\t\t\t\t<\/div>\n\t\t<\/section>\n\t\t\t\t<section class=\"elementor-section elementor-top-section elementor-element elementor-element-28c09040 elementor-section-boxed elementor-section-height-default elementor-section-height-default wpr-particle-no wpr-jarallax-no wpr-parallax-no wpr-sticky-section-no\" data-id=\"28c09040\" data-element_type=\"section\" data-settings=\"{&quot;background_background&quot;:&quot;classic&quot;}\">\n\t\t\t\t\t\t<div class=\"elementor-container elementor-column-gap-default\">\n\t\t\t\t\t\t\t<div class=\"elementor-row\">\n\t\t\t\t\t<div class=\"elementor-column elementor-col-100 elementor-top-column elementor-element elementor-element-5ed817fb\" data-id=\"5ed817fb\" data-element_type=\"column\" data-settings=\"{&quot;background_background&quot;:&quot;classic&quot;}\">\n\t\t\t<div class=\"elementor-column-wrap elementor-element-populated\">\n\t\t\t\t\t\t\t<div class=\"elementor-widget-wrap\">\n\t\t\t\t\t\t<section class=\"elementor-section elementor-inner-section elementor-element elementor-element-3b994aba elementor-section-boxed elementor-section-height-default elementor-section-height-default wpr-particle-no wpr-jarallax-no wpr-parallax-no wpr-sticky-section-no\" data-id=\"3b994aba\" data-element_type=\"section\">\n\t\t\t\t\t\t<div class=\"elementor-container elementor-column-gap-default\">\n\t\t\t\t\t\t\t<div class=\"elementor-row\">\n\t\t\t\t\t<div class=\"elementor-column elementor-col-100 elementor-inner-column elementor-element elementor-element-1787982c\" data-id=\"1787982c\" data-element_type=\"column\">\n\t\t\t<div class=\"elementor-column-wrap elementor-element-populated\">\n\t\t\t\t\t\t\t<div class=\"elementor-widget-wrap\">\n\t\t\t\t\t\t<div class=\"elementor-element elementor-element-5f037086 elementor-widget elementor-widget-heading\" data-id=\"5f037086\" data-element_type=\"widget\" data-widget_type=\"heading.default\">\n\t\t\t\t<div class=\"elementor-widget-container\">\n\t\t\t<h2 class=\"elementor-heading-title elementor-size-default\">Mobilecentret \u201cFrederiksminde\u201d<\/h2>\t\t<\/div>\n\t\t\t\t<\/div>\n\t\t\t\t\t\t<\/div>\n\t\t\t\t\t<\/div>\n\t\t<\/div>\n\t\t\t\t\t\t\t\t<\/div>\n\t\t\t\t\t<\/div>\n\t\t<\/section>\n\t\t\t\t<section class=\"elementor-section elementor-inner-section elementor-element elementor-element-3b8cd332 elementor-section-boxed elementor-section-height-default elementor-section-height-default wpr-particle-no wpr-jarallax-no wpr-parallax-no wpr-sticky-section-no\" data-id=\"3b8cd332\" data-element_type=\"section\">\n\t\t\t\t\t\t<div class=\"elementor-container elementor-column-gap-default\">\n\t\t\t\t\t\t\t<div class=\"elementor-row\">\n\t\t\t\t\t<div class=\"elementor-column elementor-col-50 elementor-inner-column elementor-element elementor-element-1d85a776\" data-id=\"1d85a776\" data-element_type=\"column\">\n\t\t\t<div class=\"elementor-column-wrap elementor-element-populated\">\n\t\t\t\t\t\t\t<div class=\"elementor-widget-wrap\">\n\t\t\t\t\t\t<div class=\"elementor-element elementor-element-7edc6680 elementor-widget elementor-widget-image\" data-id=\"7edc6680\" data-element_type=\"widget\" data-widget_type=\"image.default\">\n\t\t\t\t<div class=\"elementor-widget-container\">\n\t\t\t\t\t\t\t\t<div class=\"elementor-image\">\n\t\t\t\t\t\t\t\t\t\t\t\t<img decoding=\"async\" width=\"980\" height=\"980\" src=\"https:\/\/flenstemp.awork20.dk\/wp-content\/uploads\/2022\/08\/Brand_Ole_0002-1-1024x1024.jpg\" class=\"attachment-large size-large wp-image-52291\" alt=\"K\u00f8b uroer og mobiler hos Flensted Mobiles. Mobiler og uro er den perfekte gave til barned\u00e5b, julegaver til ansatte, barselsgave til mor m.m. S\u00f8ger du efter julegaveideer til hende eller fars dag ideer, s\u00e5 se vores udvalg\" srcset=\"https:\/\/flenstemp.awork20.dk\/wp-content\/uploads\/2022\/08\/Brand_Ole_0002-1-1024x1024.jpg 1024w, https:\/\/flenstemp.awork20.dk\/wp-content\/uploads\/2022\/08\/Brand_Ole_0002-1-300x300.jpg 300w, https:\/\/flenstemp.awork20.dk\/wp-content\/uploads\/2022\/08\/Brand_Ole_0002-1-150x150.jpg 150w, https:\/\/flenstemp.awork20.dk\/wp-content\/uploads\/2022\/08\/Brand_Ole_0002-1-768x768.jpg 768w, https:\/\/flenstemp.awork20.dk\/wp-content\/uploads\/2022\/08\/Brand_Ole_0002-1-1536x1536.jpg 1536w, https:\/\/flenstemp.awork20.dk\/wp-content\/uploads\/2022\/08\/Brand_Ole_0002-1-2048x2048.jpg 2048w, https:\/\/flenstemp.awork20.dk\/wp-content\/uploads\/2022\/08\/Brand_Ole_0002-1-324x324.jpg 324w, https:\/\/flenstemp.awork20.dk\/wp-content\/uploads\/2022\/08\/Brand_Ole_0002-1-416x416.jpg 416w, https:\/\/flenstemp.awork20.dk\/wp-content\/uploads\/2022\/08\/Brand_Ole_0002-1-100x100.jpg 100w, https:\/\/flenstemp.awork20.dk\/wp-content\/uploads\/2022\/08\/Brand_Ole_0002-1-50x50.jpg 50w\" sizes=\"(max-width: 980px) 100vw, 980px\" \/>\t\t\t\t\t\t\t\t\t\t\t\t\t\t<\/div>\n\t\t\t\t\t\t<\/div>\n\t\t\t\t<\/div>\n\t\t\t\t<div class=\"elementor-element elementor-element-3d9bd4b3 elementor-widget elementor-widget-text-editor\" data-id=\"3d9bd4b3\" data-element_type=\"widget\" data-widget_type=\"text-editor.default\">\n\t\t\t\t<div class=\"elementor-widget-container\">\n\t\t\t\t\t\t\t\t<div class=\"elementor-text-editor elementor-clearfix\">\n\t\t\t\t<p>Familien Flensted har t\u00e6nkt, tegnet, klippet og samlet utallige mobile-ideer i \u201dUrocentret\u201d p\u00e5 Frederiksminde, siden familien og virksomheden flyttede hertil i 1972<\/p>\t\t\t\t\t<\/div>\n\t\t\t\t\t\t<\/div>\n\t\t\t\t<\/div>\n\t\t\t\t<div class=\"elementor-element elementor-element-43df94f3 elementor-widget elementor-widget-text-editor\" data-id=\"43df94f3\" data-element_type=\"widget\" data-widget_type=\"text-editor.default\">\n\t\t\t\t<div class=\"elementor-widget-container\">\n\t\t\t\t\t\t\t\t<div class=\"elementor-text-editor elementor-clearfix\">\n\t\t\t\t<h3 style=\"font-size: 18px;margin-bottom:25px\"><b>Der var s\u00e5 dejligt ude p\u00e5 landet<\/b><\/h3><p>Flensted Mobilers domicil \u201dFrederiksminde\u201d er smukt beliggende midt i den sk\u00f8nne danske natur \u2013 p\u00e5 Fyn og n\u00e6r ved Brenderup. Stedet er en nedlagt skole med en lang historie. Uromageriet flyttede hertil i 1972, hvor mange skoler var blevet nedlagt og sl\u00e5et sammen. Med Flensted Mobiler kom der igen uro og gang i den gamle skolebygning.<\/p>\t\t\t\t\t<\/div>\n\t\t\t\t\t\t<\/div>\n\t\t\t\t<\/div>\n\t\t\t\t\t\t<\/div>\n\t\t\t\t\t<\/div>\n\t\t<\/div>\n\t\t\t\t<div class=\"elementor-column elementor-col-50 elementor-inner-column elementor-element elementor-element-28892f1a\" data-id=\"28892f1a\" data-element_type=\"column\">\n\t\t\t<div class=\"elementor-column-wrap elementor-element-populated\">\n\t\t\t\t\t\t\t<div class=\"elementor-widget-wrap\">\n\t\t\t\t\t\t<div class=\"elementor-element elementor-element-66c44216 elementor-widget elementor-widget-text-editor\" data-id=\"66c44216\" data-element_type=\"widget\" data-widget_type=\"text-editor.default\">\n\t\t\t\t<div class=\"elementor-widget-container\">\n\t\t\t\t\t\t\t\t<div class=\"elementor-text-editor elementor-clearfix\">\n\t\t\t\t<h3 style=\"font-size: 18px;margin-bottom:25px\"><b>Fra fattigg\u00e5rd til Urocenter<\/b><\/h3><p>Frederiksminde skole blev grundlagt i 1828 i en anden smuk bygning, blot et langt stenkast fra, hvor Flensted Mobiler holder til i dag. I 1892 blev forholdene dog for trange, hvorfor skolen flyttede skolen lidt op af bakken til den gamle fattigg\u00e5rd. S\u00e5 f\u00f8rst var her fattigg\u00e5rd. S\u00e5 blev stedet til den nye \u201cFrederiksminde\u201d skole, og da firmaet flyttede ind blev det et Urocenter.<\/p>\t\t\t\t\t<\/div>\n\t\t\t\t\t\t<\/div>\n\t\t\t\t<\/div>\n\t\t\t\t<div class=\"elementor-element elementor-element-72a6e67c elementor-widget elementor-widget-image\" data-id=\"72a6e67c\" data-element_type=\"widget\" data-widget_type=\"image.default\">\n\t\t\t\t<div class=\"elementor-widget-container\">\n\t\t\t\t\t\t\t\t<div class=\"elementor-image\">\n\t\t\t\t\t\t\t\t\t\t\t\t<img decoding=\"async\" width=\"980\" height=\"694\" src=\"https:\/\/flenstemp.awork20.dk\/wp-content\/uploads\/2022\/08\/Brand_OleAase_0002-1024x725.jpg\" class=\"attachment-large size-large wp-image-52285\" alt=\"K\u00f8b uroer og mobiler hos Flensted Mobiles. Mobiler og uro er den perfekte gave til barned\u00e5b, julegaver til ansatte, barselsgave til mor m.m. S\u00f8ger du efter julegaveideer til hende eller fars dag ideer, s\u00e5 se vores udvalg\" srcset=\"https:\/\/flenstemp.awork20.dk\/wp-content\/uploads\/2022\/08\/Brand_OleAase_0002-1024x725.jpg 1024w, https:\/\/flenstemp.awork20.dk\/wp-content\/uploads\/2022\/08\/Brand_OleAase_0002-300x212.jpg 300w, https:\/\/flenstemp.awork20.dk\/wp-content\/uploads\/2022\/08\/Brand_OleAase_0002-768x544.jpg 768w, https:\/\/flenstemp.awork20.dk\/wp-content\/uploads\/2022\/08\/Brand_OleAase_0002-1536x1088.jpg 1536w, https:\/\/flenstemp.awork20.dk\/wp-content\/uploads\/2022\/08\/Brand_OleAase_0002-2048x1450.jpg 2048w, https:\/\/flenstemp.awork20.dk\/wp-content\/uploads\/2022\/08\/Brand_OleAase_0002-416x295.jpg 416w\" sizes=\"(max-width: 980px) 100vw, 980px\" \/>\t\t\t\t\t\t\t\t\t\t\t\t\t\t<\/div>\n\t\t\t\t\t\t<\/div>\n\t\t\t\t<\/div>\n\t\t\t\t<div class=\"elementor-element elementor-element-23e3ccec elementor-widget elementor-widget-text-editor\" data-id=\"23e3ccec\" data-element_type=\"widget\" data-widget_type=\"text-editor.default\">\n\t\t\t\t<div class=\"elementor-widget-container\">\n\t\t\t\t\t\t\t\t<div class=\"elementor-text-editor elementor-clearfix\">\n\t\t\t\t<p>Ole og Aase p\u00e5 atelieret p\u00e5 den gamle skole med den f\u00f8rste mobile, Storke mobilen, fra 1953.\u00a0<\/p>\t\t\t\t\t<\/div>\n\t\t\t\t\t\t<\/div>\n\t\t\t\t<\/div>\n\t\t\t\t\t\t<\/div>\n\t\t\t\t\t<\/div>\n\t\t<\/div>\n\t\t\t\t\t\t\t\t<\/div>\n\t\t\t\t\t<\/div>\n\t\t<\/section>\n\t\t\t\t<section class=\"elementor-section elementor-inner-section elementor-element elementor-element-26708dd elementor-section-boxed elementor-section-height-default elementor-section-height-default wpr-particle-no wpr-jarallax-no wpr-parallax-no wpr-sticky-section-no\" data-id=\"26708dd\" data-element_type=\"section\">\n\t\t\t\t\t\t<div class=\"elementor-container elementor-column-gap-default\">\n\t\t\t\t\t\t\t<div class=\"elementor-row\">\n\t\t\t\t\t<div class=\"elementor-column elementor-col-100 elementor-inner-column elementor-element elementor-element-757618d\" data-id=\"757618d\" data-element_type=\"column\">\n\t\t\t<div class=\"elementor-column-wrap elementor-element-populated\">\n\t\t\t\t\t\t\t<div class=\"elementor-widget-wrap\">\n\t\t\t\t\t\t<div class=\"elementor-element elementor-element-6f68cd9c elementor-widget elementor-widget-image\" data-id=\"6f68cd9c\" data-element_type=\"widget\" data-widget_type=\"image.default\">\n\t\t\t\t<div class=\"elementor-widget-container\">\n\t\t\t\t\t\t\t\t<div class=\"elementor-image\">\n\t\t\t\t\t\t\t\t\t\t\t\t<img decoding=\"async\" width=\"980\" height=\"471\" src=\"https:\/\/flenstemp.awork20.dk\/wp-content\/uploads\/2021\/12\/1_frederiksminde_garden_mobilecenter_flensted-mobiles-1-1024x492.jpg\" class=\"attachment-large size-large wp-image-238\" alt=\"\" srcset=\"https:\/\/flenstemp.awork20.dk\/wp-content\/uploads\/2021\/12\/1_frederiksminde_garden_mobilecenter_flensted-mobiles-1-1024x492.jpg 1024w, https:\/\/flenstemp.awork20.dk\/wp-content\/uploads\/2021\/12\/1_frederiksminde_garden_mobilecenter_flensted-mobiles-1-300x144.jpg 300w, https:\/\/flenstemp.awork20.dk\/wp-content\/uploads\/2021\/12\/1_frederiksminde_garden_mobilecenter_flensted-mobiles-1-768x369.jpg 768w, https:\/\/flenstemp.awork20.dk\/wp-content\/uploads\/2021\/12\/1_frederiksminde_garden_mobilecenter_flensted-mobiles-1-416x200.jpg 416w, https:\/\/flenstemp.awork20.dk\/wp-content\/uploads\/2021\/12\/1_frederiksminde_garden_mobilecenter_flensted-mobiles-1.jpg 1240w\" sizes=\"(max-width: 980px) 100vw, 980px\" \/>\t\t\t\t\t\t\t\t\t\t\t\t\t\t<\/div>\n\t\t\t\t\t\t<\/div>\n\t\t\t\t<\/div>\n\t\t\t\t<div class=\"elementor-element elementor-element-6bb5ef8d elementor-widget elementor-widget-text-editor\" data-id=\"6bb5ef8d\" data-element_type=\"widget\" data-widget_type=\"text-editor.default\">\n\t\t\t\t<div class=\"elementor-widget-container\">\n\t\t\t\t\t\t\t\t<div class=\"elementor-text-editor elementor-clearfix\">\n\t\t\t\t<p>Det er vort h\u00e5b at den gode atmosf\u00e6re omkring \u201cFrederiksminde\u201d f\u00f8lger vore mobiler p\u00e5 deres rejse ud i verden.<\/p>\t\t\t\t\t<\/div>\n\t\t\t\t\t\t<\/div>\n\t\t\t\t<\/div>\n\t\t\t\t\t\t<\/div>\n\t\t\t\t\t<\/div>\n\t\t<\/div>\n\t\t\t\t\t\t\t\t<\/div>\n\t\t\t\t\t<\/div>\n\t\t<\/section>\n\t\t\t\t\t\t<\/div>\n\t\t\t\t\t<\/div>\n\t\t<\/div>\n\t\t\t\t\t\t\t\t<\/div>\n\t\t\t\t\t<\/div>\n\t\t<\/section>\n\t\t\t\t\t\t\t\t\t<\/div>\n\t\t\t<\/div>\n\t\t\t\t\t<\/div>\n\t\t","protected":false},"excerpt":{"rendered":"<p>Om os L\u00e6s mere Flensted teamet The Mobile Centre Brenderup kloden Flensted Mobiles video Mobilecentret \u201cFrederiksminde\u201d Familien Flensted har t\u00e6nkt, tegnet, klippet og samlet utallige mobile-ideer i \u201dUrocentret\u201d p\u00e5 Frederiksminde, siden familien og virksomheden flyttede hertil i 1972 Der var s\u00e5 dejligt ude p\u00e5 landet Flensted Mobilers domicil \u201dFrederiksminde\u201d er smukt beliggende midt i den [&hellip;]<\/p>\n","protected":false},"author":1,"featured_media":0,"parent":1001,"menu_order":0,"comment_status":"closed","ping_status":"closed","template":"elementor_header_footer","meta":[],"yoast_head":"<!-- This site is optimized with the Yoast SEO plugin v20.8 - https:\/\/yoast.com\/wordpress\/plugins\/seo\/ -->\n<title>Mobilecentret - Flensted Mobiles<\/title>\n<meta name=\"description\" content=\"Mobilecentret i Frederiksminde er stedet, hvor Flensted Mobiles holder til i dag, og hvor der er uro og mobiler i luften.\" \/>\n<meta name=\"robots\" content=\"index, follow, max-snippet:-1, max-image-preview:large, max-video-preview:-1\" \/>\n<link rel=\"canonical\" href=\"https:\/\/flenstemp.awork20.dk\/da\/om-os\/mobilecentret\/\" \/>\n<meta property=\"og:locale\" content=\"da_DK\" \/>\n<meta property=\"og:type\" content=\"article\" \/>\n<meta property=\"og:title\" content=\"Mobilecentret - Flensted Mobiles\" \/>\n<meta property=\"og:description\" content=\"Mobilecentret i Frederiksminde er stedet, hvor Flensted Mobiles holder til i dag, og hvor der er uro og mobiler i luften.\" \/>\n<meta property=\"og:url\" content=\"https:\/\/flenstemp.awork20.dk\/da\/om-os\/mobilecentret\/\" \/>\n<meta property=\"og:site_name\" content=\"Flensted Mobiles\" \/>\n<meta property=\"article:publisher\" content=\"https:\/\/www.facebook.com\/flenstedmobiles\" \/>\n<meta property=\"article:modified_time\" content=\"2023-03-07T13:03:50+00:00\" \/>\n<meta property=\"og:image\" content=\"https:\/\/flensted-mobiles.com\/wp-content\/uploads\/2022\/08\/billede-frederiksminde-1024x768.jpg\" \/>\n<meta name=\"twitter:card\" content=\"summary_large_image\" \/>\n<meta name=\"twitter:label1\" content=\"Estimeret l\u00e6setid\" \/>\n\t<meta name=\"twitter:data1\" content=\"2 minutter\" \/>\n<script type=\"application\/ld+json\" class=\"yoast-schema-graph\">{\"@context\":\"https:\/\/schema.org\",\"@graph\":[{\"@type\":\"WebPage\",\"@id\":\"https:\/\/flenstemp.awork20.dk\/da\/om-os\/mobilecentret\/\",\"url\":\"https:\/\/flenstemp.awork20.dk\/da\/om-os\/mobilecentret\/\",\"name\":\"Mobilecentret - Flensted Mobiles\",\"isPartOf\":{\"@id\":\"https:\/\/flenstemp.awork20.dk\/#website\"},\"datePublished\":\"2021-12-03T11:57:12+00:00\",\"dateModified\":\"2023-03-07T13:03:50+00:00\",\"description\":\"Mobilecentret i Frederiksminde er stedet, hvor Flensted Mobiles holder til i dag, og hvor der er uro og mobiler i luften.\",\"breadcrumb\":{\"@id\":\"https:\/\/flenstemp.awork20.dk\/da\/om-os\/mobilecentret\/#breadcrumb\"},\"inLanguage\":\"da-DK\",\"potentialAction\":[{\"@type\":\"ReadAction\",\"target\":[\"https:\/\/flenstemp.awork20.dk\/da\/om-os\/mobilecentret\/\"]}]},{\"@type\":\"BreadcrumbList\",\"@id\":\"https:\/\/flenstemp.awork20.dk\/da\/om-os\/mobilecentret\/#breadcrumb\",\"itemListElement\":[{\"@type\":\"ListItem\",\"position\":1,\"name\":\"Home\",\"item\":\"https:\/\/flenstemp.awork20.dk\/da\/\"},{\"@type\":\"ListItem\",\"position\":2,\"name\":\"Om Os\",\"item\":\"https:\/\/flenstemp.awork20.dk\/da\/om-os\/\"},{\"@type\":\"ListItem\",\"position\":3,\"name\":\"Mobilecentret\"}]},{\"@type\":\"WebSite\",\"@id\":\"https:\/\/flenstemp.awork20.dk\/#website\",\"url\":\"https:\/\/flenstemp.awork20.dk\/\",\"name\":\"Flensted Mobiles\",\"description\":\"Unikke mobiler som skaber ro og balance, i enhvers hjem.\",\"publisher\":{\"@id\":\"https:\/\/flenstemp.awork20.dk\/#organization\"},\"potentialAction\":[{\"@type\":\"SearchAction\",\"target\":{\"@type\":\"EntryPoint\",\"urlTemplate\":\"https:\/\/flenstemp.awork20.dk\/?s={search_term_string}\"},\"query-input\":\"required name=search_term_string\"}],\"inLanguage\":\"da-DK\"},{\"@type\":\"Organization\",\"@id\":\"https:\/\/flenstemp.awork20.dk\/#organization\",\"name\":\"Flensted Mobiles\",\"url\":\"https:\/\/flenstemp.awork20.dk\/\",\"logo\":{\"@type\":\"ImageObject\",\"inLanguage\":\"da-DK\",\"@id\":\"https:\/\/flenstemp.awork20.dk\/#\/schema\/logo\/image\/\",\"url\":\"https:\/\/flensted-mobiles.com\/wp-content\/uploads\/2022\/03\/FlenstedLogo_med_ramme_100-3.webp\",\"contentUrl\":\"https:\/\/flensted-mobiles.com\/wp-content\/uploads\/2022\/03\/FlenstedLogo_med_ramme_100-3.webp\",\"width\":2118,\"height\":2118,\"caption\":\"Flensted Mobiles\"},\"image\":{\"@id\":\"https:\/\/flenstemp.awork20.dk\/#\/schema\/logo\/image\/\"},\"sameAs\":[\"https:\/\/www.facebook.com\/flenstedmobiles\"]}]}<\/script>\n<!-- \/ Yoast SEO plugin. -->","yoast_head_json":{"title":"Mobilecentret - Flensted Mobiles","description":"Mobilecentret i Frederiksminde er stedet, hvor Flensted Mobiles holder til i dag, og hvor der er uro og mobiler i luften.","robots":{"index":"index","follow":"follow","max-snippet":"max-snippet:-1","max-image-preview":"max-image-preview:large","max-video-preview":"max-video-preview:-1"},"canonical":"https:\/\/flenstemp.awork20.dk\/da\/om-os\/mobilecentret\/","og_locale":"da_DK","og_type":"article","og_title":"Mobilecentret - Flensted Mobiles","og_description":"Mobilecentret i Frederiksminde er stedet, hvor Flensted Mobiles holder til i dag, og hvor der er uro og mobiler i luften.","og_url":"https:\/\/flenstemp.awork20.dk\/da\/om-os\/mobilecentret\/","og_site_name":"Flensted Mobiles","article_publisher":"https:\/\/www.facebook.com\/flenstedmobiles","article_modified_time":"2023-03-07T13:03:50+00:00","og_image":[{"url":"https:\/\/flensted-mobiles.com\/wp-content\/uploads\/2022\/08\/billede-frederiksminde-1024x768.jpg"}],"twitter_card":"summary_large_image","twitter_misc":{"Estimeret l\u00e6setid":"2 minutter"},"schema":{"@context":"https:\/\/schema.org","@graph":[{"@type":"WebPage","@id":"https:\/\/flenstemp.awork20.dk\/da\/om-os\/mobilecentret\/","url":"https:\/\/flenstemp.awork20.dk\/da\/om-os\/mobilecentret\/","name":"Mobilecentret - Flensted Mobiles","isPartOf":{"@id":"https:\/\/flenstemp.awork20.dk\/#website"},"datePublished":"2021-12-03T11:57:12+00:00","dateModified":"2023-03-07T13:03:50+00:00","description":"Mobilecentret i Frederiksminde er stedet, hvor Flensted Mobiles holder til i dag, og hvor der er uro og mobiler i luften.","breadcrumb":{"@id":"https:\/\/flenstemp.awork20.dk\/da\/om-os\/mobilecentret\/#breadcrumb"},"inLanguage":"da-DK","potentialAction":[{"@type":"ReadAction","target":["https:\/\/flenstemp.awork20.dk\/da\/om-os\/mobilecentret\/"]}]},{"@type":"BreadcrumbList","@id":"https:\/\/flenstemp.awork20.dk\/da\/om-os\/mobilecentret\/#breadcrumb","itemListElement":[{"@type":"ListItem","position":1,"name":"Home","item":"https:\/\/flenstemp.awork20.dk\/da\/"},{"@type":"ListItem","position":2,"name":"Om Os","item":"https:\/\/flenstemp.awork20.dk\/da\/om-os\/"},{"@type":"ListItem","position":3,"name":"Mobilecentret"}]},{"@type":"WebSite","@id":"https:\/\/flenstemp.awork20.dk\/#website","url":"https:\/\/flenstemp.awork20.dk\/","name":"Flensted Mobiles","description":"Unikke mobiler som skaber ro og balance, i enhvers hjem.","publisher":{"@id":"https:\/\/flenstemp.awork20.dk\/#organization"},"potentialAction":[{"@type":"SearchAction","target":{"@type":"EntryPoint","urlTemplate":"https:\/\/flenstemp.awork20.dk\/?s={search_term_string}"},"query-input":"required name=search_term_string"}],"inLanguage":"da-DK"},{"@type":"Organization","@id":"https:\/\/flenstemp.awork20.dk\/#organization","name":"Flensted Mobiles","url":"https:\/\/flenstemp.awork20.dk\/","logo":{"@type":"ImageObject","inLanguage":"da-DK","@id":"https:\/\/flenstemp.awork20.dk\/#\/schema\/logo\/image\/","url":"https:\/\/flensted-mobiles.com\/wp-content\/uploads\/2022\/03\/FlenstedLogo_med_ramme_100-3.webp","contentUrl":"https:\/\/flensted-mobiles.com\/wp-content\/uploads\/2022\/03\/FlenstedLogo_med_ramme_100-3.webp","width":2118,"height":2118,"caption":"Flensted Mobiles"},"image":{"@id":"https:\/\/flenstemp.awork20.dk\/#\/schema\/logo\/image\/"},"sameAs":["https:\/\/www.facebook.com\/flenstedmobiles"]}]}},"_links":{"self":[{"href":"https:\/\/flenstemp.awork20.dk\/da\/wp-json\/wp\/v2\/pages\/1029"}],"collection":[{"href":"https:\/\/flenstemp.awork20.dk\/da\/wp-json\/wp\/v2\/pages"}],"about":[{"href":"https:\/\/flenstemp.awork20.dk\/da\/wp-json\/wp\/v2\/types\/page"}],"author":[{"embeddable":true,"href":"https:\/\/flenstemp.awork20.dk\/da\/wp-json\/wp\/v2\/users\/1"}],"replies":[{"embeddable":true,"href":"https:\/\/flenstemp.awork20.dk\/da\/wp-json\/wp\/v2\/comments?post=1029"}],"version-history":[{"count":16,"href":"https:\/\/flenstemp.awork20.dk\/da\/wp-json\/wp\/v2\/pages\/1029\/revisions"}],"predecessor-version":[{"id":54908,"href":"https:\/\/flenstemp.awork20.dk\/da\/wp-json\/wp\/v2\/pages\/1029\/revisions\/54908"}],"up":[{"embeddable":true,"href":"https:\/\/flenstemp.awork20.dk\/da\/wp-json\/wp\/v2\/pages\/1001"}],"wp:attachment":[{"href":"https:\/\/flenstemp.awork20.dk\/da\/wp-json\/wp\/v2\/media?parent=1029"}],"curies":[{"name":"wp","href":"https:\/\/api.w.org\/{rel}","templated":true}]}}